{"id":937,"date":"2023-09-26T09:44:20","date_gmt":"2023-09-26T07:44:20","guid":{"rendered":"https:\/\/www.dochyglas.be\/minimal-windows\/"},"modified":"2025-05-27T09:41:29","modified_gmt":"2025-05-27T07:41:29","slug":"minimal-frames","status":"publish","type":"page","link":"https:\/\/www.dochyglas.be\/fr\/vitres-de-projet\/minimal-frames\/","title":{"rendered":"Minimal Frames"},"content":{"rendered":"<section class=\"l-section wpb_row detail height_auto\"><div class=\"l-section-h i-cf\"><div class=\"g-cols vc_row via_flex valign_bottom type_boxes stacking_default\"><div class=\"vc_col-sm-12 wpb_column vc_column_container minheightbanner has_bg_color\"><div class=\"vc_column-inner us_custom_111c06af\"><div class=\"vc_column-overlay\" style=\"background:rgba(0,0,0,0.70)\"><\/div><div class=\"wpb_wrapper\"><div class=\"g-cols wpb_row via_flex valign_top type_default stacking_default\"><div class=\"vc_col-sm-7 wpb_column vc_column_container\"><div class=\"vc_column-inner\"><div class=\"wpb_wrapper\"><div class=\"wpb_text_column us_custom_6df4bc3a has_text_color\"><div class=\"wpb_wrapper\"><h1>Collage de profils minimalistes &#8211; <em>d\u00e9couvrez notre expertise approfondie<\/em><\/h1>\n<\/div><\/div><div class=\"w-separator size_small\"><\/div><nav class=\"g-breadcrumbs us_custom_6df4bc3a has_text_color separator_icon align_none\" itemscope itemtype=\"http:\/\/schema.org\/BreadcrumbList\"><div class=\"g-breadcrumbs-item\" itemscope itemprop=\"itemListElement\" itemtype=\"http:\/\/schema.org\/ListItem\"><a itemprop=\"item\" href=\"https:\/\/www.dochyglas.be\/fr\/\"><span itemprop=\"name\">Accueil<\/span><\/a><meta itemprop=\"position\" content=\"1\"\/><\/div><div class=\"g-breadcrumbs-separator\"><i class=\"far fa-angle-right\"><\/i><\/div><div class=\"g-breadcrumbs-item\">Pages<\/div><\/nav><\/div><\/div><\/div><div class=\"vc_col-sm-5 wpb_column vc_column_container\"><div class=\"vc_column-inner\"><div class=\"wpb_wrapper\"><\/div><\/div><\/div><\/div><\/div><\/div><\/div><\/div><\/div><\/section><section class=\"l-section wpb_row height_auto\"><div class=\"l-section-h i-cf\"><div class=\"g-cols vc_row via_flex valign_top type_boxes stacking_default\"><div class=\"vc_col-sm-12 vc_col-lg-6 vc_col-md-6 vc_col-xs-12 wpb_column vc_column_container\"><div class=\"vc_column-inner\"><div class=\"wpb_wrapper\"><div class=\"wpb_text_column\"><div class=\"wpb_wrapper\"><h2>Minimal Frames &#8211; <em>Dochy Glas<\/em><\/h2>\n<p>\u00c0 la demande de divers clients professionnels de premier plan, Dochy Glas assure le collage et l&rsquo;installation de fen\u00eatres minimalistes.<\/p>\n<p>En optant pour les fen\u00eatres minimalistes, vous cr\u00e9ez un int\u00e9rieur esth\u00e9tique et moderne avec beaucoup de lumi\u00e8re naturelle et une vue d\u00e9gag\u00e9e sur l&rsquo;environnement. De plus, les fen\u00eatres minimalistes offrent une transition sans soudure entre l&rsquo;int\u00e9rieur et l&rsquo;ext\u00e9rieur, ce qui est particuli\u00e8rement important si vous construisez une maison ou un bureau avec une terrasse ou un espace ext\u00e9rieur.<\/p>\n<\/div><\/div><\/div><\/div><\/div><div class=\"vc_col-sm-12 vc_col-lg-6 vc_col-md-6 vc_col-xs-12 wpb_column vc_column_container\"><div class=\"vc_column-inner\"><div class=\"wpb_wrapper\"><div class=\"wpb_text_column\"><div class=\"wpb_wrapper\"><p>Les fen\u00eatres minimalistes conviennent \u00e0 une grande vari\u00e9t\u00e9 de projets : construction de maisons, de bureaux ou de b\u00e2timents publics.<\/p>\n<p>Dochy Glas est l&rsquo;une des rares entreprises de vitrage \u00e0 pouvoir r\u00e9pondre aux strictes exigences de qualit\u00e9 des fen\u00eatres minimalistes en termes de collage professionnel.<\/p>\n<\/div><\/div><div class=\"w-separator size_small\"><\/div><div class=\"w-btn-wrapper align_none\"><a class=\"w-btn us-btn-style_2\" href=\"https:\/\/www.dochyglas.be\/fr\/contact\/\"><span class=\"w-btn-label\">Contactez-nous<\/span><\/a><\/div><\/div><\/div><\/div><\/div><\/div><\/section><section class=\"l-section wpb_row height_small\"><div class=\"l-section-h i-cf\"><div class=\"g-cols vc_row via_flex valign_top type_boxes stacking_default\"><div class=\"vc_col-sm-5 wpb_column vc_column_container imgresp has_bg_color\"><div class=\"vc_column-inner us_custom_c9da675b\"><div class=\"wpb_wrapper\"><\/div><\/div><\/div><div class=\"vc_col-sm-7 wpb_column vc_column_container has_bg_color\"><div class=\"vc_column-inner us_custom_5e134dd3\"><div class=\"wpb_wrapper\"><div class=\"wpb_text_column\"><div class=\"wpb_wrapper\"><h3>Pourquoi les propri\u00e9taires optent-ils pour les fen\u00eatres minimalistes ?<\/h3>\n<\/div><\/div><div class=\"w-separator size_small\"><\/div><div class=\"wpb_text_column\"><div class=\"wpb_wrapper\"><p>Les principaux arguments en faveur des fen\u00eatres minimalistes pour vos projets sont les suivants :<\/p>\n<ul>\n<li>Le design \u00e9pur\u00e9 et moderne<\/li>\n<li>La transition sans soudure entre l&rsquo;int\u00e9rieur et l&rsquo;ext\u00e9rieur<\/li>\n<li>La durabilit\u00e9 et la s\u00e9curit\u00e9 du produit<\/li>\n<\/ul>\n<\/div><\/div><\/div><\/div><\/div><\/div><\/div><\/section><section class=\"l-section wpb_row height_auto\"><div class=\"l-section-h i-cf\"><div class=\"g-cols vc_row via_flex valign_top type_boxes stacking_default\"><div class=\"vc_col-sm-12 vc_col-lg-6 vc_col-md-6 vc_col-xs-12 wpb_column vc_column_container\"><div class=\"vc_column-inner\"><div class=\"wpb_wrapper\"><div class=\"wpb_text_column\"><div class=\"wpb_wrapper\"><h3>Pourquoi travailler avec Dochy Glas pour les fen\u00eatres minimalistes ?<\/h3>\n<p><strong>Nos principaux atouts sont les suivants :<\/strong><\/p>\n<ul>\n<li>Nos fabricants ont int\u00e9gr\u00e9 nos crit\u00e8res d&rsquo;acceptation sp\u00e9cifiques et nos tol\u00e9rances pour les fen\u00eatres minimalistes dans leur processus de production.<\/li>\n<li>Nos colleurs sont des artisans chevronn\u00e9s avec de nombreuses ann\u00e9es d&rsquo;exp\u00e9rience.<\/li>\n<li>Nos chefs de projet g\u00e8rent de tr\u00e8s pr\u00e8s les projets de fen\u00eatres minimalistes.<\/li>\n<\/ul>\n<\/div><\/div><\/div><\/div><\/div><div class=\"vc_col-sm-12 vc_col-lg-6 vc_col-md-6 vc_col-xs-12 wpb_column vc_column_container\"><div class=\"vc_column-inner\"><div class=\"wpb_wrapper\"><div class=\"wpb_text_column\"><div class=\"wpb_wrapper\"><p>Avec les fen\u00eatres minimalistes de Dochy Glas, vous disposez de tous les atouts pour r\u00e9aliser de superbes projets de construction.<\/p>\n<p>Si vous \u00eates int\u00e9ress\u00e9 par une collaboration pour les fen\u00eatres minimalistes de vos projets de construction, n&rsquo;h\u00e9sitez pas \u00e0 nous contacter pour obtenir plus d&rsquo;informations. Nous sommes heureux de vous aider d\u2019avantage.<\/p>\n<\/div><\/div><div class=\"w-separator size_small\"><\/div><div class=\"w-btn-wrapper align_none\"><a class=\"w-btn us-btn-style_2\" href=\"https:\/\/www.dochyglas.be\/fr\/contact\/\"><span class=\"w-btn-label\">Contactez-nous<\/span><\/a><\/div><\/div><\/div><\/div><\/div><\/div><\/section>\n","protected":false},"excerpt":{"rendered":"Collage de profils minimalistes &#8211; d\u00e9couvrez notre expertise approfondie AccueilPagesMinimal Frames &#8211; Dochy Glas \u00c0 la demande de divers clients professionnels de premier plan, Dochy Glas assure le collage et l&rsquo;installation de fen\u00eatres minimalistes. En optant pour les fen\u00eatres minimalistes, vous cr\u00e9ez un int\u00e9rieur esth\u00e9tique et moderne avec beaucoup de lumi\u00e8re naturelle et une vue...","protected":false},"author":1,"featured_media":723,"parent":959,"menu_order":0,"comment_status":"closed","ping_status":"closed","template":"","meta":{"footnotes":""},"class_list":["post-937","page","type-page","status-publish","has-post-thumbnail","hentry"],"acf":[],"yoast_head":"<!-- This site is optimized with the Yoast SEO plugin v26.4 - https:\/\/yoast.com\/wordpress\/plugins\/seo\/ -->\n<title>Fen\u00eatres Minimalistes | Dochy Glas Veurne<\/title>\n<meta name=\"description\" content=\"Dochy Glas de Veurne est sp\u00e9cialis\u00e9 dans la pose de fen\u00eatres minimalistes pour un look contemporain. Contactez-nous d\u00e8s aujourd&#039;hui.\" \/>\n<meta name=\"robots\" content=\"index, follow, max-snippet:-1, max-image-preview:large, max-video-preview:-1\" \/>\n<link rel=\"canonical\" href=\"https:\/\/www.dochyglas.be\/fr\/vitres-de-projet\/minimal-frames\/\" \/>\n<meta property=\"og:locale\" content=\"fr_FR\" \/>\n<meta property=\"og:type\" content=\"article\" \/>\n<meta property=\"og:title\" content=\"Fen\u00eatres Minimalistes | Dochy Glas Veurne\" \/>\n<meta property=\"og:description\" content=\"Dochy Glas de Veurne est sp\u00e9cialis\u00e9 dans la pose de fen\u00eatres minimalistes pour un look contemporain. Contactez-nous d\u00e8s aujourd&#039;hui.\" \/>\n<meta property=\"og:url\" content=\"https:\/\/www.dochyglas.be\/fr\/vitres-de-projet\/minimal-frames\/\" \/>\n<meta property=\"og:site_name\" content=\"Dochy Glas\" \/>\n<meta property=\"article:publisher\" content=\"https:\/\/www.facebook.com\/Dochyglas\" \/>\n<meta property=\"article:modified_time\" content=\"2025-05-27T07:41:29+00:00\" \/>\n<meta property=\"og:image\" content=\"https:\/\/www.dochyglas.be\/wp-content\/uploads\/2023\/10\/Minimal-windows-realisatie-van-Dochy-Glas.jpg\" \/>\n\t<meta property=\"og:image:width\" content=\"1333\" \/>\n\t<meta property=\"og:image:height\" content=\"2000\" \/>\n\t<meta property=\"og:image:type\" content=\"image\/jpeg\" \/>\n<meta name=\"twitter:card\" content=\"summary_large_image\" \/>\n<meta name=\"twitter:label1\" content=\"Dur\u00e9e de lecture estim\u00e9e\" \/>\n\t<meta name=\"twitter:data1\" content=\"2 minutes\" \/>\n<script type=\"application\/ld+json\" class=\"yoast-schema-graph\">{\"@context\":\"https:\/\/schema.org\",\"@graph\":[{\"@type\":\"WebPage\",\"@id\":\"https:\/\/www.dochyglas.be\/fr\/vitres-de-projet\/minimal-frames\/\",\"url\":\"https:\/\/www.dochyglas.be\/fr\/vitres-de-projet\/minimal-frames\/\",\"name\":\"Fen\u00eatres Minimalistes | Dochy Glas Veurne\",\"isPartOf\":{\"@id\":\"https:\/\/www.dochyglas.be\/#website\"},\"primaryImageOfPage\":{\"@id\":\"https:\/\/www.dochyglas.be\/fr\/vitres-de-projet\/minimal-frames\/#primaryimage\"},\"image\":{\"@id\":\"https:\/\/www.dochyglas.be\/fr\/vitres-de-projet\/minimal-frames\/#primaryimage\"},\"thumbnailUrl\":\"https:\/\/www.dochyglas.be\/wp-content\/uploads\/2023\/10\/Minimal-windows-realisatie-van-Dochy-Glas.jpg\",\"datePublished\":\"2023-09-26T07:44:20+00:00\",\"dateModified\":\"2025-05-27T07:41:29+00:00\",\"description\":\"Dochy Glas de Veurne est sp\u00e9cialis\u00e9 dans la pose de fen\u00eatres minimalistes pour un look contemporain. Contactez-nous d\u00e8s aujourd'hui.\",\"breadcrumb\":{\"@id\":\"https:\/\/www.dochyglas.be\/fr\/vitres-de-projet\/minimal-frames\/#breadcrumb\"},\"inLanguage\":\"fr-FR\",\"potentialAction\":[{\"@type\":\"ReadAction\",\"target\":[\"https:\/\/www.dochyglas.be\/fr\/vitres-de-projet\/minimal-frames\/\"]}]},{\"@type\":\"ImageObject\",\"inLanguage\":\"fr-FR\",\"@id\":\"https:\/\/www.dochyglas.be\/fr\/vitres-de-projet\/minimal-frames\/#primaryimage\",\"url\":\"https:\/\/www.dochyglas.be\/wp-content\/uploads\/2023\/10\/Minimal-windows-realisatie-van-Dochy-Glas.jpg\",\"contentUrl\":\"https:\/\/www.dochyglas.be\/wp-content\/uploads\/2023\/10\/Minimal-windows-realisatie-van-Dochy-Glas.jpg\",\"width\":1333,\"height\":2000,\"caption\":\"minimal windows\"},{\"@type\":\"BreadcrumbList\",\"@id\":\"https:\/\/www.dochyglas.be\/fr\/vitres-de-projet\/minimal-frames\/#breadcrumb\",\"itemListElement\":[{\"@type\":\"ListItem\",\"position\":1,\"name\":\"Home\",\"item\":\"https:\/\/www.dochyglas.be\/fr\/\"},{\"@type\":\"ListItem\",\"position\":2,\"name\":\"Projet de vitrage\",\"item\":\"https:\/\/www.dochyglas.be\/fr\/vitres-de-projet\/\"},{\"@type\":\"ListItem\",\"position\":3,\"name\":\"Minimal Frames\"}]},{\"@type\":\"WebSite\",\"@id\":\"https:\/\/www.dochyglas.be\/#website\",\"url\":\"https:\/\/www.dochyglas.be\/\",\"name\":\"Dochy Glas\",\"description\":\"Glass solutions\",\"publisher\":{\"@id\":\"https:\/\/www.dochyglas.be\/#organization\"},\"alternateName\":\"Dochy\",\"potentialAction\":[{\"@type\":\"SearchAction\",\"target\":{\"@type\":\"EntryPoint\",\"urlTemplate\":\"https:\/\/www.dochyglas.be\/?s={search_term_string}\"},\"query-input\":{\"@type\":\"PropertyValueSpecification\",\"valueRequired\":true,\"valueName\":\"search_term_string\"}}],\"inLanguage\":\"fr-FR\"},{\"@type\":\"Organization\",\"@id\":\"https:\/\/www.dochyglas.be\/#organization\",\"name\":\"Dochy Glas\",\"alternateName\":\"Dochy Glass solutions\",\"url\":\"https:\/\/www.dochyglas.be\/\",\"logo\":{\"@type\":\"ImageObject\",\"inLanguage\":\"fr-FR\",\"@id\":\"https:\/\/www.dochyglas.be\/#\/schema\/logo\/image\/\",\"url\":\"https:\/\/www.dochyglas.be\/wp-content\/uploads\/2023\/09\/DochyGlas_logo_kleur-e1695737229567.png\",\"contentUrl\":\"https:\/\/www.dochyglas.be\/wp-content\/uploads\/2023\/09\/DochyGlas_logo_kleur-e1695737229567.png\",\"width\":6853,\"height\":3160,\"caption\":\"Dochy Glas\"},\"image\":{\"@id\":\"https:\/\/www.dochyglas.be\/#\/schema\/logo\/image\/\"},\"sameAs\":[\"https:\/\/www.facebook.com\/Dochyglas\",\"https:\/\/www.instagram.com\/dochyglas\/\"]}]}<\/script>\n<!-- \/ Yoast SEO plugin. -->","yoast_head_json":{"title":"Fen\u00eatres Minimalistes | Dochy Glas Veurne","description":"Dochy Glas de Veurne est sp\u00e9cialis\u00e9 dans la pose de fen\u00eatres minimalistes pour un look contemporain. Contactez-nous d\u00e8s aujourd'hui.","robots":{"index":"index","follow":"follow","max-snippet":"max-snippet:-1","max-image-preview":"max-image-preview:large","max-video-preview":"max-video-preview:-1"},"canonical":"https:\/\/www.dochyglas.be\/fr\/vitres-de-projet\/minimal-frames\/","og_locale":"fr_FR","og_type":"article","og_title":"Fen\u00eatres Minimalistes | Dochy Glas Veurne","og_description":"Dochy Glas de Veurne est sp\u00e9cialis\u00e9 dans la pose de fen\u00eatres minimalistes pour un look contemporain. Contactez-nous d\u00e8s aujourd'hui.","og_url":"https:\/\/www.dochyglas.be\/fr\/vitres-de-projet\/minimal-frames\/","og_site_name":"Dochy Glas","article_publisher":"https:\/\/www.facebook.com\/Dochyglas","article_modified_time":"2025-05-27T07:41:29+00:00","og_image":[{"width":1333,"height":2000,"url":"https:\/\/www.dochyglas.be\/wp-content\/uploads\/2023\/10\/Minimal-windows-realisatie-van-Dochy-Glas.jpg","type":"image\/jpeg"}],"twitter_card":"summary_large_image","twitter_misc":{"Dur\u00e9e de lecture estim\u00e9e":"2 minutes"},"schema":{"@context":"https:\/\/schema.org","@graph":[{"@type":"WebPage","@id":"https:\/\/www.dochyglas.be\/fr\/vitres-de-projet\/minimal-frames\/","url":"https:\/\/www.dochyglas.be\/fr\/vitres-de-projet\/minimal-frames\/","name":"Fen\u00eatres Minimalistes | Dochy Glas Veurne","isPartOf":{"@id":"https:\/\/www.dochyglas.be\/#website"},"primaryImageOfPage":{"@id":"https:\/\/www.dochyglas.be\/fr\/vitres-de-projet\/minimal-frames\/#primaryimage"},"image":{"@id":"https:\/\/www.dochyglas.be\/fr\/vitres-de-projet\/minimal-frames\/#primaryimage"},"thumbnailUrl":"https:\/\/www.dochyglas.be\/wp-content\/uploads\/2023\/10\/Minimal-windows-realisatie-van-Dochy-Glas.jpg","datePublished":"2023-09-26T07:44:20+00:00","dateModified":"2025-05-27T07:41:29+00:00","description":"Dochy Glas de Veurne est sp\u00e9cialis\u00e9 dans la pose de fen\u00eatres minimalistes pour un look contemporain. Contactez-nous d\u00e8s aujourd'hui.","breadcrumb":{"@id":"https:\/\/www.dochyglas.be\/fr\/vitres-de-projet\/minimal-frames\/#breadcrumb"},"inLanguage":"fr-FR","potentialAction":[{"@type":"ReadAction","target":["https:\/\/www.dochyglas.be\/fr\/vitres-de-projet\/minimal-frames\/"]}]},{"@type":"ImageObject","inLanguage":"fr-FR","@id":"https:\/\/www.dochyglas.be\/fr\/vitres-de-projet\/minimal-frames\/#primaryimage","url":"https:\/\/www.dochyglas.be\/wp-content\/uploads\/2023\/10\/Minimal-windows-realisatie-van-Dochy-Glas.jpg","contentUrl":"https:\/\/www.dochyglas.be\/wp-content\/uploads\/2023\/10\/Minimal-windows-realisatie-van-Dochy-Glas.jpg","width":1333,"height":2000,"caption":"minimal windows"},{"@type":"BreadcrumbList","@id":"https:\/\/www.dochyglas.be\/fr\/vitres-de-projet\/minimal-frames\/#breadcrumb","itemListElement":[{"@type":"ListItem","position":1,"name":"Home","item":"https:\/\/www.dochyglas.be\/fr\/"},{"@type":"ListItem","position":2,"name":"Projet de vitrage","item":"https:\/\/www.dochyglas.be\/fr\/vitres-de-projet\/"},{"@type":"ListItem","position":3,"name":"Minimal Frames"}]},{"@type":"WebSite","@id":"https:\/\/www.dochyglas.be\/#website","url":"https:\/\/www.dochyglas.be\/","name":"Dochy Glas","description":"Glass solutions","publisher":{"@id":"https:\/\/www.dochyglas.be\/#organization"},"alternateName":"Dochy","potentialAction":[{"@type":"SearchAction","target":{"@type":"EntryPoint","urlTemplate":"https:\/\/www.dochyglas.be\/?s={search_term_string}"},"query-input":{"@type":"PropertyValueSpecification","valueRequired":true,"valueName":"search_term_string"}}],"inLanguage":"fr-FR"},{"@type":"Organization","@id":"https:\/\/www.dochyglas.be\/#organization","name":"Dochy Glas","alternateName":"Dochy Glass solutions","url":"https:\/\/www.dochyglas.be\/","logo":{"@type":"ImageObject","inLanguage":"fr-FR","@id":"https:\/\/www.dochyglas.be\/#\/schema\/logo\/image\/","url":"https:\/\/www.dochyglas.be\/wp-content\/uploads\/2023\/09\/DochyGlas_logo_kleur-e1695737229567.png","contentUrl":"https:\/\/www.dochyglas.be\/wp-content\/uploads\/2023\/09\/DochyGlas_logo_kleur-e1695737229567.png","width":6853,"height":3160,"caption":"Dochy Glas"},"image":{"@id":"https:\/\/www.dochyglas.be\/#\/schema\/logo\/image\/"},"sameAs":["https:\/\/www.facebook.com\/Dochyglas","https:\/\/www.instagram.com\/dochyglas\/"]}]}},"_links":{"self":[{"href":"https:\/\/www.dochyglas.be\/fr\/wp-json\/wp\/v2\/pages\/937","targetHints":{"allow":["GET"]}}],"collection":[{"href":"https:\/\/www.dochyglas.be\/fr\/wp-json\/wp\/v2\/pages"}],"about":[{"href":"https:\/\/www.dochyglas.be\/fr\/wp-json\/wp\/v2\/types\/page"}],"author":[{"embeddable":true,"href":"https:\/\/www.dochyglas.be\/fr\/wp-json\/wp\/v2\/users\/1"}],"replies":[{"embeddable":true,"href":"https:\/\/www.dochyglas.be\/fr\/wp-json\/wp\/v2\/comments?post=937"}],"version-history":[{"count":5,"href":"https:\/\/www.dochyglas.be\/fr\/wp-json\/wp\/v2\/pages\/937\/revisions"}],"predecessor-version":[{"id":1582,"href":"https:\/\/www.dochyglas.be\/fr\/wp-json\/wp\/v2\/pages\/937\/revisions\/1582"}],"up":[{"embeddable":true,"href":"https:\/\/www.dochyglas.be\/fr\/wp-json\/wp\/v2\/pages\/959"}],"wp:featuredmedia":[{"embeddable":true,"href":"https:\/\/www.dochyglas.be\/fr\/wp-json\/wp\/v2\/media\/723"}],"wp:attachment":[{"href":"https:\/\/www.dochyglas.be\/fr\/wp-json\/wp\/v2\/media?parent=937"}],"curies":[{"name":"wp","href":"https:\/\/api.w.org\/{rel}","templated":true}]}}