{"id":938,"date":"2023-09-26T09:50:26","date_gmt":"2023-09-26T07:50:26","guid":{"rendered":"https:\/\/www.dochyglas.be\/klassieke-beglazing\/"},"modified":"2023-12-05T12:36:53","modified_gmt":"2023-12-05T10:36:53","slug":"vitrages-classiques","status":"publish","type":"page","link":"https:\/\/www.dochyglas.be\/fr\/vitres-de-projet\/vitrages-classiques\/","title":{"rendered":"Vitrages classiques"},"content":{"rendered":"<section class=\"l-section wpb_row detail height_auto\"><div class=\"l-section-h i-cf\"><div class=\"g-cols vc_row via_flex valign_bottom type_boxes stacking_default\"><div class=\"vc_col-sm-12 wpb_column vc_column_container minheightbanner has_bg_color\"><div class=\"vc_column-inner us_custom_8bc0365b\"><div class=\"vc_column-overlay\" style=\"background:rgba(0,0,0,0.70)\"><\/div><div class=\"wpb_wrapper\"><div class=\"g-cols wpb_row via_flex valign_top type_default stacking_default\"><div class=\"vc_col-sm-7 wpb_column vc_column_container\"><div class=\"vc_column-inner\"><div class=\"wpb_wrapper\"><div class=\"wpb_text_column us_custom_6df4bc3a has_text_color\"><div class=\"wpb_wrapper\"><h1>Vous pouvez compter sur nos 60 sp\u00e9cialistes du verre pour vos projets de <em>vitrage classique<\/em>.<\/h1>\n<\/div><\/div><div class=\"w-separator size_small\"><\/div><nav class=\"g-breadcrumbs us_custom_6df4bc3a has_text_color separator_icon align_none\" itemscope itemtype=\"http:\/\/schema.org\/BreadcrumbList\"><div class=\"g-breadcrumbs-item\" itemscope itemprop=\"itemListElement\" itemtype=\"http:\/\/schema.org\/ListItem\"><a itemprop=\"item\" href=\"https:\/\/www.dochyglas.be\/fr\/\"><span itemprop=\"name\">Accueil<\/span><\/a><meta itemprop=\"position\" content=\"1\"\/><\/div><div class=\"g-breadcrumbs-separator\"><i class=\"far fa-angle-right\"><\/i><\/div><div class=\"g-breadcrumbs-item\">Pages<\/div><\/nav><\/div><\/div><\/div><div class=\"vc_col-sm-5 wpb_column vc_column_container\"><div class=\"vc_column-inner\"><div class=\"wpb_wrapper\"><\/div><\/div><\/div><\/div><\/div><\/div><\/div><\/div><\/div><\/section><section class=\"l-section wpb_row height_auto\"><div class=\"l-section-h i-cf\"><div class=\"g-cols vc_row via_flex valign_top type_boxes stacking_default\"><div class=\"vc_col-sm-12 vc_col-lg-6 vc_col-md-6 vc_col-xs-12 wpb_column vc_column_container\"><div class=\"vc_column-inner\"><div class=\"wpb_wrapper\"><div class=\"wpb_text_column\"><div class=\"wpb_wrapper\"><h2>En tant que professionnel de la construction, vous recherchez constamment des solutions de qualit\u00e9 et <em>des partenaires<\/em> adapt\u00e9s pour r\u00e9aliser vos projets de construction.<\/h2>\n<p>Dochy Glas est votre partenaire pour toutes les applications de verre, allant des plus classiques aux r\u00e9alisations les plus innovantes.<\/p>\n<p>Une collaboration avec Dochy Glas pr\u00e9sente de nombreux avantages pour vous. Vous pouvez compter sur le soutien de plus de 60 sp\u00e9cialistes du verre qui sont responsables de la fabrication, de la livraison et de la pose de verre dans des cadres en aluminium, en PVC, en bois ou en acier.<\/p>\n<\/div><\/div><\/div><\/div><\/div><div class=\"vc_col-sm-12 vc_col-lg-6 vc_col-md-6 vc_col-xs-12 wpb_column vc_column_container\"><div class=\"vc_column-inner\"><div class=\"wpb_wrapper\"><div class=\"wpb_text_column\"><div class=\"wpb_wrapper\"><p>Notre \u00e9quipe exp\u00e9riment\u00e9e peut vous conseiller sur les meilleures applications de verre pour votre cahier des charges, ainsi que vous aider \u00e0 \u00e9tablir des devis pr\u00e9cis. Gr\u00e2ce \u00e0 notre exp\u00e9rience de plusieurs ann\u00e9es et \u00e0 notre connaissance approfondie du march\u00e9 du verre, nous sommes en mesure de r\u00e9aliser des calculs de prix pr\u00e9cis et corrects. Cela signifie que vous, en tant que professionnel de la construction, pouvez partager plus rapidement et plus efficacement une proposition avec votre client.<\/p>\n<p>Avec 100 ans d&rsquo;exp\u00e9rience, notre entreprise est \u00e9galement tr\u00e8s bien \u00e9quip\u00e9e en mati\u00e8re de mat\u00e9riel de pose, ce qui nous permet de travailler rapidement et efficacement, et de livrer vos projets dans les d\u00e9lais convenus.<\/p>\n<\/div><\/div><div class=\"w-separator size_small\"><\/div><div class=\"w-btn-wrapper align_none\"><a class=\"w-btn us-btn-style_2\" href=\"https:\/\/www.dochyglas.be\/fr\/contact\/\"><span class=\"w-btn-label\">Contactez-nous<\/span><\/a><\/div><\/div><\/div><\/div><\/div><\/div><\/section><section class=\"l-section wpb_row height_small\"><div class=\"l-section-h i-cf\"><div class=\"g-cols vc_row via_flex valign_middle type_boxes stacking_default\" style=\"--additional-gap:20px;\"><div class=\"vc_col-sm-12 vc_col-lg-6 vc_col-md-6 vc_col-xs-12 wpb_column vc_column_container padbottop has_bg_color\"><div class=\"vc_column-inner us_custom_a7c4e920\"><div class=\"vc_column-overlay\" style=\"background:rgba(26,26,26,0.50)\"><\/div><div class=\"wpb_wrapper\"><div class=\"wpb_text_column us_custom_6df4bc3a has_text_color\"><div class=\"wpb_wrapper\"><h3>Devis gratuit<\/h3>\n<p>Chez Dochy Glas, nous croyons en une approche personnelle et nous sommes heureux de discuter de vos souhaits et exigences en mati\u00e8re de vitrage pour vos projets de construction.<\/p>\n<p>Si vous \u00eates int\u00e9ress\u00e9 par une collaboration avec Dochy Glas pour vos projets de vitrage classique, n&rsquo;h\u00e9sitez pas \u00e0 nous contacter pour plus d&rsquo;informations. Nous sommes impatients de travailler avec vous. <\/p>\n<\/div><\/div><div class=\"w-separator size_small\"><\/div><div class=\"w-btn-wrapper align_none\"><a class=\"w-btn us-btn-style_1\" href=\"tel:+3258311253\"><span class=\"w-btn-label\">T\u00e9l: +32 58 31 12 53<\/span><\/a><\/div><\/div><\/div><\/div><div class=\"vc_col-sm-12 vc_col-lg-6 vc_col-md-6 vc_col-xs-12 wpb_column vc_column_container\"><div class=\"vc_column-inner\"><div class=\"wpb_wrapper\"><div class=\"wpb_text_column\"><div class=\"wpb_wrapper\"><h3>Pourquoi collaborer avec Dochy Glas pour le vitrage classique en tant que professionnel ?<\/h3>\n<p>Nos principaux atouts sont les suivants :<\/p>\n<ul>\n<li>Plus de 40 poseurs exp\u00e9riment\u00e9s, offrant une masse critique suffisante pour un planning flexible.<\/li>\n<li>Chaque projet est dirig\u00e9 par un chef de projet qui examine le chantier \u00e0 l&rsquo;avance, suit tout le processus et vous rend compte de l\u2019avancement des travaux.<\/li>\n<li>Un parc de v\u00e9hicules dot\u00e9 des grues les plus lourdes du secteur (jusqu&rsquo;\u00e0 40 m\u00e8tres !).<\/li>\n<li>Des outils de pose tels que des mini-grues, des poutres d&rsquo;\u00e9quilibre, des \u00e9l\u00e9vateurs, etc.<\/li>\n<li>Plusieurs fabricants, ce qui signifie qu&rsquo;il n&rsquo;y a pas de limites en termes de taille ou de type.<\/li>\n<\/ul>\n<\/div><\/div><div class=\"w-separator size_small\"><\/div><div class=\"w-btn-wrapper align_none\"><a class=\"w-btn us-btn-style_2\" href=\"https:\/\/www.dochyglas.be\/fr\/contact\/\"><span class=\"w-btn-label\">Contactez-nous<\/span><\/a><\/div><\/div><\/div><\/div><\/div><\/div><\/section>\n","protected":false},"excerpt":{"rendered":"Vous pouvez compter sur nos 60 sp\u00e9cialistes du verre pour vos projets de vitrage classique. AccueilPagesEn tant que professionnel de la construction, vous recherchez constamment des solutions de qualit\u00e9 et des partenaires adapt\u00e9s pour r\u00e9aliser vos projets de construction. Dochy Glas est votre partenaire pour toutes les applications de verre, allant des plus classiques aux...","protected":false},"author":1,"featured_media":727,"parent":959,"menu_order":1,"comment_status":"closed","ping_status":"closed","template":"","meta":{"footnotes":""},"class_list":["post-938","page","type-page","status-publish","has-post-thumbnail","hentry"],"acf":[],"yoast_head":"<!-- This site is optimized with the Yoast SEO plugin v26.4 - https:\/\/yoast.com\/wordpress\/plugins\/seo\/ -->\n<title>Partner voor Projectbeglazing | Dochy Glas<\/title>\n<meta name=\"description\" content=\"Dochy Glas uit Veurne is de ideale partner voor uw Projectbeglazing. Geen project is ons te groot of te moeilijk. Neem vandaag nog contact op voor een offerte.\" \/>\n<meta name=\"robots\" content=\"index, follow, max-snippet:-1, max-image-preview:large, max-video-preview:-1\" \/>\n<link rel=\"canonical\" href=\"https:\/\/www.dochyglas.be\/fr\/vitres-de-projet\/vitrages-classiques\/\" \/>\n<meta property=\"og:locale\" content=\"fr_FR\" \/>\n<meta property=\"og:type\" content=\"article\" \/>\n<meta property=\"og:title\" content=\"Partner voor Projectbeglazing | Dochy Glas\" \/>\n<meta property=\"og:description\" content=\"Dochy Glas uit Veurne is de ideale partner voor uw Projectbeglazing. Geen project is ons te groot of te moeilijk. Neem vandaag nog contact op voor een offerte.\" \/>\n<meta property=\"og:url\" content=\"https:\/\/www.dochyglas.be\/fr\/vitres-de-projet\/vitrages-classiques\/\" \/>\n<meta property=\"og:site_name\" content=\"Dochy Glas\" \/>\n<meta property=\"article:publisher\" content=\"https:\/\/www.facebook.com\/Dochyglas\" \/>\n<meta property=\"article:modified_time\" content=\"2023-12-05T10:36:53+00:00\" \/>\n<meta property=\"og:image\" content=\"https:\/\/www.dochyglas.be\/wp-content\/uploads\/2023\/10\/Klassieke-projectbeglazing-apartementsgebouw-Dochy.jpg\" \/>\n\t<meta property=\"og:image:width\" content=\"2000\" \/>\n\t<meta property=\"og:image:height\" content=\"1499\" \/>\n\t<meta property=\"og:image:type\" content=\"image\/jpeg\" \/>\n<meta name=\"twitter:card\" content=\"summary_large_image\" \/>\n<meta name=\"twitter:label1\" content=\"Dur\u00e9e de lecture estim\u00e9e\" \/>\n\t<meta name=\"twitter:data1\" content=\"3 minutes\" \/>\n<script type=\"application\/ld+json\" class=\"yoast-schema-graph\">{\"@context\":\"https:\/\/schema.org\",\"@graph\":[{\"@type\":\"WebPage\",\"@id\":\"https:\/\/www.dochyglas.be\/fr\/vitres-de-projet\/vitrages-classiques\/\",\"url\":\"https:\/\/www.dochyglas.be\/fr\/vitres-de-projet\/vitrages-classiques\/\",\"name\":\"Partner voor Projectbeglazing | Dochy Glas\",\"isPartOf\":{\"@id\":\"https:\/\/www.dochyglas.be\/#website\"},\"primaryImageOfPage\":{\"@id\":\"https:\/\/www.dochyglas.be\/fr\/vitres-de-projet\/vitrages-classiques\/#primaryimage\"},\"image\":{\"@id\":\"https:\/\/www.dochyglas.be\/fr\/vitres-de-projet\/vitrages-classiques\/#primaryimage\"},\"thumbnailUrl\":\"https:\/\/www.dochyglas.be\/wp-content\/uploads\/2023\/10\/Klassieke-projectbeglazing-apartementsgebouw-Dochy.jpg\",\"datePublished\":\"2023-09-26T07:50:26+00:00\",\"dateModified\":\"2023-12-05T10:36:53+00:00\",\"description\":\"Dochy Glas uit Veurne is de ideale partner voor uw Projectbeglazing. Geen project is ons te groot of te moeilijk. Neem vandaag nog contact op voor een offerte.\",\"breadcrumb\":{\"@id\":\"https:\/\/www.dochyglas.be\/fr\/vitres-de-projet\/vitrages-classiques\/#breadcrumb\"},\"inLanguage\":\"fr-FR\",\"potentialAction\":[{\"@type\":\"ReadAction\",\"target\":[\"https:\/\/www.dochyglas.be\/fr\/vitres-de-projet\/vitrages-classiques\/\"]}]},{\"@type\":\"ImageObject\",\"inLanguage\":\"fr-FR\",\"@id\":\"https:\/\/www.dochyglas.be\/fr\/vitres-de-projet\/vitrages-classiques\/#primaryimage\",\"url\":\"https:\/\/www.dochyglas.be\/wp-content\/uploads\/2023\/10\/Klassieke-projectbeglazing-apartementsgebouw-Dochy.jpg\",\"contentUrl\":\"https:\/\/www.dochyglas.be\/wp-content\/uploads\/2023\/10\/Klassieke-projectbeglazing-apartementsgebouw-Dochy.jpg\",\"width\":2000,\"height\":1499},{\"@type\":\"BreadcrumbList\",\"@id\":\"https:\/\/www.dochyglas.be\/fr\/vitres-de-projet\/vitrages-classiques\/#breadcrumb\",\"itemListElement\":[{\"@type\":\"ListItem\",\"position\":1,\"name\":\"Home\",\"item\":\"https:\/\/www.dochyglas.be\/fr\/\"},{\"@type\":\"ListItem\",\"position\":2,\"name\":\"Projet de vitrage\",\"item\":\"https:\/\/www.dochyglas.be\/fr\/vitres-de-projet\/\"},{\"@type\":\"ListItem\",\"position\":3,\"name\":\"Vitrages classiques\"}]},{\"@type\":\"WebSite\",\"@id\":\"https:\/\/www.dochyglas.be\/#website\",\"url\":\"https:\/\/www.dochyglas.be\/\",\"name\":\"Dochy Glas\",\"description\":\"Glass solutions\",\"publisher\":{\"@id\":\"https:\/\/www.dochyglas.be\/#organization\"},\"alternateName\":\"Dochy\",\"potentialAction\":[{\"@type\":\"SearchAction\",\"target\":{\"@type\":\"EntryPoint\",\"urlTemplate\":\"https:\/\/www.dochyglas.be\/?s={search_term_string}\"},\"query-input\":{\"@type\":\"PropertyValueSpecification\",\"valueRequired\":true,\"valueName\":\"search_term_string\"}}],\"inLanguage\":\"fr-FR\"},{\"@type\":\"Organization\",\"@id\":\"https:\/\/www.dochyglas.be\/#organization\",\"name\":\"Dochy Glas\",\"alternateName\":\"Dochy Glass solutions\",\"url\":\"https:\/\/www.dochyglas.be\/\",\"logo\":{\"@type\":\"ImageObject\",\"inLanguage\":\"fr-FR\",\"@id\":\"https:\/\/www.dochyglas.be\/#\/schema\/logo\/image\/\",\"url\":\"https:\/\/www.dochyglas.be\/wp-content\/uploads\/2023\/09\/DochyGlas_logo_kleur-e1695737229567.png\",\"contentUrl\":\"https:\/\/www.dochyglas.be\/wp-content\/uploads\/2023\/09\/DochyGlas_logo_kleur-e1695737229567.png\",\"width\":6853,\"height\":3160,\"caption\":\"Dochy Glas\"},\"image\":{\"@id\":\"https:\/\/www.dochyglas.be\/#\/schema\/logo\/image\/\"},\"sameAs\":[\"https:\/\/www.facebook.com\/Dochyglas\",\"https:\/\/www.instagram.com\/dochyglas\/\"]}]}<\/script>\n<!-- \/ Yoast SEO plugin. -->","yoast_head_json":{"title":"Partner voor Projectbeglazing | Dochy Glas","description":"Dochy Glas uit Veurne is de ideale partner voor uw Projectbeglazing. Geen project is ons te groot of te moeilijk. Neem vandaag nog contact op voor een offerte.","robots":{"index":"index","follow":"follow","max-snippet":"max-snippet:-1","max-image-preview":"max-image-preview:large","max-video-preview":"max-video-preview:-1"},"canonical":"https:\/\/www.dochyglas.be\/fr\/vitres-de-projet\/vitrages-classiques\/","og_locale":"fr_FR","og_type":"article","og_title":"Partner voor Projectbeglazing | Dochy Glas","og_description":"Dochy Glas uit Veurne is de ideale partner voor uw Projectbeglazing. Geen project is ons te groot of te moeilijk. Neem vandaag nog contact op voor een offerte.","og_url":"https:\/\/www.dochyglas.be\/fr\/vitres-de-projet\/vitrages-classiques\/","og_site_name":"Dochy Glas","article_publisher":"https:\/\/www.facebook.com\/Dochyglas","article_modified_time":"2023-12-05T10:36:53+00:00","og_image":[{"width":2000,"height":1499,"url":"https:\/\/www.dochyglas.be\/wp-content\/uploads\/2023\/10\/Klassieke-projectbeglazing-apartementsgebouw-Dochy.jpg","type":"image\/jpeg"}],"twitter_card":"summary_large_image","twitter_misc":{"Dur\u00e9e de lecture estim\u00e9e":"3 minutes"},"schema":{"@context":"https:\/\/schema.org","@graph":[{"@type":"WebPage","@id":"https:\/\/www.dochyglas.be\/fr\/vitres-de-projet\/vitrages-classiques\/","url":"https:\/\/www.dochyglas.be\/fr\/vitres-de-projet\/vitrages-classiques\/","name":"Partner voor Projectbeglazing | Dochy Glas","isPartOf":{"@id":"https:\/\/www.dochyglas.be\/#website"},"primaryImageOfPage":{"@id":"https:\/\/www.dochyglas.be\/fr\/vitres-de-projet\/vitrages-classiques\/#primaryimage"},"image":{"@id":"https:\/\/www.dochyglas.be\/fr\/vitres-de-projet\/vitrages-classiques\/#primaryimage"},"thumbnailUrl":"https:\/\/www.dochyglas.be\/wp-content\/uploads\/2023\/10\/Klassieke-projectbeglazing-apartementsgebouw-Dochy.jpg","datePublished":"2023-09-26T07:50:26+00:00","dateModified":"2023-12-05T10:36:53+00:00","description":"Dochy Glas uit Veurne is de ideale partner voor uw Projectbeglazing. Geen project is ons te groot of te moeilijk. Neem vandaag nog contact op voor een offerte.","breadcrumb":{"@id":"https:\/\/www.dochyglas.be\/fr\/vitres-de-projet\/vitrages-classiques\/#breadcrumb"},"inLanguage":"fr-FR","potentialAction":[{"@type":"ReadAction","target":["https:\/\/www.dochyglas.be\/fr\/vitres-de-projet\/vitrages-classiques\/"]}]},{"@type":"ImageObject","inLanguage":"fr-FR","@id":"https:\/\/www.dochyglas.be\/fr\/vitres-de-projet\/vitrages-classiques\/#primaryimage","url":"https:\/\/www.dochyglas.be\/wp-content\/uploads\/2023\/10\/Klassieke-projectbeglazing-apartementsgebouw-Dochy.jpg","contentUrl":"https:\/\/www.dochyglas.be\/wp-content\/uploads\/2023\/10\/Klassieke-projectbeglazing-apartementsgebouw-Dochy.jpg","width":2000,"height":1499},{"@type":"BreadcrumbList","@id":"https:\/\/www.dochyglas.be\/fr\/vitres-de-projet\/vitrages-classiques\/#breadcrumb","itemListElement":[{"@type":"ListItem","position":1,"name":"Home","item":"https:\/\/www.dochyglas.be\/fr\/"},{"@type":"ListItem","position":2,"name":"Projet de vitrage","item":"https:\/\/www.dochyglas.be\/fr\/vitres-de-projet\/"},{"@type":"ListItem","position":3,"name":"Vitrages classiques"}]},{"@type":"WebSite","@id":"https:\/\/www.dochyglas.be\/#website","url":"https:\/\/www.dochyglas.be\/","name":"Dochy Glas","description":"Glass solutions","publisher":{"@id":"https:\/\/www.dochyglas.be\/#organization"},"alternateName":"Dochy","potentialAction":[{"@type":"SearchAction","target":{"@type":"EntryPoint","urlTemplate":"https:\/\/www.dochyglas.be\/?s={search_term_string}"},"query-input":{"@type":"PropertyValueSpecification","valueRequired":true,"valueName":"search_term_string"}}],"inLanguage":"fr-FR"},{"@type":"Organization","@id":"https:\/\/www.dochyglas.be\/#organization","name":"Dochy Glas","alternateName":"Dochy Glass solutions","url":"https:\/\/www.dochyglas.be\/","logo":{"@type":"ImageObject","inLanguage":"fr-FR","@id":"https:\/\/www.dochyglas.be\/#\/schema\/logo\/image\/","url":"https:\/\/www.dochyglas.be\/wp-content\/uploads\/2023\/09\/DochyGlas_logo_kleur-e1695737229567.png","contentUrl":"https:\/\/www.dochyglas.be\/wp-content\/uploads\/2023\/09\/DochyGlas_logo_kleur-e1695737229567.png","width":6853,"height":3160,"caption":"Dochy Glas"},"image":{"@id":"https:\/\/www.dochyglas.be\/#\/schema\/logo\/image\/"},"sameAs":["https:\/\/www.facebook.com\/Dochyglas","https:\/\/www.instagram.com\/dochyglas\/"]}]}},"_links":{"self":[{"href":"https:\/\/www.dochyglas.be\/fr\/wp-json\/wp\/v2\/pages\/938","targetHints":{"allow":["GET"]}}],"collection":[{"href":"https:\/\/www.dochyglas.be\/fr\/wp-json\/wp\/v2\/pages"}],"about":[{"href":"https:\/\/www.dochyglas.be\/fr\/wp-json\/wp\/v2\/types\/page"}],"author":[{"embeddable":true,"href":"https:\/\/www.dochyglas.be\/fr\/wp-json\/wp\/v2\/users\/1"}],"replies":[{"embeddable":true,"href":"https:\/\/www.dochyglas.be\/fr\/wp-json\/wp\/v2\/comments?post=938"}],"version-history":[{"count":3,"href":"https:\/\/www.dochyglas.be\/fr\/wp-json\/wp\/v2\/pages\/938\/revisions"}],"predecessor-version":[{"id":1113,"href":"https:\/\/www.dochyglas.be\/fr\/wp-json\/wp\/v2\/pages\/938\/revisions\/1113"}],"up":[{"embeddable":true,"href":"https:\/\/www.dochyglas.be\/fr\/wp-json\/wp\/v2\/pages\/959"}],"wp:featuredmedia":[{"embeddable":true,"href":"https:\/\/www.dochyglas.be\/fr\/wp-json\/wp\/v2\/media\/727"}],"wp:attachment":[{"href":"https:\/\/www.dochyglas.be\/fr\/wp-json\/wp\/v2\/media?parent=938"}],"curies":[{"name":"wp","href":"https:\/\/api.w.org\/{rel}","templated":true}]}}