{"id":939,"date":"2023-09-26T09:50:26","date_gmt":"2023-09-26T07:50:26","guid":{"rendered":"https:\/\/www.dochyglas.be\/gordijngevels\/"},"modified":"2024-03-07T15:34:51","modified_gmt":"2024-03-07T13:34:51","slug":"murs-rideaux","status":"publish","type":"page","link":"https:\/\/www.dochyglas.be\/fr\/vitres-de-projet\/murs-rideaux\/","title":{"rendered":"Murs-Rideaux"},"content":{"rendered":"<section class=\"l-section wpb_row detail height_auto\"><div class=\"l-section-h i-cf\"><div class=\"g-cols vc_row via_flex valign_bottom type_boxes stacking_default\"><div class=\"vc_col-sm-12 wpb_column vc_column_container minheightbanner has_bg_color\"><div class=\"vc_column-inner us_custom_4952fdb2\"><div class=\"vc_column-overlay\" style=\"background:rgba(0,0,0,0.70)\"><\/div><div class=\"wpb_wrapper\"><div class=\"g-cols wpb_row via_flex valign_top type_default stacking_default\"><div class=\"vc_col-sm-7 wpb_column vc_column_container\"><div class=\"vc_column-inner\"><div class=\"wpb_wrapper\"><div class=\"wpb_text_column us_custom_6df4bc3a has_text_color\"><div class=\"wpb_wrapper\"><h1>Dochy Glas est votre partenaire pour la pose des <em>murs-rideaux<\/em>.<\/h1>\n<\/div><\/div><div class=\"w-separator size_small\"><\/div><nav class=\"g-breadcrumbs us_custom_6df4bc3a has_text_color separator_icon align_none\" itemscope itemtype=\"http:\/\/schema.org\/BreadcrumbList\"><div class=\"g-breadcrumbs-item\" itemscope itemprop=\"itemListElement\" itemtype=\"http:\/\/schema.org\/ListItem\"><a itemprop=\"item\" href=\"https:\/\/www.dochyglas.be\/fr\/\"><span itemprop=\"name\">Accueil<\/span><\/a><meta itemprop=\"position\" content=\"1\"\/><\/div><div class=\"g-breadcrumbs-separator\"><i class=\"far fa-angle-right\"><\/i><\/div><div class=\"g-breadcrumbs-item\">Pages<\/div><\/nav><\/div><\/div><\/div><div class=\"vc_col-sm-5 wpb_column vc_column_container\"><div class=\"vc_column-inner\"><div class=\"wpb_wrapper\"><\/div><\/div><\/div><\/div><\/div><\/div><\/div><\/div><\/div><\/section><section class=\"l-section wpb_row height_auto\"><div class=\"l-section-h i-cf\"><div class=\"g-cols vc_row via_flex valign_top type_boxes stacking_default\"><div class=\"vc_col-sm-12 vc_col-lg-6 vc_col-md-6 vc_col-xs-12 wpb_column vc_column_container\"><div class=\"vc_column-inner\"><div class=\"wpb_wrapper\"><div class=\"wpb_text_column\"><div class=\"wpb_wrapper\"><h2>Notre \u00e9quipe de conseillers techniques peut vous informer sur les <em>meilleures applications de verre<\/em> pour votre projet.<\/h2>\n<\/div><\/div><\/div><\/div><\/div><div class=\"vc_col-sm-12 vc_col-lg-6 vc_col-md-6 vc_col-xs-12 wpb_column vc_column_container\"><div class=\"vc_column-inner\"><div class=\"wpb_wrapper\"><div class=\"wpb_text_column\"><div class=\"wpb_wrapper\"><p>Gr\u00e2ce \u00e0 notre exp\u00e9rience et notre expertise dans le domaine des murs-rideaux, nous sommes en mesure de r\u00e9aliser des devis pr\u00e9cis et corrects. Cela signifie que, en tant que professionnel de la construction, vous pouvez proposer plus rapidement et plus efficacement un projet \u00e0 votre client.<\/p>\n<p>Gr\u00e2ce \u00e0 notre parc de grues \u00e9tendu et \u00e0 une pr\u00e9paration minutieuse des chantiers, nous sommes un partenaire comp\u00e9titif et fiable.<\/p>\n<\/div><\/div><div class=\"w-separator size_small\"><\/div><div class=\"w-btn-wrapper align_none\"><a class=\"w-btn us-btn-style_2\" href=\"https:\/\/www.dochyglas.be\/fr\/contact\/\"><span class=\"w-btn-label\">Contactez-nous<\/span><\/a><\/div><\/div><\/div><\/div><\/div><\/div><\/section><section class=\"l-section wpb_row height_small\"><div class=\"l-section-h i-cf\"><div class=\"g-cols vc_row via_flex valign_middle type_boxes stacking_default\" style=\"--additional-gap:20px;\"><div class=\"vc_col-sm-12 vc_col-lg-6 vc_col-md-6 vc_col-xs-12 wpb_column vc_column_container padbottop has_bg_color\"><div class=\"vc_column-inner us_custom_043ce5c8\"><div class=\"vc_column-overlay\" style=\"background:rgba(26,26,26,0.50)\"><\/div><div class=\"wpb_wrapper\"><div class=\"wpb_text_column us_custom_6df4bc3a has_text_color\"><div class=\"wpb_wrapper\"><h3>Approche personnalis\u00e9e<\/h3>\n<p>Chez Dochy Glas, nous accordons une grande importance \u00e0 une approche personnalis\u00e9e et sommes ravis de discuter de vos besoins et exigences en mati\u00e8re de vitrage pour vos projets de construction<\/p>\n<p>Si vous souhaitez collaborer avec Dochy Glas pour vos projets de fa\u00e7ades-rideaux, n&rsquo;h\u00e9sitez pas \u00e0 contacter nos conseillers techniques pour obtenir plus d&rsquo;informations. Nous sommes impatients de travailler avec vous.<\/p>\n<\/div><\/div><div class=\"w-separator size_small\"><\/div><div class=\"w-btn-wrapper align_none\"><a class=\"w-btn us-btn-style_1\" href=\"tel:+3258311253\"><span class=\"w-btn-label\">T\u00e9l: +32 58 31 12 53<\/span><\/a><\/div><\/div><\/div><\/div><div class=\"vc_col-sm-12 vc_col-lg-6 vc_col-md-6 vc_col-xs-12 wpb_column vc_column_container\"><div class=\"vc_column-inner\"><div class=\"wpb_wrapper\"><div class=\"wpb_text_column\"><div class=\"wpb_wrapper\"><h3>Pourquoi collaborer avec Dochy Glas pour les murs-rideaux ?<\/h3>\n<p>Nos principaux atouts sont les suivants :<\/p>\n<ul>\n<li>Plus de 40 poseurs exp\u00e9riment\u00e9s, offrant une masse critique suffisante pour une planning flexible.<\/li>\n<li>Chaque projet est dirig\u00e9 par un chef de projet qui examine le chantier \u00e0 l&rsquo;avance, suit tout le processus et vous rend compte de l\u2019avancement du chantier.<\/li>\n<li>Un parc de v\u00e9hicules dot\u00e9 des grues les plus lourdes du secteur (jusqu&rsquo;\u00e0 40 m\u00e8tres !).<\/li>\n<li>Des outils de pose tels que des mini-grues, des poutres d&rsquo;\u00e9quilibre, des \u00e9l\u00e9vateurs, etc.<\/li>\n<li>Plusieurs fabricants, ce qui signifie qu&rsquo;il n&rsquo;y a pas de limites en termes de taille ou de type.<\/li>\n<li>Nous pouvons \u00e9galement effectuer la fixation des fa\u00e7ades rideaux.<\/li>\n<\/ul>\n<\/div><\/div><\/div><\/div><\/div><\/div><\/div><\/section>\n","protected":false},"excerpt":{"rendered":"Dochy Glas est votre partenaire pour la pose des murs-rideaux. AccueilPagesNotre \u00e9quipe de conseillers techniques peut vous informer sur les meilleures applications de verre pour votre projet. Gr\u00e2ce \u00e0 notre exp\u00e9rience et notre expertise dans le domaine des murs-rideaux, nous sommes en mesure de r\u00e9aliser des devis pr\u00e9cis et corrects. Cela signifie que, en tant...","protected":false},"author":1,"featured_media":733,"parent":959,"menu_order":2,"comment_status":"closed","ping_status":"closed","template":"","meta":{"footnotes":""},"class_list":["post-939","page","type-page","status-publish","has-post-thumbnail","hentry"],"acf":[],"yoast_head":"<!-- This site is optimized with the Yoast SEO plugin v26.4 - https:\/\/yoast.com\/wordpress\/plugins\/seo\/ -->\n<title>Murs-Rideaux | Dochy Glas Veurne<\/title>\n<meta name=\"description\" content=\"Pour la pose d&#039;un mur-rideau : faites confiance \u00e0 l&#039;expertise de Dochy Glas. Contactez-nous d\u00e8s aujourd&#039;hui.\" \/>\n<meta name=\"robots\" content=\"index, follow, max-snippet:-1, max-image-preview:large, max-video-preview:-1\" \/>\n<link rel=\"canonical\" href=\"https:\/\/www.dochyglas.be\/fr\/vitres-de-projet\/murs-rideaux\/\" \/>\n<meta property=\"og:locale\" content=\"fr_FR\" \/>\n<meta property=\"og:type\" content=\"article\" \/>\n<meta property=\"og:title\" content=\"Murs-Rideaux | Dochy Glas Veurne\" \/>\n<meta property=\"og:description\" content=\"Pour la pose d&#039;un mur-rideau : faites confiance \u00e0 l&#039;expertise de Dochy Glas. Contactez-nous d\u00e8s aujourd&#039;hui.\" \/>\n<meta property=\"og:url\" content=\"https:\/\/www.dochyglas.be\/fr\/vitres-de-projet\/murs-rideaux\/\" \/>\n<meta property=\"og:site_name\" content=\"Dochy Glas\" \/>\n<meta property=\"article:publisher\" content=\"https:\/\/www.facebook.com\/Dochyglas\" \/>\n<meta property=\"article:modified_time\" content=\"2024-03-07T13:34:51+00:00\" \/>\n<meta property=\"og:image\" content=\"https:\/\/www.dochyglas.be\/wp-content\/uploads\/2023\/10\/gordijngevel1-e1697552931895.jpg\" \/>\n\t<meta property=\"og:image:width\" content=\"2000\" \/>\n\t<meta property=\"og:image:height\" content=\"1499\" \/>\n\t<meta property=\"og:image:type\" content=\"image\/jpeg\" \/>\n<meta name=\"twitter:card\" content=\"summary_large_image\" \/>\n<meta name=\"twitter:label1\" content=\"Dur\u00e9e de lecture estim\u00e9e\" \/>\n\t<meta name=\"twitter:data1\" content=\"2 minutes\" \/>\n<script type=\"application\/ld+json\" class=\"yoast-schema-graph\">{\"@context\":\"https:\/\/schema.org\",\"@graph\":[{\"@type\":\"WebPage\",\"@id\":\"https:\/\/www.dochyglas.be\/fr\/vitres-de-projet\/murs-rideaux\/\",\"url\":\"https:\/\/www.dochyglas.be\/fr\/vitres-de-projet\/murs-rideaux\/\",\"name\":\"Murs-Rideaux | Dochy Glas Veurne\",\"isPartOf\":{\"@id\":\"https:\/\/www.dochyglas.be\/#website\"},\"primaryImageOfPage\":{\"@id\":\"https:\/\/www.dochyglas.be\/fr\/vitres-de-projet\/murs-rideaux\/#primaryimage\"},\"image\":{\"@id\":\"https:\/\/www.dochyglas.be\/fr\/vitres-de-projet\/murs-rideaux\/#primaryimage\"},\"thumbnailUrl\":\"https:\/\/www.dochyglas.be\/wp-content\/uploads\/2023\/10\/gordijngevel1-e1697552931895.jpg\",\"datePublished\":\"2023-09-26T07:50:26+00:00\",\"dateModified\":\"2024-03-07T13:34:51+00:00\",\"description\":\"Pour la pose d'un mur-rideau : faites confiance \u00e0 l'expertise de Dochy Glas. Contactez-nous d\u00e8s aujourd'hui.\",\"breadcrumb\":{\"@id\":\"https:\/\/www.dochyglas.be\/fr\/vitres-de-projet\/murs-rideaux\/#breadcrumb\"},\"inLanguage\":\"fr-FR\",\"potentialAction\":[{\"@type\":\"ReadAction\",\"target\":[\"https:\/\/www.dochyglas.be\/fr\/vitres-de-projet\/murs-rideaux\/\"]}]},{\"@type\":\"ImageObject\",\"inLanguage\":\"fr-FR\",\"@id\":\"https:\/\/www.dochyglas.be\/fr\/vitres-de-projet\/murs-rideaux\/#primaryimage\",\"url\":\"https:\/\/www.dochyglas.be\/wp-content\/uploads\/2023\/10\/gordijngevel1-e1697552931895.jpg\",\"contentUrl\":\"https:\/\/www.dochyglas.be\/wp-content\/uploads\/2023\/10\/gordijngevel1-e1697552931895.jpg\",\"width\":2000,\"height\":1499},{\"@type\":\"BreadcrumbList\",\"@id\":\"https:\/\/www.dochyglas.be\/fr\/vitres-de-projet\/murs-rideaux\/#breadcrumb\",\"itemListElement\":[{\"@type\":\"ListItem\",\"position\":1,\"name\":\"Home\",\"item\":\"https:\/\/www.dochyglas.be\/fr\/\"},{\"@type\":\"ListItem\",\"position\":2,\"name\":\"Projet de vitrage\",\"item\":\"https:\/\/www.dochyglas.be\/fr\/vitres-de-projet\/\"},{\"@type\":\"ListItem\",\"position\":3,\"name\":\"Murs-Rideaux\"}]},{\"@type\":\"WebSite\",\"@id\":\"https:\/\/www.dochyglas.be\/#website\",\"url\":\"https:\/\/www.dochyglas.be\/\",\"name\":\"Dochy Glas\",\"description\":\"Glass solutions\",\"publisher\":{\"@id\":\"https:\/\/www.dochyglas.be\/#organization\"},\"alternateName\":\"Dochy\",\"potentialAction\":[{\"@type\":\"SearchAction\",\"target\":{\"@type\":\"EntryPoint\",\"urlTemplate\":\"https:\/\/www.dochyglas.be\/?s={search_term_string}\"},\"query-input\":{\"@type\":\"PropertyValueSpecification\",\"valueRequired\":true,\"valueName\":\"search_term_string\"}}],\"inLanguage\":\"fr-FR\"},{\"@type\":\"Organization\",\"@id\":\"https:\/\/www.dochyglas.be\/#organization\",\"name\":\"Dochy Glas\",\"alternateName\":\"Dochy Glass solutions\",\"url\":\"https:\/\/www.dochyglas.be\/\",\"logo\":{\"@type\":\"ImageObject\",\"inLanguage\":\"fr-FR\",\"@id\":\"https:\/\/www.dochyglas.be\/#\/schema\/logo\/image\/\",\"url\":\"https:\/\/www.dochyglas.be\/wp-content\/uploads\/2023\/09\/DochyGlas_logo_kleur-e1695737229567.png\",\"contentUrl\":\"https:\/\/www.dochyglas.be\/wp-content\/uploads\/2023\/09\/DochyGlas_logo_kleur-e1695737229567.png\",\"width\":6853,\"height\":3160,\"caption\":\"Dochy Glas\"},\"image\":{\"@id\":\"https:\/\/www.dochyglas.be\/#\/schema\/logo\/image\/\"},\"sameAs\":[\"https:\/\/www.facebook.com\/Dochyglas\",\"https:\/\/www.instagram.com\/dochyglas\/\"]}]}<\/script>\n<!-- \/ Yoast SEO plugin. -->","yoast_head_json":{"title":"Murs-Rideaux | Dochy Glas Veurne","description":"Pour la pose d'un mur-rideau : faites confiance \u00e0 l'expertise de Dochy Glas. Contactez-nous d\u00e8s aujourd'hui.","robots":{"index":"index","follow":"follow","max-snippet":"max-snippet:-1","max-image-preview":"max-image-preview:large","max-video-preview":"max-video-preview:-1"},"canonical":"https:\/\/www.dochyglas.be\/fr\/vitres-de-projet\/murs-rideaux\/","og_locale":"fr_FR","og_type":"article","og_title":"Murs-Rideaux | Dochy Glas Veurne","og_description":"Pour la pose d'un mur-rideau : faites confiance \u00e0 l'expertise de Dochy Glas. Contactez-nous d\u00e8s aujourd'hui.","og_url":"https:\/\/www.dochyglas.be\/fr\/vitres-de-projet\/murs-rideaux\/","og_site_name":"Dochy Glas","article_publisher":"https:\/\/www.facebook.com\/Dochyglas","article_modified_time":"2024-03-07T13:34:51+00:00","og_image":[{"width":2000,"height":1499,"url":"https:\/\/www.dochyglas.be\/wp-content\/uploads\/2023\/10\/gordijngevel1-e1697552931895.jpg","type":"image\/jpeg"}],"twitter_card":"summary_large_image","twitter_misc":{"Dur\u00e9e de lecture estim\u00e9e":"2 minutes"},"schema":{"@context":"https:\/\/schema.org","@graph":[{"@type":"WebPage","@id":"https:\/\/www.dochyglas.be\/fr\/vitres-de-projet\/murs-rideaux\/","url":"https:\/\/www.dochyglas.be\/fr\/vitres-de-projet\/murs-rideaux\/","name":"Murs-Rideaux | Dochy Glas Veurne","isPartOf":{"@id":"https:\/\/www.dochyglas.be\/#website"},"primaryImageOfPage":{"@id":"https:\/\/www.dochyglas.be\/fr\/vitres-de-projet\/murs-rideaux\/#primaryimage"},"image":{"@id":"https:\/\/www.dochyglas.be\/fr\/vitres-de-projet\/murs-rideaux\/#primaryimage"},"thumbnailUrl":"https:\/\/www.dochyglas.be\/wp-content\/uploads\/2023\/10\/gordijngevel1-e1697552931895.jpg","datePublished":"2023-09-26T07:50:26+00:00","dateModified":"2024-03-07T13:34:51+00:00","description":"Pour la pose d'un mur-rideau : faites confiance \u00e0 l'expertise de Dochy Glas. Contactez-nous d\u00e8s aujourd'hui.","breadcrumb":{"@id":"https:\/\/www.dochyglas.be\/fr\/vitres-de-projet\/murs-rideaux\/#breadcrumb"},"inLanguage":"fr-FR","potentialAction":[{"@type":"ReadAction","target":["https:\/\/www.dochyglas.be\/fr\/vitres-de-projet\/murs-rideaux\/"]}]},{"@type":"ImageObject","inLanguage":"fr-FR","@id":"https:\/\/www.dochyglas.be\/fr\/vitres-de-projet\/murs-rideaux\/#primaryimage","url":"https:\/\/www.dochyglas.be\/wp-content\/uploads\/2023\/10\/gordijngevel1-e1697552931895.jpg","contentUrl":"https:\/\/www.dochyglas.be\/wp-content\/uploads\/2023\/10\/gordijngevel1-e1697552931895.jpg","width":2000,"height":1499},{"@type":"BreadcrumbList","@id":"https:\/\/www.dochyglas.be\/fr\/vitres-de-projet\/murs-rideaux\/#breadcrumb","itemListElement":[{"@type":"ListItem","position":1,"name":"Home","item":"https:\/\/www.dochyglas.be\/fr\/"},{"@type":"ListItem","position":2,"name":"Projet de vitrage","item":"https:\/\/www.dochyglas.be\/fr\/vitres-de-projet\/"},{"@type":"ListItem","position":3,"name":"Murs-Rideaux"}]},{"@type":"WebSite","@id":"https:\/\/www.dochyglas.be\/#website","url":"https:\/\/www.dochyglas.be\/","name":"Dochy Glas","description":"Glass solutions","publisher":{"@id":"https:\/\/www.dochyglas.be\/#organization"},"alternateName":"Dochy","potentialAction":[{"@type":"SearchAction","target":{"@type":"EntryPoint","urlTemplate":"https:\/\/www.dochyglas.be\/?s={search_term_string}"},"query-input":{"@type":"PropertyValueSpecification","valueRequired":true,"valueName":"search_term_string"}}],"inLanguage":"fr-FR"},{"@type":"Organization","@id":"https:\/\/www.dochyglas.be\/#organization","name":"Dochy Glas","alternateName":"Dochy Glass solutions","url":"https:\/\/www.dochyglas.be\/","logo":{"@type":"ImageObject","inLanguage":"fr-FR","@id":"https:\/\/www.dochyglas.be\/#\/schema\/logo\/image\/","url":"https:\/\/www.dochyglas.be\/wp-content\/uploads\/2023\/09\/DochyGlas_logo_kleur-e1695737229567.png","contentUrl":"https:\/\/www.dochyglas.be\/wp-content\/uploads\/2023\/09\/DochyGlas_logo_kleur-e1695737229567.png","width":6853,"height":3160,"caption":"Dochy Glas"},"image":{"@id":"https:\/\/www.dochyglas.be\/#\/schema\/logo\/image\/"},"sameAs":["https:\/\/www.facebook.com\/Dochyglas","https:\/\/www.instagram.com\/dochyglas\/"]}]}},"_links":{"self":[{"href":"https:\/\/www.dochyglas.be\/fr\/wp-json\/wp\/v2\/pages\/939","targetHints":{"allow":["GET"]}}],"collection":[{"href":"https:\/\/www.dochyglas.be\/fr\/wp-json\/wp\/v2\/pages"}],"about":[{"href":"https:\/\/www.dochyglas.be\/fr\/wp-json\/wp\/v2\/types\/page"}],"author":[{"embeddable":true,"href":"https:\/\/www.dochyglas.be\/fr\/wp-json\/wp\/v2\/users\/1"}],"replies":[{"embeddable":true,"href":"https:\/\/www.dochyglas.be\/fr\/wp-json\/wp\/v2\/comments?post=939"}],"version-history":[{"count":5,"href":"https:\/\/www.dochyglas.be\/fr\/wp-json\/wp\/v2\/pages\/939\/revisions"}],"predecessor-version":[{"id":1379,"href":"https:\/\/www.dochyglas.be\/fr\/wp-json\/wp\/v2\/pages\/939\/revisions\/1379"}],"up":[{"embeddable":true,"href":"https:\/\/www.dochyglas.be\/fr\/wp-json\/wp\/v2\/pages\/959"}],"wp:featuredmedia":[{"embeddable":true,"href":"https:\/\/www.dochyglas.be\/fr\/wp-json\/wp\/v2\/media\/733"}],"wp:attachment":[{"href":"https:\/\/www.dochyglas.be\/fr\/wp-json\/wp\/v2\/media?parent=939"}],"curies":[{"name":"wp","href":"https:\/\/api.w.org\/{rel}","templated":true}]}}