{"id":940,"date":"2023-09-26T09:50:26","date_gmt":"2023-09-26T07:50:26","guid":{"rendered":"https:\/\/www.dochyglas.be\/structurele-beglazing\/"},"modified":"2024-03-07T15:06:42","modified_gmt":"2024-03-07T13:06:42","slug":"vitrage-structurel","status":"publish","type":"page","link":"https:\/\/www.dochyglas.be\/fr\/vitres-de-projet\/vitrage-structurel\/","title":{"rendered":"Vitrage structurel"},"content":{"rendered":"<section class=\"l-section wpb_row detail height_auto\"><div class=\"l-section-h i-cf\"><div class=\"g-cols vc_row via_flex valign_bottom type_boxes stacking_default\"><div class=\"vc_col-sm-12 wpb_column vc_column_container minheightbanner has_bg_color\"><div class=\"vc_column-inner us_custom_11437594\"><div class=\"vc_column-overlay\" style=\"background:rgba(0,0,0,0.70)\"><\/div><div class=\"wpb_wrapper\"><div class=\"g-cols wpb_row via_flex valign_top type_default stacking_default\"><div class=\"vc_col-sm-7 wpb_column vc_column_container\"><div class=\"vc_column-inner\"><div class=\"wpb_wrapper\"><div class=\"wpb_text_column us_custom_6df4bc3a has_text_color\"><div class=\"wpb_wrapper\"><h1><em>Le vitrage structurel<\/em>, une solution \u00e9l\u00e9gante pour les b\u00e2timents commerciaux.<\/h1>\n<\/div><\/div><div class=\"w-separator size_small\"><\/div><nav class=\"g-breadcrumbs us_custom_6df4bc3a has_text_color separator_icon align_none\" itemscope itemtype=\"http:\/\/schema.org\/BreadcrumbList\"><div class=\"g-breadcrumbs-item\" itemscope itemprop=\"itemListElement\" itemtype=\"http:\/\/schema.org\/ListItem\"><a itemprop=\"item\" href=\"https:\/\/www.dochyglas.be\/fr\/\"><span itemprop=\"name\">Accueil<\/span><\/a><meta itemprop=\"position\" content=\"1\"\/><\/div><div class=\"g-breadcrumbs-separator\"><i class=\"far fa-angle-right\"><\/i><\/div><div class=\"g-breadcrumbs-item\">Pages<\/div><\/nav><\/div><\/div><\/div><div class=\"vc_col-sm-5 wpb_column vc_column_container\"><div class=\"vc_column-inner\"><div class=\"wpb_wrapper\"><\/div><\/div><\/div><\/div><\/div><\/div><\/div><\/div><\/div><\/section><section class=\"l-section wpb_row height_auto\"><div class=\"l-section-h i-cf\"><div class=\"g-cols vc_row via_flex valign_top type_boxes stacking_default\"><div class=\"vc_col-sm-12 vc_col-lg-6 vc_col-md-6 vc_col-xs-12 wpb_column vc_column_container\"><div class=\"vc_column-inner\"><div class=\"wpb_wrapper\"><div class=\"wpb_text_column\"><div class=\"wpb_wrapper\"><h2>Le <em>vitrage structurel<\/em>?<\/h2>\n<p>Si vous recherchez une application moderne et innovante du verre pour vos projets de construction commerciaux, le vitrage structurel est peut-\u00eatre une option \u00e0 consid\u00e9rer.<\/p>\n<\/div><\/div><\/div><\/div><\/div><div class=\"vc_col-sm-12 vc_col-lg-6 vc_col-md-6 vc_col-xs-12 wpb_column vc_column_container\"><div class=\"vc_column-inner\"><div class=\"wpb_wrapper\"><div class=\"wpb_text_column\"><div class=\"wpb_wrapper\"><p>Le vitrage structurel est une application moderne et innovante du verre dans laquelle des panneaux de verre sont fix\u00e9s sans profils visibles pour cr\u00e9er une structure solide et sans couture. Ces structures sont utilis\u00e9es, entre autres, pour les vitrines, les toits, les cages d&rsquo;escalier et les auvents.<\/p>\n<\/div><\/div><div class=\"w-separator size_small\"><\/div><div class=\"w-btn-wrapper align_none\"><a class=\"w-btn us-btn-style_2\" href=\"https:\/\/www.dochyglas.be\/fr\/contact\/\"><span class=\"w-btn-label\">Contactez-nous<\/span><\/a><\/div><\/div><\/div><\/div><\/div><\/div><\/section><section class=\"l-section wpb_row height_small\"><div class=\"l-section-h i-cf\"><div class=\"g-cols vc_row via_flex valign_top type_boxes stacking_default\"><div class=\"vc_col-sm-5 wpb_column vc_column_container imgresp has_bg_color\"><div class=\"vc_column-inner us_custom_0629be9d\"><div class=\"wpb_wrapper\"><\/div><\/div><\/div><div class=\"vc_col-sm-7 wpb_column vc_column_container has_bg_color\"><div class=\"vc_column-inner us_custom_5e134dd3\"><div class=\"wpb_wrapper\"><div class=\"wpb_text_column\"><div class=\"wpb_wrapper\"><h3>Pourquoi opter pour notre vitrage <em>structurel<\/em> ?<\/h3>\n<\/div><\/div><div class=\"w-separator size_small\"><\/div><div class=\"wpb_text_column\"><div class=\"wpb_wrapper\"><ul>\n<li>Cr\u00e9e une transition sans couture entre l&rsquo;int\u00e9rieur et l&rsquo;ext\u00e9rieur. L&rsquo;absence de profils visibles cr\u00e9e une ambiance ouverte et lumineuse dans le b\u00e2timent.<\/li>\n<li>Offre une excellente isolation thermique et acoustique, garantissant un confort accru et des \u00e9conomies d&rsquo;\u00e9nergie.<\/li>\n<li>Conf\u00e8re une apparence unique \u00e0 votre b\u00e2timent, en faisant de lui un v\u00e9ritable point de mire.<\/li>\n<\/ul>\n<\/div><\/div><\/div><\/div><\/div><\/div><\/div><\/section><section class=\"l-section wpb_row height_auto\"><div class=\"l-section-h i-cf\"><div class=\"g-cols vc_row via_flex valign_top type_boxes stacking_default\"><div class=\"vc_col-sm-12 vc_col-lg-6 vc_col-md-6 vc_col-xs-12 wpb_column vc_column_container\"><div class=\"vc_column-inner\"><div class=\"wpb_wrapper\"><div class=\"wpb_text_column\"><div class=\"wpb_wrapper\"><h3>Des possibilit\u00e9s illimit\u00e9es<\/h3>\n<p>Dochy Glas est sp\u00e9cialis\u00e9 dans diverses applications de vitrage structurel pour vos projets de construction commerciaux.<\/p>\n<ul>\n<li>Les vitrines avec ou sans supports sont une application populaire du vitrage structurel. Elles offrent une transition sans couture entre l&rsquo;int\u00e9rieur et l&rsquo;ext\u00e9rieur.<\/li>\n<li>Les applications d&rsquo;angle sur angle avec un chevauchement noir conviennent parfaitement aux b\u00e2timents modernes et \u00e9pur\u00e9s qui souhaitent avoir une apparence unique.<\/li>\n<li>Les combinaisons de verre coll\u00e9 et laqu\u00e9 offrent une excellente isolation thermique et acoustique, garantissant un confort accru et des \u00e9conomies d&rsquo;\u00e9nergie.<\/li>\n<li>Le collage de profils fins pour des fen\u00eatres minimalistes cr\u00e9e un design \u00e9l\u00e9gant et \u00e9pur\u00e9 qui s&rsquo;int\u00e8gre parfaitement dans les int\u00e9rieurs modernes.<\/li>\n<\/ul>\n<\/div><\/div><\/div><\/div><\/div><div class=\"vc_col-sm-12 vc_col-lg-6 vc_col-md-6 vc_col-xs-12 wpb_column vc_column_container\"><div class=\"vc_column-inner\"><div class=\"wpb_wrapper\"><div class=\"wpb_text_column\"><div class=\"wpb_wrapper\"><h3>Pourquoi collaborer avec <em>Dochy Glas<\/em> pour le vitrage structurel ?<\/h3>\n<p>Nos principaux atouts sont les suivants :<\/p>\n<ul>\n<li>Notre vaste exp\u00e9rience et expertise.<\/li>\n<li>40 sp\u00e9cialistes du verre sur lesquels vous pouvez compter pour la r\u00e9alisation de vos projets.<\/li>\n<li>Nous sommes des pionniers dans le secteur du verre en ce qui concerne le mat\u00e9riel de pose, ce qui nous permet de respecter les d\u00e9lais convenus.<\/li>\n<\/ul>\n<\/div><\/div><div class=\"w-separator size_small\"><\/div><div class=\"w-btn-wrapper align_none\"><a class=\"w-btn us-btn-style_2\" href=\"https:\/\/www.dochyglas.be\/fr\/contact\/\"><span class=\"w-btn-label\">Contactez-nous<\/span><\/a><\/div><\/div><\/div><\/div><\/div><\/div><\/section><section class=\"l-section wpb_row height_small\"><div class=\"l-section-h i-cf\"><div class=\"g-cols vc_row via_flex valign_middle type_boxes stacking_default\" style=\"--additional-gap:20px;\"><div class=\"vc_col-sm-12 vc_col-lg-6 vc_col-md-6 vc_col-xs-12 wpb_column vc_column_container padbottop has_bg_color\"><div class=\"vc_column-inner us_custom_8bc0365b\"><div class=\"vc_column-overlay\" style=\"background:rgba(26,26,26,0.50)\"><\/div><div class=\"wpb_wrapper\"><div class=\"wpb_text_column us_custom_6df4bc3a has_text_color\"><div class=\"wpb_wrapper\"><h3>Chez Dochy Glas, nous croyons en une approche personnelle et nous sommes heureux de discuter de vos souhaits et exigences en mati\u00e8re de vitrage dans vos projets de construction.<\/h3>\n<\/div><\/div><\/div><\/div><\/div><div class=\"vc_col-sm-12 vc_col-lg-6 vc_col-md-6 vc_col-xs-12 wpb_column vc_column_container\"><div class=\"vc_column-inner\"><div class=\"wpb_wrapper\"><div class=\"wpb_text_column\"><div class=\"wpb_wrapper\"><h3>Dochy Glas<\/h3>\n<p>Si vous \u00eates int\u00e9ress\u00e9 par une collaboration avec Dochy Glas pour vos projets de vitrage structurel, n&rsquo;h\u00e9sitez pas \u00e0 nous contacter pour plus d&rsquo;informations. Nos conseillers techniques sont impatients de travailler avec vous.<\/p>\n<\/div><\/div><div class=\"w-separator size_small\"><\/div><div class=\"w-btn-wrapper align_none\"><a class=\"w-btn us-btn-style_1\" href=\"tel:+3258311253\"><span class=\"w-btn-label\">T\u00e9l: +32 58 31 12 53<\/span><\/a><\/div><\/div><\/div><\/div><\/div><\/div><\/section>\n","protected":false},"excerpt":{"rendered":"Le vitrage structurel, une solution \u00e9l\u00e9gante pour les b\u00e2timents commerciaux. AccueilPagesLe vitrage structurel? Si vous recherchez une application moderne et innovante du verre pour vos projets de construction commerciaux, le vitrage structurel est peut-\u00eatre une option \u00e0 consid\u00e9rer. Le vitrage structurel est une application moderne et innovante du verre dans laquelle des panneaux de verre...","protected":false},"author":1,"featured_media":411,"parent":959,"menu_order":3,"comment_status":"closed","ping_status":"closed","template":"","meta":{"footnotes":""},"class_list":["post-940","page","type-page","status-publish","has-post-thumbnail","hentry"],"acf":[],"yoast_head":"<!-- This site is optimized with the Yoast SEO plugin v26.4 - https:\/\/yoast.com\/wordpress\/plugins\/seo\/ -->\n<title>Fa\u00e7ade Vitr\u00e9e | Dochy Glas Veurne<\/title>\n<meta name=\"description\" content=\"Une fa\u00e7ade vitr\u00e9e conf\u00e8re \u00e0 votre b\u00e2timent allure et transparence. Dochy Glas est expert dans la pose de rev\u00eatements de fa\u00e7ade.\" \/>\n<meta name=\"robots\" content=\"index, follow, max-snippet:-1, max-image-preview:large, max-video-preview:-1\" \/>\n<link rel=\"canonical\" href=\"https:\/\/www.dochyglas.be\/fr\/vitres-de-projet\/vitrage-structurel\/\" \/>\n<meta property=\"og:locale\" content=\"fr_FR\" \/>\n<meta property=\"og:type\" content=\"article\" \/>\n<meta property=\"og:title\" content=\"Fa\u00e7ade Vitr\u00e9e | Dochy Glas Veurne\" \/>\n<meta property=\"og:description\" content=\"Une fa\u00e7ade vitr\u00e9e conf\u00e8re \u00e0 votre b\u00e2timent allure et transparence. Dochy Glas est expert dans la pose de rev\u00eatements de fa\u00e7ade.\" \/>\n<meta property=\"og:url\" content=\"https:\/\/www.dochyglas.be\/fr\/vitres-de-projet\/vitrage-structurel\/\" \/>\n<meta property=\"og:site_name\" content=\"Dochy Glas\" \/>\n<meta property=\"article:publisher\" content=\"https:\/\/www.facebook.com\/Dochyglas\" \/>\n<meta property=\"article:modified_time\" content=\"2024-03-07T13:06:42+00:00\" \/>\n<meta property=\"og:image\" content=\"https:\/\/www.dochyglas.be\/wp-content\/uploads\/2023\/10\/Glazen-terrasbalustrade-in-een-moderne-villa-door-Dochy-villa.jpg\" \/>\n\t<meta property=\"og:image:width\" content=\"2000\" \/>\n\t<meta property=\"og:image:height\" content=\"1500\" \/>\n\t<meta property=\"og:image:type\" content=\"image\/jpeg\" \/>\n<meta name=\"twitter:card\" content=\"summary_large_image\" \/>\n<meta name=\"twitter:label1\" content=\"Dur\u00e9e de lecture estim\u00e9e\" \/>\n\t<meta name=\"twitter:data1\" content=\"3 minutes\" \/>\n<script type=\"application\/ld+json\" class=\"yoast-schema-graph\">{\"@context\":\"https:\/\/schema.org\",\"@graph\":[{\"@type\":\"WebPage\",\"@id\":\"https:\/\/www.dochyglas.be\/fr\/vitres-de-projet\/vitrage-structurel\/\",\"url\":\"https:\/\/www.dochyglas.be\/fr\/vitres-de-projet\/vitrage-structurel\/\",\"name\":\"Fa\u00e7ade Vitr\u00e9e | Dochy Glas Veurne\",\"isPartOf\":{\"@id\":\"https:\/\/www.dochyglas.be\/#website\"},\"primaryImageOfPage\":{\"@id\":\"https:\/\/www.dochyglas.be\/fr\/vitres-de-projet\/vitrage-structurel\/#primaryimage\"},\"image\":{\"@id\":\"https:\/\/www.dochyglas.be\/fr\/vitres-de-projet\/vitrage-structurel\/#primaryimage\"},\"thumbnailUrl\":\"https:\/\/www.dochyglas.be\/wp-content\/uploads\/2023\/10\/Glazen-terrasbalustrade-in-een-moderne-villa-door-Dochy-villa.jpg\",\"datePublished\":\"2023-09-26T07:50:26+00:00\",\"dateModified\":\"2024-03-07T13:06:42+00:00\",\"description\":\"Une fa\u00e7ade vitr\u00e9e conf\u00e8re \u00e0 votre b\u00e2timent allure et transparence. Dochy Glas est expert dans la pose de rev\u00eatements de fa\u00e7ade.\",\"breadcrumb\":{\"@id\":\"https:\/\/www.dochyglas.be\/fr\/vitres-de-projet\/vitrage-structurel\/#breadcrumb\"},\"inLanguage\":\"fr-FR\",\"potentialAction\":[{\"@type\":\"ReadAction\",\"target\":[\"https:\/\/www.dochyglas.be\/fr\/vitres-de-projet\/vitrage-structurel\/\"]}]},{\"@type\":\"ImageObject\",\"inLanguage\":\"fr-FR\",\"@id\":\"https:\/\/www.dochyglas.be\/fr\/vitres-de-projet\/vitrage-structurel\/#primaryimage\",\"url\":\"https:\/\/www.dochyglas.be\/wp-content\/uploads\/2023\/10\/Glazen-terrasbalustrade-in-een-moderne-villa-door-Dochy-villa.jpg\",\"contentUrl\":\"https:\/\/www.dochyglas.be\/wp-content\/uploads\/2023\/10\/Glazen-terrasbalustrade-in-een-moderne-villa-door-Dochy-villa.jpg\",\"width\":2000,\"height\":1500},{\"@type\":\"BreadcrumbList\",\"@id\":\"https:\/\/www.dochyglas.be\/fr\/vitres-de-projet\/vitrage-structurel\/#breadcrumb\",\"itemListElement\":[{\"@type\":\"ListItem\",\"position\":1,\"name\":\"Home\",\"item\":\"https:\/\/www.dochyglas.be\/fr\/\"},{\"@type\":\"ListItem\",\"position\":2,\"name\":\"Projet de vitrage\",\"item\":\"https:\/\/www.dochyglas.be\/fr\/vitres-de-projet\/\"},{\"@type\":\"ListItem\",\"position\":3,\"name\":\"Vitrage structurel\"}]},{\"@type\":\"WebSite\",\"@id\":\"https:\/\/www.dochyglas.be\/#website\",\"url\":\"https:\/\/www.dochyglas.be\/\",\"name\":\"Dochy Glas\",\"description\":\"Glass solutions\",\"publisher\":{\"@id\":\"https:\/\/www.dochyglas.be\/#organization\"},\"alternateName\":\"Dochy\",\"potentialAction\":[{\"@type\":\"SearchAction\",\"target\":{\"@type\":\"EntryPoint\",\"urlTemplate\":\"https:\/\/www.dochyglas.be\/?s={search_term_string}\"},\"query-input\":{\"@type\":\"PropertyValueSpecification\",\"valueRequired\":true,\"valueName\":\"search_term_string\"}}],\"inLanguage\":\"fr-FR\"},{\"@type\":\"Organization\",\"@id\":\"https:\/\/www.dochyglas.be\/#organization\",\"name\":\"Dochy Glas\",\"alternateName\":\"Dochy Glass solutions\",\"url\":\"https:\/\/www.dochyglas.be\/\",\"logo\":{\"@type\":\"ImageObject\",\"inLanguage\":\"fr-FR\",\"@id\":\"https:\/\/www.dochyglas.be\/#\/schema\/logo\/image\/\",\"url\":\"https:\/\/www.dochyglas.be\/wp-content\/uploads\/2023\/09\/DochyGlas_logo_kleur-e1695737229567.png\",\"contentUrl\":\"https:\/\/www.dochyglas.be\/wp-content\/uploads\/2023\/09\/DochyGlas_logo_kleur-e1695737229567.png\",\"width\":6853,\"height\":3160,\"caption\":\"Dochy Glas\"},\"image\":{\"@id\":\"https:\/\/www.dochyglas.be\/#\/schema\/logo\/image\/\"},\"sameAs\":[\"https:\/\/www.facebook.com\/Dochyglas\",\"https:\/\/www.instagram.com\/dochyglas\/\"]}]}<\/script>\n<!-- \/ Yoast SEO plugin. -->","yoast_head_json":{"title":"Fa\u00e7ade Vitr\u00e9e | Dochy Glas Veurne","description":"Une fa\u00e7ade vitr\u00e9e conf\u00e8re \u00e0 votre b\u00e2timent allure et transparence. Dochy Glas est expert dans la pose de rev\u00eatements de fa\u00e7ade.","robots":{"index":"index","follow":"follow","max-snippet":"max-snippet:-1","max-image-preview":"max-image-preview:large","max-video-preview":"max-video-preview:-1"},"canonical":"https:\/\/www.dochyglas.be\/fr\/vitres-de-projet\/vitrage-structurel\/","og_locale":"fr_FR","og_type":"article","og_title":"Fa\u00e7ade Vitr\u00e9e | Dochy Glas Veurne","og_description":"Une fa\u00e7ade vitr\u00e9e conf\u00e8re \u00e0 votre b\u00e2timent allure et transparence. Dochy Glas est expert dans la pose de rev\u00eatements de fa\u00e7ade.","og_url":"https:\/\/www.dochyglas.be\/fr\/vitres-de-projet\/vitrage-structurel\/","og_site_name":"Dochy Glas","article_publisher":"https:\/\/www.facebook.com\/Dochyglas","article_modified_time":"2024-03-07T13:06:42+00:00","og_image":[{"width":2000,"height":1500,"url":"https:\/\/www.dochyglas.be\/wp-content\/uploads\/2023\/10\/Glazen-terrasbalustrade-in-een-moderne-villa-door-Dochy-villa.jpg","type":"image\/jpeg"}],"twitter_card":"summary_large_image","twitter_misc":{"Dur\u00e9e de lecture estim\u00e9e":"3 minutes"},"schema":{"@context":"https:\/\/schema.org","@graph":[{"@type":"WebPage","@id":"https:\/\/www.dochyglas.be\/fr\/vitres-de-projet\/vitrage-structurel\/","url":"https:\/\/www.dochyglas.be\/fr\/vitres-de-projet\/vitrage-structurel\/","name":"Fa\u00e7ade Vitr\u00e9e | Dochy Glas Veurne","isPartOf":{"@id":"https:\/\/www.dochyglas.be\/#website"},"primaryImageOfPage":{"@id":"https:\/\/www.dochyglas.be\/fr\/vitres-de-projet\/vitrage-structurel\/#primaryimage"},"image":{"@id":"https:\/\/www.dochyglas.be\/fr\/vitres-de-projet\/vitrage-structurel\/#primaryimage"},"thumbnailUrl":"https:\/\/www.dochyglas.be\/wp-content\/uploads\/2023\/10\/Glazen-terrasbalustrade-in-een-moderne-villa-door-Dochy-villa.jpg","datePublished":"2023-09-26T07:50:26+00:00","dateModified":"2024-03-07T13:06:42+00:00","description":"Une fa\u00e7ade vitr\u00e9e conf\u00e8re \u00e0 votre b\u00e2timent allure et transparence. Dochy Glas est expert dans la pose de rev\u00eatements de fa\u00e7ade.","breadcrumb":{"@id":"https:\/\/www.dochyglas.be\/fr\/vitres-de-projet\/vitrage-structurel\/#breadcrumb"},"inLanguage":"fr-FR","potentialAction":[{"@type":"ReadAction","target":["https:\/\/www.dochyglas.be\/fr\/vitres-de-projet\/vitrage-structurel\/"]}]},{"@type":"ImageObject","inLanguage":"fr-FR","@id":"https:\/\/www.dochyglas.be\/fr\/vitres-de-projet\/vitrage-structurel\/#primaryimage","url":"https:\/\/www.dochyglas.be\/wp-content\/uploads\/2023\/10\/Glazen-terrasbalustrade-in-een-moderne-villa-door-Dochy-villa.jpg","contentUrl":"https:\/\/www.dochyglas.be\/wp-content\/uploads\/2023\/10\/Glazen-terrasbalustrade-in-een-moderne-villa-door-Dochy-villa.jpg","width":2000,"height":1500},{"@type":"BreadcrumbList","@id":"https:\/\/www.dochyglas.be\/fr\/vitres-de-projet\/vitrage-structurel\/#breadcrumb","itemListElement":[{"@type":"ListItem","position":1,"name":"Home","item":"https:\/\/www.dochyglas.be\/fr\/"},{"@type":"ListItem","position":2,"name":"Projet de vitrage","item":"https:\/\/www.dochyglas.be\/fr\/vitres-de-projet\/"},{"@type":"ListItem","position":3,"name":"Vitrage structurel"}]},{"@type":"WebSite","@id":"https:\/\/www.dochyglas.be\/#website","url":"https:\/\/www.dochyglas.be\/","name":"Dochy Glas","description":"Glass solutions","publisher":{"@id":"https:\/\/www.dochyglas.be\/#organization"},"alternateName":"Dochy","potentialAction":[{"@type":"SearchAction","target":{"@type":"EntryPoint","urlTemplate":"https:\/\/www.dochyglas.be\/?s={search_term_string}"},"query-input":{"@type":"PropertyValueSpecification","valueRequired":true,"valueName":"search_term_string"}}],"inLanguage":"fr-FR"},{"@type":"Organization","@id":"https:\/\/www.dochyglas.be\/#organization","name":"Dochy Glas","alternateName":"Dochy Glass solutions","url":"https:\/\/www.dochyglas.be\/","logo":{"@type":"ImageObject","inLanguage":"fr-FR","@id":"https:\/\/www.dochyglas.be\/#\/schema\/logo\/image\/","url":"https:\/\/www.dochyglas.be\/wp-content\/uploads\/2023\/09\/DochyGlas_logo_kleur-e1695737229567.png","contentUrl":"https:\/\/www.dochyglas.be\/wp-content\/uploads\/2023\/09\/DochyGlas_logo_kleur-e1695737229567.png","width":6853,"height":3160,"caption":"Dochy Glas"},"image":{"@id":"https:\/\/www.dochyglas.be\/#\/schema\/logo\/image\/"},"sameAs":["https:\/\/www.facebook.com\/Dochyglas","https:\/\/www.instagram.com\/dochyglas\/"]}]}},"_links":{"self":[{"href":"https:\/\/www.dochyglas.be\/fr\/wp-json\/wp\/v2\/pages\/940","targetHints":{"allow":["GET"]}}],"collection":[{"href":"https:\/\/www.dochyglas.be\/fr\/wp-json\/wp\/v2\/pages"}],"about":[{"href":"https:\/\/www.dochyglas.be\/fr\/wp-json\/wp\/v2\/types\/page"}],"author":[{"embeddable":true,"href":"https:\/\/www.dochyglas.be\/fr\/wp-json\/wp\/v2\/users\/1"}],"replies":[{"embeddable":true,"href":"https:\/\/www.dochyglas.be\/fr\/wp-json\/wp\/v2\/comments?post=940"}],"version-history":[{"count":3,"href":"https:\/\/www.dochyglas.be\/fr\/wp-json\/wp\/v2\/pages\/940\/revisions"}],"predecessor-version":[{"id":1117,"href":"https:\/\/www.dochyglas.be\/fr\/wp-json\/wp\/v2\/pages\/940\/revisions\/1117"}],"up":[{"embeddable":true,"href":"https:\/\/www.dochyglas.be\/fr\/wp-json\/wp\/v2\/pages\/959"}],"wp:featuredmedia":[{"embeddable":true,"href":"https:\/\/www.dochyglas.be\/fr\/wp-json\/wp\/v2\/media\/411"}],"wp:attachment":[{"href":"https:\/\/www.dochyglas.be\/fr\/wp-json\/wp\/v2\/media?parent=940"}],"curies":[{"name":"wp","href":"https:\/\/api.w.org\/{rel}","templated":true}]}}