{"id":942,"date":"2023-09-26T09:49:07","date_gmt":"2023-09-26T07:49:07","guid":{"rendered":"https:\/\/www.dochyglas.be\/douchedeuren-en-badkamertoepassingen\/"},"modified":"2024-03-07T16:06:14","modified_gmt":"2024-03-07T14:06:14","slug":"portes-de-douche-et-autres-applications-pour-la-salle-de-bains","status":"publish","type":"page","link":"https:\/\/www.dochyglas.be\/fr\/verre-dinterieur\/portes-de-douche-et-autres-applications-pour-la-salle-de-bains\/","title":{"rendered":"Portes de douche et autres applications pour la salle de bains"},"content":{"rendered":"<section class=\"l-section wpb_row detail height_auto\"><div class=\"l-section-h i-cf\"><div class=\"g-cols vc_row via_flex valign_bottom type_boxes stacking_default\"><div class=\"vc_col-sm-12 wpb_column vc_column_container minheightbanner has_bg_color\"><div class=\"vc_column-inner us_custom_e6d961ad\"><div class=\"vc_column-overlay\" style=\"background:rgba(0,0,0,0.70)\"><\/div><div class=\"wpb_wrapper\"><div class=\"g-cols wpb_row via_flex valign_top type_default stacking_default\"><div class=\"vc_col-sm-7 wpb_column vc_column_container\"><div class=\"vc_column-inner\"><div class=\"wpb_wrapper\"><div class=\"wpb_text_column us_custom_6df4bc3a has_text_color\"><div class=\"wpb_wrapper\"><h1>R\u00e9alisez vos r\u00eaves les plus fous avec nos applications en verre pour <em>la salle de bains<\/em>.<\/h1>\n<\/div><\/div><div class=\"w-separator size_small\"><\/div><nav class=\"g-breadcrumbs us_custom_6df4bc3a has_text_color separator_icon align_none\" itemscope itemtype=\"http:\/\/schema.org\/BreadcrumbList\"><div class=\"g-breadcrumbs-item\" itemscope itemprop=\"itemListElement\" itemtype=\"http:\/\/schema.org\/ListItem\"><a itemprop=\"item\" href=\"https:\/\/www.dochyglas.be\/fr\/\"><span itemprop=\"name\">Accueil<\/span><\/a><meta itemprop=\"position\" content=\"1\"\/><\/div><div class=\"g-breadcrumbs-separator\"><i class=\"far fa-angle-right\"><\/i><\/div><div class=\"g-breadcrumbs-item\">Pages<\/div><\/nav><\/div><\/div><\/div><div class=\"vc_col-sm-5 wpb_column vc_column_container\"><div class=\"vc_column-inner\"><div class=\"wpb_wrapper\"><\/div><\/div><\/div><\/div><\/div><\/div><\/div><\/div><\/div><\/section><section class=\"l-section wpb_row height_auto\"><div class=\"l-section-h i-cf\"><div class=\"g-cols vc_row via_flex valign_top type_boxes stacking_default\"><div class=\"vc_col-sm-12 vc_col-lg-6 vc_col-md-6 vc_col-xs-12 wpb_column vc_column_container\"><div class=\"vc_column-inner\"><div class=\"wpb_wrapper\"><div class=\"wpb_text_column\"><div class=\"wpb_wrapper\"><h2><em>Dochy Glas<\/em> propose une large gamme de portes de douche et d&rsquo;autres applications pour la salle de bains.<\/h2>\n<p>Nous installons des vitres de douche dans des maisons priv\u00e9s de qualit\u00e9 sup\u00e9rieure, mais nous r\u00e9alisons \u00e9galement de grands projets pour des r\u00e9sidences et des h\u00f4tels.<\/p>\n<\/div><\/div><\/div><\/div><\/div><div class=\"vc_col-sm-12 vc_col-lg-6 vc_col-md-6 vc_col-xs-12 wpb_column vc_column_container\"><div class=\"vc_column-inner\"><div class=\"wpb_wrapper\"><div class=\"wpb_text_column\"><div class=\"wpb_wrapper\"><p>Le verre conf\u00e8re \u00e0 votre salle de bains une apparence moderne et \u00e9l\u00e9gante, tout en cr\u00e9ant une sensation d&rsquo;espace et d&rsquo;ouverture. De plus, le verre est facile \u00e0 nettoyer et \u00e0 entretenir, gr\u00e2ce \u00e0 sa surface lisse.<\/p>\n<p>Et ne vous inqui\u00e9tez pas pour la s\u00e9curit\u00e9, le verre utilis\u00e9 dans nos portes de douche et autres applications de salle de bains est tremp\u00e9 ou feuillet\u00e9, ce qui en fait un choix s\u00fbr.<\/p>\n<\/div><\/div><div class=\"w-separator size_small\"><\/div><div class=\"w-btn-wrapper align_none\"><a class=\"w-btn us-btn-style_2\" href=\"https:\/\/www.dochyglas.be\/fr\/contact\/\"><span class=\"w-btn-label\">Contactez-nous<\/span><\/a><\/div><\/div><\/div><\/div><\/div><\/div><\/section><section class=\"l-section wpb_row height_small\"><div class=\"l-section-h i-cf\"><div class=\"g-cols vc_row via_flex valign_top type_boxes stacking_default\"><div class=\"vc_col-sm-5 wpb_column vc_column_container imgresp has_bg_color\"><div class=\"vc_column-inner us_custom_a9a22282\"><div class=\"wpb_wrapper\"><\/div><\/div><\/div><div class=\"vc_col-sm-7 wpb_column vc_column_container has_bg_color\"><div class=\"vc_column-inner us_custom_5e134dd3\"><div class=\"wpb_wrapper\"><div class=\"wpb_text_column\"><div class=\"wpb_wrapper\"><h3>Pourquoi opter pour du verre dans la salle de bains ?<\/h3>\n<ul>\n<li>\u00c9l\u00e9gant et apporte de la lumi\u00e8re dans la maison.<\/li>\n<li>Un choix s\u00fbr.<\/li>\n<li>Hygi\u00e9nique, pratique \u00e0 entretenir et extr\u00eamement durable.<\/li>\n<\/ul>\n<h3>Quelles autres applications de salle de bains ?<\/h3>\n<p>Chez Dochy Glas, en plus des parois de douche, vous pouvez \u00e9galement compter sur nous pour la r\u00e9alisation de miroirs, de parois en verre, d&rsquo;\u00e9tag\u00e8res en verre, etc. Votre salle de bains deviendra ainsi un espace de d\u00e9tente confortable o\u00f9 il fait bon s\u00e9journer.<\/p>\n<\/div><\/div><\/div><\/div><\/div><\/div><\/div><\/section><section class=\"l-section wpb_row height_auto\"><div class=\"l-section-h i-cf\"><div class=\"g-cols vc_row via_flex valign_top type_boxes stacking_default\"><div class=\"vc_col-sm-12 vc_col-lg-6 vc_col-md-6 vc_col-xs-12 wpb_column vc_column_container\"><div class=\"vc_column-inner\"><div class=\"wpb_wrapper\"><div class=\"wpb_text_column\"><div class=\"wpb_wrapper\"><h3>Nos applications pour la salle de bains sont toujours <em>sur mesure et disponibles en diff\u00e9rentes couleurs et finitions<\/em>.<\/h3>\n<p>Que vous recherchiez du verre clair ou teint\u00e9, sur mesure ou en dimensions standard, nous avons la solution pour vous.<\/p>\n<p>Nos produits sont de haute qualit\u00e9 et sont fabriqu\u00e9s par des professionnels qualifi\u00e9s. Nous assurons une installation rapide et efficace, afin que vous puissiez profiter imm\u00e9diatement du confort suppl\u00e9mentaire. Contactez-nous pour que nos conseillers techniques puissent explorer comment r\u00e9aliser vos r\u00eaves de salle de bains.<\/p>\n<\/div><\/div><div class=\"w-separator size_small\"><\/div><div class=\"w-btn-wrapper align_none\"><a class=\"w-btn us-btn-style_2\" href=\"https:\/\/www.dochyglas.be\/fr\/contact\/\"><span class=\"w-btn-label\">Devis sans engagement<\/span><\/a><\/div><\/div><\/div><\/div><div class=\"vc_col-sm-12 vc_col-lg-6 vc_col-md-6 vc_col-xs-12 wpb_column vc_column_container\"><div class=\"vc_column-inner\"><div class=\"wpb_wrapper\"><div class=\"wpb_text_column\"><div class=\"wpb_wrapper\"><p>D\u00e9sormais, nous vous offrons la possibilit\u00e9 de faire venir un conseiller technique chez vous. Lorsque vous nous r\u00e9servez un \u00ab\u00a0Conseil \u00e0 domicile\u00a0\u00bb, notre conseiller technique se rend chez vous et prend le temps d&rsquo;\u00e9couter vos besoins. Nous apportons \u00e9galement des \u00e9chantillons et des mat\u00e9riaux pour que vous puissiez imm\u00e9diatement avoir une id\u00e9e du r\u00e9sultat final.<\/p>\n<p>Nos conseillers techniques sont l\u00e0 pour vous aider \u00e0 concr\u00e9tiser vos projets en verre d&rsquo;int\u00e9rieur.<\/p>\n<p><strong>Ce service est <em>GRATUIT<\/em> !<\/strong><\/p>\n<\/div><\/div><\/div><\/div><\/div><\/div><\/div><\/section><section class=\"l-section wpb_row home height_auto\"><div class=\"l-section-h i-cf\"><div class=\"g-cols vc_row via_flex valign_top type_default stacking_default\"><div class=\"vc_col-sm-12 wpb_column vc_column_container\"><div class=\"vc_column-inner\"><div class=\"wpb_wrapper\"><div class=\"w-grid type_carousel layout_845 cols_3 valign_center\" id=\"us_grid_1\" style=\"--gap:1rem;\"><style>.layout_845 .w-grid-item-h{}.layout_845 .usg_image_1{transition-duration:0.3s;transform-origin:50% 50%;transform:scale(1) translate(0%,0%)}.layout_845 .w-grid-item-h:hover .usg_image_1{transform:scale(1.1) translate(0%,0%);opacity:1}<\/style><div class=\"w-grid-list owl-carousel navstyle_circle navpos_outside with_dots\">\t<article class=\"w-grid-item post-921 attachment type-attachment status-inherit hentry\" data-id=\"921\">\r\n\t\t<div class=\"w-grid-item-h\">\r\n\t\t\t\t\t\t<div class=\"w-image usg_image_1 has_ratio\"><div class=\"w-image-h\"><div style=\"padding-bottom:75%\"><\/div><img loading=\"lazy\" decoding=\"async\" width=\"682\" height=\"684\" src=\"https:\/\/www.dochyglas.be\/wp-content\/uploads\/2023\/11\/Wandbekleding-in-doucheruimte-1.jpg\" class=\"attachment-large size-large\" alt=\"\" srcset=\"https:\/\/www.dochyglas.be\/wp-content\/uploads\/2023\/11\/Wandbekleding-in-doucheruimte-1.jpg 682w, https:\/\/www.dochyglas.be\/wp-content\/uploads\/2023\/11\/Wandbekleding-in-doucheruimte-1-300x300.jpg 300w, https:\/\/www.dochyglas.be\/wp-content\/uploads\/2023\/11\/Wandbekleding-in-doucheruimte-1-150x150.jpg 150w\" sizes=\"auto, (max-width: 682px) 100vw, 682px\" \/><\/div><\/div>\t\t<\/div>\r\n\t<\/article>\r\n\t<article class=\"w-grid-item post-923 attachment type-attachment status-inherit hentry\" data-id=\"923\">\r\n\t\t<div class=\"w-grid-item-h\">\r\n\t\t\t\t\t\t<div class=\"w-image usg_image_1 has_ratio\"><div class=\"w-image-h\"><div style=\"padding-bottom:75%\"><\/div><img loading=\"lazy\" decoding=\"async\" width=\"960\" height=\"768\" src=\"https:\/\/www.dochyglas.be\/wp-content\/uploads\/2023\/11\/Wandbekleding.webp\" class=\"attachment-large size-large\" alt=\"\" srcset=\"https:\/\/www.dochyglas.be\/wp-content\/uploads\/2023\/11\/Wandbekleding.webp 960w, https:\/\/www.dochyglas.be\/wp-content\/uploads\/2023\/11\/Wandbekleding-300x240.webp 300w\" sizes=\"auto, (max-width: 960px) 100vw, 960px\" \/><\/div><\/div>\t\t<\/div>\r\n\t<\/article>\r\n\t<article class=\"w-grid-item post-918 attachment type-attachment status-inherit hentry\" data-id=\"918\">\r\n\t\t<div class=\"w-grid-item-h\">\r\n\t\t\t\t\t\t<div class=\"w-image usg_image_1 has_ratio\"><div class=\"w-image-h\"><div style=\"padding-bottom:75%\"><\/div><img loading=\"lazy\" decoding=\"async\" width=\"699\" height=\"417\" src=\"https:\/\/www.dochyglas.be\/wp-content\/uploads\/2023\/11\/Wandbekleding-in-doucheruimte.jpg\" class=\"attachment-large size-large\" alt=\"\" srcset=\"https:\/\/www.dochyglas.be\/wp-content\/uploads\/2023\/11\/Wandbekleding-in-doucheruimte.jpg 699w, https:\/\/www.dochyglas.be\/wp-content\/uploads\/2023\/11\/Wandbekleding-in-doucheruimte-300x179.jpg 300w\" sizes=\"auto, (max-width: 699px) 100vw, 699px\" \/><\/div><\/div>\t\t<\/div>\r\n\t<\/article>\r\n\t<article class=\"w-grid-item post-853 attachment type-attachment status-inherit hentry\" data-id=\"853\">\r\n\t\t<div class=\"w-grid-item-h\">\r\n\t\t\t\t\t\t<div class=\"w-image usg_image_1 has_ratio\"><div class=\"w-image-h\"><div style=\"padding-bottom:75%\"><\/div><img loading=\"lazy\" decoding=\"async\" width=\"767\" height=\"1024\" src=\"https:\/\/www.dochyglas.be\/wp-content\/uploads\/2023\/10\/Douchewand_in_glas_Dochy-767x1024.jpeg\" class=\"attachment-large size-large\" alt=\"\" srcset=\"https:\/\/www.dochyglas.be\/wp-content\/uploads\/2023\/10\/Douchewand_in_glas_Dochy-767x1024.jpeg 767w, https:\/\/www.dochyglas.be\/wp-content\/uploads\/2023\/10\/Douchewand_in_glas_Dochy-225x300.jpeg 225w, https:\/\/www.dochyglas.be\/wp-content\/uploads\/2023\/10\/Douchewand_in_glas_Dochy-scaled.jpeg 1918w\" sizes=\"auto, (max-width: 767px) 100vw, 767px\" \/><\/div><\/div>\t\t<\/div>\r\n\t<\/article>\r\n\t<article class=\"w-grid-item post-702 attachment type-attachment status-inherit hentry\" data-id=\"702\">\r\n\t\t<div class=\"w-grid-item-h\">\r\n\t\t\t\t\t\t<div class=\"w-image usg_image_1 has_ratio\"><div class=\"w-image-h\"><div style=\"padding-bottom:75%\"><\/div><img loading=\"lazy\" decoding=\"async\" width=\"767\" height=\"1024\" src=\"https:\/\/www.dochyglas.be\/wp-content\/uploads\/2023\/10\/Glazen-douchewand-Dochy-767x1024.jpg\" class=\"attachment-large size-large\" alt=\"\" srcset=\"https:\/\/www.dochyglas.be\/wp-content\/uploads\/2023\/10\/Glazen-douchewand-Dochy-767x1024.jpg 767w, https:\/\/www.dochyglas.be\/wp-content\/uploads\/2023\/10\/Glazen-douchewand-Dochy-225x300.jpg 225w, https:\/\/www.dochyglas.be\/wp-content\/uploads\/2023\/10\/Glazen-douchewand-Dochy.jpg 1499w\" sizes=\"auto, (max-width: 767px) 100vw, 767px\" \/><\/div><\/div>\t\t<\/div>\r\n\t<\/article>\r\n<\/div>\t<div class=\"g-preloader type_1\">\r\n\t\t<div><\/div>\r\n\t<\/div>\r\n\t\t<div class=\"w-grid-json hidden\" onclick='return {&quot;action&quot;:&quot;us_ajax_grid&quot;,&quot;ajax_url&quot;:&quot;https:\\\/\\\/www.dochyglas.be\\\/wp-admin\\\/admin-ajax.php&quot;,&quot;infinite_scroll&quot;:0,&quot;max_num_pages&quot;:1,&quot;pagination&quot;:&quot;none&quot;,&quot;template_vars&quot;:{&quot;columns&quot;:&quot;3&quot;,&quot;exclude_items&quot;:&quot;none&quot;,&quot;img_size&quot;:&quot;default&quot;,&quot;ignore_items_size&quot;:0,&quot;items_layout&quot;:&quot;845&quot;,&quot;items_offset&quot;:&quot;1&quot;,&quot;load_animation&quot;:&quot;none&quot;,&quot;overriding_link&quot;:&quot;%7B%22url%22%3A%22%22%7D&quot;,&quot;post_id&quot;:0,&quot;query_args&quot;:{&quot;post_type&quot;:[&quot;attachment&quot;],&quot;post__in&quot;:[&quot;922&quot;,&quot;920&quot;,&quot;917&quot;,&quot;852&quot;,&quot;701&quot;],&quot;post_status&quot;:&quot;inherit&quot;,&quot;post_mime_type&quot;:&quot;image&quot;,&quot;posts_per_page&quot;:&quot;5&quot;},&quot;orderby_query_args&quot;:{&quot;orderby&quot;:{&quot;date&quot;:&quot;DESC&quot;}},&quot;type&quot;:&quot;carousel&quot;,&quot;us_grid_ajax_index&quot;:1,&quot;us_grid_filter_params&quot;:[],&quot;us_grid_index&quot;:1,&quot;_us_grid_post_type&quot;:&quot;attachment&quot;,&quot;page_args&quot;:[],&quot;lang&quot;:&quot;fr&quot;},&quot;carousel_settings&quot;:{&quot;autoHeight&quot;:0,&quot;autoplay&quot;:0,&quot;carousel_fade&quot;:0,&quot;center&quot;:0,&quot;dots&quot;:1,&quot;items&quot;:&quot;3&quot;,&quot;loop&quot;:false,&quot;nav&quot;:0,&quot;slideby&quot;:&quot;1&quot;,&quot;smooth_play&quot;:0,&quot;speed&quot;:250,&quot;timeout&quot;:3000,&quot;transition&quot;:&quot;&quot;,&quot;aria_labels&quot;:{&quot;prev&quot;:&quot;Pr\\u00e9c\\u00e9dent&quot;,&quot;next&quot;:&quot;Suivant&quot;}},&quot;carousel_breakpoints&quot;:{&quot;0&quot;:{&quot;autoHeight&quot;:0,&quot;autoplay&quot;:1,&quot;autoplayHoverPause&quot;:1,&quot;items&quot;:1,&quot;loop&quot;:true,&quot;stagePadding&quot;:0},&quot;769&quot;:{&quot;autoHeight&quot;:0,&quot;autoplay&quot;:1,&quot;autoplayHoverPause&quot;:1,&quot;items&quot;:2,&quot;loop&quot;:false,&quot;stagePadding&quot;:0},&quot;1025&quot;:{&quot;autoHeight&quot;:0,&quot;autoplay&quot;:1,&quot;autoplayHoverPause&quot;:1,&quot;items&quot;:3,&quot;loop&quot;:false,&quot;stagePadding&quot;:0},&quot;1381&quot;:{&quot;items&quot;:3,&quot;stagePadding&quot;:0}}}'><\/div>\r\n\t<\/div><\/div><\/div><\/div><\/div><\/div><\/section>\n","protected":false},"excerpt":{"rendered":"","protected":false},"author":1,"featured_media":237,"parent":958,"menu_order":1,"comment_status":"closed","ping_status":"closed","template":"","meta":{"footnotes":""},"class_list":["post-942","page","type-page","status-publish","has-post-thumbnail","hentry"],"acf":[],"yoast_head":"<!-- This site is optimized with the Yoast SEO plugin v26.4 - https:\/\/yoast.com\/wordpress\/plugins\/seo\/ -->\n<title>Cloisons Vitr\u00e9e de Douche | Dochy Glas<\/title>\n<meta name=\"description\" content=\"D\u00e9couvrez l&#039;offre de cloisons de douche en verre de Dochy Glas \u00e0 Veurne. Votre partenaire en solutions de verre pour votre salle de bain.\" \/>\n<meta name=\"robots\" content=\"index, follow, max-snippet:-1, max-image-preview:large, max-video-preview:-1\" \/>\n<link rel=\"canonical\" href=\"https:\/\/www.dochyglas.be\/fr\/verre-dinterieur\/portes-de-douche-et-autres-applications-pour-la-salle-de-bains\/\" \/>\n<meta property=\"og:locale\" content=\"fr_FR\" \/>\n<meta property=\"og:type\" content=\"article\" \/>\n<meta property=\"og:title\" content=\"Cloisons Vitr\u00e9e de Douche | Dochy Glas\" \/>\n<meta property=\"og:description\" content=\"D\u00e9couvrez l&#039;offre de cloisons de douche en verre de Dochy Glas \u00e0 Veurne. Votre partenaire en solutions de verre pour votre salle de bain.\" \/>\n<meta property=\"og:url\" content=\"https:\/\/www.dochyglas.be\/fr\/verre-dinterieur\/portes-de-douche-et-autres-applications-pour-la-salle-de-bains\/\" \/>\n<meta property=\"og:site_name\" content=\"Dochy Glas\" \/>\n<meta property=\"article:publisher\" content=\"https:\/\/www.facebook.com\/Dochyglas\" \/>\n<meta property=\"article:modified_time\" content=\"2024-03-07T14:06:14+00:00\" \/>\n<meta property=\"og:image\" content=\"https:\/\/www.dochyglas.be\/wp-content\/uploads\/2023\/09\/Dochy_interieur-e1697548767637.jpg\" \/>\n\t<meta property=\"og:image:width\" content=\"2000\" \/>\n\t<meta property=\"og:image:height\" content=\"1499\" \/>\n\t<meta property=\"og:image:type\" content=\"image\/jpeg\" \/>\n<meta name=\"twitter:card\" content=\"summary_large_image\" \/>\n<meta name=\"twitter:label1\" content=\"Dur\u00e9e de lecture estim\u00e9e\" \/>\n\t<meta name=\"twitter:data1\" content=\"3 minutes\" \/>\n<script type=\"application\/ld+json\" class=\"yoast-schema-graph\">{\"@context\":\"https:\/\/schema.org\",\"@graph\":[{\"@type\":\"WebPage\",\"@id\":\"https:\/\/www.dochyglas.be\/fr\/verre-dinterieur\/portes-de-douche-et-autres-applications-pour-la-salle-de-bains\/\",\"url\":\"https:\/\/www.dochyglas.be\/fr\/verre-dinterieur\/portes-de-douche-et-autres-applications-pour-la-salle-de-bains\/\",\"name\":\"Cloisons Vitr\u00e9e de Douche | Dochy Glas\",\"isPartOf\":{\"@id\":\"https:\/\/www.dochyglas.be\/#website\"},\"primaryImageOfPage\":{\"@id\":\"https:\/\/www.dochyglas.be\/fr\/verre-dinterieur\/portes-de-douche-et-autres-applications-pour-la-salle-de-bains\/#primaryimage\"},\"image\":{\"@id\":\"https:\/\/www.dochyglas.be\/fr\/verre-dinterieur\/portes-de-douche-et-autres-applications-pour-la-salle-de-bains\/#primaryimage\"},\"thumbnailUrl\":\"https:\/\/www.dochyglas.be\/wp-content\/uploads\/2023\/09\/Dochy_interieur-e1697548767637.jpg\",\"datePublished\":\"2023-09-26T07:49:07+00:00\",\"dateModified\":\"2024-03-07T14:06:14+00:00\",\"description\":\"D\u00e9couvrez l'offre de cloisons de douche en verre de Dochy Glas \u00e0 Veurne. Votre partenaire en solutions de verre pour votre salle de bain.\",\"breadcrumb\":{\"@id\":\"https:\/\/www.dochyglas.be\/fr\/verre-dinterieur\/portes-de-douche-et-autres-applications-pour-la-salle-de-bains\/#breadcrumb\"},\"inLanguage\":\"fr-FR\",\"potentialAction\":[{\"@type\":\"ReadAction\",\"target\":[\"https:\/\/www.dochyglas.be\/fr\/verre-dinterieur\/portes-de-douche-et-autres-applications-pour-la-salle-de-bains\/\"]}]},{\"@type\":\"ImageObject\",\"inLanguage\":\"fr-FR\",\"@id\":\"https:\/\/www.dochyglas.be\/fr\/verre-dinterieur\/portes-de-douche-et-autres-applications-pour-la-salle-de-bains\/#primaryimage\",\"url\":\"https:\/\/www.dochyglas.be\/wp-content\/uploads\/2023\/09\/Dochy_interieur-e1697548767637.jpg\",\"contentUrl\":\"https:\/\/www.dochyglas.be\/wp-content\/uploads\/2023\/09\/Dochy_interieur-e1697548767637.jpg\",\"width\":2000,\"height\":1499},{\"@type\":\"BreadcrumbList\",\"@id\":\"https:\/\/www.dochyglas.be\/fr\/verre-dinterieur\/portes-de-douche-et-autres-applications-pour-la-salle-de-bains\/#breadcrumb\",\"itemListElement\":[{\"@type\":\"ListItem\",\"position\":1,\"name\":\"Home\",\"item\":\"https:\/\/www.dochyglas.be\/fr\/\"},{\"@type\":\"ListItem\",\"position\":2,\"name\":\"Verre pour l&#8217;int\u00e9rieur\",\"item\":\"https:\/\/www.dochyglas.be\/fr\/verre-dinterieur\/\"},{\"@type\":\"ListItem\",\"position\":3,\"name\":\"Portes de douche et autres applications pour la salle de bains\"}]},{\"@type\":\"WebSite\",\"@id\":\"https:\/\/www.dochyglas.be\/#website\",\"url\":\"https:\/\/www.dochyglas.be\/\",\"name\":\"Dochy Glas\",\"description\":\"Glass solutions\",\"publisher\":{\"@id\":\"https:\/\/www.dochyglas.be\/#organization\"},\"alternateName\":\"Dochy\",\"potentialAction\":[{\"@type\":\"SearchAction\",\"target\":{\"@type\":\"EntryPoint\",\"urlTemplate\":\"https:\/\/www.dochyglas.be\/?s={search_term_string}\"},\"query-input\":{\"@type\":\"PropertyValueSpecification\",\"valueRequired\":true,\"valueName\":\"search_term_string\"}}],\"inLanguage\":\"fr-FR\"},{\"@type\":\"Organization\",\"@id\":\"https:\/\/www.dochyglas.be\/#organization\",\"name\":\"Dochy Glas\",\"alternateName\":\"Dochy Glass solutions\",\"url\":\"https:\/\/www.dochyglas.be\/\",\"logo\":{\"@type\":\"ImageObject\",\"inLanguage\":\"fr-FR\",\"@id\":\"https:\/\/www.dochyglas.be\/#\/schema\/logo\/image\/\",\"url\":\"https:\/\/www.dochyglas.be\/wp-content\/uploads\/2023\/09\/DochyGlas_logo_kleur-e1695737229567.png\",\"contentUrl\":\"https:\/\/www.dochyglas.be\/wp-content\/uploads\/2023\/09\/DochyGlas_logo_kleur-e1695737229567.png\",\"width\":6853,\"height\":3160,\"caption\":\"Dochy Glas\"},\"image\":{\"@id\":\"https:\/\/www.dochyglas.be\/#\/schema\/logo\/image\/\"},\"sameAs\":[\"https:\/\/www.facebook.com\/Dochyglas\",\"https:\/\/www.instagram.com\/dochyglas\/\"]}]}<\/script>\n<!-- \/ Yoast SEO plugin. -->","yoast_head_json":{"title":"Cloisons Vitr\u00e9e de Douche | Dochy Glas","description":"D\u00e9couvrez l'offre de cloisons de douche en verre de Dochy Glas \u00e0 Veurne. Votre partenaire en solutions de verre pour votre salle de bain.","robots":{"index":"index","follow":"follow","max-snippet":"max-snippet:-1","max-image-preview":"max-image-preview:large","max-video-preview":"max-video-preview:-1"},"canonical":"https:\/\/www.dochyglas.be\/fr\/verre-dinterieur\/portes-de-douche-et-autres-applications-pour-la-salle-de-bains\/","og_locale":"fr_FR","og_type":"article","og_title":"Cloisons Vitr\u00e9e de Douche | Dochy Glas","og_description":"D\u00e9couvrez l'offre de cloisons de douche en verre de Dochy Glas \u00e0 Veurne. Votre partenaire en solutions de verre pour votre salle de bain.","og_url":"https:\/\/www.dochyglas.be\/fr\/verre-dinterieur\/portes-de-douche-et-autres-applications-pour-la-salle-de-bains\/","og_site_name":"Dochy Glas","article_publisher":"https:\/\/www.facebook.com\/Dochyglas","article_modified_time":"2024-03-07T14:06:14+00:00","og_image":[{"width":2000,"height":1499,"url":"https:\/\/www.dochyglas.be\/wp-content\/uploads\/2023\/09\/Dochy_interieur-e1697548767637.jpg","type":"image\/jpeg"}],"twitter_card":"summary_large_image","twitter_misc":{"Dur\u00e9e de lecture estim\u00e9e":"3 minutes"},"schema":{"@context":"https:\/\/schema.org","@graph":[{"@type":"WebPage","@id":"https:\/\/www.dochyglas.be\/fr\/verre-dinterieur\/portes-de-douche-et-autres-applications-pour-la-salle-de-bains\/","url":"https:\/\/www.dochyglas.be\/fr\/verre-dinterieur\/portes-de-douche-et-autres-applications-pour-la-salle-de-bains\/","name":"Cloisons Vitr\u00e9e de Douche | Dochy Glas","isPartOf":{"@id":"https:\/\/www.dochyglas.be\/#website"},"primaryImageOfPage":{"@id":"https:\/\/www.dochyglas.be\/fr\/verre-dinterieur\/portes-de-douche-et-autres-applications-pour-la-salle-de-bains\/#primaryimage"},"image":{"@id":"https:\/\/www.dochyglas.be\/fr\/verre-dinterieur\/portes-de-douche-et-autres-applications-pour-la-salle-de-bains\/#primaryimage"},"thumbnailUrl":"https:\/\/www.dochyglas.be\/wp-content\/uploads\/2023\/09\/Dochy_interieur-e1697548767637.jpg","datePublished":"2023-09-26T07:49:07+00:00","dateModified":"2024-03-07T14:06:14+00:00","description":"D\u00e9couvrez l'offre de cloisons de douche en verre de Dochy Glas \u00e0 Veurne. Votre partenaire en solutions de verre pour votre salle de bain.","breadcrumb":{"@id":"https:\/\/www.dochyglas.be\/fr\/verre-dinterieur\/portes-de-douche-et-autres-applications-pour-la-salle-de-bains\/#breadcrumb"},"inLanguage":"fr-FR","potentialAction":[{"@type":"ReadAction","target":["https:\/\/www.dochyglas.be\/fr\/verre-dinterieur\/portes-de-douche-et-autres-applications-pour-la-salle-de-bains\/"]}]},{"@type":"ImageObject","inLanguage":"fr-FR","@id":"https:\/\/www.dochyglas.be\/fr\/verre-dinterieur\/portes-de-douche-et-autres-applications-pour-la-salle-de-bains\/#primaryimage","url":"https:\/\/www.dochyglas.be\/wp-content\/uploads\/2023\/09\/Dochy_interieur-e1697548767637.jpg","contentUrl":"https:\/\/www.dochyglas.be\/wp-content\/uploads\/2023\/09\/Dochy_interieur-e1697548767637.jpg","width":2000,"height":1499},{"@type":"BreadcrumbList","@id":"https:\/\/www.dochyglas.be\/fr\/verre-dinterieur\/portes-de-douche-et-autres-applications-pour-la-salle-de-bains\/#breadcrumb","itemListElement":[{"@type":"ListItem","position":1,"name":"Home","item":"https:\/\/www.dochyglas.be\/fr\/"},{"@type":"ListItem","position":2,"name":"Verre pour l&#8217;int\u00e9rieur","item":"https:\/\/www.dochyglas.be\/fr\/verre-dinterieur\/"},{"@type":"ListItem","position":3,"name":"Portes de douche et autres applications pour la salle de bains"}]},{"@type":"WebSite","@id":"https:\/\/www.dochyglas.be\/#website","url":"https:\/\/www.dochyglas.be\/","name":"Dochy Glas","description":"Glass solutions","publisher":{"@id":"https:\/\/www.dochyglas.be\/#organization"},"alternateName":"Dochy","potentialAction":[{"@type":"SearchAction","target":{"@type":"EntryPoint","urlTemplate":"https:\/\/www.dochyglas.be\/?s={search_term_string}"},"query-input":{"@type":"PropertyValueSpecification","valueRequired":true,"valueName":"search_term_string"}}],"inLanguage":"fr-FR"},{"@type":"Organization","@id":"https:\/\/www.dochyglas.be\/#organization","name":"Dochy Glas","alternateName":"Dochy Glass solutions","url":"https:\/\/www.dochyglas.be\/","logo":{"@type":"ImageObject","inLanguage":"fr-FR","@id":"https:\/\/www.dochyglas.be\/#\/schema\/logo\/image\/","url":"https:\/\/www.dochyglas.be\/wp-content\/uploads\/2023\/09\/DochyGlas_logo_kleur-e1695737229567.png","contentUrl":"https:\/\/www.dochyglas.be\/wp-content\/uploads\/2023\/09\/DochyGlas_logo_kleur-e1695737229567.png","width":6853,"height":3160,"caption":"Dochy Glas"},"image":{"@id":"https:\/\/www.dochyglas.be\/#\/schema\/logo\/image\/"},"sameAs":["https:\/\/www.facebook.com\/Dochyglas","https:\/\/www.instagram.com\/dochyglas\/"]}]}},"_links":{"self":[{"href":"https:\/\/www.dochyglas.be\/fr\/wp-json\/wp\/v2\/pages\/942","targetHints":{"allow":["GET"]}}],"collection":[{"href":"https:\/\/www.dochyglas.be\/fr\/wp-json\/wp\/v2\/pages"}],"about":[{"href":"https:\/\/www.dochyglas.be\/fr\/wp-json\/wp\/v2\/types\/page"}],"author":[{"embeddable":true,"href":"https:\/\/www.dochyglas.be\/fr\/wp-json\/wp\/v2\/users\/1"}],"replies":[{"embeddable":true,"href":"https:\/\/www.dochyglas.be\/fr\/wp-json\/wp\/v2\/comments?post=942"}],"version-history":[{"count":3,"href":"https:\/\/www.dochyglas.be\/fr\/wp-json\/wp\/v2\/pages\/942\/revisions"}],"predecessor-version":[{"id":1099,"href":"https:\/\/www.dochyglas.be\/fr\/wp-json\/wp\/v2\/pages\/942\/revisions\/1099"}],"up":[{"embeddable":true,"href":"https:\/\/www.dochyglas.be\/fr\/wp-json\/wp\/v2\/pages\/958"}],"wp:featuredmedia":[{"embeddable":true,"href":"https:\/\/www.dochyglas.be\/fr\/wp-json\/wp\/v2\/media\/237"}],"wp:attachment":[{"href":"https:\/\/www.dochyglas.be\/fr\/wp-json\/wp\/v2\/media?parent=942"}],"curies":[{"name":"wp","href":"https:\/\/api.w.org\/{rel}","templated":true}]}}