{"id":946,"date":"2023-09-26T09:47:02","date_gmt":"2023-09-26T07:47:02","guid":{"rendered":"https:\/\/www.dochyglas.be\/vervanging-enkel-glas\/"},"modified":"2024-03-07T16:46:20","modified_gmt":"2024-03-07T14:46:20","slug":"remplacement-du-simple-vitrage","status":"publish","type":"page","link":"https:\/\/www.dochyglas.be\/fr\/renovation-du-verre\/remplacement-du-simple-vitrage\/","title":{"rendered":"Remplacement du simple vitrage"},"content":{"rendered":"<section class=\"l-section wpb_row detail height_auto\"><div class=\"l-section-h i-cf\"><div class=\"g-cols vc_row via_flex valign_bottom type_boxes stacking_default\"><div class=\"vc_col-sm-12 wpb_column vc_column_container minheightbanner has_bg_color\"><div class=\"vc_column-inner us_custom_d3d1be7d\"><div class=\"vc_column-overlay\" style=\"background:rgba(0,0,0,0.70)\"><\/div><div class=\"wpb_wrapper\"><div class=\"g-cols wpb_row via_flex valign_top type_default stacking_default\"><div class=\"vc_col-sm-7 wpb_column vc_column_container\"><div class=\"vc_column-inner\"><div class=\"wpb_wrapper\"><div class=\"wpb_text_column us_custom_6df4bc3a has_text_color\"><div class=\"wpb_wrapper\"><h1>Remplacement du simple par du double vitrage <em>superisolant<\/em> (HR++)<\/h1>\n<\/div><\/div><div class=\"w-separator size_small\"><\/div><nav class=\"g-breadcrumbs us_custom_6df4bc3a has_text_color separator_icon align_none\" itemscope itemtype=\"http:\/\/schema.org\/BreadcrumbList\"><div class=\"g-breadcrumbs-item\" itemscope itemprop=\"itemListElement\" itemtype=\"http:\/\/schema.org\/ListItem\"><a itemprop=\"item\" href=\"https:\/\/www.dochyglas.be\/fr\/\"><span itemprop=\"name\">Accueil<\/span><\/a><meta itemprop=\"position\" content=\"1\"\/><\/div><div class=\"g-breadcrumbs-separator\"><i class=\"far fa-angle-right\"><\/i><\/div><div class=\"g-breadcrumbs-item\">Pages<\/div><\/nav><\/div><\/div><\/div><div class=\"vc_col-sm-5 wpb_column vc_column_container\"><div class=\"vc_column-inner\"><div class=\"wpb_wrapper\"><\/div><\/div><\/div><\/div><\/div><\/div><\/div><\/div><\/div><\/section><section class=\"l-section wpb_row height_auto\"><div class=\"l-section-h i-cf\"><div class=\"g-cols vc_row via_flex valign_top type_boxes stacking_default\"><div class=\"vc_col-sm-12 vc_col-lg-6 vc_col-md-6 vc_col-xs-12 wpb_column vc_column_container\"><div class=\"vc_column-inner\"><div class=\"wpb_wrapper\"><div class=\"wpb_text_column\"><div class=\"wpb_wrapper\"><h2><em>Dochy Glas<\/em> est sp\u00e9cialis\u00e9 dans le remplacement du simple par du double vitrage superisolant.<\/h2>\n<\/div><\/div><\/div><\/div><\/div><div class=\"vc_col-sm-12 vc_col-lg-6 vc_col-md-6 vc_col-xs-12 wpb_column vc_column_container\"><div class=\"vc_column-inner\"><div class=\"wpb_wrapper\"><div class=\"wpb_text_column\"><div class=\"wpb_wrapper\"><p>Si les parcloses sont assez larges, nous pouvons les r\u00e9duire afin de pouvoir installer le vitrage superisolant.<\/p>\n<p>Au cas contraire, nous utilisons des profils de r\u00e9novation. Ce sont des profils blancs facile \u00e0 repeindre, que nous posons dans vos chassis existants.<\/p>\n<p>Nos conseillers techniques sont \u00e0 votre disposition pour vous aider \u00e0 faire le bon choix pour l\u2019isolation de votre maison.<\/p>\n<\/div><\/div><div class=\"w-separator size_small\"><\/div><div class=\"w-btn-wrapper align_none\"><a class=\"w-btn us-btn-style_2\" href=\"https:\/\/www.dochyglas.be\/fr\/contact\/\"><span class=\"w-btn-label\">Contactez-nous<\/span><\/a><\/div><\/div><\/div><\/div><\/div><\/div><\/section><section class=\"l-section wpb_row height_small\"><div class=\"l-section-h i-cf\"><div class=\"g-cols vc_row via_flex valign_middle type_boxes stacking_default\"><div class=\"vc_col-sm-12 vc_col-lg-6 vc_col-md-6 vc_col-xs-12 wpb_column vc_column_container padbottop has_bg_color\"><div class=\"vc_column-inner us_custom_26a56658\"><div class=\"vc_column-overlay\" style=\"background:rgba(26,26,26,0.50)\"><\/div><div class=\"wpb_wrapper\"><div class=\"wpb_text_column us_custom_6df4bc3a has_text_color\"><div class=\"wpb_wrapper\"><h3>R\u00e9novation durable avec l\u2019aide de l\u2019\u00e9tat.<\/h3>\n<p>Informez-vous sur <span style=\"text-decoration: underline;\"><a href=\"https:\/\/www.dochyglas.be\/fr\/subsides-et-assurances\/\">les primes<\/a><\/span> qui vous seront accord\u00e9es pour l\u2019installation de vitres superisolants.<\/p>\n<\/div><\/div><div class=\"w-separator size_small\"><\/div><div class=\"w-btn-wrapper align_none\"><a class=\"w-btn us-btn-style_1\" href=\"tel:+3258311253\"><span class=\"w-btn-label\">T\u00e9l: +32 58 31 12 53<\/span><\/a><\/div><\/div><\/div><\/div><div class=\"vc_col-sm-12 vc_col-lg-6 vc_col-md-6 vc_col-xs-12 wpb_column vc_column_container has_bg_color\"><div class=\"vc_column-inner us_custom_5e134dd3\"><div class=\"wpb_wrapper\"><div class=\"wpb_text_column\"><div class=\"wpb_wrapper\"><h3>Retirez votre <em>vitrage HR++<\/em> dans notre magasin de verre<\/h3>\n<p>\u00cates-vous un bricoleur habile ou un professionnel du b\u00e2timent ? Alors vous \u00eates au bon endroit chez Dochy Glas ! Dans notre succursale \u00e0 Veurne, nous vous offrons la possibilit\u00e9 de retirer sur mesure le vitrage HR++ \u00e0 installer vous-m\u00eame.<\/p>\n<ul>\n<li>Pas de frais de d\u00e9placement<\/li>\n<li>Pas de frais d&rsquo;installation<\/li>\n<li>Contr\u00f4le total de votre propre planification<\/li>\n<\/ul>\n<\/div><\/div><div class=\"w-separator size_small\"><\/div><div class=\"w-btn-wrapper align_none\"><a class=\"w-btn us-btn-style_2\" href=\"https:\/\/www.dochyglas.be\/fr\/contact\/\"><span class=\"w-btn-label\">Contactez-nous<\/span><\/a><\/div><\/div><\/div><\/div><\/div><\/div><\/section>\n","protected":false},"excerpt":{"rendered":"Remplacement du simple par du double vitrage superisolant (HR++) AccueilPagesDochy Glas est sp\u00e9cialis\u00e9 dans le remplacement du simple par du double vitrage superisolant. Si les parcloses sont assez larges, nous pouvons les r\u00e9duire afin de pouvoir installer le vitrage superisolant. Au cas contraire, nous utilisons des profils de r\u00e9novation. Ce sont des profils blancs facile...","protected":false},"author":1,"featured_media":405,"parent":957,"menu_order":0,"comment_status":"closed","ping_status":"closed","template":"","meta":{"footnotes":""},"class_list":["post-946","page","type-page","status-publish","has-post-thumbnail","hentry"],"acf":[],"yoast_head":"<!-- This site is optimized with the Yoast SEO plugin v26.4 - https:\/\/yoast.com\/wordpress\/plugins\/seo\/ -->\n<title>Remplacement du Verre Simple par un Superisolant | Dochy Glas<\/title>\n<meta name=\"description\" content=\"Remplacer votre vitrage simple par un verre superisolant. Dochy Glas est votre expert dans la mati\u00e8re. Contactez-nous.\" \/>\n<meta name=\"robots\" content=\"index, follow, max-snippet:-1, max-image-preview:large, max-video-preview:-1\" \/>\n<link rel=\"canonical\" href=\"https:\/\/www.dochyglas.be\/fr\/renovation-du-verre\/remplacement-du-simple-vitrage\/\" \/>\n<meta property=\"og:locale\" content=\"fr_FR\" \/>\n<meta property=\"og:type\" content=\"article\" \/>\n<meta property=\"og:title\" content=\"Remplacement du Verre Simple par un Superisolant | Dochy Glas\" \/>\n<meta property=\"og:description\" content=\"Remplacer votre vitrage simple par un verre superisolant. Dochy Glas est votre expert dans la mati\u00e8re. Contactez-nous.\" \/>\n<meta property=\"og:url\" content=\"https:\/\/www.dochyglas.be\/fr\/renovation-du-verre\/remplacement-du-simple-vitrage\/\" \/>\n<meta property=\"og:site_name\" content=\"Dochy Glas\" \/>\n<meta property=\"article:publisher\" content=\"https:\/\/www.facebook.com\/Dochyglas\" \/>\n<meta property=\"article:modified_time\" content=\"2024-03-07T14:46:20+00:00\" \/>\n<meta property=\"og:image\" content=\"https:\/\/www.dochyglas.be\/wp-content\/uploads\/2023\/10\/Plaatsing-raamprofielen-glasrenovatie-Dochy-Glas.jpg\" \/>\n\t<meta property=\"og:image:width\" content=\"1500\" \/>\n\t<meta property=\"og:image:height\" content=\"2000\" \/>\n\t<meta property=\"og:image:type\" content=\"image\/jpeg\" \/>\n<meta name=\"twitter:card\" content=\"summary_large_image\" \/>\n<meta name=\"twitter:label1\" content=\"Dur\u00e9e de lecture estim\u00e9e\" \/>\n\t<meta name=\"twitter:data1\" content=\"2 minutes\" \/>\n<script type=\"application\/ld+json\" class=\"yoast-schema-graph\">{\"@context\":\"https:\/\/schema.org\",\"@graph\":[{\"@type\":\"WebPage\",\"@id\":\"https:\/\/www.dochyglas.be\/fr\/renovation-du-verre\/remplacement-du-simple-vitrage\/\",\"url\":\"https:\/\/www.dochyglas.be\/fr\/renovation-du-verre\/remplacement-du-simple-vitrage\/\",\"name\":\"Remplacement du Verre Simple par un Superisolant | Dochy Glas\",\"isPartOf\":{\"@id\":\"https:\/\/www.dochyglas.be\/#website\"},\"primaryImageOfPage\":{\"@id\":\"https:\/\/www.dochyglas.be\/fr\/renovation-du-verre\/remplacement-du-simple-vitrage\/#primaryimage\"},\"image\":{\"@id\":\"https:\/\/www.dochyglas.be\/fr\/renovation-du-verre\/remplacement-du-simple-vitrage\/#primaryimage\"},\"thumbnailUrl\":\"https:\/\/www.dochyglas.be\/wp-content\/uploads\/2023\/10\/Plaatsing-raamprofielen-glasrenovatie-Dochy-Glas.jpg\",\"datePublished\":\"2023-09-26T07:47:02+00:00\",\"dateModified\":\"2024-03-07T14:46:20+00:00\",\"description\":\"Remplacer votre vitrage simple par un verre superisolant. Dochy Glas est votre expert dans la mati\u00e8re. Contactez-nous.\",\"breadcrumb\":{\"@id\":\"https:\/\/www.dochyglas.be\/fr\/renovation-du-verre\/remplacement-du-simple-vitrage\/#breadcrumb\"},\"inLanguage\":\"fr-FR\",\"potentialAction\":[{\"@type\":\"ReadAction\",\"target\":[\"https:\/\/www.dochyglas.be\/fr\/renovation-du-verre\/remplacement-du-simple-vitrage\/\"]}]},{\"@type\":\"ImageObject\",\"inLanguage\":\"fr-FR\",\"@id\":\"https:\/\/www.dochyglas.be\/fr\/renovation-du-verre\/remplacement-du-simple-vitrage\/#primaryimage\",\"url\":\"https:\/\/www.dochyglas.be\/wp-content\/uploads\/2023\/10\/Plaatsing-raamprofielen-glasrenovatie-Dochy-Glas.jpg\",\"contentUrl\":\"https:\/\/www.dochyglas.be\/wp-content\/uploads\/2023\/10\/Plaatsing-raamprofielen-glasrenovatie-Dochy-Glas.jpg\",\"width\":1500,\"height\":2000,\"caption\":\"renovatie van raamprofielen\"},{\"@type\":\"BreadcrumbList\",\"@id\":\"https:\/\/www.dochyglas.be\/fr\/renovation-du-verre\/remplacement-du-simple-vitrage\/#breadcrumb\",\"itemListElement\":[{\"@type\":\"ListItem\",\"position\":1,\"name\":\"Home\",\"item\":\"https:\/\/www.dochyglas.be\/fr\/\"},{\"@type\":\"ListItem\",\"position\":2,\"name\":\"R\u00e9novation du verre\",\"item\":\"https:\/\/www.dochyglas.be\/fr\/renovation-du-verre\/\"},{\"@type\":\"ListItem\",\"position\":3,\"name\":\"Remplacement du simple vitrage\"}]},{\"@type\":\"WebSite\",\"@id\":\"https:\/\/www.dochyglas.be\/#website\",\"url\":\"https:\/\/www.dochyglas.be\/\",\"name\":\"Dochy Glas\",\"description\":\"Glass solutions\",\"publisher\":{\"@id\":\"https:\/\/www.dochyglas.be\/#organization\"},\"alternateName\":\"Dochy\",\"potentialAction\":[{\"@type\":\"SearchAction\",\"target\":{\"@type\":\"EntryPoint\",\"urlTemplate\":\"https:\/\/www.dochyglas.be\/?s={search_term_string}\"},\"query-input\":{\"@type\":\"PropertyValueSpecification\",\"valueRequired\":true,\"valueName\":\"search_term_string\"}}],\"inLanguage\":\"fr-FR\"},{\"@type\":\"Organization\",\"@id\":\"https:\/\/www.dochyglas.be\/#organization\",\"name\":\"Dochy Glas\",\"alternateName\":\"Dochy Glass solutions\",\"url\":\"https:\/\/www.dochyglas.be\/\",\"logo\":{\"@type\":\"ImageObject\",\"inLanguage\":\"fr-FR\",\"@id\":\"https:\/\/www.dochyglas.be\/#\/schema\/logo\/image\/\",\"url\":\"https:\/\/www.dochyglas.be\/wp-content\/uploads\/2023\/09\/DochyGlas_logo_kleur-e1695737229567.png\",\"contentUrl\":\"https:\/\/www.dochyglas.be\/wp-content\/uploads\/2023\/09\/DochyGlas_logo_kleur-e1695737229567.png\",\"width\":6853,\"height\":3160,\"caption\":\"Dochy Glas\"},\"image\":{\"@id\":\"https:\/\/www.dochyglas.be\/#\/schema\/logo\/image\/\"},\"sameAs\":[\"https:\/\/www.facebook.com\/Dochyglas\",\"https:\/\/www.instagram.com\/dochyglas\/\"]}]}<\/script>\n<!-- \/ Yoast SEO plugin. -->","yoast_head_json":{"title":"Remplacement du Verre Simple par un Superisolant | Dochy Glas","description":"Remplacer votre vitrage simple par un verre superisolant. Dochy Glas est votre expert dans la mati\u00e8re. Contactez-nous.","robots":{"index":"index","follow":"follow","max-snippet":"max-snippet:-1","max-image-preview":"max-image-preview:large","max-video-preview":"max-video-preview:-1"},"canonical":"https:\/\/www.dochyglas.be\/fr\/renovation-du-verre\/remplacement-du-simple-vitrage\/","og_locale":"fr_FR","og_type":"article","og_title":"Remplacement du Verre Simple par un Superisolant | Dochy Glas","og_description":"Remplacer votre vitrage simple par un verre superisolant. Dochy Glas est votre expert dans la mati\u00e8re. Contactez-nous.","og_url":"https:\/\/www.dochyglas.be\/fr\/renovation-du-verre\/remplacement-du-simple-vitrage\/","og_site_name":"Dochy Glas","article_publisher":"https:\/\/www.facebook.com\/Dochyglas","article_modified_time":"2024-03-07T14:46:20+00:00","og_image":[{"width":1500,"height":2000,"url":"https:\/\/www.dochyglas.be\/wp-content\/uploads\/2023\/10\/Plaatsing-raamprofielen-glasrenovatie-Dochy-Glas.jpg","type":"image\/jpeg"}],"twitter_card":"summary_large_image","twitter_misc":{"Dur\u00e9e de lecture estim\u00e9e":"2 minutes"},"schema":{"@context":"https:\/\/schema.org","@graph":[{"@type":"WebPage","@id":"https:\/\/www.dochyglas.be\/fr\/renovation-du-verre\/remplacement-du-simple-vitrage\/","url":"https:\/\/www.dochyglas.be\/fr\/renovation-du-verre\/remplacement-du-simple-vitrage\/","name":"Remplacement du Verre Simple par un Superisolant | Dochy Glas","isPartOf":{"@id":"https:\/\/www.dochyglas.be\/#website"},"primaryImageOfPage":{"@id":"https:\/\/www.dochyglas.be\/fr\/renovation-du-verre\/remplacement-du-simple-vitrage\/#primaryimage"},"image":{"@id":"https:\/\/www.dochyglas.be\/fr\/renovation-du-verre\/remplacement-du-simple-vitrage\/#primaryimage"},"thumbnailUrl":"https:\/\/www.dochyglas.be\/wp-content\/uploads\/2023\/10\/Plaatsing-raamprofielen-glasrenovatie-Dochy-Glas.jpg","datePublished":"2023-09-26T07:47:02+00:00","dateModified":"2024-03-07T14:46:20+00:00","description":"Remplacer votre vitrage simple par un verre superisolant. Dochy Glas est votre expert dans la mati\u00e8re. Contactez-nous.","breadcrumb":{"@id":"https:\/\/www.dochyglas.be\/fr\/renovation-du-verre\/remplacement-du-simple-vitrage\/#breadcrumb"},"inLanguage":"fr-FR","potentialAction":[{"@type":"ReadAction","target":["https:\/\/www.dochyglas.be\/fr\/renovation-du-verre\/remplacement-du-simple-vitrage\/"]}]},{"@type":"ImageObject","inLanguage":"fr-FR","@id":"https:\/\/www.dochyglas.be\/fr\/renovation-du-verre\/remplacement-du-simple-vitrage\/#primaryimage","url":"https:\/\/www.dochyglas.be\/wp-content\/uploads\/2023\/10\/Plaatsing-raamprofielen-glasrenovatie-Dochy-Glas.jpg","contentUrl":"https:\/\/www.dochyglas.be\/wp-content\/uploads\/2023\/10\/Plaatsing-raamprofielen-glasrenovatie-Dochy-Glas.jpg","width":1500,"height":2000,"caption":"renovatie van raamprofielen"},{"@type":"BreadcrumbList","@id":"https:\/\/www.dochyglas.be\/fr\/renovation-du-verre\/remplacement-du-simple-vitrage\/#breadcrumb","itemListElement":[{"@type":"ListItem","position":1,"name":"Home","item":"https:\/\/www.dochyglas.be\/fr\/"},{"@type":"ListItem","position":2,"name":"R\u00e9novation du verre","item":"https:\/\/www.dochyglas.be\/fr\/renovation-du-verre\/"},{"@type":"ListItem","position":3,"name":"Remplacement du simple vitrage"}]},{"@type":"WebSite","@id":"https:\/\/www.dochyglas.be\/#website","url":"https:\/\/www.dochyglas.be\/","name":"Dochy Glas","description":"Glass solutions","publisher":{"@id":"https:\/\/www.dochyglas.be\/#organization"},"alternateName":"Dochy","potentialAction":[{"@type":"SearchAction","target":{"@type":"EntryPoint","urlTemplate":"https:\/\/www.dochyglas.be\/?s={search_term_string}"},"query-input":{"@type":"PropertyValueSpecification","valueRequired":true,"valueName":"search_term_string"}}],"inLanguage":"fr-FR"},{"@type":"Organization","@id":"https:\/\/www.dochyglas.be\/#organization","name":"Dochy Glas","alternateName":"Dochy Glass solutions","url":"https:\/\/www.dochyglas.be\/","logo":{"@type":"ImageObject","inLanguage":"fr-FR","@id":"https:\/\/www.dochyglas.be\/#\/schema\/logo\/image\/","url":"https:\/\/www.dochyglas.be\/wp-content\/uploads\/2023\/09\/DochyGlas_logo_kleur-e1695737229567.png","contentUrl":"https:\/\/www.dochyglas.be\/wp-content\/uploads\/2023\/09\/DochyGlas_logo_kleur-e1695737229567.png","width":6853,"height":3160,"caption":"Dochy Glas"},"image":{"@id":"https:\/\/www.dochyglas.be\/#\/schema\/logo\/image\/"},"sameAs":["https:\/\/www.facebook.com\/Dochyglas","https:\/\/www.instagram.com\/dochyglas\/"]}]}},"_links":{"self":[{"href":"https:\/\/www.dochyglas.be\/fr\/wp-json\/wp\/v2\/pages\/946","targetHints":{"allow":["GET"]}}],"collection":[{"href":"https:\/\/www.dochyglas.be\/fr\/wp-json\/wp\/v2\/pages"}],"about":[{"href":"https:\/\/www.dochyglas.be\/fr\/wp-json\/wp\/v2\/types\/page"}],"author":[{"embeddable":true,"href":"https:\/\/www.dochyglas.be\/fr\/wp-json\/wp\/v2\/users\/1"}],"replies":[{"embeddable":true,"href":"https:\/\/www.dochyglas.be\/fr\/wp-json\/wp\/v2\/comments?post=946"}],"version-history":[{"count":4,"href":"https:\/\/www.dochyglas.be\/fr\/wp-json\/wp\/v2\/pages\/946\/revisions"}],"predecessor-version":[{"id":1292,"href":"https:\/\/www.dochyglas.be\/fr\/wp-json\/wp\/v2\/pages\/946\/revisions\/1292"}],"up":[{"embeddable":true,"href":"https:\/\/www.dochyglas.be\/fr\/wp-json\/wp\/v2\/pages\/957"}],"wp:featuredmedia":[{"embeddable":true,"href":"https:\/\/www.dochyglas.be\/fr\/wp-json\/wp\/v2\/media\/405"}],"wp:attachment":[{"href":"https:\/\/www.dochyglas.be\/fr\/wp-json\/wp\/v2\/media?parent=946"}],"curies":[{"name":"wp","href":"https:\/\/api.w.org\/{rel}","templated":true}]}}