{"id":948,"date":"2023-09-26T09:47:02","date_gmt":"2023-09-26T07:47:02","guid":{"rendered":"https:\/\/www.dochyglas.be\/hoogrendementsglas\/"},"modified":"2024-01-31T12:24:27","modified_gmt":"2024-01-31T10:24:27","slug":"verre-haute-efficacite","status":"publish","type":"page","link":"https:\/\/www.dochyglas.be\/fr\/renovation-du-verre\/verre-haute-efficacite\/","title":{"rendered":"Vitrage \u00e0 haut performance \u00e9nerg\u00e9tique"},"content":{"rendered":"<section class=\"l-section wpb_row detail height_auto\"><div class=\"l-section-h i-cf\"><div class=\"g-cols vc_row via_flex valign_bottom type_boxes stacking_default\"><div class=\"vc_col-sm-12 wpb_column vc_column_container minheightbanner has_bg_color\"><div class=\"vc_column-inner us_custom_9afe679e\"><div class=\"vc_column-overlay\" style=\"background:rgba(0,0,0,0.70)\"><\/div><div class=\"wpb_wrapper\"><div class=\"g-cols wpb_row via_flex valign_top type_default stacking_default\"><div class=\"vc_col-sm-7 wpb_column vc_column_container\"><div class=\"vc_column-inner\"><div class=\"wpb_wrapper\"><div class=\"wpb_text_column us_custom_6df4bc3a has_text_color\"><div class=\"wpb_wrapper\"><h1>Remplacement des anciens <em>vitrages simples, doubles ou triples<\/em><\/h1>\n<\/div><\/div><div class=\"w-separator size_small\"><\/div><nav class=\"g-breadcrumbs us_custom_6df4bc3a has_text_color separator_icon align_none\" itemscope itemtype=\"http:\/\/schema.org\/BreadcrumbList\"><div class=\"g-breadcrumbs-item\" itemscope itemprop=\"itemListElement\" itemtype=\"http:\/\/schema.org\/ListItem\"><a itemprop=\"item\" href=\"https:\/\/www.dochyglas.be\/fr\/\"><span itemprop=\"name\">Accueil<\/span><\/a><meta itemprop=\"position\" content=\"1\"\/><\/div><div class=\"g-breadcrumbs-separator\"><i class=\"far fa-angle-right\"><\/i><\/div><div class=\"g-breadcrumbs-item\">Pages<\/div><\/nav><\/div><\/div><\/div><div class=\"vc_col-sm-5 wpb_column vc_column_container\"><div class=\"vc_column-inner\"><div class=\"wpb_wrapper\"><\/div><\/div><\/div><\/div><\/div><\/div><\/div><\/div><\/div><\/section><section class=\"l-section wpb_row height_auto\"><div class=\"l-section-h i-cf\"><div class=\"g-cols vc_row via_flex valign_top type_boxes stacking_default\"><div class=\"vc_col-sm-12 vc_col-lg-6 vc_col-md-6 vc_col-xs-12 wpb_column vc_column_container\"><div class=\"vc_column-inner\"><div class=\"wpb_wrapper\"><div class=\"wpb_text_column\"><div class=\"wpb_wrapper\"><h2>Dochy Glas utilise le vitrage \u00e0 haut performance \u00e9nerg\u00e9tique HR++.<\/h2>\n<p>Le vitrage HR++ est un vitrage double ou triple standard dot\u00e9 d&rsquo;un rev\u00eatement m\u00e9tallique sur les plaques de verre et d&rsquo;un gaz noble (argon) inject\u00e9 entre les plaques de verre. Le rev\u00eatement m\u00e9tallique et le gaz noble garantissent une meilleure isolation que le vitrage isolant standard.<\/p>\n<p><strong>En vue d&rsquo;am\u00e9liorer l&rsquo;isolation de votre habitation, nous utilisons le\u00a0 <em>vitrage HR++<\/em> avec une valeur U de 1,0 ou 0,6 W\/m\u00b2K.<\/strong><\/p>\n<\/div><\/div><\/div><\/div><\/div><div class=\"vc_col-sm-12 vc_col-lg-6 vc_col-md-6 vc_col-xs-12 wpb_column vc_column_container\"><div class=\"vc_column-inner\"><div class=\"wpb_wrapper\"><div class=\"wpb_text_column\"><div class=\"wpb_wrapper\"><p>Si vous \u00eates int\u00e9ress\u00e9 par le vitrage \u00e0 haut rendement pour votre habitation, n&rsquo;h\u00e9sitez pas \u00e0 demander un devis sans engagement via notre formulaire. Nos conseillers techniques sont l\u00e0 pour vous aider \u00e0 trouver la meilleure solution pour votre habitation et vous fournir un devis clair et transparent.<\/p>\n<\/div><\/div><div class=\"w-separator size_small\"><\/div><div class=\"w-btn-wrapper align_none\"><a class=\"w-btn us-btn-style_2\" href=\"https:\/\/www.dochyglas.be\/fr\/contact\/\"><span class=\"w-btn-label\">Devis sans engagement<\/span><\/a><\/div><\/div><\/div><\/div><\/div><\/div><\/section><section class=\"l-section wpb_row height_small\"><div class=\"l-section-h i-cf\"><div class=\"g-cols vc_row via_flex valign_middle type_boxes stacking_default\"><div class=\"vc_col-sm-12 vc_col-lg-6 vc_col-md-6 vc_col-xs-12 wpb_column vc_column_container padbottop has_bg_color\"><div class=\"vc_column-inner us_custom_f7e73068\"><div class=\"vc_column-overlay\" style=\"background:rgba(26,26,26,0.50)\"><\/div><div class=\"wpb_wrapper\"><div class=\"wpb_text_column us_custom_6df4bc3a has_text_color\"><div class=\"wpb_wrapper\"><h3>R\u00e9novation de vitrage durable avec le soutien du gouvernement.<\/h3>\n<p>Renseignez-vous sur les <span style=\"text-decoration: underline;\"><a href=\"https:\/\/www.dochyglas.be\/fr\/subsides-et-assurances\/\">subventions<\/a><\/span> accord\u00e9es par les autorit\u00e9s pour l&rsquo;installation de vitrage \u00e0 haut rendement (super isolant).<\/p>\n<\/div><\/div><div class=\"w-separator size_small\"><\/div><div class=\"w-btn-wrapper align_none\"><a class=\"w-btn us-btn-style_1\" href=\"tel:+3258311253\"><span class=\"w-btn-label\">T\u00e9l: +32 58 31 12 53<\/span><\/a><\/div><\/div><\/div><\/div><div class=\"vc_col-sm-12 vc_col-lg-6 vc_col-md-6 vc_col-xs-12 wpb_column vc_column_container has_bg_color\"><div class=\"vc_column-inner us_custom_5e134dd3\"><div class=\"wpb_wrapper\"><div class=\"wpb_text_column\"><div class=\"wpb_wrapper\"><h3>Retirez <em>votre vitrage \u00e0 haut<\/em> rendement dans notre magasin de verre.<\/h3>\n<p>\u00cates-vous un bricoleur habile ou un professionnel du b\u00e2timent ? Alors vous \u00eates au bon endroit chez Dochy Glas ! Dans notre succursale \u00e0 Veurne, nous vous offrons la possibilit\u00e9 de retirer sur mesure le vitrage HR++ \u00e0 installer par vos soins.<\/p>\n<ul>\n<li>Pas de frais de d\u00e9placement<\/li>\n<li>Pas de frais d&rsquo;installation<\/li>\n<li>Contr\u00f4le total de votre propre planification<\/li>\n<\/ul>\n<\/div><\/div><div class=\"w-separator size_small\"><\/div><div class=\"w-btn-wrapper align_none\"><a class=\"w-btn us-btn-style_2\" href=\"https:\/\/www.dochyglas.be\/fr\/contact\/\"><span class=\"w-btn-label\">Contactez-nous<\/span><\/a><\/div><\/div><\/div><\/div><\/div><\/div><\/section>\n","protected":false},"excerpt":{"rendered":"Remplacement des anciens vitrages simples, doubles ou triples AccueilPagesDochy Glas utilise le vitrage \u00e0 haut performance \u00e9nerg\u00e9tique HR++. Le vitrage HR++ est un vitrage double ou triple standard dot\u00e9 d&rsquo;un rev\u00eatement m\u00e9tallique sur les plaques de verre et d&rsquo;un gaz noble (argon) inject\u00e9 entre les plaques de verre. Le rev\u00eatement m\u00e9tallique et le gaz noble...","protected":false},"author":1,"featured_media":397,"parent":957,"menu_order":2,"comment_status":"closed","ping_status":"closed","template":"","meta":{"footnotes":""},"class_list":["post-948","page","type-page","status-publish","has-post-thumbnail","hentry"],"acf":[],"yoast_head":"<!-- This site is optimized with the Yoast SEO plugin v26.4 - https:\/\/yoast.com\/wordpress\/plugins\/seo\/ -->\n<title>Vitrage \u00e0 haut performance \u00e9nerg\u00e9tique | Dochy Glas<\/title>\n<meta name=\"description\" content=\"Fourniture et l&#039;installation de verre \u00e0 haute performance \u00e9nerg\u00e9tique pour les b\u00e2timents r\u00e9sidentiels et commerciaux. Dochy Glas \u00e0 Veurne.\" \/>\n<meta name=\"robots\" content=\"index, follow, max-snippet:-1, max-image-preview:large, max-video-preview:-1\" \/>\n<link rel=\"canonical\" href=\"https:\/\/www.dochyglas.be\/fr\/renovation-du-verre\/verre-haute-efficacite\/\" \/>\n<meta property=\"og:locale\" content=\"fr_FR\" \/>\n<meta property=\"og:type\" content=\"article\" \/>\n<meta property=\"og:title\" content=\"Vitrage \u00e0 haut performance \u00e9nerg\u00e9tique | Dochy Glas\" \/>\n<meta property=\"og:description\" content=\"Fourniture et l&#039;installation de verre \u00e0 haute performance \u00e9nerg\u00e9tique pour les b\u00e2timents r\u00e9sidentiels et commerciaux. Dochy Glas \u00e0 Veurne.\" \/>\n<meta property=\"og:url\" content=\"https:\/\/www.dochyglas.be\/fr\/renovation-du-verre\/verre-haute-efficacite\/\" \/>\n<meta property=\"og:site_name\" content=\"Dochy Glas\" \/>\n<meta property=\"article:publisher\" content=\"https:\/\/www.facebook.com\/Dochyglas\" \/>\n<meta property=\"article:modified_time\" content=\"2024-01-31T10:24:27+00:00\" \/>\n<meta property=\"og:image\" content=\"https:\/\/www.dochyglas.be\/wp-content\/uploads\/2023\/10\/3-Dochy-medewerkers-plaatsen-grote-glaspartij.jpg\" \/>\n\t<meta property=\"og:image:width\" content=\"2000\" \/>\n\t<meta property=\"og:image:height\" content=\"1500\" \/>\n\t<meta property=\"og:image:type\" content=\"image\/jpeg\" \/>\n<meta name=\"twitter:card\" content=\"summary_large_image\" \/>\n<meta name=\"twitter:label1\" content=\"Dur\u00e9e de lecture estim\u00e9e\" \/>\n\t<meta name=\"twitter:data1\" content=\"2 minutes\" \/>\n<script type=\"application\/ld+json\" class=\"yoast-schema-graph\">{\"@context\":\"https:\/\/schema.org\",\"@graph\":[{\"@type\":\"WebPage\",\"@id\":\"https:\/\/www.dochyglas.be\/fr\/renovation-du-verre\/verre-haute-efficacite\/\",\"url\":\"https:\/\/www.dochyglas.be\/fr\/renovation-du-verre\/verre-haute-efficacite\/\",\"name\":\"Vitrage \u00e0 haut performance \u00e9nerg\u00e9tique | Dochy Glas\",\"isPartOf\":{\"@id\":\"https:\/\/www.dochyglas.be\/#website\"},\"primaryImageOfPage\":{\"@id\":\"https:\/\/www.dochyglas.be\/fr\/renovation-du-verre\/verre-haute-efficacite\/#primaryimage\"},\"image\":{\"@id\":\"https:\/\/www.dochyglas.be\/fr\/renovation-du-verre\/verre-haute-efficacite\/#primaryimage\"},\"thumbnailUrl\":\"https:\/\/www.dochyglas.be\/wp-content\/uploads\/2023\/10\/3-Dochy-medewerkers-plaatsen-grote-glaspartij.jpg\",\"datePublished\":\"2023-09-26T07:47:02+00:00\",\"dateModified\":\"2024-01-31T10:24:27+00:00\",\"description\":\"Fourniture et l'installation de verre \u00e0 haute performance \u00e9nerg\u00e9tique pour les b\u00e2timents r\u00e9sidentiels et commerciaux. Dochy Glas \u00e0 Veurne.\",\"breadcrumb\":{\"@id\":\"https:\/\/www.dochyglas.be\/fr\/renovation-du-verre\/verre-haute-efficacite\/#breadcrumb\"},\"inLanguage\":\"fr-FR\",\"potentialAction\":[{\"@type\":\"ReadAction\",\"target\":[\"https:\/\/www.dochyglas.be\/fr\/renovation-du-verre\/verre-haute-efficacite\/\"]}]},{\"@type\":\"ImageObject\",\"inLanguage\":\"fr-FR\",\"@id\":\"https:\/\/www.dochyglas.be\/fr\/renovation-du-verre\/verre-haute-efficacite\/#primaryimage\",\"url\":\"https:\/\/www.dochyglas.be\/wp-content\/uploads\/2023\/10\/3-Dochy-medewerkers-plaatsen-grote-glaspartij.jpg\",\"contentUrl\":\"https:\/\/www.dochyglas.be\/wp-content\/uploads\/2023\/10\/3-Dochy-medewerkers-plaatsen-grote-glaspartij.jpg\",\"width\":2000,\"height\":1500,\"caption\":\"Plaatsen van grote glaspartijen door Dochy Glas\"},{\"@type\":\"BreadcrumbList\",\"@id\":\"https:\/\/www.dochyglas.be\/fr\/renovation-du-verre\/verre-haute-efficacite\/#breadcrumb\",\"itemListElement\":[{\"@type\":\"ListItem\",\"position\":1,\"name\":\"Home\",\"item\":\"https:\/\/www.dochyglas.be\/fr\/\"},{\"@type\":\"ListItem\",\"position\":2,\"name\":\"R\u00e9novation du verre\",\"item\":\"https:\/\/www.dochyglas.be\/fr\/renovation-du-verre\/\"},{\"@type\":\"ListItem\",\"position\":3,\"name\":\"Vitrage \u00e0 haut performance \u00e9nerg\u00e9tique\"}]},{\"@type\":\"WebSite\",\"@id\":\"https:\/\/www.dochyglas.be\/#website\",\"url\":\"https:\/\/www.dochyglas.be\/\",\"name\":\"Dochy Glas\",\"description\":\"Glass solutions\",\"publisher\":{\"@id\":\"https:\/\/www.dochyglas.be\/#organization\"},\"alternateName\":\"Dochy\",\"potentialAction\":[{\"@type\":\"SearchAction\",\"target\":{\"@type\":\"EntryPoint\",\"urlTemplate\":\"https:\/\/www.dochyglas.be\/?s={search_term_string}\"},\"query-input\":{\"@type\":\"PropertyValueSpecification\",\"valueRequired\":true,\"valueName\":\"search_term_string\"}}],\"inLanguage\":\"fr-FR\"},{\"@type\":\"Organization\",\"@id\":\"https:\/\/www.dochyglas.be\/#organization\",\"name\":\"Dochy Glas\",\"alternateName\":\"Dochy Glass solutions\",\"url\":\"https:\/\/www.dochyglas.be\/\",\"logo\":{\"@type\":\"ImageObject\",\"inLanguage\":\"fr-FR\",\"@id\":\"https:\/\/www.dochyglas.be\/#\/schema\/logo\/image\/\",\"url\":\"https:\/\/www.dochyglas.be\/wp-content\/uploads\/2023\/09\/DochyGlas_logo_kleur-e1695737229567.png\",\"contentUrl\":\"https:\/\/www.dochyglas.be\/wp-content\/uploads\/2023\/09\/DochyGlas_logo_kleur-e1695737229567.png\",\"width\":6853,\"height\":3160,\"caption\":\"Dochy Glas\"},\"image\":{\"@id\":\"https:\/\/www.dochyglas.be\/#\/schema\/logo\/image\/\"},\"sameAs\":[\"https:\/\/www.facebook.com\/Dochyglas\",\"https:\/\/www.instagram.com\/dochyglas\/\"]}]}<\/script>\n<!-- \/ Yoast SEO plugin. -->","yoast_head_json":{"title":"Vitrage \u00e0 haut performance \u00e9nerg\u00e9tique | Dochy Glas","description":"Fourniture et l'installation de verre \u00e0 haute performance \u00e9nerg\u00e9tique pour les b\u00e2timents r\u00e9sidentiels et commerciaux. Dochy Glas \u00e0 Veurne.","robots":{"index":"index","follow":"follow","max-snippet":"max-snippet:-1","max-image-preview":"max-image-preview:large","max-video-preview":"max-video-preview:-1"},"canonical":"https:\/\/www.dochyglas.be\/fr\/renovation-du-verre\/verre-haute-efficacite\/","og_locale":"fr_FR","og_type":"article","og_title":"Vitrage \u00e0 haut performance \u00e9nerg\u00e9tique | Dochy Glas","og_description":"Fourniture et l'installation de verre \u00e0 haute performance \u00e9nerg\u00e9tique pour les b\u00e2timents r\u00e9sidentiels et commerciaux. Dochy Glas \u00e0 Veurne.","og_url":"https:\/\/www.dochyglas.be\/fr\/renovation-du-verre\/verre-haute-efficacite\/","og_site_name":"Dochy Glas","article_publisher":"https:\/\/www.facebook.com\/Dochyglas","article_modified_time":"2024-01-31T10:24:27+00:00","og_image":[{"width":2000,"height":1500,"url":"https:\/\/www.dochyglas.be\/wp-content\/uploads\/2023\/10\/3-Dochy-medewerkers-plaatsen-grote-glaspartij.jpg","type":"image\/jpeg"}],"twitter_card":"summary_large_image","twitter_misc":{"Dur\u00e9e de lecture estim\u00e9e":"2 minutes"},"schema":{"@context":"https:\/\/schema.org","@graph":[{"@type":"WebPage","@id":"https:\/\/www.dochyglas.be\/fr\/renovation-du-verre\/verre-haute-efficacite\/","url":"https:\/\/www.dochyglas.be\/fr\/renovation-du-verre\/verre-haute-efficacite\/","name":"Vitrage \u00e0 haut performance \u00e9nerg\u00e9tique | Dochy Glas","isPartOf":{"@id":"https:\/\/www.dochyglas.be\/#website"},"primaryImageOfPage":{"@id":"https:\/\/www.dochyglas.be\/fr\/renovation-du-verre\/verre-haute-efficacite\/#primaryimage"},"image":{"@id":"https:\/\/www.dochyglas.be\/fr\/renovation-du-verre\/verre-haute-efficacite\/#primaryimage"},"thumbnailUrl":"https:\/\/www.dochyglas.be\/wp-content\/uploads\/2023\/10\/3-Dochy-medewerkers-plaatsen-grote-glaspartij.jpg","datePublished":"2023-09-26T07:47:02+00:00","dateModified":"2024-01-31T10:24:27+00:00","description":"Fourniture et l'installation de verre \u00e0 haute performance \u00e9nerg\u00e9tique pour les b\u00e2timents r\u00e9sidentiels et commerciaux. Dochy Glas \u00e0 Veurne.","breadcrumb":{"@id":"https:\/\/www.dochyglas.be\/fr\/renovation-du-verre\/verre-haute-efficacite\/#breadcrumb"},"inLanguage":"fr-FR","potentialAction":[{"@type":"ReadAction","target":["https:\/\/www.dochyglas.be\/fr\/renovation-du-verre\/verre-haute-efficacite\/"]}]},{"@type":"ImageObject","inLanguage":"fr-FR","@id":"https:\/\/www.dochyglas.be\/fr\/renovation-du-verre\/verre-haute-efficacite\/#primaryimage","url":"https:\/\/www.dochyglas.be\/wp-content\/uploads\/2023\/10\/3-Dochy-medewerkers-plaatsen-grote-glaspartij.jpg","contentUrl":"https:\/\/www.dochyglas.be\/wp-content\/uploads\/2023\/10\/3-Dochy-medewerkers-plaatsen-grote-glaspartij.jpg","width":2000,"height":1500,"caption":"Plaatsen van grote glaspartijen door Dochy Glas"},{"@type":"BreadcrumbList","@id":"https:\/\/www.dochyglas.be\/fr\/renovation-du-verre\/verre-haute-efficacite\/#breadcrumb","itemListElement":[{"@type":"ListItem","position":1,"name":"Home","item":"https:\/\/www.dochyglas.be\/fr\/"},{"@type":"ListItem","position":2,"name":"R\u00e9novation du verre","item":"https:\/\/www.dochyglas.be\/fr\/renovation-du-verre\/"},{"@type":"ListItem","position":3,"name":"Vitrage \u00e0 haut performance \u00e9nerg\u00e9tique"}]},{"@type":"WebSite","@id":"https:\/\/www.dochyglas.be\/#website","url":"https:\/\/www.dochyglas.be\/","name":"Dochy Glas","description":"Glass solutions","publisher":{"@id":"https:\/\/www.dochyglas.be\/#organization"},"alternateName":"Dochy","potentialAction":[{"@type":"SearchAction","target":{"@type":"EntryPoint","urlTemplate":"https:\/\/www.dochyglas.be\/?s={search_term_string}"},"query-input":{"@type":"PropertyValueSpecification","valueRequired":true,"valueName":"search_term_string"}}],"inLanguage":"fr-FR"},{"@type":"Organization","@id":"https:\/\/www.dochyglas.be\/#organization","name":"Dochy Glas","alternateName":"Dochy Glass solutions","url":"https:\/\/www.dochyglas.be\/","logo":{"@type":"ImageObject","inLanguage":"fr-FR","@id":"https:\/\/www.dochyglas.be\/#\/schema\/logo\/image\/","url":"https:\/\/www.dochyglas.be\/wp-content\/uploads\/2023\/09\/DochyGlas_logo_kleur-e1695737229567.png","contentUrl":"https:\/\/www.dochyglas.be\/wp-content\/uploads\/2023\/09\/DochyGlas_logo_kleur-e1695737229567.png","width":6853,"height":3160,"caption":"Dochy Glas"},"image":{"@id":"https:\/\/www.dochyglas.be\/#\/schema\/logo\/image\/"},"sameAs":["https:\/\/www.facebook.com\/Dochyglas","https:\/\/www.instagram.com\/dochyglas\/"]}]}},"_links":{"self":[{"href":"https:\/\/www.dochyglas.be\/fr\/wp-json\/wp\/v2\/pages\/948","targetHints":{"allow":["GET"]}}],"collection":[{"href":"https:\/\/www.dochyglas.be\/fr\/wp-json\/wp\/v2\/pages"}],"about":[{"href":"https:\/\/www.dochyglas.be\/fr\/wp-json\/wp\/v2\/types\/page"}],"author":[{"embeddable":true,"href":"https:\/\/www.dochyglas.be\/fr\/wp-json\/wp\/v2\/users\/1"}],"replies":[{"embeddable":true,"href":"https:\/\/www.dochyglas.be\/fr\/wp-json\/wp\/v2\/comments?post=948"}],"version-history":[{"count":6,"href":"https:\/\/www.dochyglas.be\/fr\/wp-json\/wp\/v2\/pages\/948\/revisions"}],"predecessor-version":[{"id":1372,"href":"https:\/\/www.dochyglas.be\/fr\/wp-json\/wp\/v2\/pages\/948\/revisions\/1372"}],"up":[{"embeddable":true,"href":"https:\/\/www.dochyglas.be\/fr\/wp-json\/wp\/v2\/pages\/957"}],"wp:featuredmedia":[{"embeddable":true,"href":"https:\/\/www.dochyglas.be\/fr\/wp-json\/wp\/v2\/media\/397"}],"wp:attachment":[{"href":"https:\/\/www.dochyglas.be\/fr\/wp-json\/wp\/v2\/media?parent=948"}],"curies":[{"name":"wp","href":"https:\/\/api.w.org\/{rel}","templated":true}]}}