{"id":953,"date":"2023-09-26T09:45:22","date_gmt":"2023-09-26T07:45:22","guid":{"rendered":"https:\/\/www.dochyglas.be\/condens-in-dubbel-glas\/"},"modified":"2024-08-16T15:29:42","modified_gmt":"2024-08-16T13:29:42","slug":"condensation-dans-le-double-vitrage","status":"publish","type":"page","link":"https:\/\/www.dochyglas.be\/fr\/reparation-de-verre\/condensation-dans-le-double-vitrage\/","title":{"rendered":"Condensation dans le double vitrage"},"content":{"rendered":"<section class=\"l-section wpb_row detail height_auto\"><div class=\"l-section-h i-cf\"><div class=\"g-cols vc_row via_flex valign_bottom type_boxes stacking_default\"><div class=\"vc_col-sm-12 wpb_column vc_column_container minheightbanner has_bg_color\"><div class=\"vc_column-inner us_custom_26a56658\"><div class=\"vc_column-overlay\" style=\"background:rgba(0,0,0,0.70)\"><\/div><div class=\"wpb_wrapper\"><div class=\"g-cols wpb_row via_flex valign_top type_default stacking_default\"><div class=\"vc_col-sm-7 wpb_column vc_column_container\"><div class=\"vc_column-inner\"><div class=\"wpb_wrapper\"><div class=\"wpb_text_column us_custom_6df4bc3a has_text_color\"><div class=\"wpb_wrapper\"><h1><em>Condensation<\/em> dans le double vitrage<\/h1>\n<\/div><\/div><div class=\"w-separator size_small\"><\/div><nav class=\"g-breadcrumbs us_custom_6df4bc3a has_text_color separator_icon align_none\" itemscope itemtype=\"http:\/\/schema.org\/BreadcrumbList\"><div class=\"g-breadcrumbs-item\" itemscope itemprop=\"itemListElement\" itemtype=\"http:\/\/schema.org\/ListItem\"><a itemprop=\"item\" href=\"https:\/\/www.dochyglas.be\/fr\/\"><span itemprop=\"name\">Accueil<\/span><\/a><meta itemprop=\"position\" content=\"1\"\/><\/div><div class=\"g-breadcrumbs-separator\"><i class=\"far fa-angle-right\"><\/i><\/div><div class=\"g-breadcrumbs-item\">Pages<\/div><\/nav><\/div><\/div><\/div><div class=\"vc_col-sm-5 wpb_column vc_column_container\"><div class=\"vc_column-inner\"><div class=\"wpb_wrapper\"><\/div><\/div><\/div><\/div><\/div><\/div><\/div><\/div><\/div><\/section><section class=\"l-section wpb_row height_auto\"><div class=\"l-section-h i-cf\"><div class=\"g-cols vc_row via_flex valign_top type_boxes stacking_default\"><div class=\"vc_col-sm-12 vc_col-lg-6 vc_col-md-6 vc_col-xs-12 wpb_column vc_column_container\"><div class=\"vc_column-inner\"><div class=\"wpb_wrapper\"><div class=\"wpb_text_column\"><div class=\"wpb_wrapper\"><h3><strong>Vous avez de la condensation \u00e0 <em>l\u2019int\u00e9rieur de la vitre<\/em> ? Notre \u00e9quipe d\u2019intervention prendra soin de vous et effectuera le remplacement.<\/strong><\/h3>\n<\/div><\/div><\/div><\/div><\/div><div class=\"vc_col-sm-12 vc_col-lg-6 vc_col-md-6 vc_col-xs-12 wpb_column vc_column_container\"><div class=\"vc_column-inner\"><div class=\"wpb_wrapper\"><div class=\"wpb_text_column\"><div class=\"wpb_wrapper\"><p>Notre \u00e9quipe de r\u00e9paration s\u2019est sp\u00e9cialis\u00e9e dans la r\u00e9solution des probl\u00e8mes de condensation dans les fen\u00eatres. Nous assurons un remplacement professionnel des vitres condens\u00e9es. Cela garantit que vos fen\u00eatres dureront de nombreuses ann\u00e9es et que la vue vers l\u2019ext\u00e9rieur sera \u00e0 nouveau optimale.<\/p>\n<\/div><\/div><div class=\"w-separator size_small\"><\/div><div class=\"w-btn-wrapper align_none\"><a class=\"w-btn us-btn-style_2\" href=\"https:\/\/www.dochyglas.be\/fr\/contact\/\"><span class=\"w-btn-label\">Prendre rendez-vous<\/span><\/a><\/div><\/div><\/div><\/div><\/div><\/div><\/section><section class=\"l-section wpb_row height_small\"><div class=\"l-section-h i-cf\"><div class=\"g-cols vc_row via_flex valign_top type_boxes stacking_default\"><div class=\"vc_col-sm-5 wpb_column vc_column_container imgresp has_bg_color\"><div class=\"vc_column-inner us_custom_3190de6a\"><div class=\"wpb_wrapper\"><\/div><\/div><\/div><div class=\"vc_col-sm-7 wpb_column vc_column_container has_bg_color\"><div class=\"vc_column-inner us_custom_5e134dd3\"><div class=\"wpb_wrapper\"><div class=\"wpb_text_column\"><div class=\"wpb_wrapper\"><h2>Pourquoi r\u00e9m\u00e9dier aux probl\u00e8mes de <em>condensation<\/em> au plus vite ?<\/h2>\n<\/div><\/div><div class=\"w-separator size_small\"><\/div><div class=\"wpb_text_column\"><div class=\"wpb_wrapper\"><p>Du moment que vous avez de l\u2019humidit\u00e9 dans votre vitrage isolant, non seulement vous avez une vue diminu\u00e9e, mais il y a \u00e9galement une chute des valeurs isolantes. Ceci se traduit dans une facture d\u2019\u00e9nergie plus \u00e9lev\u00e9e.<\/p>\n<\/div><\/div><\/div><\/div><\/div><\/div><\/div><\/section><section class=\"l-section wpb_row height_medium\"><div class=\"l-section-h i-cf\"><div class=\"g-cols vc_row via_flex valign_top type_boxes stacking_default\"><div class=\"vc_col-sm-12 wpb_column vc_column_container\"><div class=\"vc_column-inner\"><div class=\"wpb_wrapper\"><div class=\"wpb_text_column us_custom_df3b3b1a\"><div class=\"wpb_wrapper\"><h2>Le processus<\/h2>\n<\/div><\/div><div class=\"w-separator size_medium\"><\/div><div class=\"g-cols wpb_row via_flex valign_top type_default stacking_default\"><div class=\"vc_col-sm-12 vc_col-lg-1\/5 vc_col-md-4 wpb_column vc_column_container\"><div class=\"vc_column-inner\"><div class=\"wpb_wrapper\"><div class=\"wpb_text_column\"><div class=\"wpb_wrapper\"><h6><em>1.<\/em><\/h6>\n<p>Nous \u00e9valuons votre d\u00e9g\u00e2t \u00e0 base de vos informations et photos \u00e9ventuels. <\/p>\n<\/div><\/div><\/div><\/div><\/div><div class=\"vc_col-sm-12 vc_col-lg-1\/5 vc_col-md-4 wpb_column vc_column_container\"><div class=\"vc_column-inner\"><div class=\"wpb_wrapper\"><div class=\"wpb_text_column\"><div class=\"wpb_wrapper\"><h6><em>2.<\/em><\/h6>\n<p>Nous envoyons un technicien pour prendre les mesures et vous envoyons un devis. Un devis provisoire est \u00e9galement possible.<\/p>\n<\/div><\/div><\/div><\/div><\/div><div class=\"vc_col-sm-12 vc_col-lg-1\/5 vc_col-md-4 wpb_column vc_column_container\"><div class=\"vc_column-inner\"><div class=\"wpb_wrapper\"><div class=\"wpb_text_column\"><div class=\"wpb_wrapper\"><h6><em>3.<\/em><\/h6>\n<p>Lors de votre approbation, nous vous envoyons une facture d\u2019acompte. Apr\u00e8s payement de cette facture, votre vitre sera mise en production.<\/p>\n<\/div><\/div><\/div><\/div><\/div><div class=\"vc_col-sm-12 vc_col-lg-1\/5 vc_col-md-4 wpb_column vc_column_container\"><div class=\"vc_column-inner\"><div class=\"wpb_wrapper\"><div class=\"wpb_text_column\"><div class=\"wpb_wrapper\"><h6><em>4.<\/em><\/h6>\n<p>Nous prenons contact pour fixer un rendez-vous pour le remplacement.<\/p>\n<\/div><\/div><\/div><\/div><\/div><div class=\"vc_col-sm-12 vc_col-lg-1\/5 vc_col-md-4 wpb_column vc_column_container\"><div class=\"vc_column-inner\"><div class=\"wpb_wrapper\"><div class=\"wpb_text_column\"><div class=\"wpb_wrapper\"><h6><em>5.<\/em><\/h6>\n<p>Notre \u00e9quipe se rend chez vous pour livrer un service excellent.<\/p>\n<\/div><\/div><\/div><\/div><\/div><\/div><\/div><\/div><\/div><\/div><\/div><\/section><section class=\"l-section wpb_row height_small\"><div class=\"l-section-h i-cf\"><div class=\"g-cols vc_row via_flex valign_middle type_boxes stacking_default\" style=\"--additional-gap:20px;\"><div class=\"vc_col-sm-12 vc_col-lg-6 vc_col-md-6 vc_col-xs-12 wpb_column vc_column_container padbottop has_bg_color\"><div class=\"vc_column-inner us_custom_abb779d7\"><div class=\"vc_column-overlay\" style=\"background:rgba(26,26,26,0.50)\"><\/div><div class=\"wpb_wrapper\"><div class=\"wpb_text_column us_custom_6df4bc3a has_text_color\"><div class=\"wpb_wrapper\"><h2>Bris de glace ?<br \/>\nFaites appel \u00e0 notre service de r\u00e9paration rapide !<\/h2>\n<p>Service d\u2019urgence disponible en Flandre occidentale et d\u00e9lais d\u2019intervention rapides pour l\u2019ensemble de la zone de travail.<\/p>\n<\/div><\/div><div class=\"w-separator size_small\"><\/div><div class=\"w-btn-wrapper align_none\"><a class=\"w-btn us-btn-style_1\" href=\"tel:+3258311253\"><span class=\"w-btn-label\">T\u00e9l: +32 58 31 12 53<\/span><\/a><\/div><\/div><\/div><\/div><div class=\"vc_col-sm-12 vc_col-lg-6 vc_col-md-6 vc_col-xs-12 wpb_column vc_column_container\"><div class=\"vc_column-inner\"><div class=\"wpb_wrapper\"><div class=\"wpb_text_column\"><div class=\"wpb_wrapper\"><h2>Bris de glace ?<br \/>\nFaites appel \u00e0 notre service de r\u00e9paration rapide !<\/h2>\n<\/div><\/div><div class=\"w-separator size_small\"><\/div><div class=\"w-btn-wrapper align_none\"><a class=\"w-btn us-btn-style_2\" href=\"https:\/\/www.dochyglas.be\/fr\/contact\/\"><span class=\"w-btn-label\">Contactez-nous<\/span><\/a><\/div><\/div><\/div><\/div><\/div><\/div><\/section>\n","protected":false},"excerpt":{"rendered":"Condensation dans le double vitrage AccueilPagesVous avez de la condensation \u00e0 l\u2019int\u00e9rieur de la vitre ? Notre \u00e9quipe d\u2019intervention prendra soin de vous et effectuera le remplacement. Notre \u00e9quipe de r\u00e9paration s\u2019est sp\u00e9cialis\u00e9e dans la r\u00e9solution des probl\u00e8mes de condensation dans les fen\u00eatres. Nous assurons un remplacement professionnel des vitres condens\u00e9es. Cela garantit que vos...","protected":false},"author":1,"featured_media":536,"parent":956,"menu_order":1,"comment_status":"closed","ping_status":"closed","template":"","meta":{"footnotes":""},"class_list":["post-953","page","type-page","status-publish","has-post-thumbnail","hentry"],"acf":[],"yoast_head":"<!-- This site is optimized with the Yoast SEO plugin v26.4 - https:\/\/yoast.com\/wordpress\/plugins\/seo\/ -->\n<title>Condensation dans le double vitrage | Dochy Glas<\/title>\n<meta name=\"description\" content=\"Dochy Glas propose des solutions efficaces pour lutter contre la formation de condensation dans votre double vitrage.\" \/>\n<meta name=\"robots\" content=\"index, follow, max-snippet:-1, max-image-preview:large, max-video-preview:-1\" \/>\n<link rel=\"canonical\" href=\"https:\/\/www.dochyglas.be\/fr\/reparation-de-verre\/condensation-dans-le-double-vitrage\/\" \/>\n<meta property=\"og:locale\" content=\"fr_FR\" \/>\n<meta property=\"og:type\" content=\"article\" \/>\n<meta property=\"og:title\" content=\"Condensation dans le double vitrage | Dochy Glas\" \/>\n<meta property=\"og:description\" content=\"Dochy Glas propose des solutions efficaces pour lutter contre la formation de condensation dans votre double vitrage.\" \/>\n<meta property=\"og:url\" content=\"https:\/\/www.dochyglas.be\/fr\/reparation-de-verre\/condensation-dans-le-double-vitrage\/\" \/>\n<meta property=\"og:site_name\" content=\"Dochy Glas\" \/>\n<meta property=\"article:publisher\" content=\"https:\/\/www.facebook.com\/Dochyglas\" \/>\n<meta property=\"article:modified_time\" content=\"2024-08-16T13:29:42+00:00\" \/>\n<meta property=\"og:image\" content=\"https:\/\/www.dochyglas.be\/wp-content\/uploads\/2023\/10\/Raam-met-condensvorming-Dochy-Glas.jpg\" \/>\n\t<meta property=\"og:image:width\" content=\"1254\" \/>\n\t<meta property=\"og:image:height\" content=\"836\" \/>\n\t<meta property=\"og:image:type\" content=\"image\/jpeg\" \/>\n<meta name=\"twitter:card\" content=\"summary_large_image\" \/>\n<meta name=\"twitter:label1\" content=\"Dur\u00e9e de lecture estim\u00e9e\" \/>\n\t<meta name=\"twitter:data1\" content=\"2 minutes\" \/>\n<script type=\"application\/ld+json\" class=\"yoast-schema-graph\">{\"@context\":\"https:\/\/schema.org\",\"@graph\":[{\"@type\":\"WebPage\",\"@id\":\"https:\/\/www.dochyglas.be\/fr\/reparation-de-verre\/condensation-dans-le-double-vitrage\/\",\"url\":\"https:\/\/www.dochyglas.be\/fr\/reparation-de-verre\/condensation-dans-le-double-vitrage\/\",\"name\":\"Condensation dans le double vitrage | Dochy Glas\",\"isPartOf\":{\"@id\":\"https:\/\/www.dochyglas.be\/#website\"},\"primaryImageOfPage\":{\"@id\":\"https:\/\/www.dochyglas.be\/fr\/reparation-de-verre\/condensation-dans-le-double-vitrage\/#primaryimage\"},\"image\":{\"@id\":\"https:\/\/www.dochyglas.be\/fr\/reparation-de-verre\/condensation-dans-le-double-vitrage\/#primaryimage\"},\"thumbnailUrl\":\"https:\/\/www.dochyglas.be\/wp-content\/uploads\/2023\/10\/Raam-met-condensvorming-Dochy-Glas.jpg\",\"datePublished\":\"2023-09-26T07:45:22+00:00\",\"dateModified\":\"2024-08-16T13:29:42+00:00\",\"description\":\"Dochy Glas propose des solutions efficaces pour lutter contre la formation de condensation dans votre double vitrage.\",\"breadcrumb\":{\"@id\":\"https:\/\/www.dochyglas.be\/fr\/reparation-de-verre\/condensation-dans-le-double-vitrage\/#breadcrumb\"},\"inLanguage\":\"fr-FR\",\"potentialAction\":[{\"@type\":\"ReadAction\",\"target\":[\"https:\/\/www.dochyglas.be\/fr\/reparation-de-verre\/condensation-dans-le-double-vitrage\/\"]}]},{\"@type\":\"ImageObject\",\"inLanguage\":\"fr-FR\",\"@id\":\"https:\/\/www.dochyglas.be\/fr\/reparation-de-verre\/condensation-dans-le-double-vitrage\/#primaryimage\",\"url\":\"https:\/\/www.dochyglas.be\/wp-content\/uploads\/2023\/10\/Raam-met-condensvorming-Dochy-Glas.jpg\",\"contentUrl\":\"https:\/\/www.dochyglas.be\/wp-content\/uploads\/2023\/10\/Raam-met-condensvorming-Dochy-Glas.jpg\",\"width\":1254,\"height\":836,\"caption\":\"dubbel glas met condensvorming\"},{\"@type\":\"BreadcrumbList\",\"@id\":\"https:\/\/www.dochyglas.be\/fr\/reparation-de-verre\/condensation-dans-le-double-vitrage\/#breadcrumb\",\"itemListElement\":[{\"@type\":\"ListItem\",\"position\":1,\"name\":\"Home\",\"item\":\"https:\/\/www.dochyglas.be\/fr\/\"},{\"@type\":\"ListItem\",\"position\":2,\"name\":\"R\u00e9paration de verre\",\"item\":\"https:\/\/www.dochyglas.be\/fr\/reparation-de-verre\/\"},{\"@type\":\"ListItem\",\"position\":3,\"name\":\"Condensation dans le double vitrage\"}]},{\"@type\":\"WebSite\",\"@id\":\"https:\/\/www.dochyglas.be\/#website\",\"url\":\"https:\/\/www.dochyglas.be\/\",\"name\":\"Dochy Glas\",\"description\":\"Glass solutions\",\"publisher\":{\"@id\":\"https:\/\/www.dochyglas.be\/#organization\"},\"alternateName\":\"Dochy\",\"potentialAction\":[{\"@type\":\"SearchAction\",\"target\":{\"@type\":\"EntryPoint\",\"urlTemplate\":\"https:\/\/www.dochyglas.be\/?s={search_term_string}\"},\"query-input\":{\"@type\":\"PropertyValueSpecification\",\"valueRequired\":true,\"valueName\":\"search_term_string\"}}],\"inLanguage\":\"fr-FR\"},{\"@type\":\"Organization\",\"@id\":\"https:\/\/www.dochyglas.be\/#organization\",\"name\":\"Dochy Glas\",\"alternateName\":\"Dochy Glass solutions\",\"url\":\"https:\/\/www.dochyglas.be\/\",\"logo\":{\"@type\":\"ImageObject\",\"inLanguage\":\"fr-FR\",\"@id\":\"https:\/\/www.dochyglas.be\/#\/schema\/logo\/image\/\",\"url\":\"https:\/\/www.dochyglas.be\/wp-content\/uploads\/2023\/09\/DochyGlas_logo_kleur-e1695737229567.png\",\"contentUrl\":\"https:\/\/www.dochyglas.be\/wp-content\/uploads\/2023\/09\/DochyGlas_logo_kleur-e1695737229567.png\",\"width\":6853,\"height\":3160,\"caption\":\"Dochy Glas\"},\"image\":{\"@id\":\"https:\/\/www.dochyglas.be\/#\/schema\/logo\/image\/\"},\"sameAs\":[\"https:\/\/www.facebook.com\/Dochyglas\",\"https:\/\/www.instagram.com\/dochyglas\/\"]}]}<\/script>\n<!-- \/ Yoast SEO plugin. -->","yoast_head_json":{"title":"Condensation dans le double vitrage | Dochy Glas","description":"Dochy Glas propose des solutions efficaces pour lutter contre la formation de condensation dans votre double vitrage.","robots":{"index":"index","follow":"follow","max-snippet":"max-snippet:-1","max-image-preview":"max-image-preview:large","max-video-preview":"max-video-preview:-1"},"canonical":"https:\/\/www.dochyglas.be\/fr\/reparation-de-verre\/condensation-dans-le-double-vitrage\/","og_locale":"fr_FR","og_type":"article","og_title":"Condensation dans le double vitrage | Dochy Glas","og_description":"Dochy Glas propose des solutions efficaces pour lutter contre la formation de condensation dans votre double vitrage.","og_url":"https:\/\/www.dochyglas.be\/fr\/reparation-de-verre\/condensation-dans-le-double-vitrage\/","og_site_name":"Dochy Glas","article_publisher":"https:\/\/www.facebook.com\/Dochyglas","article_modified_time":"2024-08-16T13:29:42+00:00","og_image":[{"width":1254,"height":836,"url":"https:\/\/www.dochyglas.be\/wp-content\/uploads\/2023\/10\/Raam-met-condensvorming-Dochy-Glas.jpg","type":"image\/jpeg"}],"twitter_card":"summary_large_image","twitter_misc":{"Dur\u00e9e de lecture estim\u00e9e":"2 minutes"},"schema":{"@context":"https:\/\/schema.org","@graph":[{"@type":"WebPage","@id":"https:\/\/www.dochyglas.be\/fr\/reparation-de-verre\/condensation-dans-le-double-vitrage\/","url":"https:\/\/www.dochyglas.be\/fr\/reparation-de-verre\/condensation-dans-le-double-vitrage\/","name":"Condensation dans le double vitrage | Dochy Glas","isPartOf":{"@id":"https:\/\/www.dochyglas.be\/#website"},"primaryImageOfPage":{"@id":"https:\/\/www.dochyglas.be\/fr\/reparation-de-verre\/condensation-dans-le-double-vitrage\/#primaryimage"},"image":{"@id":"https:\/\/www.dochyglas.be\/fr\/reparation-de-verre\/condensation-dans-le-double-vitrage\/#primaryimage"},"thumbnailUrl":"https:\/\/www.dochyglas.be\/wp-content\/uploads\/2023\/10\/Raam-met-condensvorming-Dochy-Glas.jpg","datePublished":"2023-09-26T07:45:22+00:00","dateModified":"2024-08-16T13:29:42+00:00","description":"Dochy Glas propose des solutions efficaces pour lutter contre la formation de condensation dans votre double vitrage.","breadcrumb":{"@id":"https:\/\/www.dochyglas.be\/fr\/reparation-de-verre\/condensation-dans-le-double-vitrage\/#breadcrumb"},"inLanguage":"fr-FR","potentialAction":[{"@type":"ReadAction","target":["https:\/\/www.dochyglas.be\/fr\/reparation-de-verre\/condensation-dans-le-double-vitrage\/"]}]},{"@type":"ImageObject","inLanguage":"fr-FR","@id":"https:\/\/www.dochyglas.be\/fr\/reparation-de-verre\/condensation-dans-le-double-vitrage\/#primaryimage","url":"https:\/\/www.dochyglas.be\/wp-content\/uploads\/2023\/10\/Raam-met-condensvorming-Dochy-Glas.jpg","contentUrl":"https:\/\/www.dochyglas.be\/wp-content\/uploads\/2023\/10\/Raam-met-condensvorming-Dochy-Glas.jpg","width":1254,"height":836,"caption":"dubbel glas met condensvorming"},{"@type":"BreadcrumbList","@id":"https:\/\/www.dochyglas.be\/fr\/reparation-de-verre\/condensation-dans-le-double-vitrage\/#breadcrumb","itemListElement":[{"@type":"ListItem","position":1,"name":"Home","item":"https:\/\/www.dochyglas.be\/fr\/"},{"@type":"ListItem","position":2,"name":"R\u00e9paration de verre","item":"https:\/\/www.dochyglas.be\/fr\/reparation-de-verre\/"},{"@type":"ListItem","position":3,"name":"Condensation dans le double vitrage"}]},{"@type":"WebSite","@id":"https:\/\/www.dochyglas.be\/#website","url":"https:\/\/www.dochyglas.be\/","name":"Dochy Glas","description":"Glass solutions","publisher":{"@id":"https:\/\/www.dochyglas.be\/#organization"},"alternateName":"Dochy","potentialAction":[{"@type":"SearchAction","target":{"@type":"EntryPoint","urlTemplate":"https:\/\/www.dochyglas.be\/?s={search_term_string}"},"query-input":{"@type":"PropertyValueSpecification","valueRequired":true,"valueName":"search_term_string"}}],"inLanguage":"fr-FR"},{"@type":"Organization","@id":"https:\/\/www.dochyglas.be\/#organization","name":"Dochy Glas","alternateName":"Dochy Glass solutions","url":"https:\/\/www.dochyglas.be\/","logo":{"@type":"ImageObject","inLanguage":"fr-FR","@id":"https:\/\/www.dochyglas.be\/#\/schema\/logo\/image\/","url":"https:\/\/www.dochyglas.be\/wp-content\/uploads\/2023\/09\/DochyGlas_logo_kleur-e1695737229567.png","contentUrl":"https:\/\/www.dochyglas.be\/wp-content\/uploads\/2023\/09\/DochyGlas_logo_kleur-e1695737229567.png","width":6853,"height":3160,"caption":"Dochy Glas"},"image":{"@id":"https:\/\/www.dochyglas.be\/#\/schema\/logo\/image\/"},"sameAs":["https:\/\/www.facebook.com\/Dochyglas","https:\/\/www.instagram.com\/dochyglas\/"]}]}},"_links":{"self":[{"href":"https:\/\/www.dochyglas.be\/fr\/wp-json\/wp\/v2\/pages\/953","targetHints":{"allow":["GET"]}}],"collection":[{"href":"https:\/\/www.dochyglas.be\/fr\/wp-json\/wp\/v2\/pages"}],"about":[{"href":"https:\/\/www.dochyglas.be\/fr\/wp-json\/wp\/v2\/types\/page"}],"author":[{"embeddable":true,"href":"https:\/\/www.dochyglas.be\/fr\/wp-json\/wp\/v2\/users\/1"}],"replies":[{"embeddable":true,"href":"https:\/\/www.dochyglas.be\/fr\/wp-json\/wp\/v2\/comments?post=953"}],"version-history":[{"count":5,"href":"https:\/\/www.dochyglas.be\/fr\/wp-json\/wp\/v2\/pages\/953\/revisions"}],"predecessor-version":[{"id":1498,"href":"https:\/\/www.dochyglas.be\/fr\/wp-json\/wp\/v2\/pages\/953\/revisions\/1498"}],"up":[{"embeddable":true,"href":"https:\/\/www.dochyglas.be\/fr\/wp-json\/wp\/v2\/pages\/956"}],"wp:featuredmedia":[{"embeddable":true,"href":"https:\/\/www.dochyglas.be\/fr\/wp-json\/wp\/v2\/media\/536"}],"wp:attachment":[{"href":"https:\/\/www.dochyglas.be\/fr\/wp-json\/wp\/v2\/media?parent=953"}],"curies":[{"name":"wp","href":"https:\/\/api.w.org\/{rel}","templated":true}]}}