{"id":954,"date":"2023-09-26T09:45:21","date_gmt":"2023-09-26T07:45:21","guid":{"rendered":"https:\/\/www.dochyglas.be\/glasbreuk\/"},"modified":"2024-01-31T12:28:00","modified_gmt":"2024-01-31T10:28:00","slug":"casse-de-vitre","status":"publish","type":"page","link":"https:\/\/www.dochyglas.be\/fr\/reparation-de-verre\/casse-de-vitre\/","title":{"rendered":"Vitre bris\u00e9e"},"content":{"rendered":"<section class=\"l-section wpb_row detail height_auto\"><div class=\"l-section-h i-cf\"><div class=\"g-cols vc_row via_flex valign_bottom type_boxes stacking_default\"><div class=\"vc_col-sm-12 wpb_column vc_column_container minheightbanner has_bg_color\"><div class=\"vc_column-inner us_custom_abb779d7\"><div class=\"vc_column-overlay\" style=\"background:rgba(0,0,0,0.70)\"><\/div><div class=\"wpb_wrapper\"><div class=\"g-cols wpb_row via_flex valign_top type_default stacking_default\"><div class=\"vc_col-sm-7 wpb_column vc_column_container\"><div class=\"vc_column-inner\"><div class=\"wpb_wrapper\"><div class=\"wpb_text_column us_custom_6df4bc3a has_text_color\"><div class=\"wpb_wrapper\"><h1><em>Une vitre bris\u00e9e ?<\/em> Notre service de remplacement est \u00e0 votre disposition!<\/h1>\n<\/div><\/div><div class=\"w-separator size_small\"><\/div><nav class=\"g-breadcrumbs us_custom_6df4bc3a has_text_color separator_icon align_none\" itemscope itemtype=\"http:\/\/schema.org\/BreadcrumbList\"><div class=\"g-breadcrumbs-item\" itemscope itemprop=\"itemListElement\" itemtype=\"http:\/\/schema.org\/ListItem\"><a itemprop=\"item\" href=\"https:\/\/www.dochyglas.be\/fr\/\"><span itemprop=\"name\">Accueil<\/span><\/a><meta itemprop=\"position\" content=\"1\"\/><\/div><div class=\"g-breadcrumbs-separator\"><i class=\"far fa-angle-right\"><\/i><\/div><div class=\"g-breadcrumbs-item\">Pages<\/div><\/nav><\/div><\/div><\/div><div class=\"vc_col-sm-5 wpb_column vc_column_container\"><div class=\"vc_column-inner\"><div class=\"wpb_wrapper\"><\/div><\/div><\/div><\/div><\/div><\/div><\/div><\/div><\/div><\/section><section class=\"l-section wpb_row height_auto\"><div class=\"l-section-h i-cf\"><div class=\"g-cols vc_row via_flex valign_top type_boxes stacking_default\"><div class=\"vc_col-sm-12 vc_col-lg-6 vc_col-md-6 vc_col-xs-12 wpb_column vc_column_container\"><div class=\"vc_column-inner\"><div class=\"wpb_wrapper\"><div class=\"wpb_text_column\"><div class=\"wpb_wrapper\"><p>Nos techniciens sont \u00e0 votre disposition pour un service efficace. S\u2019il s\u2019ag\u00eet d\u2019une vitre cass\u00e9e ou d\u2019un dossier complexe, nous vous offrons une solution.<\/p>\n<p>Nous travaillons avec tous types de vitrages : simple vitrage, vitrage superisolants, vitrage anti-solaire, vitrage de s\u00e9curit\u00e9, etc.<\/p>\n<\/div><\/div><\/div><\/div><\/div><div class=\"vc_col-sm-12 vc_col-lg-6 vc_col-md-6 vc_col-xs-12 wpb_column vc_column_container\"><div class=\"vc_column-inner\"><div class=\"wpb_wrapper\"><div class=\"wpb_text_column\"><div class=\"wpb_wrapper\"><p>Notre technicien se rendra chez vous, et une proposition ad\u00e9quate vous sera envoy\u00e9e. En cas d\u2019urgence, nous pouvons vous faire un devis sur la base vos informations.<\/p>\n<\/div><\/div><div class=\"w-separator size_small\"><\/div><div class=\"w-btn-wrapper align_none\"><a class=\"w-btn us-btn-style_2\" href=\"https:\/\/www.dochyglas.be\/fr\/contact\/\"><span class=\"w-btn-label\">Contactez-nous<\/span><\/a><\/div><\/div><\/div><\/div><\/div><\/div><\/section><section class=\"l-section wpb_row height_small\"><div class=\"l-section-h i-cf\"><div class=\"g-cols vc_row via_flex valign_top type_boxes stacking_default\"><div class=\"vc_col-sm-5 wpb_column vc_column_container imgresp has_bg_color\"><div class=\"vc_column-inner us_custom_7a7b7c78\"><div class=\"wpb_wrapper\"><\/div><\/div><\/div><div class=\"vc_col-sm-7 wpb_column vc_column_container has_bg_color\"><div class=\"vc_column-inner us_custom_5e134dd3\"><div class=\"wpb_wrapper\"><div class=\"wpb_text_column\"><div class=\"wpb_wrapper\"><h3>Le processus ?<\/h3>\n<\/div><\/div><div class=\"w-separator size_small\"><\/div><div class=\"wpb_text_column\"><div class=\"wpb_wrapper\"><ol>\n<li>Nous \u00e9valuons votre d\u00e9g\u00e2t \u00e0 base de vos informations et photos \u00e9ventuels.<\/li>\n<li>Nous envoyons un technicien pour prendre les mesures et vous envoyons un devis. Un devis provisoire est \u00e9galement possible.<\/li>\n<li>Lors de votre approbation, nous vous envoyons une facture d\u2019acompte. Apr\u00e8s payement de cette facture, votre vitre sera mise en production.<\/li>\n<li>Nous prenons contact pour fixer un rendez-vous pour le remplacement.<\/li>\n<li>Notre \u00e9quipe se rend chez vous pour livrer un service excellent.<\/li>\n<\/ol>\n<\/div><\/div><\/div><\/div><\/div><\/div><\/div><\/section><section class=\"l-section wpb_row height_auto\"><div class=\"l-section-h i-cf\"><div class=\"g-cols vc_row via_flex valign_top type_boxes stacking_default\"><div class=\"vc_col-sm-12 vc_col-lg-6 vc_col-md-6 vc_col-xs-12 wpb_column vc_column_container\"><div class=\"vc_column-inner\"><div class=\"wpb_wrapper\"><div class=\"wpb_text_column\"><div class=\"wpb_wrapper\"><h3>Enl\u00e8vement dans notre magasin<\/h3>\n<p>Vous \u00eates libres d\u2019enlever les vitres command\u00e9s pour pose par vos propres soins.<\/p>\n<ul>\n<li>R\u00e9paration rapide<\/li>\n<li>Pas de frais de d\u00e9m\u00e9nagement<\/li>\n<li>Pas de frais d&rsquo;installation<\/li>\n<\/ul>\n<\/div><\/div><div class=\"w-separator size_small with_line width_default thick_1 style_solid color_border align_center\"><div class=\"w-separator-h\"><\/div><\/div><div class=\"wpb_text_column\"><div class=\"wpb_wrapper\"><h6><span style=\"text-decoration: underline;\"><a href=\"https:\/\/www.dochyglas.be\/fr\/primes-et-assurances\/\">Assurances et administration<\/a><\/span><\/h6>\n<\/div><\/div><\/div><\/div><\/div><div class=\"vc_col-sm-12 vc_col-lg-6 vc_col-md-6 vc_col-xs-12 wpb_column vc_column_container\"><div class=\"vc_column-inner\"><div class=\"wpb_wrapper\"><div class=\"wpb_text_column\"><div class=\"wpb_wrapper\"><h3>R\u00e9parations urgentes<\/h3>\n<p>Dochy Glas fournit \u00e9galement un service d\u2019urgence. Si vous faites face \u00e0 une situation d\u2019urgence, comme un cambriolage ou un accident, nous prenons les mesures provisoires dans l\u2019attente du remplacement d\u00e9finitif.<\/p>\n<\/div><\/div><div class=\"w-separator size_small\"><\/div><div class=\"w-btn-wrapper align_none\"><a class=\"w-btn us-btn-style_2\" href=\"https:\/\/www.dochyglas.be\/fr\/contact\/\"><span class=\"w-btn-label\">Contactez-nous<\/span><\/a><\/div><\/div><\/div><\/div><\/div><\/div><\/section>\n","protected":false},"excerpt":{"rendered":"Une vitre bris\u00e9e ? Notre service de remplacement est \u00e0 votre disposition! AccueilPagesNos techniciens sont \u00e0 votre disposition pour un service efficace. S\u2019il s\u2019ag\u00eet d\u2019une vitre cass\u00e9e ou d\u2019un dossier complexe, nous vous offrons une solution. Nous travaillons avec tous types de vitrages : simple vitrage, vitrage superisolants, vitrage anti-solaire, vitrage de s\u00e9curit\u00e9, etc. Notre...","protected":false},"author":1,"featured_media":235,"parent":956,"menu_order":0,"comment_status":"closed","ping_status":"closed","template":"","meta":{"footnotes":""},"class_list":["post-954","page","type-page","status-publish","has-post-thumbnail","hentry"],"acf":[],"yoast_head":"<!-- This site is optimized with the Yoast SEO plugin v26.4 - https:\/\/yoast.com\/wordpress\/plugins\/seo\/ -->\n<title>Une vitre bris\u00e9e? | Dochy Glas<\/title>\n<meta name=\"description\" content=\"Besoin de remplacer une vitre bris\u00e9e ? Dochy Glas intervient rapidement pour r\u00e9parer ou remplacer vos fen\u00eatres, portes et autres vitrages\" \/>\n<meta name=\"robots\" content=\"index, follow, max-snippet:-1, max-image-preview:large, max-video-preview:-1\" \/>\n<link rel=\"canonical\" href=\"https:\/\/www.dochyglas.be\/fr\/reparation-de-verre\/casse-de-vitre\/\" \/>\n<meta property=\"og:locale\" content=\"fr_FR\" \/>\n<meta property=\"og:type\" content=\"article\" \/>\n<meta property=\"og:title\" content=\"Une vitre bris\u00e9e? | Dochy Glas\" \/>\n<meta property=\"og:description\" content=\"Besoin de remplacer une vitre bris\u00e9e ? Dochy Glas intervient rapidement pour r\u00e9parer ou remplacer vos fen\u00eatres, portes et autres vitrages\" \/>\n<meta property=\"og:url\" content=\"https:\/\/www.dochyglas.be\/fr\/reparation-de-verre\/casse-de-vitre\/\" \/>\n<meta property=\"og:site_name\" content=\"Dochy Glas\" \/>\n<meta property=\"article:publisher\" content=\"https:\/\/www.facebook.com\/Dochyglas\" \/>\n<meta property=\"article:modified_time\" content=\"2024-01-31T10:28:00+00:00\" \/>\n<meta property=\"og:image\" content=\"https:\/\/www.dochyglas.be\/wp-content\/uploads\/2023\/09\/Dochy_glas-e1697546127991.jpg\" \/>\n\t<meta property=\"og:image:width\" content=\"2000\" \/>\n\t<meta property=\"og:image:height\" content=\"1330\" \/>\n\t<meta property=\"og:image:type\" content=\"image\/jpeg\" \/>\n<meta name=\"twitter:card\" content=\"summary_large_image\" \/>\n<meta name=\"twitter:label1\" content=\"Dur\u00e9e de lecture estim\u00e9e\" \/>\n\t<meta name=\"twitter:data1\" content=\"2 minutes\" \/>\n<script type=\"application\/ld+json\" class=\"yoast-schema-graph\">{\"@context\":\"https:\/\/schema.org\",\"@graph\":[{\"@type\":\"WebPage\",\"@id\":\"https:\/\/www.dochyglas.be\/fr\/reparation-de-verre\/casse-de-vitre\/\",\"url\":\"https:\/\/www.dochyglas.be\/fr\/reparation-de-verre\/casse-de-vitre\/\",\"name\":\"Une vitre bris\u00e9e? | Dochy Glas\",\"isPartOf\":{\"@id\":\"https:\/\/www.dochyglas.be\/#website\"},\"primaryImageOfPage\":{\"@id\":\"https:\/\/www.dochyglas.be\/fr\/reparation-de-verre\/casse-de-vitre\/#primaryimage\"},\"image\":{\"@id\":\"https:\/\/www.dochyglas.be\/fr\/reparation-de-verre\/casse-de-vitre\/#primaryimage\"},\"thumbnailUrl\":\"https:\/\/www.dochyglas.be\/wp-content\/uploads\/2023\/09\/Dochy_glas-e1697546127991.jpg\",\"datePublished\":\"2023-09-26T07:45:21+00:00\",\"dateModified\":\"2024-01-31T10:28:00+00:00\",\"description\":\"Besoin de remplacer une vitre bris\u00e9e ? Dochy Glas intervient rapidement pour r\u00e9parer ou remplacer vos fen\u00eatres, portes et autres vitrages\",\"breadcrumb\":{\"@id\":\"https:\/\/www.dochyglas.be\/fr\/reparation-de-verre\/casse-de-vitre\/#breadcrumb\"},\"inLanguage\":\"fr-FR\",\"potentialAction\":[{\"@type\":\"ReadAction\",\"target\":[\"https:\/\/www.dochyglas.be\/fr\/reparation-de-verre\/casse-de-vitre\/\"]}]},{\"@type\":\"ImageObject\",\"inLanguage\":\"fr-FR\",\"@id\":\"https:\/\/www.dochyglas.be\/fr\/reparation-de-verre\/casse-de-vitre\/#primaryimage\",\"url\":\"https:\/\/www.dochyglas.be\/wp-content\/uploads\/2023\/09\/Dochy_glas-e1697546127991.jpg\",\"contentUrl\":\"https:\/\/www.dochyglas.be\/wp-content\/uploads\/2023\/09\/Dochy_glas-e1697546127991.jpg\",\"width\":2000,\"height\":1330,\"caption\":\"Broken glass on a wooden window frame.\"},{\"@type\":\"BreadcrumbList\",\"@id\":\"https:\/\/www.dochyglas.be\/fr\/reparation-de-verre\/casse-de-vitre\/#breadcrumb\",\"itemListElement\":[{\"@type\":\"ListItem\",\"position\":1,\"name\":\"Home\",\"item\":\"https:\/\/www.dochyglas.be\/fr\/\"},{\"@type\":\"ListItem\",\"position\":2,\"name\":\"R\u00e9paration de verre\",\"item\":\"https:\/\/www.dochyglas.be\/fr\/reparation-de-verre\/\"},{\"@type\":\"ListItem\",\"position\":3,\"name\":\"Vitre bris\u00e9e\"}]},{\"@type\":\"WebSite\",\"@id\":\"https:\/\/www.dochyglas.be\/#website\",\"url\":\"https:\/\/www.dochyglas.be\/\",\"name\":\"Dochy Glas\",\"description\":\"Glass solutions\",\"publisher\":{\"@id\":\"https:\/\/www.dochyglas.be\/#organization\"},\"alternateName\":\"Dochy\",\"potentialAction\":[{\"@type\":\"SearchAction\",\"target\":{\"@type\":\"EntryPoint\",\"urlTemplate\":\"https:\/\/www.dochyglas.be\/?s={search_term_string}\"},\"query-input\":{\"@type\":\"PropertyValueSpecification\",\"valueRequired\":true,\"valueName\":\"search_term_string\"}}],\"inLanguage\":\"fr-FR\"},{\"@type\":\"Organization\",\"@id\":\"https:\/\/www.dochyglas.be\/#organization\",\"name\":\"Dochy Glas\",\"alternateName\":\"Dochy Glass solutions\",\"url\":\"https:\/\/www.dochyglas.be\/\",\"logo\":{\"@type\":\"ImageObject\",\"inLanguage\":\"fr-FR\",\"@id\":\"https:\/\/www.dochyglas.be\/#\/schema\/logo\/image\/\",\"url\":\"https:\/\/www.dochyglas.be\/wp-content\/uploads\/2023\/09\/DochyGlas_logo_kleur-e1695737229567.png\",\"contentUrl\":\"https:\/\/www.dochyglas.be\/wp-content\/uploads\/2023\/09\/DochyGlas_logo_kleur-e1695737229567.png\",\"width\":6853,\"height\":3160,\"caption\":\"Dochy Glas\"},\"image\":{\"@id\":\"https:\/\/www.dochyglas.be\/#\/schema\/logo\/image\/\"},\"sameAs\":[\"https:\/\/www.facebook.com\/Dochyglas\",\"https:\/\/www.instagram.com\/dochyglas\/\"]}]}<\/script>\n<!-- \/ Yoast SEO plugin. -->","yoast_head_json":{"title":"Une vitre bris\u00e9e? | Dochy Glas","description":"Besoin de remplacer une vitre bris\u00e9e ? Dochy Glas intervient rapidement pour r\u00e9parer ou remplacer vos fen\u00eatres, portes et autres vitrages","robots":{"index":"index","follow":"follow","max-snippet":"max-snippet:-1","max-image-preview":"max-image-preview:large","max-video-preview":"max-video-preview:-1"},"canonical":"https:\/\/www.dochyglas.be\/fr\/reparation-de-verre\/casse-de-vitre\/","og_locale":"fr_FR","og_type":"article","og_title":"Une vitre bris\u00e9e? | Dochy Glas","og_description":"Besoin de remplacer une vitre bris\u00e9e ? Dochy Glas intervient rapidement pour r\u00e9parer ou remplacer vos fen\u00eatres, portes et autres vitrages","og_url":"https:\/\/www.dochyglas.be\/fr\/reparation-de-verre\/casse-de-vitre\/","og_site_name":"Dochy Glas","article_publisher":"https:\/\/www.facebook.com\/Dochyglas","article_modified_time":"2024-01-31T10:28:00+00:00","og_image":[{"width":2000,"height":1330,"url":"https:\/\/www.dochyglas.be\/wp-content\/uploads\/2023\/09\/Dochy_glas-e1697546127991.jpg","type":"image\/jpeg"}],"twitter_card":"summary_large_image","twitter_misc":{"Dur\u00e9e de lecture estim\u00e9e":"2 minutes"},"schema":{"@context":"https:\/\/schema.org","@graph":[{"@type":"WebPage","@id":"https:\/\/www.dochyglas.be\/fr\/reparation-de-verre\/casse-de-vitre\/","url":"https:\/\/www.dochyglas.be\/fr\/reparation-de-verre\/casse-de-vitre\/","name":"Une vitre bris\u00e9e? | Dochy Glas","isPartOf":{"@id":"https:\/\/www.dochyglas.be\/#website"},"primaryImageOfPage":{"@id":"https:\/\/www.dochyglas.be\/fr\/reparation-de-verre\/casse-de-vitre\/#primaryimage"},"image":{"@id":"https:\/\/www.dochyglas.be\/fr\/reparation-de-verre\/casse-de-vitre\/#primaryimage"},"thumbnailUrl":"https:\/\/www.dochyglas.be\/wp-content\/uploads\/2023\/09\/Dochy_glas-e1697546127991.jpg","datePublished":"2023-09-26T07:45:21+00:00","dateModified":"2024-01-31T10:28:00+00:00","description":"Besoin de remplacer une vitre bris\u00e9e ? Dochy Glas intervient rapidement pour r\u00e9parer ou remplacer vos fen\u00eatres, portes et autres vitrages","breadcrumb":{"@id":"https:\/\/www.dochyglas.be\/fr\/reparation-de-verre\/casse-de-vitre\/#breadcrumb"},"inLanguage":"fr-FR","potentialAction":[{"@type":"ReadAction","target":["https:\/\/www.dochyglas.be\/fr\/reparation-de-verre\/casse-de-vitre\/"]}]},{"@type":"ImageObject","inLanguage":"fr-FR","@id":"https:\/\/www.dochyglas.be\/fr\/reparation-de-verre\/casse-de-vitre\/#primaryimage","url":"https:\/\/www.dochyglas.be\/wp-content\/uploads\/2023\/09\/Dochy_glas-e1697546127991.jpg","contentUrl":"https:\/\/www.dochyglas.be\/wp-content\/uploads\/2023\/09\/Dochy_glas-e1697546127991.jpg","width":2000,"height":1330,"caption":"Broken glass on a wooden window frame."},{"@type":"BreadcrumbList","@id":"https:\/\/www.dochyglas.be\/fr\/reparation-de-verre\/casse-de-vitre\/#breadcrumb","itemListElement":[{"@type":"ListItem","position":1,"name":"Home","item":"https:\/\/www.dochyglas.be\/fr\/"},{"@type":"ListItem","position":2,"name":"R\u00e9paration de verre","item":"https:\/\/www.dochyglas.be\/fr\/reparation-de-verre\/"},{"@type":"ListItem","position":3,"name":"Vitre bris\u00e9e"}]},{"@type":"WebSite","@id":"https:\/\/www.dochyglas.be\/#website","url":"https:\/\/www.dochyglas.be\/","name":"Dochy Glas","description":"Glass solutions","publisher":{"@id":"https:\/\/www.dochyglas.be\/#organization"},"alternateName":"Dochy","potentialAction":[{"@type":"SearchAction","target":{"@type":"EntryPoint","urlTemplate":"https:\/\/www.dochyglas.be\/?s={search_term_string}"},"query-input":{"@type":"PropertyValueSpecification","valueRequired":true,"valueName":"search_term_string"}}],"inLanguage":"fr-FR"},{"@type":"Organization","@id":"https:\/\/www.dochyglas.be\/#organization","name":"Dochy Glas","alternateName":"Dochy Glass solutions","url":"https:\/\/www.dochyglas.be\/","logo":{"@type":"ImageObject","inLanguage":"fr-FR","@id":"https:\/\/www.dochyglas.be\/#\/schema\/logo\/image\/","url":"https:\/\/www.dochyglas.be\/wp-content\/uploads\/2023\/09\/DochyGlas_logo_kleur-e1695737229567.png","contentUrl":"https:\/\/www.dochyglas.be\/wp-content\/uploads\/2023\/09\/DochyGlas_logo_kleur-e1695737229567.png","width":6853,"height":3160,"caption":"Dochy Glas"},"image":{"@id":"https:\/\/www.dochyglas.be\/#\/schema\/logo\/image\/"},"sameAs":["https:\/\/www.facebook.com\/Dochyglas","https:\/\/www.instagram.com\/dochyglas\/"]}]}},"_links":{"self":[{"href":"https:\/\/www.dochyglas.be\/fr\/wp-json\/wp\/v2\/pages\/954","targetHints":{"allow":["GET"]}}],"collection":[{"href":"https:\/\/www.dochyglas.be\/fr\/wp-json\/wp\/v2\/pages"}],"about":[{"href":"https:\/\/www.dochyglas.be\/fr\/wp-json\/wp\/v2\/types\/page"}],"author":[{"embeddable":true,"href":"https:\/\/www.dochyglas.be\/fr\/wp-json\/wp\/v2\/users\/1"}],"replies":[{"embeddable":true,"href":"https:\/\/www.dochyglas.be\/fr\/wp-json\/wp\/v2\/comments?post=954"}],"version-history":[{"count":6,"href":"https:\/\/www.dochyglas.be\/fr\/wp-json\/wp\/v2\/pages\/954\/revisions"}],"predecessor-version":[{"id":1373,"href":"https:\/\/www.dochyglas.be\/fr\/wp-json\/wp\/v2\/pages\/954\/revisions\/1373"}],"up":[{"embeddable":true,"href":"https:\/\/www.dochyglas.be\/fr\/wp-json\/wp\/v2\/pages\/956"}],"wp:featuredmedia":[{"embeddable":true,"href":"https:\/\/www.dochyglas.be\/fr\/wp-json\/wp\/v2\/media\/235"}],"wp:attachment":[{"href":"https:\/\/www.dochyglas.be\/fr\/wp-json\/wp\/v2\/media?parent=954"}],"curies":[{"name":"wp","href":"https:\/\/api.w.org\/{rel}","templated":true}]}}