{"id":955,"date":"2023-09-26T09:44:20","date_gmt":"2023-09-26T07:44:20","guid":{"rendered":"https:\/\/www.dochyglas.be\/privacy-policy\/"},"modified":"2023-12-15T16:27:24","modified_gmt":"2023-12-15T14:27:24","slug":"privacy-policy","status":"publish","type":"page","link":"https:\/\/www.dochyglas.be\/fr\/privacy-policy\/","title":{"rendered":"Privacy policy"},"content":{"rendered":"<section class=\"l-section wpb_row height_auto\"><div class=\"l-section-h i-cf\"><div class=\"g-cols vc_row via_flex valign_top type_default stacking_default\"><div class=\"vc_col-sm-3 wpb_column vc_column_container\"><div class=\"vc_column-inner\"><div class=\"wpb_wrapper\"><\/div><\/div><\/div><div class=\"vc_col-sm-6 wpb_column vc_column_container\"><div class=\"vc_column-inner\"><div class=\"wpb_wrapper\"><div class=\"wpb_text_column\"><div class=\"wpb_wrapper\"><header class=\"article-header clearfix\">\n<h1 class=\"article-title\">Privacy Policy<\/h1>\n<\/header>\n<section class=\"article-content clearfix\"><strong>Nos coordonn\u00e9es<\/strong><br \/>\nDochy Glas sprl, ci-apr\u00e9s Dochy Glas<br \/>\nNijverheidsstraat 7<br \/>\n8630 Veurne<br \/>\nBE 0891 496 613<br \/>\n<span id=\"cloak0a0839073599beb56b42a0fcb3f0c4c6\"><a href=\"mailto:info@dochyglas.be\">info@dochyglas.be<\/a><\/span>Vous pouvez visiter ce site web et consulter des informations sur notre entreprise, nos produits et services, sans nous donner des informations personnelles. Par contre, si vous souhaitez nous contacter p. ex. par le formulaire de contact, il vous faudra nous communiquer vos donn\u00e9es personnelles. Chaque fois que vous donnez des informations personnelles, Dochy Glas les traitera conform\u00e9ment \u00e0 la politique d\u00e9crite dans le pr\u00e9sent texte et aux dispositions l\u00e9gales relatives au traitement de donn\u00e9es \u00e0 caract\u00e8re personnel.<\/p>\n<h4>1. Traitement confidentiel des donn\u00e9es personnelles<\/h4>\n<p>Les donn\u00e9es personnelles collect\u00e9es par Dochy Glas, sont stock\u00e9es dans un environnement s\u00e9curis\u00e9 qui n\u2019est pas accessible au public. Le fichier ne peut \u00eatre consult\u00e9 que par un nombre limit\u00e9 de personnes employ\u00e9es par Dochy Glas, qui ont besoin de ces informations pour l\u2019exercice de leur fonction. Les informations ne sont utilis\u00e9es qu\u2019\u00e0 des fins internes. Dochy Glas ne transmet pas de donn\u00e9es personnelles \u00e0 des tiers, sauf pour satisfaire aux obligations l\u00e9gales ou en cas de demande explicite des autorit\u00e9s judiciaires ou polici\u00e8res. Dans le cas exceptionnel o\u00f9 Dochy Glas transmettrait quand m\u00eame des donn\u00e9es personnelles \u00e0 des organisations ou entreprises avec lesquelles il collabore, cela sera explicitement mentionn\u00e9 ou Dochy Glas vous demandera explicitement votre autorisation. En cas de fuite de donn\u00e9es, Dochy Glas le signalera dans les 72 heures \u00e0 la Commission de la vie priv\u00e9e, sauf si Dochy Glas peut prouver qu\u2019il n\u2019y a aucun risque pour les renseignements personnels recueillis.<\/p>\n<h4>2. Objectif du traitement<\/h4>\n<p>Dochy Glas utilise les donn\u00e9es personnelles collect\u00e9es pour vous identifier, pour entrer en contact avec vous ou vous offrir un service optimal. Les donn\u00e9es peuvent \u00e9galement \u00eatre utilis\u00e9es pour vous informer sur les nouveaut\u00e9s, les nouveaux produits et services de Dochy Glas. Si vous ne souhaitez pas recevoir de telles informations, vous pouvez le signaler par mail ou simple courrier \u00e0 Dochy Glas.<\/p>\n<h4>3. Autorisation de traitement<\/h4>\n<p>En fournissant vos donn\u00e9es personnelles \u00e0 Dochy Glas, vous lui donnez l\u2019autorisation explicite de les traiter aux fins \u00e9nonc\u00e9es ci-dessus. Si Dochy Glas souhaite utiliser vos donn\u00e9es personnelles \u00e0 d\u2019autres fins ou les communiquer \u00e0 des organisations ou entreprises avec lesquelles il collabore, il vous demandera votre consentement explicite. Vous pouvez vous y opposer.<\/p>\n<h4>4. Droits d\u2019acc\u00e8s, de rectification et de suppression des donn\u00e9es personnelles<\/h4>\n<p>Vous avez le droit d\u2019acc\u00e9der aux informations vous concernant enregistr\u00e9es par Dochy Glas et de modifier des donn\u00e9es qui seraient inexactes ou incompl\u00e8tes. En outre, vous pouvez \u00e0 tout moment demander de supprimer vos donn\u00e9es personnelles du fichier de Dochy Glas. Pour ce faire, vous pouvez vous adresser par mail ou simple courrier \u00e0 Dochy Glas.<\/p>\n<\/section>\n<\/div><\/div><\/div><\/div><\/div><div class=\"vc_col-sm-3 wpb_column vc_column_container\"><div class=\"vc_column-inner\"><div class=\"wpb_wrapper\"><\/div><\/div><\/div><\/div><\/div><\/section>\n","protected":false},"excerpt":{"rendered":"Privacy Policy Nos coordonn\u00e9es Dochy Glas sprl, ci-apr\u00e9s Dochy Glas Nijverheidsstraat 7 8630 Veurne BE 0891 496 613 info@dochyglas.beVous pouvez visiter ce site web et consulter des informations sur notre entreprise, nos produits et services, sans nous donner des informations personnelles. Par contre, si vous souhaitez nous contacter p. ex. par le formulaire de contact,...","protected":false},"author":1,"featured_media":0,"parent":0,"menu_order":13,"comment_status":"closed","ping_status":"closed","template":"","meta":{"footnotes":""},"class_list":["post-955","page","type-page","status-publish","hentry"],"acf":[],"yoast_head":"<!-- This site is optimized with the Yoast SEO plugin v26.4 - https:\/\/yoast.com\/wordpress\/plugins\/seo\/ -->\n<title>Privacy policy - Dochy Glas<\/title>\n<meta name=\"robots\" content=\"index, follow, max-snippet:-1, max-image-preview:large, max-video-preview:-1\" \/>\n<link rel=\"canonical\" href=\"https:\/\/www.dochyglas.be\/fr\/privacy-policy\/\" \/>\n<meta property=\"og:locale\" content=\"fr_FR\" \/>\n<meta property=\"og:type\" content=\"article\" \/>\n<meta property=\"og:title\" content=\"Privacy policy - Dochy Glas\" \/>\n<meta property=\"og:url\" content=\"https:\/\/www.dochyglas.be\/fr\/privacy-policy\/\" \/>\n<meta property=\"og:site_name\" content=\"Dochy Glas\" \/>\n<meta property=\"article:publisher\" content=\"https:\/\/www.facebook.com\/Dochyglas\" \/>\n<meta property=\"article:modified_time\" content=\"2023-12-15T14:27:24+00:00\" \/>\n<meta name=\"twitter:card\" content=\"summary_large_image\" \/>\n<script type=\"application\/ld+json\" class=\"yoast-schema-graph\">{\"@context\":\"https:\/\/schema.org\",\"@graph\":[{\"@type\":\"WebPage\",\"@id\":\"https:\/\/www.dochyglas.be\/fr\/privacy-policy\/\",\"url\":\"https:\/\/www.dochyglas.be\/fr\/privacy-policy\/\",\"name\":\"Privacy policy - Dochy Glas\",\"isPartOf\":{\"@id\":\"https:\/\/www.dochyglas.be\/#website\"},\"datePublished\":\"2023-09-26T07:44:20+00:00\",\"dateModified\":\"2023-12-15T14:27:24+00:00\",\"breadcrumb\":{\"@id\":\"https:\/\/www.dochyglas.be\/fr\/privacy-policy\/#breadcrumb\"},\"inLanguage\":\"fr-FR\",\"potentialAction\":[{\"@type\":\"ReadAction\",\"target\":[\"https:\/\/www.dochyglas.be\/fr\/privacy-policy\/\"]}]},{\"@type\":\"BreadcrumbList\",\"@id\":\"https:\/\/www.dochyglas.be\/fr\/privacy-policy\/#breadcrumb\",\"itemListElement\":[{\"@type\":\"ListItem\",\"position\":1,\"name\":\"Home\",\"item\":\"https:\/\/www.dochyglas.be\/fr\/\"},{\"@type\":\"ListItem\",\"position\":2,\"name\":\"Privacy policy\"}]},{\"@type\":\"WebSite\",\"@id\":\"https:\/\/www.dochyglas.be\/#website\",\"url\":\"https:\/\/www.dochyglas.be\/\",\"name\":\"Dochy Glas\",\"description\":\"Glass solutions\",\"publisher\":{\"@id\":\"https:\/\/www.dochyglas.be\/#organization\"},\"alternateName\":\"Dochy\",\"potentialAction\":[{\"@type\":\"SearchAction\",\"target\":{\"@type\":\"EntryPoint\",\"urlTemplate\":\"https:\/\/www.dochyglas.be\/?s={search_term_string}\"},\"query-input\":{\"@type\":\"PropertyValueSpecification\",\"valueRequired\":true,\"valueName\":\"search_term_string\"}}],\"inLanguage\":\"fr-FR\"},{\"@type\":\"Organization\",\"@id\":\"https:\/\/www.dochyglas.be\/#organization\",\"name\":\"Dochy Glas\",\"alternateName\":\"Dochy Glass solutions\",\"url\":\"https:\/\/www.dochyglas.be\/\",\"logo\":{\"@type\":\"ImageObject\",\"inLanguage\":\"fr-FR\",\"@id\":\"https:\/\/www.dochyglas.be\/#\/schema\/logo\/image\/\",\"url\":\"https:\/\/www.dochyglas.be\/wp-content\/uploads\/2023\/09\/DochyGlas_logo_kleur-e1695737229567.png\",\"contentUrl\":\"https:\/\/www.dochyglas.be\/wp-content\/uploads\/2023\/09\/DochyGlas_logo_kleur-e1695737229567.png\",\"width\":6853,\"height\":3160,\"caption\":\"Dochy Glas\"},\"image\":{\"@id\":\"https:\/\/www.dochyglas.be\/#\/schema\/logo\/image\/\"},\"sameAs\":[\"https:\/\/www.facebook.com\/Dochyglas\",\"https:\/\/www.instagram.com\/dochyglas\/\"]}]}<\/script>\n<!-- \/ Yoast SEO plugin. -->","yoast_head_json":{"title":"Privacy policy - Dochy Glas","robots":{"index":"index","follow":"follow","max-snippet":"max-snippet:-1","max-image-preview":"max-image-preview:large","max-video-preview":"max-video-preview:-1"},"canonical":"https:\/\/www.dochyglas.be\/fr\/privacy-policy\/","og_locale":"fr_FR","og_type":"article","og_title":"Privacy policy - Dochy Glas","og_url":"https:\/\/www.dochyglas.be\/fr\/privacy-policy\/","og_site_name":"Dochy Glas","article_publisher":"https:\/\/www.facebook.com\/Dochyglas","article_modified_time":"2023-12-15T14:27:24+00:00","twitter_card":"summary_large_image","schema":{"@context":"https:\/\/schema.org","@graph":[{"@type":"WebPage","@id":"https:\/\/www.dochyglas.be\/fr\/privacy-policy\/","url":"https:\/\/www.dochyglas.be\/fr\/privacy-policy\/","name":"Privacy policy - Dochy Glas","isPartOf":{"@id":"https:\/\/www.dochyglas.be\/#website"},"datePublished":"2023-09-26T07:44:20+00:00","dateModified":"2023-12-15T14:27:24+00:00","breadcrumb":{"@id":"https:\/\/www.dochyglas.be\/fr\/privacy-policy\/#breadcrumb"},"inLanguage":"fr-FR","potentialAction":[{"@type":"ReadAction","target":["https:\/\/www.dochyglas.be\/fr\/privacy-policy\/"]}]},{"@type":"BreadcrumbList","@id":"https:\/\/www.dochyglas.be\/fr\/privacy-policy\/#breadcrumb","itemListElement":[{"@type":"ListItem","position":1,"name":"Home","item":"https:\/\/www.dochyglas.be\/fr\/"},{"@type":"ListItem","position":2,"name":"Privacy policy"}]},{"@type":"WebSite","@id":"https:\/\/www.dochyglas.be\/#website","url":"https:\/\/www.dochyglas.be\/","name":"Dochy Glas","description":"Glass solutions","publisher":{"@id":"https:\/\/www.dochyglas.be\/#organization"},"alternateName":"Dochy","potentialAction":[{"@type":"SearchAction","target":{"@type":"EntryPoint","urlTemplate":"https:\/\/www.dochyglas.be\/?s={search_term_string}"},"query-input":{"@type":"PropertyValueSpecification","valueRequired":true,"valueName":"search_term_string"}}],"inLanguage":"fr-FR"},{"@type":"Organization","@id":"https:\/\/www.dochyglas.be\/#organization","name":"Dochy Glas","alternateName":"Dochy Glass solutions","url":"https:\/\/www.dochyglas.be\/","logo":{"@type":"ImageObject","inLanguage":"fr-FR","@id":"https:\/\/www.dochyglas.be\/#\/schema\/logo\/image\/","url":"https:\/\/www.dochyglas.be\/wp-content\/uploads\/2023\/09\/DochyGlas_logo_kleur-e1695737229567.png","contentUrl":"https:\/\/www.dochyglas.be\/wp-content\/uploads\/2023\/09\/DochyGlas_logo_kleur-e1695737229567.png","width":6853,"height":3160,"caption":"Dochy Glas"},"image":{"@id":"https:\/\/www.dochyglas.be\/#\/schema\/logo\/image\/"},"sameAs":["https:\/\/www.facebook.com\/Dochyglas","https:\/\/www.instagram.com\/dochyglas\/"]}]}},"_links":{"self":[{"href":"https:\/\/www.dochyglas.be\/fr\/wp-json\/wp\/v2\/pages\/955","targetHints":{"allow":["GET"]}}],"collection":[{"href":"https:\/\/www.dochyglas.be\/fr\/wp-json\/wp\/v2\/pages"}],"about":[{"href":"https:\/\/www.dochyglas.be\/fr\/wp-json\/wp\/v2\/types\/page"}],"author":[{"embeddable":true,"href":"https:\/\/www.dochyglas.be\/fr\/wp-json\/wp\/v2\/users\/1"}],"replies":[{"embeddable":true,"href":"https:\/\/www.dochyglas.be\/fr\/wp-json\/wp\/v2\/comments?post=955"}],"version-history":[{"count":2,"href":"https:\/\/www.dochyglas.be\/fr\/wp-json\/wp\/v2\/pages\/955\/revisions"}],"predecessor-version":[{"id":1311,"href":"https:\/\/www.dochyglas.be\/fr\/wp-json\/wp\/v2\/pages\/955\/revisions\/1311"}],"wp:attachment":[{"href":"https:\/\/www.dochyglas.be\/fr\/wp-json\/wp\/v2\/media?parent=955"}],"curies":[{"name":"wp","href":"https:\/\/api.w.org\/{rel}","templated":true}]}}