{"id":956,"date":"2023-09-26T09:44:19","date_gmt":"2023-09-26T07:44:19","guid":{"rendered":"https:\/\/www.dochyglas.be\/glas-herstellen\/"},"modified":"2023-12-15T17:22:42","modified_gmt":"2023-12-15T15:22:42","slug":"reparation-de-verre","status":"publish","type":"page","link":"https:\/\/www.dochyglas.be\/fr\/reparation-de-verre\/","title":{"rendered":"R\u00e9paration de verre"},"content":{"rendered":"<section class=\"l-section wpb_row height_medium\"><div class=\"l-section-h i-cf\"><div class=\"g-cols vc_row via_flex valign_top type_default stacking_default\"><div class=\"vc_col-sm-12 wpb_column vc_column_container\"><div class=\"vc_column-inner\"><div class=\"wpb_wrapper\"><div class=\"wpb_text_column\"><div class=\"wpb_wrapper\"><h1>R\u00e9paration de verre<\/h1>\n<\/div><\/div><div class=\"w-separator size_medium\"><\/div><div class=\"w-grid type_grid layout_1316 cols_3 overflow_hidden\" id=\"us_grid_1\" style=\"--gap:1.5rem;\" data-filterable=\"true\"><style>@media (max-width:1024px){#us_grid_1 .w-grid-item{width:50%}}@media (max-width:768px){#us_grid_1 .w-grid-list{margin:0}#us_grid_1 .w-grid-item{width:100%;padding:0;margin-bottom:var(--gap,0px)}}.layout_1316 .w-grid-item-h{background:#f5f5f5;color:var(--color-content-heading)}.layout_1316 .usg_post_image_1{transition-duration:0.3s;transform-origin:50% 50%;transform:scale(1) translate(0%,0%)}.layout_1316 .w-grid-item-h:hover .usg_post_image_1{transform:scale(2) translate(0%,0%);opacity:1;background:var(--color-header-middle-text)!important}.layout_1316 .usg_vwrapper_1{transition-duration:0s;transform-origin:50% 50%;transform:scale(1) translate(0%,0%)}.layout_1316 .w-grid-item-h:hover .usg_vwrapper_1{transform:scale(1) translate(0%,0%);opacity:1;color:#ffffff!important}.layout_1316 .usg_post_title_1{transition-duration:0.3s;transform-origin:50% 50%;transform:scale(1) translate(0%,0%)}.layout_1316 .w-grid-item-h:hover .usg_post_title_1{transform:scale(1) translate(0%,0%);opacity:1;color:#ffffff!important}.layout_1316 .usg_vwrapper_1{padding:5% 8% 8% 8%!important}.layout_1316 .usg_post_title_1{color:var(--color-content-primary)!important;font-size:1.4rem!important;font-weight:700!important}@media (max-width:768px){.layout_1316 .usg_post_title_1{font-size:1.2rem!important}}<\/style><div class=\"w-grid-list\">\t<article class=\"w-grid-item size_1x1 post-1189 realisatie type-realisatie status-publish has-post-thumbnail hentry realisaties-verre-dinterieur\" data-id=\"1189\">\r\n\t\t<div class=\"w-grid-item-h\">\r\n\t\t\t\t\t\t<div class=\"w-post-elm post_image usg_post_image_1 has_ratio\"><div style=\"padding-bottom:56.25%\"><\/div><a href=\"https:\/\/www.dochyglas.be\/fr\/realisation\/balustrade-a-linterieur\/\" aria-label=\"Balustrade \u00e0 l&rsquo;int\u00e9rieur\"><img loading=\"lazy\" decoding=\"async\" width=\"1024\" height=\"767\" src=\"https:\/\/www.dochyglas.be\/wp-content\/uploads\/2023\/10\/1-balustrade-binnen-1024x767.jpg\" class=\"attachment-large size-large wp-post-image\" alt=\"glazen balustrades op maat voor binnen\" srcset=\"https:\/\/www.dochyglas.be\/wp-content\/uploads\/2023\/10\/1-balustrade-binnen-1024x767.jpg 1024w, https:\/\/www.dochyglas.be\/wp-content\/uploads\/2023\/10\/1-balustrade-binnen-300x225.jpg 300w\" sizes=\"auto, (max-width: 1024px) 100vw, 1024px\" \/><\/a><\/div><div class=\"w-vwrapper usg_vwrapper_1 align_none valign_top\"><h2 class=\"w-post-elm post_title usg_post_title_1 has_text_color entry-title color_link_inherit\"><a href=\"https:\/\/www.dochyglas.be\/fr\/realisation\/balustrade-a-linterieur\/\">Balustrade \u00e0 l&rsquo;int\u00e9rieur<\/a><\/h2><\/div>\t\t<\/div>\r\n\t<\/article>\r\n\t<article class=\"w-grid-item size_1x1 post-1188 realisatie type-realisatie status-publish has-post-thumbnail hentry realisaties-verre-dinterieur\" data-id=\"1188\">\r\n\t\t<div class=\"w-grid-item-h\">\r\n\t\t\t\t\t\t<div class=\"w-post-elm post_image usg_post_image_1 has_ratio\"><div style=\"padding-bottom:56.25%\"><\/div><a href=\"https:\/\/www.dochyglas.be\/fr\/realisation\/balustrade-coincee-en-bas\/\" aria-label=\"Balustrade coinc\u00e9e en bas\"><img loading=\"lazy\" decoding=\"async\" width=\"1024\" height=\"767\" src=\"https:\/\/www.dochyglas.be\/wp-content\/uploads\/2023\/10\/2-balustrade-binnen-1024x767.jpg\" class=\"attachment-large size-large wp-post-image\" alt=\"glazen balustrade trap\" srcset=\"https:\/\/www.dochyglas.be\/wp-content\/uploads\/2023\/10\/2-balustrade-binnen-1024x767.jpg 1024w, https:\/\/www.dochyglas.be\/wp-content\/uploads\/2023\/10\/2-balustrade-binnen-300x225.jpg 300w\" sizes=\"auto, (max-width: 1024px) 100vw, 1024px\" \/><\/a><\/div><div class=\"w-vwrapper usg_vwrapper_1 align_none valign_top\"><h2 class=\"w-post-elm post_title usg_post_title_1 has_text_color entry-title color_link_inherit\"><a href=\"https:\/\/www.dochyglas.be\/fr\/realisation\/balustrade-coincee-en-bas\/\">Balustrade coinc\u00e9e en bas<\/a><\/h2><\/div>\t\t<\/div>\r\n\t<\/article>\r\n\t<article class=\"w-grid-item size_1x1 post-1199 realisatie type-realisatie status-publish has-post-thumbnail hentry realisaties-renovation-du-verre\" data-id=\"1199\">\r\n\t\t<div class=\"w-grid-item-h\">\r\n\t\t\t\t\t\t<div class=\"w-post-elm post_image usg_post_image_1 has_ratio\"><div style=\"padding-bottom:56.25%\"><\/div><a href=\"https:\/\/www.dochyglas.be\/fr\/realisation\/balustrade-descalier-en-verre\/\" aria-label=\"Balustrade d&rsquo;escalier en verre\"><img loading=\"lazy\" decoding=\"async\" width=\"1024\" height=\"767\" src=\"https:\/\/www.dochyglas.be\/wp-content\/uploads\/2023\/10\/Glazen-trap-balustrade-in-veiligheidsglas-door-Dochy-Glas-1024x767.jpg\" class=\"attachment-large size-large wp-post-image\" alt=\"\" srcset=\"https:\/\/www.dochyglas.be\/wp-content\/uploads\/2023\/10\/Glazen-trap-balustrade-in-veiligheidsglas-door-Dochy-Glas-1024x767.jpg 1024w, https:\/\/www.dochyglas.be\/wp-content\/uploads\/2023\/10\/Glazen-trap-balustrade-in-veiligheidsglas-door-Dochy-Glas-300x225.jpg 300w\" sizes=\"auto, (max-width: 1024px) 100vw, 1024px\" \/><\/a><\/div><div class=\"w-vwrapper usg_vwrapper_1 align_none valign_top\"><h2 class=\"w-post-elm post_title usg_post_title_1 has_text_color entry-title color_link_inherit\"><a href=\"https:\/\/www.dochyglas.be\/fr\/realisation\/balustrade-descalier-en-verre\/\">Balustrade d&rsquo;escalier en verre<\/a><\/h2><\/div>\t\t<\/div>\r\n\t<\/article>\r\n\t<article class=\"w-grid-item size_1x1 post-1207 realisatie type-realisatie status-publish has-post-thumbnail hentry realisaties-vitres-de-projet\" data-id=\"1207\">\r\n\t\t<div class=\"w-grid-item-h\">\r\n\t\t\t\t\t\t<div class=\"w-post-elm post_image usg_post_image_1 has_ratio\"><div style=\"padding-bottom:56.25%\"><\/div><a href=\"https:\/\/www.dochyglas.be\/fr\/realisation\/balustrade-de-terrasse-en-verre\/\" aria-label=\"Balustrade de terrasse en verre\"><img loading=\"lazy\" decoding=\"async\" width=\"1024\" height=\"768\" src=\"https:\/\/www.dochyglas.be\/wp-content\/uploads\/2023\/10\/Glazen-terrasbalustrade-in-een-moderne-villa-door-Dochy-villa-1024x768.jpg\" class=\"attachment-large size-large wp-post-image\" alt=\"\" srcset=\"https:\/\/www.dochyglas.be\/wp-content\/uploads\/2023\/10\/Glazen-terrasbalustrade-in-een-moderne-villa-door-Dochy-villa-1024x768.jpg 1024w, https:\/\/www.dochyglas.be\/wp-content\/uploads\/2023\/10\/Glazen-terrasbalustrade-in-een-moderne-villa-door-Dochy-villa-300x225.jpg 300w, https:\/\/www.dochyglas.be\/wp-content\/uploads\/2023\/10\/Glazen-terrasbalustrade-in-een-moderne-villa-door-Dochy-villa.jpg 2000w\" sizes=\"auto, (max-width: 1024px) 100vw, 1024px\" \/><\/a><\/div><div class=\"w-vwrapper usg_vwrapper_1 align_none valign_top\"><h2 class=\"w-post-elm post_title usg_post_title_1 has_text_color entry-title color_link_inherit\"><a href=\"https:\/\/www.dochyglas.be\/fr\/realisation\/balustrade-de-terrasse-en-verre\/\">Balustrade de terrasse en verre<\/a><\/h2><\/div>\t\t<\/div>\r\n\t<\/article>\r\n\t<article class=\"w-grid-item size_1x1 post-1201 realisatie type-realisatie status-publish has-post-thumbnail hentry realisaties-renovation-du-verre\" data-id=\"1201\">\r\n\t\t<div class=\"w-grid-item-h\">\r\n\t\t\t\t\t\t<div class=\"w-post-elm post_image usg_post_image_1 has_ratio\"><div style=\"padding-bottom:56.25%\"><\/div><a href=\"https:\/\/www.dochyglas.be\/fr\/realisation\/balustrade-exterieure\/\" aria-label=\"Balustrade ext\u00e9rieure\"><img loading=\"lazy\" decoding=\"async\" width=\"1024\" height=\"614\" src=\"https:\/\/www.dochyglas.be\/wp-content\/uploads\/2023\/10\/balustrade-buiten-houten-terrasplanken-1024x614.jpg\" class=\"attachment-large size-large wp-post-image\" alt=\"\" srcset=\"https:\/\/www.dochyglas.be\/wp-content\/uploads\/2023\/10\/balustrade-buiten-houten-terrasplanken-1024x614.jpg 1024w, https:\/\/www.dochyglas.be\/wp-content\/uploads\/2023\/10\/balustrade-buiten-houten-terrasplanken-300x180.jpg 300w, https:\/\/www.dochyglas.be\/wp-content\/uploads\/2023\/10\/balustrade-buiten-houten-terrasplanken.jpg 2000w\" sizes=\"auto, (max-width: 1024px) 100vw, 1024px\" \/><\/a><\/div><div class=\"w-vwrapper usg_vwrapper_1 align_none valign_top\"><h2 class=\"w-post-elm post_title usg_post_title_1 has_text_color entry-title color_link_inherit\"><a href=\"https:\/\/www.dochyglas.be\/fr\/realisation\/balustrade-exterieure\/\">Balustrade ext\u00e9rieure<\/a><\/h2><\/div>\t\t<\/div>\r\n\t<\/article>\r\n\t<article class=\"w-grid-item size_1x1 post-1202 realisatie type-realisatie status-publish has-post-thumbnail hentry realisaties-renovation-du-verre\" data-id=\"1202\">\r\n\t\t<div class=\"w-grid-item-h\">\r\n\t\t\t\t\t\t<div class=\"w-post-elm post_image usg_post_image_1 has_ratio\"><div style=\"padding-bottom:56.25%\"><\/div><a href=\"https:\/\/www.dochyglas.be\/fr\/realisation\/balustrade-exterieure-2\/\" aria-label=\"Balustrade ext\u00e9rieure\"><img loading=\"lazy\" decoding=\"async\" width=\"1024\" height=\"767\" src=\"https:\/\/www.dochyglas.be\/wp-content\/uploads\/2023\/10\/balustrade-buiten-1024x767.jpg\" class=\"attachment-large size-large wp-post-image\" alt=\"Glazen terrasbalustrade buiten Dochy Glas\" srcset=\"https:\/\/www.dochyglas.be\/wp-content\/uploads\/2023\/10\/balustrade-buiten-1024x767.jpg 1024w, https:\/\/www.dochyglas.be\/wp-content\/uploads\/2023\/10\/balustrade-buiten-300x225.jpg 300w, https:\/\/www.dochyglas.be\/wp-content\/uploads\/2023\/10\/balustrade-buiten.jpg 2000w\" sizes=\"auto, (max-width: 1024px) 100vw, 1024px\" \/><\/a><\/div><div class=\"w-vwrapper usg_vwrapper_1 align_none valign_top\"><h2 class=\"w-post-elm post_title usg_post_title_1 has_text_color entry-title color_link_inherit\"><a href=\"https:\/\/www.dochyglas.be\/fr\/realisation\/balustrade-exterieure-2\/\">Balustrade ext\u00e9rieure<\/a><\/h2><\/div>\t\t<\/div>\r\n\t<\/article>\r\n\t<article class=\"w-grid-item size_1x1 post-935 page type-page status-publish hentry\" data-id=\"935\">\r\n\t\t<div class=\"w-grid-item-h\">\r\n\t\t\t\t\t\t<div class=\"w-vwrapper usg_vwrapper_1 align_none valign_top\"><h2 class=\"w-post-elm post_title usg_post_title_1 has_text_color entry-title color_link_inherit\"><a href=\"https:\/\/www.dochyglas.be\/fr\/blog\/\">Blog<\/a><\/h2><\/div>\t\t<\/div>\r\n\t<\/article>\r\n\t<article class=\"w-grid-item size_1x1 post-1196 realisatie type-realisatie status-publish has-post-thumbnail hentry realisaties-renovation-du-verre\" data-id=\"1196\">\r\n\t\t<div class=\"w-grid-item-h\">\r\n\t\t\t\t\t\t<div class=\"w-post-elm post_image usg_post_image_1 has_ratio\"><div style=\"padding-bottom:56.25%\"><\/div><a href=\"https:\/\/www.dochyglas.be\/fr\/realisation\/boulons-en-croix\/\" aria-label=\"Boulons en croix\"><img loading=\"lazy\" decoding=\"async\" width=\"768\" height=\"1024\" src=\"https:\/\/www.dochyglas.be\/wp-content\/uploads\/2023\/10\/renovatieprofielen-Dochy-768x1024.jpg\" class=\"attachment-large size-large wp-post-image\" alt=\"renovatie raamprofielen Dochy Glas\" srcset=\"https:\/\/www.dochyglas.be\/wp-content\/uploads\/2023\/10\/renovatieprofielen-Dochy-768x1024.jpg 768w, https:\/\/www.dochyglas.be\/wp-content\/uploads\/2023\/10\/renovatieprofielen-Dochy-225x300.jpg 225w, https:\/\/www.dochyglas.be\/wp-content\/uploads\/2023\/10\/renovatieprofielen-Dochy-scaled.jpg 1920w\" sizes=\"auto, (max-width: 768px) 100vw, 768px\" \/><\/a><\/div><div class=\"w-vwrapper usg_vwrapper_1 align_none valign_top\"><h2 class=\"w-post-elm post_title usg_post_title_1 has_text_color entry-title color_link_inherit\"><a href=\"https:\/\/www.dochyglas.be\/fr\/realisation\/boulons-en-croix\/\">Boulons en croix<\/a><\/h2><\/div>\t\t<\/div>\r\n\t<\/article>\r\n\t<article class=\"w-grid-item size_1x1 post-1192 realisatie type-realisatie status-publish has-post-thumbnail hentry realisaties-verre-dinterieur\" data-id=\"1192\">\r\n\t\t<div class=\"w-grid-item-h\">\r\n\t\t\t\t\t\t<div class=\"w-post-elm post_image usg_post_image_1 has_ratio\"><div style=\"padding-bottom:56.25%\"><\/div><a href=\"https:\/\/www.dochyglas.be\/fr\/realisation\/cabine-de-douche-en-verre\/\" aria-label=\"Cabine de douche en verre\"><img loading=\"lazy\" decoding=\"async\" width=\"767\" height=\"1024\" src=\"https:\/\/www.dochyglas.be\/wp-content\/uploads\/2023\/10\/Glazen-douchewand-Dochy-767x1024.jpg\" class=\"attachment-large size-large wp-post-image\" alt=\"glazen douchewand op maat\" srcset=\"https:\/\/www.dochyglas.be\/wp-content\/uploads\/2023\/10\/Glazen-douchewand-Dochy-767x1024.jpg 767w, https:\/\/www.dochyglas.be\/wp-content\/uploads\/2023\/10\/Glazen-douchewand-Dochy-225x300.jpg 225w, https:\/\/www.dochyglas.be\/wp-content\/uploads\/2023\/10\/Glazen-douchewand-Dochy.jpg 1499w\" sizes=\"auto, (max-width: 767px) 100vw, 767px\" \/><\/a><\/div><div class=\"w-vwrapper usg_vwrapper_1 align_none valign_top\"><h2 class=\"w-post-elm post_title usg_post_title_1 has_text_color entry-title color_link_inherit\"><a href=\"https:\/\/www.dochyglas.be\/fr\/realisation\/cabine-de-douche-en-verre\/\">Cabine de douche en verre<\/a><\/h2><\/div>\t\t<\/div>\r\n\t<\/article>\r\n\t<article class=\"w-grid-item size_1x1 post-968 page type-page status-publish has-post-thumbnail hentry\" data-id=\"968\">\r\n\t\t<div class=\"w-grid-item-h\">\r\n\t\t\t\t\t\t<div class=\"w-post-elm post_image usg_post_image_1 has_ratio\"><div style=\"padding-bottom:56.25%\"><\/div><a href=\"https:\/\/www.dochyglas.be\/fr\/ce-que-disent-nos-clients\/\" aria-label=\"Ce que disent nos clients\"><img loading=\"lazy\" decoding=\"async\" width=\"1024\" height=\"577\" src=\"https:\/\/www.dochyglas.be\/wp-content\/uploads\/2023\/10\/Hoofdzetel-gebouw-Dochy-Glas-Veurne-homepage-1024x577.jpg\" class=\"attachment-large size-large wp-post-image\" alt=\"\" srcset=\"https:\/\/www.dochyglas.be\/wp-content\/uploads\/2023\/10\/Hoofdzetel-gebouw-Dochy-Glas-Veurne-homepage-1024x577.jpg 1024w, https:\/\/www.dochyglas.be\/wp-content\/uploads\/2023\/10\/Hoofdzetel-gebouw-Dochy-Glas-Veurne-homepage-300x169.jpg 300w, https:\/\/www.dochyglas.be\/wp-content\/uploads\/2023\/10\/Hoofdzetel-gebouw-Dochy-Glas-Veurne-homepage.jpg 2000w\" sizes=\"auto, (max-width: 1024px) 100vw, 1024px\" \/><\/a><\/div><div class=\"w-vwrapper usg_vwrapper_1 align_none valign_top\"><h2 class=\"w-post-elm post_title usg_post_title_1 has_text_color entry-title color_link_inherit\"><a href=\"https:\/\/www.dochyglas.be\/fr\/ce-que-disent-nos-clients\/\">Ce que disent nos clients<\/a><\/h2><\/div>\t\t<\/div>\r\n\t<\/article>\r\n<\/div><div class=\"w-grid-preloader\">\t<div class=\"g-preloader type_1\">\r\n\t\t<div><\/div>\r\n\t<\/div>\r\n\t<\/div>\t<div class=\"w-grid-json hidden\" onclick='return {&quot;action&quot;:&quot;us_ajax_grid&quot;,&quot;ajax_url&quot;:&quot;https:\\\/\\\/www.dochyglas.be\\\/wp-admin\\\/admin-ajax.php&quot;,&quot;infinite_scroll&quot;:0,&quot;max_num_pages&quot;:6,&quot;pagination&quot;:&quot;none&quot;,&quot;template_vars&quot;:{&quot;columns&quot;:&quot;3&quot;,&quot;exclude_items&quot;:&quot;none&quot;,&quot;img_size&quot;:&quot;default&quot;,&quot;ignore_items_size&quot;:0,&quot;items_layout&quot;:&quot;1316&quot;,&quot;items_offset&quot;:&quot;1&quot;,&quot;load_animation&quot;:&quot;none&quot;,&quot;overriding_link&quot;:&quot;%7B%22url%22%3A%22%22%7D&quot;,&quot;post_id&quot;:0,&quot;query_args&quot;:{&quot;post_parent&quot;:0,&quot;post_type&quot;:&quot;any&quot;,&quot;ignore_sticky_posts&quot;:1,&quot;posts_per_page&quot;:&quot;10&quot;},&quot;orderby_query_args&quot;:{&quot;orderby&quot;:{&quot;title&quot;:&quot;ASC&quot;},&quot;order&quot;:&quot;ASC&quot;},&quot;type&quot;:&quot;grid&quot;,&quot;us_grid_ajax_index&quot;:1,&quot;us_grid_filter_params&quot;:[],&quot;us_grid_index&quot;:1,&quot;_us_grid_post_type&quot;:&quot;current_child_pages&quot;,&quot;page_args&quot;:[],&quot;lang&quot;:&quot;fr&quot;}}'><\/div>\r\n\t<\/div><\/div><\/div><\/div><\/div><\/div><\/section>\n","protected":false},"excerpt":{"rendered":"Ce que disent nos clients Vous n&rsquo;\u00eates pas encore convaincu de la n\u00e9cessit\u00e9 d&rsquo;un partenariat avec Dochy Glass ? D\u00e9couvrez ci-dessous les exp\u00e9riences de nos clients. Le meilleur n\u00e9gociant en verre de Belgique !Julien Lescroart Tr\u00e8s bon service et haute qualit\u00e9 de service.Marcin Okwiek Fantastique belle entreprise \ud83d\udc4d\ud83d\udc4f\ud83e\udd17Lieve Vandermassen Dochy offre un service de qualit\u00e9...","protected":false},"author":1,"featured_media":235,"parent":0,"menu_order":6,"comment_status":"closed","ping_status":"closed","template":"","meta":{"footnotes":""},"class_list":["post-956","page","type-page","status-publish","has-post-thumbnail","hentry"],"acf":[],"yoast_head":"<!-- This site is optimized with the Yoast SEO plugin v26.4 - https:\/\/yoast.com\/wordpress\/plugins\/seo\/ -->\n<title>R\u00e9paration de verre - Dochy Glas<\/title>\n<meta name=\"robots\" content=\"index, follow, max-snippet:-1, max-image-preview:large, max-video-preview:-1\" \/>\n<link rel=\"canonical\" href=\"https:\/\/www.dochyglas.be\/fr\/reparation-de-verre\/\" \/>\n<meta property=\"og:locale\" content=\"fr_FR\" \/>\n<meta property=\"og:type\" content=\"article\" \/>\n<meta property=\"og:title\" content=\"R\u00e9paration de verre - Dochy Glas\" \/>\n<meta property=\"og:url\" content=\"https:\/\/www.dochyglas.be\/fr\/reparation-de-verre\/\" \/>\n<meta property=\"og:site_name\" content=\"Dochy Glas\" \/>\n<meta property=\"article:publisher\" content=\"https:\/\/www.facebook.com\/Dochyglas\" \/>\n<meta property=\"article:modified_time\" content=\"2023-12-15T15:22:42+00:00\" \/>\n<meta property=\"og:image\" content=\"https:\/\/www.dochyglas.be\/wp-content\/uploads\/2023\/09\/Dochy_glas-e1697546127991.jpg\" \/>\n\t<meta property=\"og:image:width\" content=\"2000\" \/>\n\t<meta property=\"og:image:height\" content=\"1330\" \/>\n\t<meta property=\"og:image:type\" content=\"image\/jpeg\" \/>\n<meta name=\"twitter:card\" content=\"summary_large_image\" \/>\n<script type=\"application\/ld+json\" class=\"yoast-schema-graph\">{\"@context\":\"https:\/\/schema.org\",\"@graph\":[{\"@type\":\"WebPage\",\"@id\":\"https:\/\/www.dochyglas.be\/fr\/reparation-de-verre\/\",\"url\":\"https:\/\/www.dochyglas.be\/fr\/reparation-de-verre\/\",\"name\":\"R\u00e9paration de verre - Dochy Glas\",\"isPartOf\":{\"@id\":\"https:\/\/www.dochyglas.be\/#website\"},\"primaryImageOfPage\":{\"@id\":\"https:\/\/www.dochyglas.be\/fr\/reparation-de-verre\/#primaryimage\"},\"image\":{\"@id\":\"https:\/\/www.dochyglas.be\/fr\/reparation-de-verre\/#primaryimage\"},\"thumbnailUrl\":\"https:\/\/www.dochyglas.be\/wp-content\/uploads\/2023\/09\/Dochy_glas-e1697546127991.jpg\",\"datePublished\":\"2023-09-26T07:44:19+00:00\",\"dateModified\":\"2023-12-15T15:22:42+00:00\",\"breadcrumb\":{\"@id\":\"https:\/\/www.dochyglas.be\/fr\/reparation-de-verre\/#breadcrumb\"},\"inLanguage\":\"fr-FR\",\"potentialAction\":[{\"@type\":\"ReadAction\",\"target\":[\"https:\/\/www.dochyglas.be\/fr\/reparation-de-verre\/\"]}]},{\"@type\":\"ImageObject\",\"inLanguage\":\"fr-FR\",\"@id\":\"https:\/\/www.dochyglas.be\/fr\/reparation-de-verre\/#primaryimage\",\"url\":\"https:\/\/www.dochyglas.be\/wp-content\/uploads\/2023\/09\/Dochy_glas-e1697546127991.jpg\",\"contentUrl\":\"https:\/\/www.dochyglas.be\/wp-content\/uploads\/2023\/09\/Dochy_glas-e1697546127991.jpg\",\"width\":2000,\"height\":1330,\"caption\":\"Broken glass on a wooden window frame.\"},{\"@type\":\"BreadcrumbList\",\"@id\":\"https:\/\/www.dochyglas.be\/fr\/reparation-de-verre\/#breadcrumb\",\"itemListElement\":[{\"@type\":\"ListItem\",\"position\":1,\"name\":\"Home\",\"item\":\"https:\/\/www.dochyglas.be\/fr\/\"},{\"@type\":\"ListItem\",\"position\":2,\"name\":\"R\u00e9paration de verre\"}]},{\"@type\":\"WebSite\",\"@id\":\"https:\/\/www.dochyglas.be\/#website\",\"url\":\"https:\/\/www.dochyglas.be\/\",\"name\":\"Dochy Glas\",\"description\":\"Glass solutions\",\"publisher\":{\"@id\":\"https:\/\/www.dochyglas.be\/#organization\"},\"alternateName\":\"Dochy\",\"potentialAction\":[{\"@type\":\"SearchAction\",\"target\":{\"@type\":\"EntryPoint\",\"urlTemplate\":\"https:\/\/www.dochyglas.be\/?s={search_term_string}\"},\"query-input\":{\"@type\":\"PropertyValueSpecification\",\"valueRequired\":true,\"valueName\":\"search_term_string\"}}],\"inLanguage\":\"fr-FR\"},{\"@type\":\"Organization\",\"@id\":\"https:\/\/www.dochyglas.be\/#organization\",\"name\":\"Dochy Glas\",\"alternateName\":\"Dochy Glass solutions\",\"url\":\"https:\/\/www.dochyglas.be\/\",\"logo\":{\"@type\":\"ImageObject\",\"inLanguage\":\"fr-FR\",\"@id\":\"https:\/\/www.dochyglas.be\/#\/schema\/logo\/image\/\",\"url\":\"https:\/\/www.dochyglas.be\/wp-content\/uploads\/2023\/09\/DochyGlas_logo_kleur-e1695737229567.png\",\"contentUrl\":\"https:\/\/www.dochyglas.be\/wp-content\/uploads\/2023\/09\/DochyGlas_logo_kleur-e1695737229567.png\",\"width\":6853,\"height\":3160,\"caption\":\"Dochy Glas\"},\"image\":{\"@id\":\"https:\/\/www.dochyglas.be\/#\/schema\/logo\/image\/\"},\"sameAs\":[\"https:\/\/www.facebook.com\/Dochyglas\",\"https:\/\/www.instagram.com\/dochyglas\/\"]}]}<\/script>\n<!-- \/ Yoast SEO plugin. -->","yoast_head_json":{"title":"R\u00e9paration de verre - Dochy Glas","robots":{"index":"index","follow":"follow","max-snippet":"max-snippet:-1","max-image-preview":"max-image-preview:large","max-video-preview":"max-video-preview:-1"},"canonical":"https:\/\/www.dochyglas.be\/fr\/reparation-de-verre\/","og_locale":"fr_FR","og_type":"article","og_title":"R\u00e9paration de verre - Dochy Glas","og_url":"https:\/\/www.dochyglas.be\/fr\/reparation-de-verre\/","og_site_name":"Dochy Glas","article_publisher":"https:\/\/www.facebook.com\/Dochyglas","article_modified_time":"2023-12-15T15:22:42+00:00","og_image":[{"width":2000,"height":1330,"url":"https:\/\/www.dochyglas.be\/wp-content\/uploads\/2023\/09\/Dochy_glas-e1697546127991.jpg","type":"image\/jpeg"}],"twitter_card":"summary_large_image","schema":{"@context":"https:\/\/schema.org","@graph":[{"@type":"WebPage","@id":"https:\/\/www.dochyglas.be\/fr\/reparation-de-verre\/","url":"https:\/\/www.dochyglas.be\/fr\/reparation-de-verre\/","name":"R\u00e9paration de verre - Dochy Glas","isPartOf":{"@id":"https:\/\/www.dochyglas.be\/#website"},"primaryImageOfPage":{"@id":"https:\/\/www.dochyglas.be\/fr\/reparation-de-verre\/#primaryimage"},"image":{"@id":"https:\/\/www.dochyglas.be\/fr\/reparation-de-verre\/#primaryimage"},"thumbnailUrl":"https:\/\/www.dochyglas.be\/wp-content\/uploads\/2023\/09\/Dochy_glas-e1697546127991.jpg","datePublished":"2023-09-26T07:44:19+00:00","dateModified":"2023-12-15T15:22:42+00:00","breadcrumb":{"@id":"https:\/\/www.dochyglas.be\/fr\/reparation-de-verre\/#breadcrumb"},"inLanguage":"fr-FR","potentialAction":[{"@type":"ReadAction","target":["https:\/\/www.dochyglas.be\/fr\/reparation-de-verre\/"]}]},{"@type":"ImageObject","inLanguage":"fr-FR","@id":"https:\/\/www.dochyglas.be\/fr\/reparation-de-verre\/#primaryimage","url":"https:\/\/www.dochyglas.be\/wp-content\/uploads\/2023\/09\/Dochy_glas-e1697546127991.jpg","contentUrl":"https:\/\/www.dochyglas.be\/wp-content\/uploads\/2023\/09\/Dochy_glas-e1697546127991.jpg","width":2000,"height":1330,"caption":"Broken glass on a wooden window frame."},{"@type":"BreadcrumbList","@id":"https:\/\/www.dochyglas.be\/fr\/reparation-de-verre\/#breadcrumb","itemListElement":[{"@type":"ListItem","position":1,"name":"Home","item":"https:\/\/www.dochyglas.be\/fr\/"},{"@type":"ListItem","position":2,"name":"R\u00e9paration de verre"}]},{"@type":"WebSite","@id":"https:\/\/www.dochyglas.be\/#website","url":"https:\/\/www.dochyglas.be\/","name":"Dochy Glas","description":"Glass solutions","publisher":{"@id":"https:\/\/www.dochyglas.be\/#organization"},"alternateName":"Dochy","potentialAction":[{"@type":"SearchAction","target":{"@type":"EntryPoint","urlTemplate":"https:\/\/www.dochyglas.be\/?s={search_term_string}"},"query-input":{"@type":"PropertyValueSpecification","valueRequired":true,"valueName":"search_term_string"}}],"inLanguage":"fr-FR"},{"@type":"Organization","@id":"https:\/\/www.dochyglas.be\/#organization","name":"Dochy Glas","alternateName":"Dochy Glass solutions","url":"https:\/\/www.dochyglas.be\/","logo":{"@type":"ImageObject","inLanguage":"fr-FR","@id":"https:\/\/www.dochyglas.be\/#\/schema\/logo\/image\/","url":"https:\/\/www.dochyglas.be\/wp-content\/uploads\/2023\/09\/DochyGlas_logo_kleur-e1695737229567.png","contentUrl":"https:\/\/www.dochyglas.be\/wp-content\/uploads\/2023\/09\/DochyGlas_logo_kleur-e1695737229567.png","width":6853,"height":3160,"caption":"Dochy Glas"},"image":{"@id":"https:\/\/www.dochyglas.be\/#\/schema\/logo\/image\/"},"sameAs":["https:\/\/www.facebook.com\/Dochyglas","https:\/\/www.instagram.com\/dochyglas\/"]}]}},"_links":{"self":[{"href":"https:\/\/www.dochyglas.be\/fr\/wp-json\/wp\/v2\/pages\/956","targetHints":{"allow":["GET"]}}],"collection":[{"href":"https:\/\/www.dochyglas.be\/fr\/wp-json\/wp\/v2\/pages"}],"about":[{"href":"https:\/\/www.dochyglas.be\/fr\/wp-json\/wp\/v2\/types\/page"}],"author":[{"embeddable":true,"href":"https:\/\/www.dochyglas.be\/fr\/wp-json\/wp\/v2\/users\/1"}],"replies":[{"embeddable":true,"href":"https:\/\/www.dochyglas.be\/fr\/wp-json\/wp\/v2\/comments?post=956"}],"version-history":[{"count":6,"href":"https:\/\/www.dochyglas.be\/fr\/wp-json\/wp\/v2\/pages\/956\/revisions"}],"predecessor-version":[{"id":1329,"href":"https:\/\/www.dochyglas.be\/fr\/wp-json\/wp\/v2\/pages\/956\/revisions\/1329"}],"wp:featuredmedia":[{"embeddable":true,"href":"https:\/\/www.dochyglas.be\/fr\/wp-json\/wp\/v2\/media\/235"}],"wp:attachment":[{"href":"https:\/\/www.dochyglas.be\/fr\/wp-json\/wp\/v2\/media?parent=956"}],"curies":[{"name":"wp","href":"https:\/\/api.w.org\/{rel}","templated":true}]}}