{"id":958,"date":"2023-09-26T09:44:19","date_gmt":"2023-09-26T07:44:19","guid":{"rendered":"https:\/\/www.dochyglas.be\/interieurglas\/"},"modified":"2024-01-31T12:06:01","modified_gmt":"2024-01-31T10:06:01","slug":"verre-dinterieur","status":"publish","type":"page","link":"https:\/\/www.dochyglas.be\/fr\/verre-dinterieur\/","title":{"rendered":"Verre pour l&rsquo;int\u00e9rieur"},"content":{"rendered":"<section class=\"l-section wpb_row height_medium\"><div class=\"l-section-h i-cf\"><div class=\"g-cols vc_row via_flex valign_top type_default stacking_default\"><div class=\"vc_col-sm-12 wpb_column vc_column_container\"><div class=\"vc_column-inner\"><div class=\"wpb_wrapper\"><div class=\"wpb_text_column\"><div class=\"wpb_wrapper\"><h1>Verre pour l&rsquo;int\u00e9rieur<\/h1>\n<\/div><\/div><div class=\"w-separator size_medium\"><\/div><div class=\"w-grid type_grid layout_1316 cols_3 overflow_hidden\" id=\"us_grid_1\" style=\"--gap:1.5rem;\" data-filterable=\"true\"><style>@media (max-width:1024px){#us_grid_1 .w-grid-item{width:50%}}@media (max-width:768px){#us_grid_1 .w-grid-list{margin:0}#us_grid_1 .w-grid-item{width:100%;padding:0;margin-bottom:var(--gap,0px)}}.layout_1316 .w-grid-item-h{background:#f5f5f5;color:var(--color-content-heading)}.layout_1316 .usg_post_image_1{transition-duration:0.3s;transform-origin:50% 50%;transform:scale(1) translate(0%,0%)}.layout_1316 .w-grid-item-h:hover .usg_post_image_1{transform:scale(2) translate(0%,0%);opacity:1;background:var(--color-header-middle-text)!important}.layout_1316 .usg_vwrapper_1{transition-duration:0s;transform-origin:50% 50%;transform:scale(1) translate(0%,0%)}.layout_1316 .w-grid-item-h:hover .usg_vwrapper_1{transform:scale(1) translate(0%,0%);opacity:1;color:#ffffff!important}.layout_1316 .usg_post_title_1{transition-duration:0.3s;transform-origin:50% 50%;transform:scale(1) translate(0%,0%)}.layout_1316 .w-grid-item-h:hover .usg_post_title_1{transform:scale(1) translate(0%,0%);opacity:1;color:#ffffff!important}.layout_1316 .usg_vwrapper_1{padding:5% 8% 8% 8%!important}.layout_1316 .usg_post_title_1{color:var(--color-content-primary)!important;font-size:1.4rem!important;font-weight:700!important}@media (max-width:768px){.layout_1316 .usg_post_title_1{font-size:1.2rem!important}}<\/style><div class=\"w-grid-list\">\t<article class=\"w-grid-item size_1x1 post-1333 page type-page status-publish hentry\" data-id=\"1333\">\r\n\t\t<div class=\"w-grid-item-h\">\r\n\t\t\t\t\t\t<div class=\"w-vwrapper usg_vwrapper_1 align_none valign_top\"><h2 class=\"w-post-elm post_title usg_post_title_1 has_text_color entry-title color_link_inherit\"><a href=\"https:\/\/www.dochyglas.be\/fr\/politique-de-cookies\/\">Politique de cookies<\/a><\/h2><\/div>\t\t<\/div>\r\n\t<\/article>\r\n\t<article class=\"w-grid-item size_1x1 post-935 page type-page status-publish hentry\" data-id=\"935\">\r\n\t\t<div class=\"w-grid-item-h\">\r\n\t\t\t\t\t\t<div class=\"w-vwrapper usg_vwrapper_1 align_none valign_top\"><h2 class=\"w-post-elm post_title usg_post_title_1 has_text_color entry-title color_link_inherit\"><a href=\"https:\/\/www.dochyglas.be\/fr\/blog\/\">Blog<\/a><\/h2><\/div>\t\t<\/div>\r\n\t<\/article>\r\n\t<article class=\"w-grid-item size_1x1 post-1160 realisatie type-realisatie status-publish has-post-thumbnail hentry realisaties-vitres-de-projet\" data-id=\"1160\">\r\n\t\t<div class=\"w-grid-item-h\">\r\n\t\t\t\t\t\t<div class=\"w-post-elm post_image usg_post_image_1 has_ratio\"><div style=\"padding-bottom:56.25%\"><\/div><a href=\"https:\/\/www.dochyglas.be\/fr\/realisation\/minimal-frames-realisatie-van-dochy-glas\/\" aria-label=\"Minimal Frames\"><img loading=\"lazy\" decoding=\"async\" width=\"683\" height=\"1024\" src=\"https:\/\/www.dochyglas.be\/wp-content\/uploads\/2023\/10\/Minimal-windows-realisatie-van-Dochy-Glas-1-683x1024.jpeg\" class=\"attachment-large size-large wp-post-image\" alt=\"Minimal Frames realisatie door Dochy Glas\" srcset=\"https:\/\/www.dochyglas.be\/wp-content\/uploads\/2023\/10\/Minimal-windows-realisatie-van-Dochy-Glas-1-683x1024.jpeg 683w, https:\/\/www.dochyglas.be\/wp-content\/uploads\/2023\/10\/Minimal-windows-realisatie-van-Dochy-Glas-1-200x300.jpeg 200w, https:\/\/www.dochyglas.be\/wp-content\/uploads\/2023\/10\/Minimal-windows-realisatie-van-Dochy-Glas-1.jpeg 1000w\" sizes=\"auto, (max-width: 683px) 100vw, 683px\" \/><\/a><\/div><div class=\"w-vwrapper usg_vwrapper_1 align_none valign_top\"><h2 class=\"w-post-elm post_title usg_post_title_1 has_text_color entry-title color_link_inherit\"><a href=\"https:\/\/www.dochyglas.be\/fr\/realisation\/minimal-frames-realisatie-van-dochy-glas\/\">Minimal Frames<\/a><\/h2><\/div>\t\t<\/div>\r\n\t<\/article>\r\n\t<article class=\"w-grid-item size_1x1 post-1162 realisatie type-realisatie status-publish has-post-thumbnail hentry realisaties-renovation-du-verre\" data-id=\"1162\">\r\n\t\t<div class=\"w-grid-item-h\">\r\n\t\t\t\t\t\t<div class=\"w-post-elm post_image usg_post_image_1 has_ratio\"><div style=\"padding-bottom:56.25%\"><\/div><a href=\"https:\/\/www.dochyglas.be\/fr\/realisation\/detail-portes-en-verre-charniere-au-sol\/\" aria-label=\"D\u00e9tail portes en verre &#8211; charni\u00e8re au sol\"><img loading=\"lazy\" decoding=\"async\" width=\"750\" height=\"450\" src=\"https:\/\/www.dochyglas.be\/wp-content\/uploads\/2023\/10\/detail-glazen-deur-vloerscharnier.jpeg\" class=\"attachment-large size-large wp-post-image\" alt=\"\" srcset=\"https:\/\/www.dochyglas.be\/wp-content\/uploads\/2023\/10\/detail-glazen-deur-vloerscharnier.jpeg 750w, https:\/\/www.dochyglas.be\/wp-content\/uploads\/2023\/10\/detail-glazen-deur-vloerscharnier-300x180.jpeg 300w\" sizes=\"auto, (max-width: 750px) 100vw, 750px\" \/><\/a><\/div><div class=\"w-vwrapper usg_vwrapper_1 align_none valign_top\"><h2 class=\"w-post-elm post_title usg_post_title_1 has_text_color entry-title color_link_inherit\"><a href=\"https:\/\/www.dochyglas.be\/fr\/realisation\/detail-portes-en-verre-charniere-au-sol\/\">D\u00e9tail portes en verre &#8211; charni\u00e8re au sol<\/a><\/h2><\/div>\t\t<\/div>\r\n\t<\/article>\r\n\t<article class=\"w-grid-item size_1x1 post-1182 realisatie type-realisatie status-publish has-post-thumbnail hentry realisaties-verre-dinterieur\" data-id=\"1182\">\r\n\t\t<div class=\"w-grid-item-h\">\r\n\t\t\t\t\t\t<div class=\"w-post-elm post_image usg_post_image_1 has_ratio\"><div style=\"padding-bottom:56.25%\"><\/div><a href=\"https:\/\/www.dochyglas.be\/fr\/realisation\/portes-en-verre-sablees\/\" aria-label=\"Portes en verre &#8211; sabl\u00e9es\"><img loading=\"lazy\" decoding=\"async\" width=\"1024\" height=\"767\" src=\"https:\/\/www.dochyglas.be\/wp-content\/uploads\/2023\/10\/glazen-deuren-office-1024x767.jpeg\" class=\"attachment-large size-large wp-post-image\" alt=\"\" srcset=\"https:\/\/www.dochyglas.be\/wp-content\/uploads\/2023\/10\/glazen-deuren-office-1024x767.jpeg 1024w, https:\/\/www.dochyglas.be\/wp-content\/uploads\/2023\/10\/glazen-deuren-office-300x225.jpeg 300w\" sizes=\"auto, (max-width: 1024px) 100vw, 1024px\" \/><\/a><\/div><div class=\"w-vwrapper usg_vwrapper_1 align_none valign_top\"><h2 class=\"w-post-elm post_title usg_post_title_1 has_text_color entry-title color_link_inherit\"><a href=\"https:\/\/www.dochyglas.be\/fr\/realisation\/portes-en-verre-sablees\/\">Portes en verre &#8211; sabl\u00e9es<\/a><\/h2><\/div>\t\t<\/div>\r\n\t<\/article>\r\n\t<article class=\"w-grid-item size_1x1 post-1183 realisatie type-realisatie status-publish has-post-thumbnail hentry realisaties-verre-dinterieur\" data-id=\"1183\">\r\n\t\t<div class=\"w-grid-item-h\">\r\n\t\t\t\t\t\t<div class=\"w-post-elm post_image usg_post_image_1 has_ratio\"><div style=\"padding-bottom:56.25%\"><\/div><a href=\"https:\/\/www.dochyglas.be\/fr\/realisation\/porte-a-double-pivot-en-acier-3-compartiments\/\" aria-label=\"Porte \u00e0 double pivot en acier 3 compartiments\"><img loading=\"lazy\" decoding=\"async\" width=\"696\" height=\"954\" src=\"https:\/\/www.dochyglas.be\/wp-content\/uploads\/2023\/10\/Steellook-dubbele-taatsdeur-3-vakken2_Dochy.jpg\" class=\"attachment-large size-large wp-post-image\" alt=\"\" srcset=\"https:\/\/www.dochyglas.be\/wp-content\/uploads\/2023\/10\/Steellook-dubbele-taatsdeur-3-vakken2_Dochy.jpg 696w, https:\/\/www.dochyglas.be\/wp-content\/uploads\/2023\/10\/Steellook-dubbele-taatsdeur-3-vakken2_Dochy-219x300.jpg 219w\" sizes=\"auto, (max-width: 696px) 100vw, 696px\" \/><\/a><\/div><div class=\"w-vwrapper usg_vwrapper_1 align_none valign_top\"><h2 class=\"w-post-elm post_title usg_post_title_1 has_text_color entry-title color_link_inherit\"><a href=\"https:\/\/www.dochyglas.be\/fr\/realisation\/porte-a-double-pivot-en-acier-3-compartiments\/\">Porte \u00e0 double pivot en acier 3 compartiments<\/a><\/h2><\/div>\t\t<\/div>\r\n\t<\/article>\r\n\t<article class=\"w-grid-item size_1x1 post-1184 realisatie type-realisatie status-publish has-post-thumbnail hentry realisaties-renovation-du-verre\" data-id=\"1184\">\r\n\t\t<div class=\"w-grid-item-h\">\r\n\t\t\t\t\t\t<div class=\"w-post-elm post_image usg_post_image_1 has_ratio\"><div style=\"padding-bottom:56.25%\"><\/div><a href=\"https:\/\/www.dochyglas.be\/fr\/realisation\/profils-de-renovation\/\" aria-label=\"Renovatieprofielen\"><img loading=\"lazy\" decoding=\"async\" width=\"768\" height=\"1024\" src=\"https:\/\/www.dochyglas.be\/wp-content\/uploads\/2023\/10\/Redo-fotos-016-768x1024.jpeg\" class=\"attachment-large size-large wp-post-image\" alt=\"\" srcset=\"https:\/\/www.dochyglas.be\/wp-content\/uploads\/2023\/10\/Redo-fotos-016-768x1024.jpeg 768w, https:\/\/www.dochyglas.be\/wp-content\/uploads\/2023\/10\/Redo-fotos-016-225x300.jpeg 225w, https:\/\/www.dochyglas.be\/wp-content\/uploads\/2023\/10\/Redo-fotos-016-rotated.jpeg 1200w\" sizes=\"auto, (max-width: 768px) 100vw, 768px\" \/><\/a><\/div><div class=\"w-vwrapper usg_vwrapper_1 align_none valign_top\"><h2 class=\"w-post-elm post_title usg_post_title_1 has_text_color entry-title color_link_inherit\"><a href=\"https:\/\/www.dochyglas.be\/fr\/realisation\/profils-de-renovation\/\">Renovatieprofielen<\/a><\/h2><\/div>\t\t<\/div>\r\n\t<\/article>\r\n\t<article class=\"w-grid-item size_1x1 post-1185 realisatie type-realisatie status-publish has-post-thumbnail hentry realisaties-vitres-de-projet\" data-id=\"1185\">\r\n\t\t<div class=\"w-grid-item-h\">\r\n\t\t\t\t\t\t<div class=\"w-post-elm post_image usg_post_image_1 has_ratio\"><div style=\"padding-bottom:56.25%\"><\/div><a href=\"https:\/\/www.dochyglas.be\/fr\/realisation\/mur-rideau-en-verre-colore\/\" aria-label=\"Mur-rideau en verre color\u00e9\"><img loading=\"lazy\" decoding=\"async\" width=\"1024\" height=\"767\" src=\"https:\/\/www.dochyglas.be\/wp-content\/uploads\/2023\/10\/Gordijngevel-in-gekleurd-glas-realisatie-door-Dochy-Glas-1024x767.jpg\" class=\"attachment-large size-large wp-post-image\" alt=\"\" srcset=\"https:\/\/www.dochyglas.be\/wp-content\/uploads\/2023\/10\/Gordijngevel-in-gekleurd-glas-realisatie-door-Dochy-Glas-1024x767.jpg 1024w, https:\/\/www.dochyglas.be\/wp-content\/uploads\/2023\/10\/Gordijngevel-in-gekleurd-glas-realisatie-door-Dochy-Glas-300x225.jpg 300w, https:\/\/www.dochyglas.be\/wp-content\/uploads\/2023\/10\/Gordijngevel-in-gekleurd-glas-realisatie-door-Dochy-Glas.jpg 2000w\" sizes=\"auto, (max-width: 1024px) 100vw, 1024px\" \/><\/a><\/div><div class=\"w-vwrapper usg_vwrapper_1 align_none valign_top\"><h2 class=\"w-post-elm post_title usg_post_title_1 has_text_color entry-title color_link_inherit\"><a href=\"https:\/\/www.dochyglas.be\/fr\/realisation\/mur-rideau-en-verre-colore\/\">Mur-rideau en verre color\u00e9<\/a><\/h2><\/div>\t\t<\/div>\r\n\t<\/article>\r\n\t<article class=\"w-grid-item size_1x1 post-1186 realisatie type-realisatie status-publish has-post-thumbnail hentry realisaties-vitres-de-projet\" data-id=\"1186\">\r\n\t\t<div class=\"w-grid-item-h\">\r\n\t\t\t\t\t\t<div class=\"w-post-elm post_image usg_post_image_1 has_ratio\"><div style=\"padding-bottom:56.25%\"><\/div><a href=\"https:\/\/www.dochyglas.be\/fr\/realisation\/mur-rideau\/\" aria-label=\"Mur-rideau\"><img loading=\"lazy\" decoding=\"async\" width=\"1024\" height=\"767\" src=\"https:\/\/www.dochyglas.be\/wp-content\/uploads\/2023\/10\/gordijngevel1-1024x767.jpg\" class=\"attachment-large size-large wp-post-image\" alt=\"\" srcset=\"https:\/\/www.dochyglas.be\/wp-content\/uploads\/2023\/10\/gordijngevel1-1024x767.jpg 1024w, https:\/\/www.dochyglas.be\/wp-content\/uploads\/2023\/10\/gordijngevel1-300x225.jpg 300w, https:\/\/www.dochyglas.be\/wp-content\/uploads\/2023\/10\/gordijngevel1.jpg 2000w\" sizes=\"auto, (max-width: 1024px) 100vw, 1024px\" \/><\/a><\/div><div class=\"w-vwrapper usg_vwrapper_1 align_none valign_top\"><h2 class=\"w-post-elm post_title usg_post_title_1 has_text_color entry-title color_link_inherit\"><a href=\"https:\/\/www.dochyglas.be\/fr\/realisation\/mur-rideau\/\">Mur-rideau<\/a><\/h2><\/div>\t\t<\/div>\r\n\t<\/article>\r\n\t<article class=\"w-grid-item size_1x1 post-1187 realisatie type-realisatie status-publish has-post-thumbnail hentry realisaties-vitres-de-projet\" data-id=\"1187\">\r\n\t\t<div class=\"w-grid-item-h\">\r\n\t\t\t\t\t\t<div class=\"w-post-elm post_image usg_post_image_1 has_ratio\"><div style=\"padding-bottom:56.25%\"><\/div><a href=\"https:\/\/www.dochyglas.be\/fr\/realisation\/vitrage-de-projet-classique\/\" aria-label=\"Vitrage de projet classique\"><img loading=\"lazy\" decoding=\"async\" width=\"1024\" height=\"767\" src=\"https:\/\/www.dochyglas.be\/wp-content\/uploads\/2023\/10\/Klassieke-projectbeglazing-apartementsgebouw-Dochy-1024x767.jpg\" class=\"attachment-large size-large wp-post-image\" alt=\"\" srcset=\"https:\/\/www.dochyglas.be\/wp-content\/uploads\/2023\/10\/Klassieke-projectbeglazing-apartementsgebouw-Dochy-1024x767.jpg 1024w, https:\/\/www.dochyglas.be\/wp-content\/uploads\/2023\/10\/Klassieke-projectbeglazing-apartementsgebouw-Dochy-300x225.jpg 300w, https:\/\/www.dochyglas.be\/wp-content\/uploads\/2023\/10\/Klassieke-projectbeglazing-apartementsgebouw-Dochy.jpg 2000w\" sizes=\"auto, (max-width: 1024px) 100vw, 1024px\" \/><\/a><\/div><div class=\"w-vwrapper usg_vwrapper_1 align_none valign_top\"><h2 class=\"w-post-elm post_title usg_post_title_1 has_text_color entry-title color_link_inherit\"><a href=\"https:\/\/www.dochyglas.be\/fr\/realisation\/vitrage-de-projet-classique\/\">Vitrage de projet classique<\/a><\/h2><\/div>\t\t<\/div>\r\n\t<\/article>\r\n<\/div><div class=\"w-grid-preloader\">\t<div class=\"g-preloader type_1\">\r\n\t\t<div><\/div>\r\n\t<\/div>\r\n\t<\/div>\t<div class=\"w-grid-json hidden\" onclick='return {&quot;action&quot;:&quot;us_ajax_grid&quot;,&quot;ajax_url&quot;:&quot;https:\\\/\\\/www.dochyglas.be\\\/wp-admin\\\/admin-ajax.php&quot;,&quot;infinite_scroll&quot;:0,&quot;max_num_pages&quot;:6,&quot;pagination&quot;:&quot;none&quot;,&quot;template_vars&quot;:{&quot;columns&quot;:&quot;3&quot;,&quot;exclude_items&quot;:&quot;none&quot;,&quot;img_size&quot;:&quot;default&quot;,&quot;ignore_items_size&quot;:0,&quot;items_layout&quot;:&quot;1316&quot;,&quot;items_offset&quot;:&quot;1&quot;,&quot;load_animation&quot;:&quot;none&quot;,&quot;overriding_link&quot;:&quot;%7B%22url%22%3A%22%22%7D&quot;,&quot;post_id&quot;:0,&quot;query_args&quot;:{&quot;post_parent&quot;:0,&quot;post_type&quot;:&quot;any&quot;,&quot;ignore_sticky_posts&quot;:1,&quot;posts_per_page&quot;:&quot;10&quot;},&quot;orderby_query_args&quot;:{&quot;orderby&quot;:{&quot;date&quot;:&quot;DESC&quot;}},&quot;type&quot;:&quot;grid&quot;,&quot;us_grid_ajax_index&quot;:1,&quot;us_grid_filter_params&quot;:[],&quot;us_grid_index&quot;:1,&quot;_us_grid_post_type&quot;:&quot;current_child_pages&quot;,&quot;page_args&quot;:[],&quot;lang&quot;:&quot;fr&quot;}}'><\/div>\r\n\t<\/div><\/div><\/div><\/div><\/div><\/div><\/section>\n","protected":false},"excerpt":{"rendered":"","protected":false},"author":1,"featured_media":237,"parent":0,"menu_order":8,"comment_status":"closed","ping_status":"closed","template":"","meta":{"footnotes":""},"class_list":["post-958","page","type-page","status-publish","has-post-thumbnail","hentry"],"acf":[],"yoast_head":"<!-- This site is optimized with the Yoast SEO plugin v26.4 - https:\/\/yoast.com\/wordpress\/plugins\/seo\/ -->\n<title>Verre pour l&#039;int\u00e9rieur | Dochy Glas<\/title>\n<meta name=\"description\" content=\"D\u00e9couvrez notre large s\u00e9lection de verres pour l&#039;am\u00e9nagement de votre int\u00e9rieur: garde-corps, cloisons, portes, dalles de sol chez Dochy Glas\" \/>\n<meta name=\"robots\" content=\"index, follow, max-snippet:-1, max-image-preview:large, max-video-preview:-1\" \/>\n<link rel=\"canonical\" href=\"https:\/\/www.dochyglas.be\/fr\/verre-dinterieur\/\" \/>\n<meta property=\"og:locale\" content=\"fr_FR\" \/>\n<meta property=\"og:type\" content=\"article\" \/>\n<meta property=\"og:title\" content=\"Verre pour l&#039;int\u00e9rieur | Dochy Glas\" \/>\n<meta property=\"og:description\" content=\"D\u00e9couvrez notre large s\u00e9lection de verres pour l&#039;am\u00e9nagement de votre int\u00e9rieur: garde-corps, cloisons, portes, dalles de sol chez Dochy Glas\" \/>\n<meta property=\"og:url\" content=\"https:\/\/www.dochyglas.be\/fr\/verre-dinterieur\/\" \/>\n<meta property=\"og:site_name\" content=\"Dochy Glas\" \/>\n<meta property=\"article:publisher\" content=\"https:\/\/www.facebook.com\/Dochyglas\" \/>\n<meta property=\"article:modified_time\" content=\"2024-01-31T10:06:01+00:00\" \/>\n<meta property=\"og:image\" content=\"https:\/\/www.dochyglas.be\/wp-content\/uploads\/2023\/09\/Dochy_interieur-e1697548767637.jpg\" \/>\n\t<meta property=\"og:image:width\" content=\"2000\" \/>\n\t<meta property=\"og:image:height\" content=\"1499\" \/>\n\t<meta property=\"og:image:type\" content=\"image\/jpeg\" \/>\n<meta name=\"twitter:card\" content=\"summary_large_image\" \/>\n<meta name=\"twitter:label1\" content=\"Dur\u00e9e de lecture estim\u00e9e\" \/>\n\t<meta name=\"twitter:data1\" content=\"1 minute\" \/>\n<script type=\"application\/ld+json\" class=\"yoast-schema-graph\">{\"@context\":\"https:\/\/schema.org\",\"@graph\":[{\"@type\":\"WebPage\",\"@id\":\"https:\/\/www.dochyglas.be\/fr\/verre-dinterieur\/\",\"url\":\"https:\/\/www.dochyglas.be\/fr\/verre-dinterieur\/\",\"name\":\"Verre pour l'int\u00e9rieur | Dochy Glas\",\"isPartOf\":{\"@id\":\"https:\/\/www.dochyglas.be\/#website\"},\"primaryImageOfPage\":{\"@id\":\"https:\/\/www.dochyglas.be\/fr\/verre-dinterieur\/#primaryimage\"},\"image\":{\"@id\":\"https:\/\/www.dochyglas.be\/fr\/verre-dinterieur\/#primaryimage\"},\"thumbnailUrl\":\"https:\/\/www.dochyglas.be\/wp-content\/uploads\/2023\/09\/Dochy_interieur-e1697548767637.jpg\",\"datePublished\":\"2023-09-26T07:44:19+00:00\",\"dateModified\":\"2024-01-31T10:06:01+00:00\",\"description\":\"D\u00e9couvrez notre large s\u00e9lection de verres pour l'am\u00e9nagement de votre int\u00e9rieur: garde-corps, cloisons, portes, dalles de sol chez Dochy Glas\",\"breadcrumb\":{\"@id\":\"https:\/\/www.dochyglas.be\/fr\/verre-dinterieur\/#breadcrumb\"},\"inLanguage\":\"fr-FR\",\"potentialAction\":[{\"@type\":\"ReadAction\",\"target\":[\"https:\/\/www.dochyglas.be\/fr\/verre-dinterieur\/\"]}]},{\"@type\":\"ImageObject\",\"inLanguage\":\"fr-FR\",\"@id\":\"https:\/\/www.dochyglas.be\/fr\/verre-dinterieur\/#primaryimage\",\"url\":\"https:\/\/www.dochyglas.be\/wp-content\/uploads\/2023\/09\/Dochy_interieur-e1697548767637.jpg\",\"contentUrl\":\"https:\/\/www.dochyglas.be\/wp-content\/uploads\/2023\/09\/Dochy_interieur-e1697548767637.jpg\",\"width\":2000,\"height\":1499},{\"@type\":\"BreadcrumbList\",\"@id\":\"https:\/\/www.dochyglas.be\/fr\/verre-dinterieur\/#breadcrumb\",\"itemListElement\":[{\"@type\":\"ListItem\",\"position\":1,\"name\":\"Home\",\"item\":\"https:\/\/www.dochyglas.be\/fr\/\"},{\"@type\":\"ListItem\",\"position\":2,\"name\":\"Verre pour l&#8217;int\u00e9rieur\"}]},{\"@type\":\"WebSite\",\"@id\":\"https:\/\/www.dochyglas.be\/#website\",\"url\":\"https:\/\/www.dochyglas.be\/\",\"name\":\"Dochy Glas\",\"description\":\"Glass solutions\",\"publisher\":{\"@id\":\"https:\/\/www.dochyglas.be\/#organization\"},\"alternateName\":\"Dochy\",\"potentialAction\":[{\"@type\":\"SearchAction\",\"target\":{\"@type\":\"EntryPoint\",\"urlTemplate\":\"https:\/\/www.dochyglas.be\/?s={search_term_string}\"},\"query-input\":{\"@type\":\"PropertyValueSpecification\",\"valueRequired\":true,\"valueName\":\"search_term_string\"}}],\"inLanguage\":\"fr-FR\"},{\"@type\":\"Organization\",\"@id\":\"https:\/\/www.dochyglas.be\/#organization\",\"name\":\"Dochy Glas\",\"alternateName\":\"Dochy Glass solutions\",\"url\":\"https:\/\/www.dochyglas.be\/\",\"logo\":{\"@type\":\"ImageObject\",\"inLanguage\":\"fr-FR\",\"@id\":\"https:\/\/www.dochyglas.be\/#\/schema\/logo\/image\/\",\"url\":\"https:\/\/www.dochyglas.be\/wp-content\/uploads\/2023\/09\/DochyGlas_logo_kleur-e1695737229567.png\",\"contentUrl\":\"https:\/\/www.dochyglas.be\/wp-content\/uploads\/2023\/09\/DochyGlas_logo_kleur-e1695737229567.png\",\"width\":6853,\"height\":3160,\"caption\":\"Dochy Glas\"},\"image\":{\"@id\":\"https:\/\/www.dochyglas.be\/#\/schema\/logo\/image\/\"},\"sameAs\":[\"https:\/\/www.facebook.com\/Dochyglas\",\"https:\/\/www.instagram.com\/dochyglas\/\"]}]}<\/script>\n<!-- \/ Yoast SEO plugin. -->","yoast_head_json":{"title":"Verre pour l'int\u00e9rieur | Dochy Glas","description":"D\u00e9couvrez notre large s\u00e9lection de verres pour l'am\u00e9nagement de votre int\u00e9rieur: garde-corps, cloisons, portes, dalles de sol chez Dochy Glas","robots":{"index":"index","follow":"follow","max-snippet":"max-snippet:-1","max-image-preview":"max-image-preview:large","max-video-preview":"max-video-preview:-1"},"canonical":"https:\/\/www.dochyglas.be\/fr\/verre-dinterieur\/","og_locale":"fr_FR","og_type":"article","og_title":"Verre pour l'int\u00e9rieur | Dochy Glas","og_description":"D\u00e9couvrez notre large s\u00e9lection de verres pour l'am\u00e9nagement de votre int\u00e9rieur: garde-corps, cloisons, portes, dalles de sol chez Dochy Glas","og_url":"https:\/\/www.dochyglas.be\/fr\/verre-dinterieur\/","og_site_name":"Dochy Glas","article_publisher":"https:\/\/www.facebook.com\/Dochyglas","article_modified_time":"2024-01-31T10:06:01+00:00","og_image":[{"width":2000,"height":1499,"url":"https:\/\/www.dochyglas.be\/wp-content\/uploads\/2023\/09\/Dochy_interieur-e1697548767637.jpg","type":"image\/jpeg"}],"twitter_card":"summary_large_image","twitter_misc":{"Dur\u00e9e de lecture estim\u00e9e":"1 minute"},"schema":{"@context":"https:\/\/schema.org","@graph":[{"@type":"WebPage","@id":"https:\/\/www.dochyglas.be\/fr\/verre-dinterieur\/","url":"https:\/\/www.dochyglas.be\/fr\/verre-dinterieur\/","name":"Verre pour l'int\u00e9rieur | Dochy Glas","isPartOf":{"@id":"https:\/\/www.dochyglas.be\/#website"},"primaryImageOfPage":{"@id":"https:\/\/www.dochyglas.be\/fr\/verre-dinterieur\/#primaryimage"},"image":{"@id":"https:\/\/www.dochyglas.be\/fr\/verre-dinterieur\/#primaryimage"},"thumbnailUrl":"https:\/\/www.dochyglas.be\/wp-content\/uploads\/2023\/09\/Dochy_interieur-e1697548767637.jpg","datePublished":"2023-09-26T07:44:19+00:00","dateModified":"2024-01-31T10:06:01+00:00","description":"D\u00e9couvrez notre large s\u00e9lection de verres pour l'am\u00e9nagement de votre int\u00e9rieur: garde-corps, cloisons, portes, dalles de sol chez Dochy Glas","breadcrumb":{"@id":"https:\/\/www.dochyglas.be\/fr\/verre-dinterieur\/#breadcrumb"},"inLanguage":"fr-FR","potentialAction":[{"@type":"ReadAction","target":["https:\/\/www.dochyglas.be\/fr\/verre-dinterieur\/"]}]},{"@type":"ImageObject","inLanguage":"fr-FR","@id":"https:\/\/www.dochyglas.be\/fr\/verre-dinterieur\/#primaryimage","url":"https:\/\/www.dochyglas.be\/wp-content\/uploads\/2023\/09\/Dochy_interieur-e1697548767637.jpg","contentUrl":"https:\/\/www.dochyglas.be\/wp-content\/uploads\/2023\/09\/Dochy_interieur-e1697548767637.jpg","width":2000,"height":1499},{"@type":"BreadcrumbList","@id":"https:\/\/www.dochyglas.be\/fr\/verre-dinterieur\/#breadcrumb","itemListElement":[{"@type":"ListItem","position":1,"name":"Home","item":"https:\/\/www.dochyglas.be\/fr\/"},{"@type":"ListItem","position":2,"name":"Verre pour l&#8217;int\u00e9rieur"}]},{"@type":"WebSite","@id":"https:\/\/www.dochyglas.be\/#website","url":"https:\/\/www.dochyglas.be\/","name":"Dochy Glas","description":"Glass solutions","publisher":{"@id":"https:\/\/www.dochyglas.be\/#organization"},"alternateName":"Dochy","potentialAction":[{"@type":"SearchAction","target":{"@type":"EntryPoint","urlTemplate":"https:\/\/www.dochyglas.be\/?s={search_term_string}"},"query-input":{"@type":"PropertyValueSpecification","valueRequired":true,"valueName":"search_term_string"}}],"inLanguage":"fr-FR"},{"@type":"Organization","@id":"https:\/\/www.dochyglas.be\/#organization","name":"Dochy Glas","alternateName":"Dochy Glass solutions","url":"https:\/\/www.dochyglas.be\/","logo":{"@type":"ImageObject","inLanguage":"fr-FR","@id":"https:\/\/www.dochyglas.be\/#\/schema\/logo\/image\/","url":"https:\/\/www.dochyglas.be\/wp-content\/uploads\/2023\/09\/DochyGlas_logo_kleur-e1695737229567.png","contentUrl":"https:\/\/www.dochyglas.be\/wp-content\/uploads\/2023\/09\/DochyGlas_logo_kleur-e1695737229567.png","width":6853,"height":3160,"caption":"Dochy Glas"},"image":{"@id":"https:\/\/www.dochyglas.be\/#\/schema\/logo\/image\/"},"sameAs":["https:\/\/www.facebook.com\/Dochyglas","https:\/\/www.instagram.com\/dochyglas\/"]}]}},"_links":{"self":[{"href":"https:\/\/www.dochyglas.be\/fr\/wp-json\/wp\/v2\/pages\/958","targetHints":{"allow":["GET"]}}],"collection":[{"href":"https:\/\/www.dochyglas.be\/fr\/wp-json\/wp\/v2\/pages"}],"about":[{"href":"https:\/\/www.dochyglas.be\/fr\/wp-json\/wp\/v2\/types\/page"}],"author":[{"embeddable":true,"href":"https:\/\/www.dochyglas.be\/fr\/wp-json\/wp\/v2\/users\/1"}],"replies":[{"embeddable":true,"href":"https:\/\/www.dochyglas.be\/fr\/wp-json\/wp\/v2\/comments?post=958"}],"version-history":[{"count":8,"href":"https:\/\/www.dochyglas.be\/fr\/wp-json\/wp\/v2\/pages\/958\/revisions"}],"predecessor-version":[{"id":1369,"href":"https:\/\/www.dochyglas.be\/fr\/wp-json\/wp\/v2\/pages\/958\/revisions\/1369"}],"wp:featuredmedia":[{"embeddable":true,"href":"https:\/\/www.dochyglas.be\/fr\/wp-json\/wp\/v2\/media\/237"}],"wp:attachment":[{"href":"https:\/\/www.dochyglas.be\/fr\/wp-json\/wp\/v2\/media?parent=958"}],"curies":[{"name":"wp","href":"https:\/\/api.w.org\/{rel}","templated":true}]}}