{"id":960,"date":"2023-09-26T09:44:19","date_gmt":"2023-09-26T07:44:19","guid":{"rendered":"https:\/\/www.dochyglas.be\/glasrenovatie\/veiligheidsglas\/"},"modified":"2024-03-07T14:57:07","modified_gmt":"2024-03-07T12:57:07","slug":"verre-de-securite","status":"publish","type":"page","link":"https:\/\/www.dochyglas.be\/fr\/renovation-du-verre\/verre-de-securite\/","title":{"rendered":"Verre de s\u00e9curit\u00e9"},"content":{"rendered":"<section class=\"l-section wpb_row detail height_auto\"><div class=\"l-section-h i-cf\"><div class=\"g-cols vc_row via_flex valign_bottom type_boxes stacking_default\"><div class=\"vc_col-sm-12 wpb_column vc_column_container minheightbanner has_bg_color\"><div class=\"vc_column-inner us_custom_47f41d2b\"><div class=\"vc_column-overlay\" style=\"background:rgba(0,0,0,0.70)\"><\/div><div class=\"wpb_wrapper\"><div class=\"g-cols wpb_row via_flex valign_top type_default stacking_default\"><div class=\"vc_col-sm-7 wpb_column vc_column_container\"><div class=\"vc_column-inner\"><div class=\"wpb_wrapper\"><div class=\"wpb_text_column us_custom_6df4bc3a has_text_color\"><div class=\"wpb_wrapper\"><h1><em>Verre de s\u00e9curit\u00e9<\/em> : tremp\u00e9 ou feuillet\u00e9<\/h1>\n<\/div><\/div><div class=\"w-separator size_small\"><\/div><nav class=\"g-breadcrumbs us_custom_6df4bc3a has_text_color separator_icon align_none\" itemscope itemtype=\"http:\/\/schema.org\/BreadcrumbList\"><div class=\"g-breadcrumbs-item\" itemscope itemprop=\"itemListElement\" itemtype=\"http:\/\/schema.org\/ListItem\"><a itemprop=\"item\" href=\"https:\/\/www.dochyglas.be\/fr\/\"><span itemprop=\"name\">Accueil<\/span><\/a><meta itemprop=\"position\" content=\"1\"\/><\/div><div class=\"g-breadcrumbs-separator\"><i class=\"far fa-angle-right\"><\/i><\/div><div class=\"g-breadcrumbs-item\">Pages<\/div><\/nav><\/div><\/div><\/div><div class=\"vc_col-sm-5 wpb_column vc_column_container\"><div class=\"vc_column-inner\"><div class=\"wpb_wrapper\"><\/div><\/div><\/div><\/div><\/div><\/div><\/div><\/div><\/div><\/section><section class=\"l-section wpb_row height_auto\"><div class=\"l-section-h i-cf\"><div class=\"g-cols vc_row via_flex valign_top type_boxes stacking_default\"><div class=\"vc_col-sm-12 vc_col-lg-6 vc_col-md-6 vc_col-xs-12 wpb_column vc_column_container\"><div class=\"vc_column-inner\"><div class=\"wpb_wrapper\"><div class=\"wpb_text_column\"><div class=\"wpb_wrapper\"><h2>Un environnement insouciant avec du verre de s\u00e9curit\u00e9 de <em>haute qualit\u00e9<\/em><\/h2>\n<p>Dochy Glas est sp\u00e9cialis\u00e9 dans le remplacement et la r\u00e9novation du verre et propose une large gamme d&rsquo;applications en verre, y compris le verre de s\u00e9curit\u00e9.<\/p>\n<p><strong>Dans notre gamme, nous avons deux types de verre de s\u00e9curit\u00e9 : le verre tremp\u00e9 et le verre feuillet\u00e9.<\/strong><\/p>\n<\/div><\/div><\/div><\/div><\/div><div class=\"vc_col-sm-12 vc_col-lg-6 vc_col-md-6 vc_col-xs-12 wpb_column vc_column_container\"><div class=\"vc_column-inner\"><div class=\"wpb_wrapper\"><div class=\"wpb_text_column\"><div class=\"wpb_wrapper\"><p><strong>Verre tremp\u00e9<\/strong><br \/>\nIl s&rsquo;agit d&rsquo;un type de verre de s\u00e9curit\u00e9 cinq fois plus r\u00e9sistant que le verre ordinaire. En cas de bris, il se fragmente en petits morceaux, r\u00e9duisant ainsi le risque de blessures.<\/p>\n<p><strong>Verre feuillet\u00e9<\/strong><br \/>\nIl est compos\u00e9 de deux ou plusieurs couches de verre assembl\u00e9es avec un ou plusieurs films PVB entre elles. Ces films permettent au verres de rester li\u00e9s en cas de bris, \u00e9vitant ainsi que les \u00e9clats tombent vers le bas. Cela rend le verre feuillet\u00e9 id\u00e9al pour une utilisation dans des situations o\u00f9 il pourrait y avoir un risque de blessures, comme les balustrades et les toitures en verre.<\/p>\n<\/div><\/div><div class=\"w-separator size_small\"><\/div><div class=\"w-btn-wrapper align_none\"><a class=\"w-btn us-btn-style_2\" href=\"https:\/\/www.dochyglas.be\/fr\/contact\/\"><span class=\"w-btn-label\">Contactez-nous<\/span><\/a><\/div><\/div><\/div><\/div><\/div><\/div><\/section><section class=\"l-section wpb_row height_small\"><div class=\"l-section-h i-cf\"><div class=\"g-cols vc_row via_flex valign_middle type_boxes stacking_default\" style=\"--additional-gap:20px;\"><div class=\"vc_col-sm-12 vc_col-lg-6 vc_col-md-6 vc_col-xs-12 wpb_column vc_column_container padbottop has_bg_color\"><div class=\"vc_column-inner us_custom_33e14a76\"><div class=\"vc_column-overlay\" style=\"background:rgba(26,26,26,0.50)\"><\/div><div class=\"wpb_wrapper\"><div class=\"wpb_text_column us_custom_6df4bc3a has_text_color\"><div class=\"wpb_wrapper\"><h3>Pourquoi opter pour le verre de s\u00e9curit\u00e9 ?<\/h3>\n<ul>\n<li>Le verre de s\u00e9curit\u00e9 est bien plus r\u00e9sistant que le verre ordinaire, r\u00e9duisant ainsi les risques de blessures.<\/li>\n<li>Le verre est disponible dans diff\u00e9rentes couleurs et styles, pr\u00e9servant ainsi l&rsquo;\u00e9l\u00e9gance et le charme. Il convient \u00e0 des applications sp\u00e9ciales telles que les escaliers en verre, les balustrades, les portes et les parois de douche.<\/li>\n<li>La r\u00e9novation de vos anciennes parois en verre avec du verre de s\u00e9curit\u00e9 apporte une plus-value \u00e0 votre propri\u00e9t\u00e9.<\/li>\n<\/ul>\n<\/div><\/div><div class=\"w-separator size_small\"><\/div><div class=\"w-btn-wrapper align_none\"><a class=\"w-btn us-btn-style_1\" href=\"tel:+3258311253\"><span class=\"w-btn-label\">T\u00e9l: +32 58 31 12 53<\/span><\/a><\/div><\/div><\/div><\/div><div class=\"vc_col-sm-12 vc_col-lg-6 vc_col-md-6 vc_col-xs-12 wpb_column vc_column_container\"><div class=\"vc_column-inner\"><div class=\"wpb_wrapper\"><div class=\"wpb_text_column\"><div class=\"wpb_wrapper\"><h3>En quoi le verre de s\u00e9curit\u00e9 diff\u00e8re-t-il du <em>verre anti-effraction<\/em> ?<\/h3>\n<p>Le verre anti-effraction est un type de verre de s\u00e9curit\u00e9. Deux films de s\u00e9curit\u00e9 rendent le verre d\u00e9j\u00e0 plus r\u00e9sistant. \u00c0 partir de quatre films, on parle de verre anti-effraction.<\/p>\n<p>Si vous \u00eates int\u00e9ress\u00e9 par le verre de s\u00e9curit\u00e9 pour votre maison, n&rsquo;h\u00e9sitez pas \u00e0 demander un devis sans engagement via notre formulaire. Nos conseillers techniques exp\u00e9riment\u00e9s sont l\u00e0 pour vous aider \u00e0 trouver la meilleure solution pour rendre votre maison plus s\u00fbre et vous fournir un devis clair et transparent.<\/p>\n<\/div><\/div><div class=\"w-separator size_small\"><\/div><div class=\"w-btn-wrapper align_none\"><a class=\"w-btn us-btn-style_2\" href=\"https:\/\/www.dochyglas.be\/fr\/contact\/\"><span class=\"w-btn-label\">Devis sans engagement<\/span><\/a><\/div><\/div><\/div><\/div><\/div><\/div><\/section>\n","protected":false},"excerpt":{"rendered":"Verre de s\u00e9curit\u00e9 : tremp\u00e9 ou feuillet\u00e9 AccueilPagesUn environnement insouciant avec du verre de s\u00e9curit\u00e9 de haute qualit\u00e9 Dochy Glas est sp\u00e9cialis\u00e9 dans le remplacement et la r\u00e9novation du verre et propose une large gamme d&rsquo;applications en verre, y compris le verre de s\u00e9curit\u00e9. Dans notre gamme, nous avons deux types de verre de s\u00e9curit\u00e9...","protected":false},"author":1,"featured_media":675,"parent":957,"menu_order":7,"comment_status":"closed","ping_status":"closed","template":"","meta":{"footnotes":""},"class_list":["post-960","page","type-page","status-publish","has-post-thumbnail","hentry"],"acf":[],"yoast_head":"<!-- This site is optimized with the Yoast SEO plugin v26.4 - https:\/\/yoast.com\/wordpress\/plugins\/seo\/ -->\n<title>Pose de Vitrage de S\u00e9curit\u00e9 | Dochy Glas<\/title>\n<meta name=\"description\" content=\"Pour la pose de vitrage de s\u00e9curit\u00e9, Dochy Glas de Veurne est le partenaire id\u00e9al. Vous pouvez compter sur l&#039;expertise de Dochy, demandez d\u00e8s aujourd&#039;hui votre devis.\" \/>\n<meta name=\"robots\" content=\"index, follow, max-snippet:-1, max-image-preview:large, max-video-preview:-1\" \/>\n<link rel=\"canonical\" href=\"https:\/\/www.dochyglas.be\/fr\/renovation-du-verre\/verre-de-securite\/\" \/>\n<meta property=\"og:locale\" content=\"fr_FR\" \/>\n<meta property=\"og:type\" content=\"article\" \/>\n<meta property=\"og:title\" content=\"Pose de Vitrage de S\u00e9curit\u00e9 | Dochy Glas\" \/>\n<meta property=\"og:description\" content=\"Pour la pose de vitrage de s\u00e9curit\u00e9, Dochy Glas de Veurne est le partenaire id\u00e9al. Vous pouvez compter sur l&#039;expertise de Dochy, demandez d\u00e8s aujourd&#039;hui votre devis.\" \/>\n<meta property=\"og:url\" content=\"https:\/\/www.dochyglas.be\/fr\/renovation-du-verre\/verre-de-securite\/\" \/>\n<meta property=\"og:site_name\" content=\"Dochy Glas\" \/>\n<meta property=\"article:publisher\" content=\"https:\/\/www.facebook.com\/Dochyglas\" \/>\n<meta property=\"article:modified_time\" content=\"2024-03-07T12:57:07+00:00\" \/>\n<meta property=\"og:image\" content=\"https:\/\/www.dochyglas.be\/wp-content\/uploads\/2023\/10\/Glazen-trap-balustrade-in-veiligheidsglas-door-Dochy-Glas.jpg\" \/>\n\t<meta property=\"og:image:width\" content=\"2362\" \/>\n\t<meta property=\"og:image:height\" content=\"1770\" \/>\n\t<meta property=\"og:image:type\" content=\"image\/jpeg\" \/>\n<meta name=\"twitter:card\" content=\"summary_large_image\" \/>\n<meta name=\"twitter:label1\" content=\"Dur\u00e9e de lecture estim\u00e9e\" \/>\n\t<meta name=\"twitter:data1\" content=\"2 minutes\" \/>\n<script type=\"application\/ld+json\" class=\"yoast-schema-graph\">{\"@context\":\"https:\/\/schema.org\",\"@graph\":[{\"@type\":\"WebPage\",\"@id\":\"https:\/\/www.dochyglas.be\/fr\/renovation-du-verre\/verre-de-securite\/\",\"url\":\"https:\/\/www.dochyglas.be\/fr\/renovation-du-verre\/verre-de-securite\/\",\"name\":\"Pose de Vitrage de S\u00e9curit\u00e9 | Dochy Glas\",\"isPartOf\":{\"@id\":\"https:\/\/www.dochyglas.be\/#website\"},\"primaryImageOfPage\":{\"@id\":\"https:\/\/www.dochyglas.be\/fr\/renovation-du-verre\/verre-de-securite\/#primaryimage\"},\"image\":{\"@id\":\"https:\/\/www.dochyglas.be\/fr\/renovation-du-verre\/verre-de-securite\/#primaryimage\"},\"thumbnailUrl\":\"https:\/\/www.dochyglas.be\/wp-content\/uploads\/2023\/10\/Glazen-trap-balustrade-in-veiligheidsglas-door-Dochy-Glas.jpg\",\"datePublished\":\"2023-09-26T07:44:19+00:00\",\"dateModified\":\"2024-03-07T12:57:07+00:00\",\"description\":\"Pour la pose de vitrage de s\u00e9curit\u00e9, Dochy Glas de Veurne est le partenaire id\u00e9al. Vous pouvez compter sur l'expertise de Dochy, demandez d\u00e8s aujourd'hui votre devis.\",\"breadcrumb\":{\"@id\":\"https:\/\/www.dochyglas.be\/fr\/renovation-du-verre\/verre-de-securite\/#breadcrumb\"},\"inLanguage\":\"fr-FR\",\"potentialAction\":[{\"@type\":\"ReadAction\",\"target\":[\"https:\/\/www.dochyglas.be\/fr\/renovation-du-verre\/verre-de-securite\/\"]}]},{\"@type\":\"ImageObject\",\"inLanguage\":\"fr-FR\",\"@id\":\"https:\/\/www.dochyglas.be\/fr\/renovation-du-verre\/verre-de-securite\/#primaryimage\",\"url\":\"https:\/\/www.dochyglas.be\/wp-content\/uploads\/2023\/10\/Glazen-trap-balustrade-in-veiligheidsglas-door-Dochy-Glas.jpg\",\"contentUrl\":\"https:\/\/www.dochyglas.be\/wp-content\/uploads\/2023\/10\/Glazen-trap-balustrade-in-veiligheidsglas-door-Dochy-Glas.jpg\",\"width\":2362,\"height\":1770},{\"@type\":\"BreadcrumbList\",\"@id\":\"https:\/\/www.dochyglas.be\/fr\/renovation-du-verre\/verre-de-securite\/#breadcrumb\",\"itemListElement\":[{\"@type\":\"ListItem\",\"position\":1,\"name\":\"Home\",\"item\":\"https:\/\/www.dochyglas.be\/fr\/\"},{\"@type\":\"ListItem\",\"position\":2,\"name\":\"R\u00e9novation du verre\",\"item\":\"https:\/\/www.dochyglas.be\/fr\/renovation-du-verre\/\"},{\"@type\":\"ListItem\",\"position\":3,\"name\":\"Verre de s\u00e9curit\u00e9\"}]},{\"@type\":\"WebSite\",\"@id\":\"https:\/\/www.dochyglas.be\/#website\",\"url\":\"https:\/\/www.dochyglas.be\/\",\"name\":\"Dochy Glas\",\"description\":\"Glass solutions\",\"publisher\":{\"@id\":\"https:\/\/www.dochyglas.be\/#organization\"},\"alternateName\":\"Dochy\",\"potentialAction\":[{\"@type\":\"SearchAction\",\"target\":{\"@type\":\"EntryPoint\",\"urlTemplate\":\"https:\/\/www.dochyglas.be\/?s={search_term_string}\"},\"query-input\":{\"@type\":\"PropertyValueSpecification\",\"valueRequired\":true,\"valueName\":\"search_term_string\"}}],\"inLanguage\":\"fr-FR\"},{\"@type\":\"Organization\",\"@id\":\"https:\/\/www.dochyglas.be\/#organization\",\"name\":\"Dochy Glas\",\"alternateName\":\"Dochy Glass solutions\",\"url\":\"https:\/\/www.dochyglas.be\/\",\"logo\":{\"@type\":\"ImageObject\",\"inLanguage\":\"fr-FR\",\"@id\":\"https:\/\/www.dochyglas.be\/#\/schema\/logo\/image\/\",\"url\":\"https:\/\/www.dochyglas.be\/wp-content\/uploads\/2023\/09\/DochyGlas_logo_kleur-e1695737229567.png\",\"contentUrl\":\"https:\/\/www.dochyglas.be\/wp-content\/uploads\/2023\/09\/DochyGlas_logo_kleur-e1695737229567.png\",\"width\":6853,\"height\":3160,\"caption\":\"Dochy Glas\"},\"image\":{\"@id\":\"https:\/\/www.dochyglas.be\/#\/schema\/logo\/image\/\"},\"sameAs\":[\"https:\/\/www.facebook.com\/Dochyglas\",\"https:\/\/www.instagram.com\/dochyglas\/\"]}]}<\/script>\n<!-- \/ Yoast SEO plugin. -->","yoast_head_json":{"title":"Pose de Vitrage de S\u00e9curit\u00e9 | Dochy Glas","description":"Pour la pose de vitrage de s\u00e9curit\u00e9, Dochy Glas de Veurne est le partenaire id\u00e9al. Vous pouvez compter sur l'expertise de Dochy, demandez d\u00e8s aujourd'hui votre devis.","robots":{"index":"index","follow":"follow","max-snippet":"max-snippet:-1","max-image-preview":"max-image-preview:large","max-video-preview":"max-video-preview:-1"},"canonical":"https:\/\/www.dochyglas.be\/fr\/renovation-du-verre\/verre-de-securite\/","og_locale":"fr_FR","og_type":"article","og_title":"Pose de Vitrage de S\u00e9curit\u00e9 | Dochy Glas","og_description":"Pour la pose de vitrage de s\u00e9curit\u00e9, Dochy Glas de Veurne est le partenaire id\u00e9al. Vous pouvez compter sur l'expertise de Dochy, demandez d\u00e8s aujourd'hui votre devis.","og_url":"https:\/\/www.dochyglas.be\/fr\/renovation-du-verre\/verre-de-securite\/","og_site_name":"Dochy Glas","article_publisher":"https:\/\/www.facebook.com\/Dochyglas","article_modified_time":"2024-03-07T12:57:07+00:00","og_image":[{"width":2362,"height":1770,"url":"https:\/\/www.dochyglas.be\/wp-content\/uploads\/2023\/10\/Glazen-trap-balustrade-in-veiligheidsglas-door-Dochy-Glas.jpg","type":"image\/jpeg"}],"twitter_card":"summary_large_image","twitter_misc":{"Dur\u00e9e de lecture estim\u00e9e":"2 minutes"},"schema":{"@context":"https:\/\/schema.org","@graph":[{"@type":"WebPage","@id":"https:\/\/www.dochyglas.be\/fr\/renovation-du-verre\/verre-de-securite\/","url":"https:\/\/www.dochyglas.be\/fr\/renovation-du-verre\/verre-de-securite\/","name":"Pose de Vitrage de S\u00e9curit\u00e9 | Dochy Glas","isPartOf":{"@id":"https:\/\/www.dochyglas.be\/#website"},"primaryImageOfPage":{"@id":"https:\/\/www.dochyglas.be\/fr\/renovation-du-verre\/verre-de-securite\/#primaryimage"},"image":{"@id":"https:\/\/www.dochyglas.be\/fr\/renovation-du-verre\/verre-de-securite\/#primaryimage"},"thumbnailUrl":"https:\/\/www.dochyglas.be\/wp-content\/uploads\/2023\/10\/Glazen-trap-balustrade-in-veiligheidsglas-door-Dochy-Glas.jpg","datePublished":"2023-09-26T07:44:19+00:00","dateModified":"2024-03-07T12:57:07+00:00","description":"Pour la pose de vitrage de s\u00e9curit\u00e9, Dochy Glas de Veurne est le partenaire id\u00e9al. Vous pouvez compter sur l'expertise de Dochy, demandez d\u00e8s aujourd'hui votre devis.","breadcrumb":{"@id":"https:\/\/www.dochyglas.be\/fr\/renovation-du-verre\/verre-de-securite\/#breadcrumb"},"inLanguage":"fr-FR","potentialAction":[{"@type":"ReadAction","target":["https:\/\/www.dochyglas.be\/fr\/renovation-du-verre\/verre-de-securite\/"]}]},{"@type":"ImageObject","inLanguage":"fr-FR","@id":"https:\/\/www.dochyglas.be\/fr\/renovation-du-verre\/verre-de-securite\/#primaryimage","url":"https:\/\/www.dochyglas.be\/wp-content\/uploads\/2023\/10\/Glazen-trap-balustrade-in-veiligheidsglas-door-Dochy-Glas.jpg","contentUrl":"https:\/\/www.dochyglas.be\/wp-content\/uploads\/2023\/10\/Glazen-trap-balustrade-in-veiligheidsglas-door-Dochy-Glas.jpg","width":2362,"height":1770},{"@type":"BreadcrumbList","@id":"https:\/\/www.dochyglas.be\/fr\/renovation-du-verre\/verre-de-securite\/#breadcrumb","itemListElement":[{"@type":"ListItem","position":1,"name":"Home","item":"https:\/\/www.dochyglas.be\/fr\/"},{"@type":"ListItem","position":2,"name":"R\u00e9novation du verre","item":"https:\/\/www.dochyglas.be\/fr\/renovation-du-verre\/"},{"@type":"ListItem","position":3,"name":"Verre de s\u00e9curit\u00e9"}]},{"@type":"WebSite","@id":"https:\/\/www.dochyglas.be\/#website","url":"https:\/\/www.dochyglas.be\/","name":"Dochy Glas","description":"Glass solutions","publisher":{"@id":"https:\/\/www.dochyglas.be\/#organization"},"alternateName":"Dochy","potentialAction":[{"@type":"SearchAction","target":{"@type":"EntryPoint","urlTemplate":"https:\/\/www.dochyglas.be\/?s={search_term_string}"},"query-input":{"@type":"PropertyValueSpecification","valueRequired":true,"valueName":"search_term_string"}}],"inLanguage":"fr-FR"},{"@type":"Organization","@id":"https:\/\/www.dochyglas.be\/#organization","name":"Dochy Glas","alternateName":"Dochy Glass solutions","url":"https:\/\/www.dochyglas.be\/","logo":{"@type":"ImageObject","inLanguage":"fr-FR","@id":"https:\/\/www.dochyglas.be\/#\/schema\/logo\/image\/","url":"https:\/\/www.dochyglas.be\/wp-content\/uploads\/2023\/09\/DochyGlas_logo_kleur-e1695737229567.png","contentUrl":"https:\/\/www.dochyglas.be\/wp-content\/uploads\/2023\/09\/DochyGlas_logo_kleur-e1695737229567.png","width":6853,"height":3160,"caption":"Dochy Glas"},"image":{"@id":"https:\/\/www.dochyglas.be\/#\/schema\/logo\/image\/"},"sameAs":["https:\/\/www.facebook.com\/Dochyglas","https:\/\/www.instagram.com\/dochyglas\/"]}]}},"_links":{"self":[{"href":"https:\/\/www.dochyglas.be\/fr\/wp-json\/wp\/v2\/pages\/960","targetHints":{"allow":["GET"]}}],"collection":[{"href":"https:\/\/www.dochyglas.be\/fr\/wp-json\/wp\/v2\/pages"}],"about":[{"href":"https:\/\/www.dochyglas.be\/fr\/wp-json\/wp\/v2\/types\/page"}],"author":[{"embeddable":true,"href":"https:\/\/www.dochyglas.be\/fr\/wp-json\/wp\/v2\/users\/1"}],"replies":[{"embeddable":true,"href":"https:\/\/www.dochyglas.be\/fr\/wp-json\/wp\/v2\/comments?post=960"}],"version-history":[{"count":3,"href":"https:\/\/www.dochyglas.be\/fr\/wp-json\/wp\/v2\/pages\/960\/revisions"}],"predecessor-version":[{"id":1089,"href":"https:\/\/www.dochyglas.be\/fr\/wp-json\/wp\/v2\/pages\/960\/revisions\/1089"}],"up":[{"embeddable":true,"href":"https:\/\/www.dochyglas.be\/fr\/wp-json\/wp\/v2\/pages\/957"}],"wp:featuredmedia":[{"embeddable":true,"href":"https:\/\/www.dochyglas.be\/fr\/wp-json\/wp\/v2\/media\/675"}],"wp:attachment":[{"href":"https:\/\/www.dochyglas.be\/fr\/wp-json\/wp\/v2\/media?parent=960"}],"curies":[{"name":"wp","href":"https:\/\/api.w.org\/{rel}","templated":true}]}}