{"id":961,"date":"2023-09-26T09:44:19","date_gmt":"2023-09-26T07:44:19","guid":{"rendered":"https:\/\/www.dochyglas.be\/glasrenovatie\/renovatieprofielen\/"},"modified":"2024-03-07T15:10:01","modified_gmt":"2024-03-07T13:10:01","slug":"profils-de-renovation","status":"publish","type":"page","link":"https:\/\/www.dochyglas.be\/fr\/renovation-du-verre\/profils-de-renovation\/","title":{"rendered":"Profils de r\u00e9novation"},"content":{"rendered":"<section class=\"l-section wpb_row detail height_auto\"><div class=\"l-section-h i-cf\"><div class=\"g-cols vc_row via_flex valign_bottom type_boxes stacking_default\"><div class=\"vc_col-sm-12 wpb_column vc_column_container minheightbanner has_bg_color\"><div class=\"vc_column-inner us_custom_f28fcf5b\"><div class=\"vc_column-overlay\" style=\"background:rgba(0,0,0,0.70)\"><\/div><div class=\"wpb_wrapper\"><div class=\"g-cols wpb_row via_flex valign_top type_default stacking_default\"><div class=\"vc_col-sm-7 wpb_column vc_column_container\"><div class=\"vc_column-inner\"><div class=\"wpb_wrapper\"><div class=\"wpb_text_column us_custom_6df4bc3a has_text_color\"><div class=\"wpb_wrapper\"><h1>Quels sont <em>les profils de r\u00e9novation<\/em> ?<\/h1>\n<\/div><\/div><div class=\"w-separator size_small\"><\/div><nav class=\"g-breadcrumbs us_custom_6df4bc3a has_text_color separator_icon align_none\" itemscope itemtype=\"http:\/\/schema.org\/BreadcrumbList\"><div class=\"g-breadcrumbs-item\" itemscope itemprop=\"itemListElement\" itemtype=\"http:\/\/schema.org\/ListItem\"><a itemprop=\"item\" href=\"https:\/\/www.dochyglas.be\/fr\/\"><span itemprop=\"name\">Accueil<\/span><\/a><meta itemprop=\"position\" content=\"1\"\/><\/div><div class=\"g-breadcrumbs-separator\"><i class=\"far fa-angle-right\"><\/i><\/div><div class=\"g-breadcrumbs-item\">Pages<\/div><\/nav><\/div><\/div><\/div><div class=\"vc_col-sm-5 wpb_column vc_column_container\"><div class=\"vc_column-inner\"><div class=\"wpb_wrapper\"><\/div><\/div><\/div><\/div><\/div><\/div><\/div><\/div><\/div><\/section><section class=\"l-section wpb_row height_auto\"><div class=\"l-section-h i-cf\"><div class=\"g-cols vc_row via_flex valign_top type_boxes stacking_default\"><div class=\"vc_col-sm-12 vc_col-lg-6 vc_col-md-6 vc_col-xs-12 wpb_column vc_column_container\"><div class=\"vc_column-inner\"><div class=\"wpb_wrapper\"><div class=\"wpb_text_column\"><div class=\"wpb_wrapper\"><h2>Pourquoi les <em>profils de r\u00e9novation<\/em>?<\/h2>\n<p>R\u00e9servez d\u00e8s aujourd&rsquo;hui votre consultation technique gratuite \u00e0 domicile<\/p>\n<\/div><\/div><\/div><\/div><\/div><div class=\"vc_col-sm-12 vc_col-lg-6 vc_col-md-6 vc_col-xs-12 wpb_column vc_column_container\"><div class=\"vc_column-inner\"><div class=\"wpb_wrapper\"><div class=\"wpb_text_column\"><div class=\"wpb_wrapper\"><p>Les profils de r\u00e9novation sont un \u00e9l\u00e9ment important de la r\u00e9novation des anciens b\u00e2timents. Ces profils sont utilis\u00e9s pour remplacer le simple vitrage dans les fen\u00eatres existantes sans devoir remplacer le chassis original. Cela permet d&rsquo;\u00e9conomiser du temps et de l&rsquo;argent lors de la r\u00e9novation de la propri\u00e9t\u00e9. <\/p>\n<\/div><\/div><div class=\"w-separator size_small\"><\/div><div class=\"w-btn-wrapper align_none\"><a class=\"w-btn us-btn-style_2\" href=\"https:\/\/www.dochyglas.be\/fr\/contact\/\"><span class=\"w-btn-label\">Contactez-nous<\/span><\/a><\/div><\/div><\/div><\/div><\/div><\/div><\/section><section class=\"l-section wpb_row height_small\"><div class=\"l-section-h i-cf\"><div class=\"g-cols vc_row via_flex valign_top type_boxes stacking_default\"><div class=\"vc_col-sm-5 wpb_column vc_column_container imgresp has_bg_color\"><div class=\"vc_column-inner us_custom_f5f26b3d\"><div class=\"wpb_wrapper\"><\/div><\/div><\/div><div class=\"vc_col-sm-7 wpb_column vc_column_container has_bg_color\"><div class=\"vc_column-inner us_custom_5e134dd3\"><div class=\"wpb_wrapper\"><div class=\"wpb_text_column\"><div class=\"wpb_wrapper\"><h3>Les <em>avantages<\/em> des profils de r\u00e9novation<\/h3>\n<p>Nos profils de r\u00e9novation sont de haute qualit\u00e9 et sont fabriqu\u00e9s en PVC, parfaitement pr\u00eat \u00e7 \u00eatre peint. Ce mat\u00e9riau garantit<\/p>\n<ul>\n<li>une longue dur\u00e9e de vie<\/li>\n<li>une isolation de haute qualit\u00e9<\/li>\n<li>une \u00e9conomie substantielle sur votre facture d&rsquo;\u00e9nergie.<\/li>\n<\/ul>\n<p>Si vous souhaitez obtenir plus d&rsquo;informations sur nos profils de r\u00e9novation ou demander un devis, n&rsquo;h\u00e9sitez pas \u00e0 nous contacter. Nos conseillers techniques sont \u00e0 votre disposition pour vous aider \u00e0 trouver les profils appropri\u00e9s pour votre projet de r\u00e9novation.<\/p>\n<\/div><\/div><\/div><\/div><\/div><\/div><\/div><\/section>\n","protected":false},"excerpt":{"rendered":"Quels sont les profils de r\u00e9novation ? AccueilPagesPourquoi les profils de r\u00e9novation? R\u00e9servez d\u00e8s aujourd&rsquo;hui votre consultation technique gratuite \u00e0 domicile Les profils de r\u00e9novation sont un \u00e9l\u00e9ment important de la r\u00e9novation des anciens b\u00e2timents. Ces profils sont utilis\u00e9s pour remplacer le simple vitrage dans les fen\u00eatres existantes sans devoir remplacer le chassis original. Cela...","protected":false},"author":1,"featured_media":687,"parent":957,"menu_order":8,"comment_status":"closed","ping_status":"closed","template":"","meta":{"footnotes":""},"class_list":["post-961","page","type-page","status-publish","has-post-thumbnail","hentry"],"acf":[],"yoast_head":"<!-- This site is optimized with the Yoast SEO plugin v26.4 - https:\/\/yoast.com\/wordpress\/plugins\/seo\/ -->\n<title>Profils de Renovation | Dochy Glas<\/title>\n<meta name=\"description\" content=\"Pour les profils de r\u00e9novation veuillez contacter l&#039;expert Dochy Glas. Notre \u00e9quipe de sp\u00e9cialistes du verre est \u00e0 votre disposition.\" \/>\n<meta name=\"robots\" content=\"index, follow, max-snippet:-1, max-image-preview:large, max-video-preview:-1\" \/>\n<link rel=\"canonical\" href=\"https:\/\/www.dochyglas.be\/fr\/renovation-du-verre\/profils-de-renovation\/\" \/>\n<meta property=\"og:locale\" content=\"fr_FR\" \/>\n<meta property=\"og:type\" content=\"article\" \/>\n<meta property=\"og:title\" content=\"Profils de Renovation | Dochy Glas\" \/>\n<meta property=\"og:description\" content=\"Pour les profils de r\u00e9novation veuillez contacter l&#039;expert Dochy Glas. Notre \u00e9quipe de sp\u00e9cialistes du verre est \u00e0 votre disposition.\" \/>\n<meta property=\"og:url\" content=\"https:\/\/www.dochyglas.be\/fr\/renovation-du-verre\/profils-de-renovation\/\" \/>\n<meta property=\"og:site_name\" content=\"Dochy Glas\" \/>\n<meta property=\"article:publisher\" content=\"https:\/\/www.facebook.com\/Dochyglas\" \/>\n<meta property=\"article:modified_time\" content=\"2024-03-07T13:10:01+00:00\" \/>\n<meta property=\"og:image\" content=\"https:\/\/www.dochyglas.be\/wp-content\/uploads\/2023\/10\/renovatieprofielen-Dochy-scaled.jpg\" \/>\n\t<meta property=\"og:image:width\" content=\"1920\" \/>\n\t<meta property=\"og:image:height\" content=\"2560\" \/>\n\t<meta property=\"og:image:type\" content=\"image\/jpeg\" \/>\n<meta name=\"twitter:card\" content=\"summary_large_image\" \/>\n<meta name=\"twitter:label1\" content=\"Dur\u00e9e de lecture estim\u00e9e\" \/>\n\t<meta name=\"twitter:data1\" content=\"1 minute\" \/>\n<script type=\"application\/ld+json\" class=\"yoast-schema-graph\">{\"@context\":\"https:\/\/schema.org\",\"@graph\":[{\"@type\":\"WebPage\",\"@id\":\"https:\/\/www.dochyglas.be\/fr\/renovation-du-verre\/profils-de-renovation\/\",\"url\":\"https:\/\/www.dochyglas.be\/fr\/renovation-du-verre\/profils-de-renovation\/\",\"name\":\"Profils de Renovation | Dochy Glas\",\"isPartOf\":{\"@id\":\"https:\/\/www.dochyglas.be\/#website\"},\"primaryImageOfPage\":{\"@id\":\"https:\/\/www.dochyglas.be\/fr\/renovation-du-verre\/profils-de-renovation\/#primaryimage\"},\"image\":{\"@id\":\"https:\/\/www.dochyglas.be\/fr\/renovation-du-verre\/profils-de-renovation\/#primaryimage\"},\"thumbnailUrl\":\"https:\/\/www.dochyglas.be\/wp-content\/uploads\/2023\/10\/renovatieprofielen-Dochy-scaled.jpg\",\"datePublished\":\"2023-09-26T07:44:19+00:00\",\"dateModified\":\"2024-03-07T13:10:01+00:00\",\"description\":\"Pour les profils de r\u00e9novation veuillez contacter l'expert Dochy Glas. Notre \u00e9quipe de sp\u00e9cialistes du verre est \u00e0 votre disposition.\",\"breadcrumb\":{\"@id\":\"https:\/\/www.dochyglas.be\/fr\/renovation-du-verre\/profils-de-renovation\/#breadcrumb\"},\"inLanguage\":\"fr-FR\",\"potentialAction\":[{\"@type\":\"ReadAction\",\"target\":[\"https:\/\/www.dochyglas.be\/fr\/renovation-du-verre\/profils-de-renovation\/\"]}]},{\"@type\":\"ImageObject\",\"inLanguage\":\"fr-FR\",\"@id\":\"https:\/\/www.dochyglas.be\/fr\/renovation-du-verre\/profils-de-renovation\/#primaryimage\",\"url\":\"https:\/\/www.dochyglas.be\/wp-content\/uploads\/2023\/10\/renovatieprofielen-Dochy-scaled.jpg\",\"contentUrl\":\"https:\/\/www.dochyglas.be\/wp-content\/uploads\/2023\/10\/renovatieprofielen-Dochy-scaled.jpg\",\"width\":1920,\"height\":2560,\"caption\":\"renovatie raamprofielen Dochy Glas\"},{\"@type\":\"BreadcrumbList\",\"@id\":\"https:\/\/www.dochyglas.be\/fr\/renovation-du-verre\/profils-de-renovation\/#breadcrumb\",\"itemListElement\":[{\"@type\":\"ListItem\",\"position\":1,\"name\":\"Home\",\"item\":\"https:\/\/www.dochyglas.be\/fr\/\"},{\"@type\":\"ListItem\",\"position\":2,\"name\":\"R\u00e9novation du verre\",\"item\":\"https:\/\/www.dochyglas.be\/fr\/renovation-du-verre\/\"},{\"@type\":\"ListItem\",\"position\":3,\"name\":\"Profils de r\u00e9novation\"}]},{\"@type\":\"WebSite\",\"@id\":\"https:\/\/www.dochyglas.be\/#website\",\"url\":\"https:\/\/www.dochyglas.be\/\",\"name\":\"Dochy Glas\",\"description\":\"Glass solutions\",\"publisher\":{\"@id\":\"https:\/\/www.dochyglas.be\/#organization\"},\"alternateName\":\"Dochy\",\"potentialAction\":[{\"@type\":\"SearchAction\",\"target\":{\"@type\":\"EntryPoint\",\"urlTemplate\":\"https:\/\/www.dochyglas.be\/?s={search_term_string}\"},\"query-input\":{\"@type\":\"PropertyValueSpecification\",\"valueRequired\":true,\"valueName\":\"search_term_string\"}}],\"inLanguage\":\"fr-FR\"},{\"@type\":\"Organization\",\"@id\":\"https:\/\/www.dochyglas.be\/#organization\",\"name\":\"Dochy Glas\",\"alternateName\":\"Dochy Glass solutions\",\"url\":\"https:\/\/www.dochyglas.be\/\",\"logo\":{\"@type\":\"ImageObject\",\"inLanguage\":\"fr-FR\",\"@id\":\"https:\/\/www.dochyglas.be\/#\/schema\/logo\/image\/\",\"url\":\"https:\/\/www.dochyglas.be\/wp-content\/uploads\/2023\/09\/DochyGlas_logo_kleur-e1695737229567.png\",\"contentUrl\":\"https:\/\/www.dochyglas.be\/wp-content\/uploads\/2023\/09\/DochyGlas_logo_kleur-e1695737229567.png\",\"width\":6853,\"height\":3160,\"caption\":\"Dochy Glas\"},\"image\":{\"@id\":\"https:\/\/www.dochyglas.be\/#\/schema\/logo\/image\/\"},\"sameAs\":[\"https:\/\/www.facebook.com\/Dochyglas\",\"https:\/\/www.instagram.com\/dochyglas\/\"]}]}<\/script>\n<!-- \/ Yoast SEO plugin. -->","yoast_head_json":{"title":"Profils de Renovation | Dochy Glas","description":"Pour les profils de r\u00e9novation veuillez contacter l'expert Dochy Glas. Notre \u00e9quipe de sp\u00e9cialistes du verre est \u00e0 votre disposition.","robots":{"index":"index","follow":"follow","max-snippet":"max-snippet:-1","max-image-preview":"max-image-preview:large","max-video-preview":"max-video-preview:-1"},"canonical":"https:\/\/www.dochyglas.be\/fr\/renovation-du-verre\/profils-de-renovation\/","og_locale":"fr_FR","og_type":"article","og_title":"Profils de Renovation | Dochy Glas","og_description":"Pour les profils de r\u00e9novation veuillez contacter l'expert Dochy Glas. Notre \u00e9quipe de sp\u00e9cialistes du verre est \u00e0 votre disposition.","og_url":"https:\/\/www.dochyglas.be\/fr\/renovation-du-verre\/profils-de-renovation\/","og_site_name":"Dochy Glas","article_publisher":"https:\/\/www.facebook.com\/Dochyglas","article_modified_time":"2024-03-07T13:10:01+00:00","og_image":[{"width":1920,"height":2560,"url":"https:\/\/www.dochyglas.be\/wp-content\/uploads\/2023\/10\/renovatieprofielen-Dochy-scaled.jpg","type":"image\/jpeg"}],"twitter_card":"summary_large_image","twitter_misc":{"Dur\u00e9e de lecture estim\u00e9e":"1 minute"},"schema":{"@context":"https:\/\/schema.org","@graph":[{"@type":"WebPage","@id":"https:\/\/www.dochyglas.be\/fr\/renovation-du-verre\/profils-de-renovation\/","url":"https:\/\/www.dochyglas.be\/fr\/renovation-du-verre\/profils-de-renovation\/","name":"Profils de Renovation | Dochy Glas","isPartOf":{"@id":"https:\/\/www.dochyglas.be\/#website"},"primaryImageOfPage":{"@id":"https:\/\/www.dochyglas.be\/fr\/renovation-du-verre\/profils-de-renovation\/#primaryimage"},"image":{"@id":"https:\/\/www.dochyglas.be\/fr\/renovation-du-verre\/profils-de-renovation\/#primaryimage"},"thumbnailUrl":"https:\/\/www.dochyglas.be\/wp-content\/uploads\/2023\/10\/renovatieprofielen-Dochy-scaled.jpg","datePublished":"2023-09-26T07:44:19+00:00","dateModified":"2024-03-07T13:10:01+00:00","description":"Pour les profils de r\u00e9novation veuillez contacter l'expert Dochy Glas. Notre \u00e9quipe de sp\u00e9cialistes du verre est \u00e0 votre disposition.","breadcrumb":{"@id":"https:\/\/www.dochyglas.be\/fr\/renovation-du-verre\/profils-de-renovation\/#breadcrumb"},"inLanguage":"fr-FR","potentialAction":[{"@type":"ReadAction","target":["https:\/\/www.dochyglas.be\/fr\/renovation-du-verre\/profils-de-renovation\/"]}]},{"@type":"ImageObject","inLanguage":"fr-FR","@id":"https:\/\/www.dochyglas.be\/fr\/renovation-du-verre\/profils-de-renovation\/#primaryimage","url":"https:\/\/www.dochyglas.be\/wp-content\/uploads\/2023\/10\/renovatieprofielen-Dochy-scaled.jpg","contentUrl":"https:\/\/www.dochyglas.be\/wp-content\/uploads\/2023\/10\/renovatieprofielen-Dochy-scaled.jpg","width":1920,"height":2560,"caption":"renovatie raamprofielen Dochy Glas"},{"@type":"BreadcrumbList","@id":"https:\/\/www.dochyglas.be\/fr\/renovation-du-verre\/profils-de-renovation\/#breadcrumb","itemListElement":[{"@type":"ListItem","position":1,"name":"Home","item":"https:\/\/www.dochyglas.be\/fr\/"},{"@type":"ListItem","position":2,"name":"R\u00e9novation du verre","item":"https:\/\/www.dochyglas.be\/fr\/renovation-du-verre\/"},{"@type":"ListItem","position":3,"name":"Profils de r\u00e9novation"}]},{"@type":"WebSite","@id":"https:\/\/www.dochyglas.be\/#website","url":"https:\/\/www.dochyglas.be\/","name":"Dochy Glas","description":"Glass solutions","publisher":{"@id":"https:\/\/www.dochyglas.be\/#organization"},"alternateName":"Dochy","potentialAction":[{"@type":"SearchAction","target":{"@type":"EntryPoint","urlTemplate":"https:\/\/www.dochyglas.be\/?s={search_term_string}"},"query-input":{"@type":"PropertyValueSpecification","valueRequired":true,"valueName":"search_term_string"}}],"inLanguage":"fr-FR"},{"@type":"Organization","@id":"https:\/\/www.dochyglas.be\/#organization","name":"Dochy Glas","alternateName":"Dochy Glass solutions","url":"https:\/\/www.dochyglas.be\/","logo":{"@type":"ImageObject","inLanguage":"fr-FR","@id":"https:\/\/www.dochyglas.be\/#\/schema\/logo\/image\/","url":"https:\/\/www.dochyglas.be\/wp-content\/uploads\/2023\/09\/DochyGlas_logo_kleur-e1695737229567.png","contentUrl":"https:\/\/www.dochyglas.be\/wp-content\/uploads\/2023\/09\/DochyGlas_logo_kleur-e1695737229567.png","width":6853,"height":3160,"caption":"Dochy Glas"},"image":{"@id":"https:\/\/www.dochyglas.be\/#\/schema\/logo\/image\/"},"sameAs":["https:\/\/www.facebook.com\/Dochyglas","https:\/\/www.instagram.com\/dochyglas\/"]}]}},"_links":{"self":[{"href":"https:\/\/www.dochyglas.be\/fr\/wp-json\/wp\/v2\/pages\/961","targetHints":{"allow":["GET"]}}],"collection":[{"href":"https:\/\/www.dochyglas.be\/fr\/wp-json\/wp\/v2\/pages"}],"about":[{"href":"https:\/\/www.dochyglas.be\/fr\/wp-json\/wp\/v2\/types\/page"}],"author":[{"embeddable":true,"href":"https:\/\/www.dochyglas.be\/fr\/wp-json\/wp\/v2\/users\/1"}],"replies":[{"embeddable":true,"href":"https:\/\/www.dochyglas.be\/fr\/wp-json\/wp\/v2\/comments?post=961"}],"version-history":[{"count":4,"href":"https:\/\/www.dochyglas.be\/fr\/wp-json\/wp\/v2\/pages\/961\/revisions"}],"predecessor-version":[{"id":1377,"href":"https:\/\/www.dochyglas.be\/fr\/wp-json\/wp\/v2\/pages\/961\/revisions\/1377"}],"up":[{"embeddable":true,"href":"https:\/\/www.dochyglas.be\/fr\/wp-json\/wp\/v2\/pages\/957"}],"wp:featuredmedia":[{"embeddable":true,"href":"https:\/\/www.dochyglas.be\/fr\/wp-json\/wp\/v2\/media\/687"}],"wp:attachment":[{"href":"https:\/\/www.dochyglas.be\/fr\/wp-json\/wp\/v2\/media?parent=961"}],"curies":[{"name":"wp","href":"https:\/\/api.w.org\/{rel}","templated":true}]}}