{"id":966,"date":"2023-09-26T09:42:23","date_gmt":"2023-09-26T07:42:23","guid":{"rendered":"https:\/\/www.dochyglas.be\/premies-en-verzekeringen\/"},"modified":"2023-12-05T16:15:36","modified_gmt":"2023-12-05T14:15:36","slug":"subsides-et-assurances","status":"publish","type":"page","link":"https:\/\/www.dochyglas.be\/fr\/subsides-et-assurances\/","title":{"rendered":"Subsides et assurances"},"content":{"rendered":"<section class=\"l-section wpb_row detail height_auto\"><div class=\"l-section-h i-cf\"><div class=\"g-cols vc_row via_flex valign_bottom type_boxes stacking_default\"><div class=\"vc_col-sm-12 wpb_column vc_column_container minheightbanner has_bg_color\"><div class=\"vc_column-inner us_custom_a38528b9\"><div class=\"vc_column-overlay\" style=\"background:rgba(0,0,0,0.70)\"><\/div><div class=\"wpb_wrapper\"><div class=\"g-cols wpb_row via_flex valign_top type_default stacking_default\"><div class=\"vc_col-sm-7 wpb_column vc_column_container\"><div class=\"vc_column-inner\"><div class=\"wpb_wrapper\"><div class=\"wpb_text_column us_custom_6df4bc3a has_text_color\"><div class=\"wpb_wrapper\"><h1>Renseignez-vous sur <em>les subventions<\/em> pour la r\u00e9novation du verre<\/h1>\n<p>Si vous remplacez les fen\u00eatres de votre maison par du vitrage \u00e0 haute efficacit\u00e9, vous pourriez \u00eatre \u00e9ligible \u00e0 une subvention.<\/p>\n<\/div><\/div><\/div><\/div><\/div><div class=\"vc_col-sm-5 wpb_column vc_column_container\"><div class=\"vc_column-inner\"><div class=\"wpb_wrapper\"><\/div><\/div><\/div><\/div><\/div><\/div><\/div><\/div><\/div><\/section><section class=\"l-section wpb_row height_auto\"><div class=\"l-section-h i-cf\"><div class=\"g-cols vc_row via_flex valign_top type_boxes stacking_default\"><div class=\"vc_col-sm-12 vc_col-lg-6 vc_col-md-6 vc_col-xs-12 wpb_column vc_column_container\"><div class=\"vc_column-inner\"><div class=\"wpb_wrapper\"><div class=\"wpb_text_column\"><div class=\"wpb_wrapper\"><h2>Pour le remplacement de vieux vitrages simple, double ou triple, <em>Dochy Glas<\/em> utilise du vitrage HR++ tr\u00e8s isolant.<\/h2>\n<p>Le vitrage HR++ est un vitrage standard (triple) dot\u00e9 d&rsquo;un rev\u00eatement m\u00e9tallique sur les plaques de verre et d&rsquo;un gaz noble (argon) inject\u00e9 entre les plaques de verre. Le rev\u00eatement m\u00e9tallique et le gaz noble permettent une meilleure isolation que le vitrage isolant standard. Dans le but d&rsquo;am\u00e9liorer l&rsquo;isolation de votre maison, nous travaillons avec du vitrage HR++ ayant une valeur U de 1,0 ou 0,6 W\/m\u00b2K.<\/p>\n<p>V\u00e9rifiez si les aides gouvernementales s&rsquo;appliquent \u00e0 votre cas. Cela peut vous aider \u00e0 \u00e9conomiser de l&rsquo;argent sur votre facture d&rsquo;\u00e9nergie et \u00e0 rendre votre maison plus confortable.<\/p>\n<\/div><\/div><\/div><\/div><\/div><div class=\"vc_col-sm-12 vc_col-lg-6 vc_col-md-6 vc_col-xs-12 wpb_column vc_column_container\"><div class=\"vc_column-inner\"><div class=\"wpb_wrapper\"><div class=\"wpb_text_column\"><div class=\"wpb_wrapper\"><h3>Plus d&rsquo;informations<\/h3>\n<ul>\n<li><span style=\"text-decoration: underline;\"><a href=\"https:\/\/www.energiesparen.be\" target=\"_blank\" rel=\"noopener\">Energiesparen.be<\/a><\/span><\/li>\n<li><span style=\"text-decoration: underline;\"><a href=\"https:\/\/www.vlaanderen.be\/bouwen-wonen-en-energie\/bouwen-en-verbouwen\/premies-en-belastingvoordelen\/mijn-verbouwpremie\/mijn-verbouwpremie-voor-ramen-en-deuren#bedrag\" target=\"_blank\" rel=\"noopener\">Mijn VerbouwPremie voor ramen en deuren | Vlaanderen.be<\/a><\/span><\/li>\n<\/ul>\n<\/div><\/div><div class=\"w-separator size_small\"><\/div><div class=\"w-btn-wrapper align_none\"><a class=\"w-btn us-btn-style_2\" href=\"https:\/\/www.dochyglas.be\/fr\/contact\/\"><span class=\"w-btn-label\">Contactez-nous<\/span><\/a><\/div><\/div><\/div><\/div><\/div><\/div><\/section><section class=\"l-section wpb_row height_small\"><div class=\"l-section-h i-cf\"><div class=\"g-cols vc_row via_flex valign_top type_boxes stacking_default\"><div class=\"vc_col-sm-5 wpb_column vc_column_container imgresp has_bg_color\"><div class=\"vc_column-inner us_custom_0676cda6\"><div class=\"wpb_wrapper\"><\/div><\/div><\/div><div class=\"vc_col-sm-7 wpb_column vc_column_container has_bg_color\"><div class=\"vc_column-inner us_custom_5e134dd3\"><div class=\"wpb_wrapper\"><div class=\"wpb_text_column\"><div class=\"wpb_wrapper\"><h3>Assurances et paperasserie<\/h3>\n<\/div><\/div><div class=\"w-separator size_small\"><\/div><div class=\"wpb_text_column\"><div class=\"wpb_wrapper\"><p>D\u00e9poser une r\u00e9clamation d&rsquo;assurance pour la r\u00e9paration de bris de verre peut \u00eatre un processus complexe. Heureusement, nous sommes familiers avec les exigences et les proc\u00e9dures des compagnies d&rsquo;assurance. Nous vous aiderons volontiers \u00e0 remplir les documents n\u00e9cessaires et veillerons \u00e0 ce que vous obteniez la documentation requise pour le traitement fluide de votre r\u00e9clamation.<\/p>\n<\/div><\/div><div class=\"w-separator size_small\"><\/div><div class=\"w-btn-wrapper align_none\"><a class=\"w-btn us-btn-style_2\" href=\"https:\/\/www.dochyglas.be\/fr\/contact\/\"><span class=\"w-btn-label\">Prendre rendez-vous<\/span><\/a><\/div><\/div><\/div><\/div><\/div><\/div><\/section>\n","protected":false},"excerpt":{"rendered":"Renseignez-vous sur les subventions pour la r\u00e9novation du verre Si vous remplacez les fen\u00eatres de votre maison par du vitrage \u00e0 haute efficacit\u00e9, vous pourriez \u00eatre \u00e9ligible \u00e0 une subvention. Pour le remplacement de vieux vitrages simple, double ou triple, Dochy Glas utilise du vitrage HR++ tr\u00e8s isolant. Le vitrage HR++ est un vitrage standard...","protected":false},"author":1,"featured_media":399,"parent":0,"menu_order":3,"comment_status":"closed","ping_status":"closed","template":"","meta":{"footnotes":""},"class_list":["post-966","page","type-page","status-publish","has-post-thumbnail","hentry"],"acf":[],"yoast_head":"<!-- This site is optimized with the Yoast SEO plugin v26.4 - https:\/\/yoast.com\/wordpress\/plugins\/seo\/ -->\n<title>Premies en Verzekeringen bij Glasrenovatie | Dochy Glas<\/title>\n<meta name=\"description\" content=\"Komt uw glasrenovatie project in aanmerking voor een premie of komt de verzekering tussen in glasbreuk? Neem contact met ons op voor meer info.\" \/>\n<meta name=\"robots\" content=\"index, follow, max-snippet:-1, max-image-preview:large, max-video-preview:-1\" \/>\n<link rel=\"canonical\" href=\"https:\/\/www.dochyglas.be\/premies-en-verzekeringen\/\" \/>\n<meta property=\"og:locale\" content=\"fr_FR\" \/>\n<meta property=\"og:type\" content=\"article\" \/>\n<meta property=\"og:title\" content=\"Premies en Verzekeringen bij Glasrenovatie | Dochy Glas\" \/>\n<meta property=\"og:description\" content=\"Komt uw glasrenovatie project in aanmerking voor een premie of komt de verzekering tussen in glasbreuk? Neem contact met ons op voor meer info.\" \/>\n<meta property=\"og:url\" content=\"https:\/\/www.dochyglas.be\/premies-en-verzekeringen\/\" \/>\n<meta property=\"og:site_name\" content=\"Dochy Glas\" \/>\n<meta property=\"article:publisher\" content=\"https:\/\/www.facebook.com\/Dochyglas\" \/>\n<meta property=\"article:modified_time\" content=\"2023-12-05T14:15:36+00:00\" \/>\n<meta property=\"og:image\" content=\"https:\/\/www.dochyglas.be\/wp-content\/uploads\/2023\/10\/Dochy-realisatie-structurele-beglazing-gordijngevel-e1697542370468.jpg\" \/>\n\t<meta property=\"og:image:width\" content=\"2000\" \/>\n\t<meta property=\"og:image:height\" content=\"1499\" \/>\n\t<meta property=\"og:image:type\" content=\"image\/jpeg\" \/>\n<meta name=\"twitter:card\" content=\"summary_large_image\" \/>\n<meta name=\"twitter:label1\" content=\"Dur\u00e9e de lecture estim\u00e9e\" \/>\n\t<meta name=\"twitter:data1\" content=\"2 minutes\" \/>\n<script type=\"application\/ld+json\" class=\"yoast-schema-graph\">{\"@context\":\"https:\/\/schema.org\",\"@graph\":[{\"@type\":\"WebPage\",\"@id\":\"https:\/\/www.dochyglas.be\/premies-en-verzekeringen\/\",\"url\":\"https:\/\/www.dochyglas.be\/premies-en-verzekeringen\/\",\"name\":\"Premies en Verzekeringen bij Glasrenovatie | Dochy Glas\",\"isPartOf\":{\"@id\":\"https:\/\/www.dochyglas.be\/#website\"},\"primaryImageOfPage\":{\"@id\":\"https:\/\/www.dochyglas.be\/premies-en-verzekeringen\/#primaryimage\"},\"image\":{\"@id\":\"https:\/\/www.dochyglas.be\/premies-en-verzekeringen\/#primaryimage\"},\"thumbnailUrl\":\"https:\/\/www.dochyglas.be\/wp-content\/uploads\/2023\/10\/Dochy-realisatie-structurele-beglazing-gordijngevel-e1697542370468.jpg\",\"datePublished\":\"2023-09-26T07:42:23+00:00\",\"dateModified\":\"2023-12-05T14:15:36+00:00\",\"description\":\"Komt uw glasrenovatie project in aanmerking voor een premie of komt de verzekering tussen in glasbreuk? Neem contact met ons op voor meer info.\",\"breadcrumb\":{\"@id\":\"https:\/\/www.dochyglas.be\/premies-en-verzekeringen\/#breadcrumb\"},\"inLanguage\":\"fr-FR\",\"potentialAction\":[{\"@type\":\"ReadAction\",\"target\":[\"https:\/\/www.dochyglas.be\/premies-en-verzekeringen\/\"]}]},{\"@type\":\"ImageObject\",\"inLanguage\":\"fr-FR\",\"@id\":\"https:\/\/www.dochyglas.be\/premies-en-verzekeringen\/#primaryimage\",\"url\":\"https:\/\/www.dochyglas.be\/wp-content\/uploads\/2023\/10\/Dochy-realisatie-structurele-beglazing-gordijngevel-e1697542370468.jpg\",\"contentUrl\":\"https:\/\/www.dochyglas.be\/wp-content\/uploads\/2023\/10\/Dochy-realisatie-structurele-beglazing-gordijngevel-e1697542370468.jpg\",\"width\":2000,\"height\":1499},{\"@type\":\"BreadcrumbList\",\"@id\":\"https:\/\/www.dochyglas.be\/premies-en-verzekeringen\/#breadcrumb\",\"itemListElement\":[{\"@type\":\"ListItem\",\"position\":1,\"name\":\"Home\",\"item\":\"https:\/\/www.dochyglas.be\/fr\/\"},{\"@type\":\"ListItem\",\"position\":2,\"name\":\"Subsides et assurances\"}]},{\"@type\":\"WebSite\",\"@id\":\"https:\/\/www.dochyglas.be\/#website\",\"url\":\"https:\/\/www.dochyglas.be\/\",\"name\":\"Dochy Glas\",\"description\":\"Glass solutions\",\"publisher\":{\"@id\":\"https:\/\/www.dochyglas.be\/#organization\"},\"alternateName\":\"Dochy\",\"potentialAction\":[{\"@type\":\"SearchAction\",\"target\":{\"@type\":\"EntryPoint\",\"urlTemplate\":\"https:\/\/www.dochyglas.be\/?s={search_term_string}\"},\"query-input\":{\"@type\":\"PropertyValueSpecification\",\"valueRequired\":true,\"valueName\":\"search_term_string\"}}],\"inLanguage\":\"fr-FR\"},{\"@type\":\"Organization\",\"@id\":\"https:\/\/www.dochyglas.be\/#organization\",\"name\":\"Dochy Glas\",\"alternateName\":\"Dochy Glass solutions\",\"url\":\"https:\/\/www.dochyglas.be\/\",\"logo\":{\"@type\":\"ImageObject\",\"inLanguage\":\"fr-FR\",\"@id\":\"https:\/\/www.dochyglas.be\/#\/schema\/logo\/image\/\",\"url\":\"https:\/\/www.dochyglas.be\/wp-content\/uploads\/2023\/09\/DochyGlas_logo_kleur-e1695737229567.png\",\"contentUrl\":\"https:\/\/www.dochyglas.be\/wp-content\/uploads\/2023\/09\/DochyGlas_logo_kleur-e1695737229567.png\",\"width\":6853,\"height\":3160,\"caption\":\"Dochy Glas\"},\"image\":{\"@id\":\"https:\/\/www.dochyglas.be\/#\/schema\/logo\/image\/\"},\"sameAs\":[\"https:\/\/www.facebook.com\/Dochyglas\",\"https:\/\/www.instagram.com\/dochyglas\/\"]}]}<\/script>\n<!-- \/ Yoast SEO plugin. -->","yoast_head_json":{"title":"Premies en Verzekeringen bij Glasrenovatie | Dochy Glas","description":"Komt uw glasrenovatie project in aanmerking voor een premie of komt de verzekering tussen in glasbreuk? Neem contact met ons op voor meer info.","robots":{"index":"index","follow":"follow","max-snippet":"max-snippet:-1","max-image-preview":"max-image-preview:large","max-video-preview":"max-video-preview:-1"},"canonical":"https:\/\/www.dochyglas.be\/premies-en-verzekeringen\/","og_locale":"fr_FR","og_type":"article","og_title":"Premies en Verzekeringen bij Glasrenovatie | Dochy Glas","og_description":"Komt uw glasrenovatie project in aanmerking voor een premie of komt de verzekering tussen in glasbreuk? Neem contact met ons op voor meer info.","og_url":"https:\/\/www.dochyglas.be\/premies-en-verzekeringen\/","og_site_name":"Dochy Glas","article_publisher":"https:\/\/www.facebook.com\/Dochyglas","article_modified_time":"2023-12-05T14:15:36+00:00","og_image":[{"width":2000,"height":1499,"url":"https:\/\/www.dochyglas.be\/wp-content\/uploads\/2023\/10\/Dochy-realisatie-structurele-beglazing-gordijngevel-e1697542370468.jpg","type":"image\/jpeg"}],"twitter_card":"summary_large_image","twitter_misc":{"Dur\u00e9e de lecture estim\u00e9e":"2 minutes"},"schema":{"@context":"https:\/\/schema.org","@graph":[{"@type":"WebPage","@id":"https:\/\/www.dochyglas.be\/premies-en-verzekeringen\/","url":"https:\/\/www.dochyglas.be\/premies-en-verzekeringen\/","name":"Premies en Verzekeringen bij Glasrenovatie | Dochy Glas","isPartOf":{"@id":"https:\/\/www.dochyglas.be\/#website"},"primaryImageOfPage":{"@id":"https:\/\/www.dochyglas.be\/premies-en-verzekeringen\/#primaryimage"},"image":{"@id":"https:\/\/www.dochyglas.be\/premies-en-verzekeringen\/#primaryimage"},"thumbnailUrl":"https:\/\/www.dochyglas.be\/wp-content\/uploads\/2023\/10\/Dochy-realisatie-structurele-beglazing-gordijngevel-e1697542370468.jpg","datePublished":"2023-09-26T07:42:23+00:00","dateModified":"2023-12-05T14:15:36+00:00","description":"Komt uw glasrenovatie project in aanmerking voor een premie of komt de verzekering tussen in glasbreuk? Neem contact met ons op voor meer info.","breadcrumb":{"@id":"https:\/\/www.dochyglas.be\/premies-en-verzekeringen\/#breadcrumb"},"inLanguage":"fr-FR","potentialAction":[{"@type":"ReadAction","target":["https:\/\/www.dochyglas.be\/premies-en-verzekeringen\/"]}]},{"@type":"ImageObject","inLanguage":"fr-FR","@id":"https:\/\/www.dochyglas.be\/premies-en-verzekeringen\/#primaryimage","url":"https:\/\/www.dochyglas.be\/wp-content\/uploads\/2023\/10\/Dochy-realisatie-structurele-beglazing-gordijngevel-e1697542370468.jpg","contentUrl":"https:\/\/www.dochyglas.be\/wp-content\/uploads\/2023\/10\/Dochy-realisatie-structurele-beglazing-gordijngevel-e1697542370468.jpg","width":2000,"height":1499},{"@type":"BreadcrumbList","@id":"https:\/\/www.dochyglas.be\/premies-en-verzekeringen\/#breadcrumb","itemListElement":[{"@type":"ListItem","position":1,"name":"Home","item":"https:\/\/www.dochyglas.be\/fr\/"},{"@type":"ListItem","position":2,"name":"Subsides et assurances"}]},{"@type":"WebSite","@id":"https:\/\/www.dochyglas.be\/#website","url":"https:\/\/www.dochyglas.be\/","name":"Dochy Glas","description":"Glass solutions","publisher":{"@id":"https:\/\/www.dochyglas.be\/#organization"},"alternateName":"Dochy","potentialAction":[{"@type":"SearchAction","target":{"@type":"EntryPoint","urlTemplate":"https:\/\/www.dochyglas.be\/?s={search_term_string}"},"query-input":{"@type":"PropertyValueSpecification","valueRequired":true,"valueName":"search_term_string"}}],"inLanguage":"fr-FR"},{"@type":"Organization","@id":"https:\/\/www.dochyglas.be\/#organization","name":"Dochy Glas","alternateName":"Dochy Glass solutions","url":"https:\/\/www.dochyglas.be\/","logo":{"@type":"ImageObject","inLanguage":"fr-FR","@id":"https:\/\/www.dochyglas.be\/#\/schema\/logo\/image\/","url":"https:\/\/www.dochyglas.be\/wp-content\/uploads\/2023\/09\/DochyGlas_logo_kleur-e1695737229567.png","contentUrl":"https:\/\/www.dochyglas.be\/wp-content\/uploads\/2023\/09\/DochyGlas_logo_kleur-e1695737229567.png","width":6853,"height":3160,"caption":"Dochy Glas"},"image":{"@id":"https:\/\/www.dochyglas.be\/#\/schema\/logo\/image\/"},"sameAs":["https:\/\/www.facebook.com\/Dochyglas","https:\/\/www.instagram.com\/dochyglas\/"]}]}},"_links":{"self":[{"href":"https:\/\/www.dochyglas.be\/fr\/wp-json\/wp\/v2\/pages\/966","targetHints":{"allow":["GET"]}}],"collection":[{"href":"https:\/\/www.dochyglas.be\/fr\/wp-json\/wp\/v2\/pages"}],"about":[{"href":"https:\/\/www.dochyglas.be\/fr\/wp-json\/wp\/v2\/types\/page"}],"author":[{"embeddable":true,"href":"https:\/\/www.dochyglas.be\/fr\/wp-json\/wp\/v2\/users\/1"}],"replies":[{"embeddable":true,"href":"https:\/\/www.dochyglas.be\/fr\/wp-json\/wp\/v2\/comments?post=966"}],"version-history":[{"count":3,"href":"https:\/\/www.dochyglas.be\/fr\/wp-json\/wp\/v2\/pages\/966\/revisions"}],"predecessor-version":[{"id":1216,"href":"https:\/\/www.dochyglas.be\/fr\/wp-json\/wp\/v2\/pages\/966\/revisions\/1216"}],"wp:featuredmedia":[{"embeddable":true,"href":"https:\/\/www.dochyglas.be\/fr\/wp-json\/wp\/v2\/media\/399"}],"wp:attachment":[{"href":"https:\/\/www.dochyglas.be\/fr\/wp-json\/wp\/v2\/media?parent=966"}],"curies":[{"name":"wp","href":"https:\/\/api.w.org\/{rel}","templated":true}]}}