{"id":968,"date":"2023-09-26T09:44:20","date_gmt":"2023-09-26T07:44:20","guid":{"rendered":"https:\/\/www.dochyglas.be\/onze-klanten-aan-het-woord\/"},"modified":"2023-12-05T16:05:36","modified_gmt":"2023-12-05T14:05:36","slug":"ce-que-disent-nos-clients","status":"publish","type":"page","link":"https:\/\/www.dochyglas.be\/fr\/ce-que-disent-nos-clients\/","title":{"rendered":"Ce que disent nos clients"},"content":{"rendered":"<section class=\"l-section wpb_row detail height_auto\"><div class=\"l-section-h i-cf\"><div class=\"g-cols vc_row via_flex valign_bottom type_boxes stacking_default\"><div class=\"vc_col-sm-12 wpb_column vc_column_container minheightbanner has_bg_color\"><div class=\"vc_column-inner us_custom_490d8e89\"><div class=\"vc_column-overlay\" style=\"background:rgba(0,0,0,0.70)\"><\/div><div class=\"wpb_wrapper\"><div class=\"g-cols wpb_row via_flex valign_top type_default stacking_default\"><div class=\"vc_col-sm-7 wpb_column vc_column_container\"><div class=\"vc_column-inner\"><div class=\"wpb_wrapper\"><div class=\"wpb_text_column us_custom_6df4bc3a has_text_color\"><div class=\"wpb_wrapper\"><h1>Ce que disent <em>nos clients<\/em><\/h1>\n<p>Vous n&rsquo;\u00eates pas encore convaincu de la n\u00e9cessit\u00e9 d&rsquo;un partenariat avec Dochy Glass ?<br \/>\nD\u00e9couvrez ci-dessous les exp\u00e9riences de nos clients.<\/p>\n<\/div><\/div><\/div><\/div><\/div><div class=\"vc_col-sm-5 wpb_column vc_column_container\"><div class=\"vc_column-inner\"><div class=\"wpb_wrapper\"><\/div><\/div><\/div><\/div><\/div><\/div><\/div><\/div><\/div><\/section><section class=\"l-section wpb_row review height_medium\"><div class=\"l-section-h i-cf\"><div class=\"g-cols vc_row via_flex valign_top type_boxes stacking_default\"><div class=\"vc_col-sm-12 wpb_column vc_column_container has_bg_color\"><div class=\"vc_column-inner us_custom_5e134dd3\"><div class=\"wpb_wrapper\"><div class=\"w-grid type_carousel layout_490 cols_3\" id=\"us_grid_1\" style=\"--gap:1rem;\"><style>.layout_490 .w-grid-item-h{}.layout_490 .usg_post_custom_field_1{max-width:180px!important}.layout_490 .usg_post_custom_field_2{color:var(--color-content-link)!important;margin-bottom:1rem!important}.layout_490 .usg_post_title_1{font-weight:700!important}@media (min-width:1025px) and (max-width:1380px){.layout_490 .usg_post_custom_field_1{max-width:180px!important}.layout_490 .usg_post_custom_field_2{color:var(--color-content-link)!important;margin-bottom:1rem!important}.layout_490 .usg_post_title_1{font-weight:700!important}}@media (min-width:769px) and (max-width:1024px){.layout_490 .usg_post_custom_field_1{max-width:180px!important}.layout_490 .usg_post_custom_field_2{color:var(--color-content-link)!important;margin-bottom:1rem!important}.layout_490 .usg_post_title_1{font-weight:700!important}}@media (max-width:768px){.layout_490 .usg_post_custom_field_1{max-width:180px!important}.layout_490 .usg_post_custom_field_2{color:var(--color-content-link)!important;margin-bottom:1rem!important}.layout_490 .usg_post_title_1{font-weight:700!important}}<\/style><div class=\"w-grid-list owl-carousel navstyle_circle navpos_inside first_at_center\" style=\"--arrows-size:1.8rem;\">\t<article class=\"w-grid-item post-1169 review type-review status-publish hentry\" data-id=\"1169\">\r\n\t\t<div class=\"w-grid-item-h\">\r\n\t\t\t\t\t\t<h6 class=\"w-post-elm post_custom_field usg_post_custom_field_1 type_image stars color_link_inherit\"><img loading=\"lazy\" decoding=\"async\" width=\"985\" height=\"137\" src=\"https:\/\/www.dochyglas.be\/wp-content\/uploads\/2023\/10\/Stars.png\" class=\"attachment-large size-large\" alt=\"\" srcset=\"https:\/\/www.dochyglas.be\/wp-content\/uploads\/2023\/10\/Stars.png 985w, https:\/\/www.dochyglas.be\/wp-content\/uploads\/2023\/10\/Stars-300x42.png 300w\" sizes=\"auto, (max-width: 985px) 100vw, 985px\" \/><\/h6><p class=\"w-post-elm post_custom_field usg_post_custom_field_2 has_text_color type_text review color_link_inherit\"><span class=\"w-post-elm-value\">Le meilleur n\u00e9gociant en verre de Belgique !<\/span><\/p><p class=\"w-post-elm post_title usg_post_title_1 entry-title color_link_inherit\">Julien Lescroart<\/p>\t\t<\/div>\r\n\t<\/article>\r\n\t<article class=\"w-grid-item post-1171 review type-review status-publish hentry\" data-id=\"1171\">\r\n\t\t<div class=\"w-grid-item-h\">\r\n\t\t\t\t\t\t<h6 class=\"w-post-elm post_custom_field usg_post_custom_field_1 type_image stars color_link_inherit\"><img loading=\"lazy\" decoding=\"async\" width=\"985\" height=\"137\" src=\"https:\/\/www.dochyglas.be\/wp-content\/uploads\/2023\/10\/Stars.png\" class=\"attachment-large size-large\" alt=\"\" srcset=\"https:\/\/www.dochyglas.be\/wp-content\/uploads\/2023\/10\/Stars.png 985w, https:\/\/www.dochyglas.be\/wp-content\/uploads\/2023\/10\/Stars-300x42.png 300w\" sizes=\"auto, (max-width: 985px) 100vw, 985px\" \/><\/h6><p class=\"w-post-elm post_custom_field usg_post_custom_field_2 has_text_color type_text review color_link_inherit\"><span class=\"w-post-elm-value\">Tr\u00e8s bon service et haute qualit\u00e9 de service.<\/span><\/p><p class=\"w-post-elm post_title usg_post_title_1 entry-title color_link_inherit\">Marcin Okwiek<\/p>\t\t<\/div>\r\n\t<\/article>\r\n\t<article class=\"w-grid-item post-1173 review type-review status-publish hentry\" data-id=\"1173\">\r\n\t\t<div class=\"w-grid-item-h\">\r\n\t\t\t\t\t\t<h6 class=\"w-post-elm post_custom_field usg_post_custom_field_1 type_image stars color_link_inherit\"><img loading=\"lazy\" decoding=\"async\" width=\"985\" height=\"137\" src=\"https:\/\/www.dochyglas.be\/wp-content\/uploads\/2023\/10\/Stars.png\" class=\"attachment-large size-large\" alt=\"\" srcset=\"https:\/\/www.dochyglas.be\/wp-content\/uploads\/2023\/10\/Stars.png 985w, https:\/\/www.dochyglas.be\/wp-content\/uploads\/2023\/10\/Stars-300x42.png 300w\" sizes=\"auto, (max-width: 985px) 100vw, 985px\" \/><\/h6><p class=\"w-post-elm post_custom_field usg_post_custom_field_2 has_text_color type_text review color_link_inherit\"><span class=\"w-post-elm-value\">Fantastique belle entreprise \ud83d\udc4d\ud83d\udc4f\ud83e\udd17<\/span><\/p><p class=\"w-post-elm post_title usg_post_title_1 entry-title color_link_inherit\">Lieve Vandermassen<\/p>\t\t<\/div>\r\n\t<\/article>\r\n\t<article class=\"w-grid-item post-1175 review type-review status-publish hentry\" data-id=\"1175\">\r\n\t\t<div class=\"w-grid-item-h\">\r\n\t\t\t\t\t\t<h6 class=\"w-post-elm post_custom_field usg_post_custom_field_1 type_image stars color_link_inherit\"><img loading=\"lazy\" decoding=\"async\" width=\"985\" height=\"137\" src=\"https:\/\/www.dochyglas.be\/wp-content\/uploads\/2023\/10\/Stars.png\" class=\"attachment-large size-large\" alt=\"\" srcset=\"https:\/\/www.dochyglas.be\/wp-content\/uploads\/2023\/10\/Stars.png 985w, https:\/\/www.dochyglas.be\/wp-content\/uploads\/2023\/10\/Stars-300x42.png 300w\" sizes=\"auto, (max-width: 985px) 100vw, 985px\" \/><\/h6><p class=\"w-post-elm post_custom_field usg_post_custom_field_2 has_text_color type_text review color_link_inherit\"><span class=\"w-post-elm-value\">Dochy offre un service de qualit\u00e9 ! J'ai travaill\u00e9 avec Dochy et je suis satisfait des solutions qu'ils proposent en mati\u00e8re de vitrage int\u00e9rieur et ext\u00e9rieur (balustrade). Mon appartement r\u00e9nov\u00e9 est magnifique + ils utilisent des mat\u00e9riaux comp\u00e9titifs et de qualit\u00e9.<\/span><\/p><p class=\"w-post-elm post_title usg_post_title_1 entry-title color_link_inherit\">Nicolas Rampelbergs<\/p>\t\t<\/div>\r\n\t<\/article>\r\n<\/div>\t<div class=\"g-preloader type_1\">\r\n\t\t<div><\/div>\r\n\t<\/div>\r\n\t\t<div class=\"w-grid-json hidden\" onclick='return {&quot;action&quot;:&quot;us_ajax_grid&quot;,&quot;ajax_url&quot;:&quot;https:\\\/\\\/www.dochyglas.be\\\/wp-admin\\\/admin-ajax.php&quot;,&quot;infinite_scroll&quot;:0,&quot;max_num_pages&quot;:1,&quot;pagination&quot;:&quot;none&quot;,&quot;template_vars&quot;:{&quot;columns&quot;:&quot;3&quot;,&quot;exclude_items&quot;:&quot;none&quot;,&quot;img_size&quot;:&quot;default&quot;,&quot;ignore_items_size&quot;:0,&quot;items_layout&quot;:&quot;490&quot;,&quot;items_offset&quot;:&quot;1&quot;,&quot;load_animation&quot;:&quot;none&quot;,&quot;overriding_link&quot;:&quot;%7B%22url%22%3A%22%22%7D&quot;,&quot;post_id&quot;:0,&quot;query_args&quot;:{&quot;post_type&quot;:[&quot;review&quot;],&quot;post_status&quot;:[&quot;publish&quot;,&quot;acf-disabled&quot;],&quot;posts_per_page&quot;:999},&quot;orderby_query_args&quot;:{&quot;orderby&quot;:{&quot;date&quot;:&quot;DESC&quot;}},&quot;type&quot;:&quot;carousel&quot;,&quot;us_grid_ajax_index&quot;:1,&quot;us_grid_filter_params&quot;:[],&quot;us_grid_index&quot;:1,&quot;_us_grid_post_type&quot;:&quot;review&quot;,&quot;page_args&quot;:[],&quot;lang&quot;:&quot;fr&quot;},&quot;carousel_settings&quot;:{&quot;autoHeight&quot;:0,&quot;autoplay&quot;:0,&quot;carousel_fade&quot;:0,&quot;center&quot;:1,&quot;dots&quot;:0,&quot;items&quot;:&quot;3&quot;,&quot;loop&quot;:true,&quot;nav&quot;:1,&quot;slideby&quot;:&quot;1&quot;,&quot;smooth_play&quot;:0,&quot;speed&quot;:250,&quot;timeout&quot;:3000,&quot;transition&quot;:&quot;&quot;,&quot;aria_labels&quot;:{&quot;prev&quot;:&quot;Pr\\u00e9c\\u00e9dent&quot;,&quot;next&quot;:&quot;Suivant&quot;}},&quot;carousel_breakpoints&quot;:{&quot;0&quot;:{&quot;autoHeight&quot;:0,&quot;autoplay&quot;:1,&quot;autoplayHoverPause&quot;:1,&quot;items&quot;:1,&quot;loop&quot;:true,&quot;stagePadding&quot;:0},&quot;769&quot;:{&quot;autoHeight&quot;:0,&quot;autoplay&quot;:1,&quot;autoplayHoverPause&quot;:1,&quot;items&quot;:2,&quot;loop&quot;:true,&quot;stagePadding&quot;:0},&quot;1024&quot;:{&quot;autoHeight&quot;:0,&quot;autoplay&quot;:1,&quot;autoplayHoverPause&quot;:1,&quot;items&quot;:3,&quot;loop&quot;:true,&quot;stagePadding&quot;:0},&quot;1381&quot;:{&quot;items&quot;:3,&quot;stagePadding&quot;:0}}}'><\/div>\r\n\t<\/div><\/div><\/div><\/div><\/div><\/div><\/section>\n","protected":false},"excerpt":{"rendered":"","protected":false},"author":1,"featured_media":401,"parent":0,"menu_order":5,"comment_status":"closed","ping_status":"closed","template":"","meta":{"footnotes":""},"class_list":["post-968","page","type-page","status-publish","has-post-thumbnail","hentry"],"acf":[],"yoast_head":"<!-- This site is optimized with the Yoast SEO plugin v26.4 - https:\/\/yoast.com\/wordpress\/plugins\/seo\/ -->\n<title>Onze klanten aan het woord | Dochy Glas<\/title>\n<meta name=\"description\" content=\"Dochy Glas is uw betrouwbare glaspartner in West-Vlaanderen en omstreken. Contacteer ons vrijblijvend voor een offerte.\" \/>\n<meta name=\"robots\" content=\"index, follow, max-snippet:-1, max-image-preview:large, max-video-preview:-1\" \/>\n<link rel=\"canonical\" href=\"https:\/\/www.dochyglas.be\/onze-klanten-aan-het-woord\/\" \/>\n<meta property=\"og:locale\" content=\"fr_FR\" \/>\n<meta property=\"og:type\" content=\"article\" \/>\n<meta property=\"og:title\" content=\"Onze klanten aan het woord | Dochy Glas\" \/>\n<meta property=\"og:description\" content=\"Dochy Glas is uw betrouwbare glaspartner in West-Vlaanderen en omstreken. Contacteer ons vrijblijvend voor een offerte.\" \/>\n<meta property=\"og:url\" content=\"https:\/\/www.dochyglas.be\/onze-klanten-aan-het-woord\/\" \/>\n<meta property=\"og:site_name\" content=\"Dochy Glas\" \/>\n<meta property=\"article:publisher\" content=\"https:\/\/www.facebook.com\/Dochyglas\" \/>\n<meta property=\"article:modified_time\" content=\"2023-12-05T14:05:36+00:00\" \/>\n<meta property=\"og:image\" content=\"https:\/\/www.dochyglas.be\/wp-content\/uploads\/2023\/10\/Hoofdzetel-gebouw-Dochy-Glas-Veurne-homepage.jpg\" \/>\n\t<meta property=\"og:image:width\" content=\"2000\" \/>\n\t<meta property=\"og:image:height\" content=\"1126\" \/>\n\t<meta property=\"og:image:type\" content=\"image\/jpeg\" \/>\n<meta name=\"twitter:card\" content=\"summary_large_image\" \/>\n<meta name=\"twitter:label1\" content=\"Dur\u00e9e de lecture estim\u00e9e\" \/>\n\t<meta name=\"twitter:data1\" content=\"1 minute\" \/>\n<script type=\"application\/ld+json\" class=\"yoast-schema-graph\">{\"@context\":\"https:\/\/schema.org\",\"@graph\":[{\"@type\":\"WebPage\",\"@id\":\"https:\/\/www.dochyglas.be\/onze-klanten-aan-het-woord\/\",\"url\":\"https:\/\/www.dochyglas.be\/onze-klanten-aan-het-woord\/\",\"name\":\"Onze klanten aan het woord | Dochy Glas\",\"isPartOf\":{\"@id\":\"https:\/\/www.dochyglas.be\/#website\"},\"primaryImageOfPage\":{\"@id\":\"https:\/\/www.dochyglas.be\/onze-klanten-aan-het-woord\/#primaryimage\"},\"image\":{\"@id\":\"https:\/\/www.dochyglas.be\/onze-klanten-aan-het-woord\/#primaryimage\"},\"thumbnailUrl\":\"https:\/\/www.dochyglas.be\/wp-content\/uploads\/2023\/10\/Hoofdzetel-gebouw-Dochy-Glas-Veurne-homepage.jpg\",\"datePublished\":\"2023-09-26T07:44:20+00:00\",\"dateModified\":\"2023-12-05T14:05:36+00:00\",\"description\":\"Dochy Glas is uw betrouwbare glaspartner in West-Vlaanderen en omstreken. Contacteer ons vrijblijvend voor een offerte.\",\"breadcrumb\":{\"@id\":\"https:\/\/www.dochyglas.be\/onze-klanten-aan-het-woord\/#breadcrumb\"},\"inLanguage\":\"fr-FR\",\"potentialAction\":[{\"@type\":\"ReadAction\",\"target\":[\"https:\/\/www.dochyglas.be\/onze-klanten-aan-het-woord\/\"]}]},{\"@type\":\"ImageObject\",\"inLanguage\":\"fr-FR\",\"@id\":\"https:\/\/www.dochyglas.be\/onze-klanten-aan-het-woord\/#primaryimage\",\"url\":\"https:\/\/www.dochyglas.be\/wp-content\/uploads\/2023\/10\/Hoofdzetel-gebouw-Dochy-Glas-Veurne-homepage.jpg\",\"contentUrl\":\"https:\/\/www.dochyglas.be\/wp-content\/uploads\/2023\/10\/Hoofdzetel-gebouw-Dochy-Glas-Veurne-homepage.jpg\",\"width\":2000,\"height\":1126},{\"@type\":\"BreadcrumbList\",\"@id\":\"https:\/\/www.dochyglas.be\/onze-klanten-aan-het-woord\/#breadcrumb\",\"itemListElement\":[{\"@type\":\"ListItem\",\"position\":1,\"name\":\"Home\",\"item\":\"https:\/\/www.dochyglas.be\/fr\/\"},{\"@type\":\"ListItem\",\"position\":2,\"name\":\"Ce que disent nos clients\"}]},{\"@type\":\"WebSite\",\"@id\":\"https:\/\/www.dochyglas.be\/#website\",\"url\":\"https:\/\/www.dochyglas.be\/\",\"name\":\"Dochy Glas\",\"description\":\"Glass solutions\",\"publisher\":{\"@id\":\"https:\/\/www.dochyglas.be\/#organization\"},\"alternateName\":\"Dochy\",\"potentialAction\":[{\"@type\":\"SearchAction\",\"target\":{\"@type\":\"EntryPoint\",\"urlTemplate\":\"https:\/\/www.dochyglas.be\/?s={search_term_string}\"},\"query-input\":{\"@type\":\"PropertyValueSpecification\",\"valueRequired\":true,\"valueName\":\"search_term_string\"}}],\"inLanguage\":\"fr-FR\"},{\"@type\":\"Organization\",\"@id\":\"https:\/\/www.dochyglas.be\/#organization\",\"name\":\"Dochy Glas\",\"alternateName\":\"Dochy Glass solutions\",\"url\":\"https:\/\/www.dochyglas.be\/\",\"logo\":{\"@type\":\"ImageObject\",\"inLanguage\":\"fr-FR\",\"@id\":\"https:\/\/www.dochyglas.be\/#\/schema\/logo\/image\/\",\"url\":\"https:\/\/www.dochyglas.be\/wp-content\/uploads\/2023\/09\/DochyGlas_logo_kleur-e1695737229567.png\",\"contentUrl\":\"https:\/\/www.dochyglas.be\/wp-content\/uploads\/2023\/09\/DochyGlas_logo_kleur-e1695737229567.png\",\"width\":6853,\"height\":3160,\"caption\":\"Dochy Glas\"},\"image\":{\"@id\":\"https:\/\/www.dochyglas.be\/#\/schema\/logo\/image\/\"},\"sameAs\":[\"https:\/\/www.facebook.com\/Dochyglas\",\"https:\/\/www.instagram.com\/dochyglas\/\"]}]}<\/script>\n<!-- \/ Yoast SEO plugin. -->","yoast_head_json":{"title":"Onze klanten aan het woord | Dochy Glas","description":"Dochy Glas is uw betrouwbare glaspartner in West-Vlaanderen en omstreken. Contacteer ons vrijblijvend voor een offerte.","robots":{"index":"index","follow":"follow","max-snippet":"max-snippet:-1","max-image-preview":"max-image-preview:large","max-video-preview":"max-video-preview:-1"},"canonical":"https:\/\/www.dochyglas.be\/onze-klanten-aan-het-woord\/","og_locale":"fr_FR","og_type":"article","og_title":"Onze klanten aan het woord | Dochy Glas","og_description":"Dochy Glas is uw betrouwbare glaspartner in West-Vlaanderen en omstreken. Contacteer ons vrijblijvend voor een offerte.","og_url":"https:\/\/www.dochyglas.be\/onze-klanten-aan-het-woord\/","og_site_name":"Dochy Glas","article_publisher":"https:\/\/www.facebook.com\/Dochyglas","article_modified_time":"2023-12-05T14:05:36+00:00","og_image":[{"width":2000,"height":1126,"url":"https:\/\/www.dochyglas.be\/wp-content\/uploads\/2023\/10\/Hoofdzetel-gebouw-Dochy-Glas-Veurne-homepage.jpg","type":"image\/jpeg"}],"twitter_card":"summary_large_image","twitter_misc":{"Dur\u00e9e de lecture estim\u00e9e":"1 minute"},"schema":{"@context":"https:\/\/schema.org","@graph":[{"@type":"WebPage","@id":"https:\/\/www.dochyglas.be\/onze-klanten-aan-het-woord\/","url":"https:\/\/www.dochyglas.be\/onze-klanten-aan-het-woord\/","name":"Onze klanten aan het woord | Dochy Glas","isPartOf":{"@id":"https:\/\/www.dochyglas.be\/#website"},"primaryImageOfPage":{"@id":"https:\/\/www.dochyglas.be\/onze-klanten-aan-het-woord\/#primaryimage"},"image":{"@id":"https:\/\/www.dochyglas.be\/onze-klanten-aan-het-woord\/#primaryimage"},"thumbnailUrl":"https:\/\/www.dochyglas.be\/wp-content\/uploads\/2023\/10\/Hoofdzetel-gebouw-Dochy-Glas-Veurne-homepage.jpg","datePublished":"2023-09-26T07:44:20+00:00","dateModified":"2023-12-05T14:05:36+00:00","description":"Dochy Glas is uw betrouwbare glaspartner in West-Vlaanderen en omstreken. Contacteer ons vrijblijvend voor een offerte.","breadcrumb":{"@id":"https:\/\/www.dochyglas.be\/onze-klanten-aan-het-woord\/#breadcrumb"},"inLanguage":"fr-FR","potentialAction":[{"@type":"ReadAction","target":["https:\/\/www.dochyglas.be\/onze-klanten-aan-het-woord\/"]}]},{"@type":"ImageObject","inLanguage":"fr-FR","@id":"https:\/\/www.dochyglas.be\/onze-klanten-aan-het-woord\/#primaryimage","url":"https:\/\/www.dochyglas.be\/wp-content\/uploads\/2023\/10\/Hoofdzetel-gebouw-Dochy-Glas-Veurne-homepage.jpg","contentUrl":"https:\/\/www.dochyglas.be\/wp-content\/uploads\/2023\/10\/Hoofdzetel-gebouw-Dochy-Glas-Veurne-homepage.jpg","width":2000,"height":1126},{"@type":"BreadcrumbList","@id":"https:\/\/www.dochyglas.be\/onze-klanten-aan-het-woord\/#breadcrumb","itemListElement":[{"@type":"ListItem","position":1,"name":"Home","item":"https:\/\/www.dochyglas.be\/fr\/"},{"@type":"ListItem","position":2,"name":"Ce que disent nos clients"}]},{"@type":"WebSite","@id":"https:\/\/www.dochyglas.be\/#website","url":"https:\/\/www.dochyglas.be\/","name":"Dochy Glas","description":"Glass solutions","publisher":{"@id":"https:\/\/www.dochyglas.be\/#organization"},"alternateName":"Dochy","potentialAction":[{"@type":"SearchAction","target":{"@type":"EntryPoint","urlTemplate":"https:\/\/www.dochyglas.be\/?s={search_term_string}"},"query-input":{"@type":"PropertyValueSpecification","valueRequired":true,"valueName":"search_term_string"}}],"inLanguage":"fr-FR"},{"@type":"Organization","@id":"https:\/\/www.dochyglas.be\/#organization","name":"Dochy Glas","alternateName":"Dochy Glass solutions","url":"https:\/\/www.dochyglas.be\/","logo":{"@type":"ImageObject","inLanguage":"fr-FR","@id":"https:\/\/www.dochyglas.be\/#\/schema\/logo\/image\/","url":"https:\/\/www.dochyglas.be\/wp-content\/uploads\/2023\/09\/DochyGlas_logo_kleur-e1695737229567.png","contentUrl":"https:\/\/www.dochyglas.be\/wp-content\/uploads\/2023\/09\/DochyGlas_logo_kleur-e1695737229567.png","width":6853,"height":3160,"caption":"Dochy Glas"},"image":{"@id":"https:\/\/www.dochyglas.be\/#\/schema\/logo\/image\/"},"sameAs":["https:\/\/www.facebook.com\/Dochyglas","https:\/\/www.instagram.com\/dochyglas\/"]}]}},"_links":{"self":[{"href":"https:\/\/www.dochyglas.be\/fr\/wp-json\/wp\/v2\/pages\/968","targetHints":{"allow":["GET"]}}],"collection":[{"href":"https:\/\/www.dochyglas.be\/fr\/wp-json\/wp\/v2\/pages"}],"about":[{"href":"https:\/\/www.dochyglas.be\/fr\/wp-json\/wp\/v2\/types\/page"}],"author":[{"embeddable":true,"href":"https:\/\/www.dochyglas.be\/fr\/wp-json\/wp\/v2\/users\/1"}],"replies":[{"embeddable":true,"href":"https:\/\/www.dochyglas.be\/fr\/wp-json\/wp\/v2\/comments?post=968"}],"version-history":[{"count":2,"href":"https:\/\/www.dochyglas.be\/fr\/wp-json\/wp\/v2\/pages\/968\/revisions"}],"predecessor-version":[{"id":1212,"href":"https:\/\/www.dochyglas.be\/fr\/wp-json\/wp\/v2\/pages\/968\/revisions\/1212"}],"wp:featuredmedia":[{"embeddable":true,"href":"https:\/\/www.dochyglas.be\/fr\/wp-json\/wp\/v2\/media\/401"}],"wp:attachment":[{"href":"https:\/\/www.dochyglas.be\/fr\/wp-json\/wp\/v2\/media?parent=968"}],"curies":[{"name":"wp","href":"https:\/\/api.w.org\/{rel}","templated":true}]}}